{"id":5914,"date":"2023-11-15T11:31:12","date_gmt":"2023-11-15T10:31:12","guid":{"rendered":"https:\/\/sklep.nowymodel.org\/?post_type=product&#038;p=5914"},"modified":"2023-11-30T10:12:25","modified_gmt":"2023-11-30T09:12:25","slug":"noise-panel","status":"publish","type":"product","link":"https:\/\/sklep.nowymodel.org\/?product=noise-panel","title":{"rendered":"Noise panel"},"content":{"rendered":"<p>[et_pb_section fb_built=&#8221;1&#8243; _builder_version=&#8221;4.20.2&#8243; _module_preset=&#8221;default&#8221; module_alignment=&#8221;left&#8221; custom_margin=&#8221;-54px|||||&#8221; custom_padding=&#8221;6px||4px|||&#8221; global_colors_info=&#8221;{}&#8221;][et_pb_row _builder_version=&#8221;4.20.2&#8243; _module_preset=&#8221;default&#8221; width=&#8221;100%&#8221; module_alignment=&#8221;left&#8221; min_height=&#8221;133px&#8221; custom_margin=&#8221;-57px|auto||auto||&#8221; custom_padding=&#8221;7px||3px|||&#8221; global_colors_info=&#8221;{}&#8221;][et_pb_column type=&#8221;4_4&#8243; _builder_version=&#8221;4.20.2&#8243; _module_preset=&#8221;default&#8221; global_colors_info=&#8221;{}&#8221;][et_pb_wc_breadcrumb breadcrumb_separator=&#8221;>&#8221; _builder_version=&#8221;4.20.2&#8243; body_font=&#8221;|300||on|||||&#8221; body_text_color=&#8221;#808080&#8243; body_font_size=&#8221;14px&#8221; body_line_height=&#8221;1em&#8221; module_alignment=&#8221;left&#8221; custom_margin=&#8221;-25px|||0px|false|false&#8221; custom_padding=&#8221;|||0px|false|false&#8221; custom_padding_tablet=&#8221;|||64px|false|false&#8221; custom_padding_phone=&#8221;|||33px|false|false&#8221; custom_padding_last_edited=&#8221;on|phone&#8221; locked=&#8221;off&#8221; global_colors_info=&#8221;{}&#8221;][\/et_pb_wc_breadcrumb][\/et_pb_column][\/et_pb_row][\/et_pb_section][et_pb_section fb_built=&#8221;1&#8243; _builder_version=&#8221;4.20.2&#8243; _module_preset=&#8221;default&#8221; custom_padding=&#8221;4px||7px|||&#8221; global_colors_info=&#8221;{}&#8221;][et_pb_row column_structure=&#8221;3_5,2_5&#8243; _builder_version=&#8221;4.20.2&#8243; _module_preset=&#8221;default&#8221; custom_margin=&#8221;||20px||false|false&#8221; custom_padding=&#8221;0px||2px|||&#8221; global_colors_info=&#8221;{}&#8221;][et_pb_column type=&#8221;3_5&#8243; _builder_version=&#8221;4.20.2&#8243; _module_preset=&#8221;default&#8221; global_colors_info=&#8221;{}&#8221;][et_pb_wc_gallery _builder_version=&#8221;4.20.2&#8243; _module_preset=&#8221;default&#8221; custom_margin=&#8221;0px||||false|false&#8221; custom_padding=&#8221;0px||55px||false|false&#8221; global_colors_info=&#8221;{}&#8221;][\/et_pb_wc_gallery][\/et_pb_column][et_pb_column type=&#8221;2_5&#8243; _builder_version=&#8221;4.20.2&#8243; _module_preset=&#8221;default&#8221; global_colors_info=&#8221;{}&#8221;][et_pb_wc_title _builder_version=&#8221;4.20.2&#8243; _module_preset=&#8221;default&#8221; header_font=&#8221;|||on|||||&#8221; header_text_align=&#8221;left&#8221; header_text_color=&#8221;#404040&#8243; header_font_size=&#8221;50px&#8221; module_alignment=&#8221;center&#8221; min_height=&#8221;65px&#8221; custom_margin=&#8221;-15px||0px||false|false&#8221; custom_padding=&#8221;0px||0px||false|false&#8221; global_colors_info=&#8221;{}&#8221;][\/et_pb_wc_title][et_pb_wc_description _builder_version=&#8221;4.20.2&#8243; _module_preset=&#8221;default&#8221; body_font=&#8221;|300||||on|||&#8221; module_alignment=&#8221;left&#8221; min_height=&#8221;29px&#8221; custom_margin=&#8221;0px||||false|false&#8221; custom_padding=&#8221;0px||0px|||&#8221; global_colors_info=&#8221;{}&#8221;][\/et_pb_wc_description][et_pb_wc_price _builder_version=&#8221;4.20.2&#8243; _module_preset=&#8221;default&#8221; body_font=&#8221;|300||||on|||&#8221; body_text_color=&#8221;#404040&#8243; body_font_size=&#8221;35px&#8221; text_orientation=&#8221;left&#8221; custom_margin=&#8221;40px||40px||true|false&#8221; global_colors_info=&#8221;{}&#8221;][\/et_pb_wc_price][et_pb_text _builder_version=&#8221;4.20.2&#8243; _module_preset=&#8221;default&#8221; text_font=&#8221;|300||||on|||&#8221; text_text_color=&#8221;#404040&#8243; module_alignment=&#8221;left&#8221; custom_margin=&#8221;40px||40px||true|false&#8221; border_color_all=&#8221;#808080&#8243; global_colors_info=&#8221;{}&#8221;]WYMIARY:<br \/>\n4 | 22\u00a0 cm<\/p>\n<p>MATERIA\u0141:<br \/>\nDREWNO, PLASTIK W 100% Z RECYKLINGU<br \/>\n[\/et_pb_text][et_pb_button button_url=&#8221;https:\/\/sklep.nowymodel.org\/?page_id=802&#8243; button_text=&#8221;ZAPYTAJ O PRODUKT&#8221; _builder_version=&#8221;4.20.2&#8243; _module_preset=&#8221;default&#8221; locked=&#8221;off&#8221; global_colors_info=&#8221;{}&#8221;][\/et_pb_button][et_pb_text _builder_version=&#8221;4.20.2&#8243; _module_preset=&#8221;default&#8221; text_font=&#8221;Titillium Web|300||on|||||&#8221; text_text_color=&#8221;#404040&#8243; text_font_size=&#8221;13px&#8221; module_alignment=&#8221;left&#8221; custom_margin=&#8221;40px||40px||true|false&#8221; border_color_all=&#8221;#808080&#8243; locked=&#8221;off&#8221; global_colors_info=&#8221;{}&#8221;]<\/p>\n<ul>\n<li id=\"tw-target-text\" class=\"tw-data-text tw-text-large tw-ta\" dir=\"ltr\" data-placeholder=\"T\u0142umaczenie\"><span class=\"Y2IQFc\" lang=\"pl\">Wyko\u0144czenie mo\u017cna dostosowa\u0107 na \u017cyczenie<\/span><\/li>\n<li class=\"tw-data-text tw-text-large tw-ta\" dir=\"ltr\" data-placeholder=\"T\u0142umaczenie\"><span class=\"Y2IQFc\" lang=\"pl\">Ka\u017cdy produkt posiada w\u0142asny certyfikat i numer<\/span><\/li>\n<li class=\"tw-data-text tw-text-large tw-ta\" dir=\"ltr\" data-placeholder=\"T\u0142umaczenie\"><span class=\"Y2IQFc\" lang=\"pl\">Szacowany czas produkcji: 4-6 tygodni<\/span><\/li>\n<\/ul>\n<p>[\/et_pb_text][\/et_pb_column][\/et_pb_row][et_pb_row column_structure=&#8221;3_5,2_5&#8243; _builder_version=&#8221;4.20.2&#8243; _module_preset=&#8221;default&#8221; custom_padding=&#8221;0px||0px||true|&#8221; global_colors_info=&#8221;{}&#8221;][et_pb_column type=&#8221;3_5&#8243; _builder_version=&#8221;4.20.2&#8243; _module_preset=&#8221;default&#8221; global_colors_info=&#8221;{}&#8221;][et_pb_wc_description description_type=&#8221;description&#8221; _builder_version=&#8221;4.20.2&#8243; _module_preset=&#8221;default&#8221; text_orientation=&#8221;justified&#8221; border_color_all=&#8221;#BFBFBF&#8221; global_colors_info=&#8221;{}&#8221;][\/et_pb_wc_description][\/et_pb_column][et_pb_column type=&#8221;2_5&#8243; _builder_version=&#8221;4.20.2&#8243; _module_preset=&#8221;default&#8221; global_colors_info=&#8221;{}&#8221;][et_pb_divider show_divider=&#8221;off&#8221; _builder_version=&#8221;4.20.2&#8243; _module_preset=&#8221;default&#8221; min_height=&#8221;80px&#8221; global_colors_info=&#8221;{}&#8221;][\/et_pb_divider][et_pb_button button_url=&#8221;https:\/\/sklep.nowymodel.org\/wp-content\/uploads\/2023\/03\/caldera_table_tech.pdf&#8221; url_new_window=&#8221;on&#8221; button_text=&#8221;\ud83d\udcc4 KARTA TECH. &#8221; button_alignment=&#8221;center&#8221; _builder_version=&#8221;4.20.2&#8243; _module_preset=&#8221;default&#8221; custom_button=&#8221;on&#8221; button_border_width=&#8221;1px&#8221; button_letter_spacing=&#8221;1px&#8221; button_font=&#8221;||||||||&#8221; animation_style=&#8221;fade&#8221; global_colors_info=&#8221;{}&#8221;][\/et_pb_button][et_pb_button button_url=&#8221;https:\/\/sklep.nowymodel.org\/wp-content\/uploads\/2023\/11\/Katalog_CYRYLZ_PL.pdf&#8221; url_new_window=&#8221;on&#8221; button_text=&#8221;\ud83d\udcc4 KATALOG &#8217;23&#8221; button_alignment=&#8221;center&#8221; _builder_version=&#8221;4.20.2&#8243; _module_preset=&#8221;default&#8221; custom_button=&#8221;on&#8221; button_font=&#8221;||||||||&#8221; custom_margin=&#8221;20px||20px||true|false&#8221; animation_style=&#8221;fade&#8221; global_colors_info=&#8221;{}&#8221;][\/et_pb_button][\/et_pb_column][\/et_pb_row][et_pb_row _builder_version=&#8221;4.20.2&#8243; _module_preset=&#8221;default&#8221; global_colors_info=&#8221;{}&#8221;][et_pb_column type=&#8221;4_4&#8243; _builder_version=&#8221;4.20.2&#8243; _module_preset=&#8221;default&#8221; global_colors_info=&#8221;{}&#8221;][et_pb_divider divider_position=&#8221;center&#8221; _builder_version=&#8221;4.20.2&#8243; _module_preset=&#8221;default&#8221; module_alignment=&#8221;center&#8221; custom_margin=&#8221;5px||5px||true|false&#8221; global_colors_info=&#8221;{}&#8221;][\/et_pb_divider][\/et_pb_column][\/et_pb_row][\/et_pb_section][et_pb_section fb_built=&#8221;1&#8243; _builder_version=&#8221;4.20.2&#8243; _module_preset=&#8221;default&#8221; custom_padding=&#8221;3px||4px|||&#8221; global_colors_info=&#8221;{}&#8221;][et_pb_row column_structure=&#8221;1_3,1_3,1_3&#8243; _builder_version=&#8221;4.20.2&#8243; _module_preset=&#8221;default&#8221; module_alignment=&#8221;center&#8221; min_height=&#8221;182.6px&#8221; custom_margin=&#8221;0px|auto|0px|0px|true|false&#8221; custom_padding=&#8221;4px||35px|0px|false|false&#8221; locked=&#8221;off&#8221; global_colors_info=&#8221;{}&#8221;][et_pb_column type=&#8221;1_3&#8243; _builder_version=&#8221;4.20.2&#8243; _module_preset=&#8221;default&#8221; custom_padding=&#8221;|0px||0px|false|true&#8221; global_colors_info=&#8221;{}&#8221;][\/et_pb_column][et_pb_column type=&#8221;1_3&#8243; _builder_version=&#8221;4.20.2&#8243; _module_preset=&#8221;default&#8221; global_colors_info=&#8221;{}&#8221;][et_pb_text _builder_version=&#8221;4.20.2&#8243; _module_preset=&#8221;default&#8221; text_font=&#8221;|||on|||||&#8221; text_font_size=&#8221;35px&#8221; text_line_height=&#8221;1.8em&#8221; text_orientation=&#8221;center&#8221; global_colors_info=&#8221;{}&#8221;]Projektant:[\/et_pb_text][et_pb_team_member image_url=&#8221;https:\/\/sklep.nowymodel.org\/wp-content\/uploads\/2023\/03\/CYRYLZ.png&#8221; icon_color=&#8221;RGBA(255,255,255,0)&#8221; _builder_version=&#8221;4.20.2&#8243; _module_preset=&#8221;default&#8221; width=&#8221;100%&#8221; module_alignment=&#8221;center&#8221; min_height=&#8221;100px&#8221; custom_padding=&#8221;|0px||0px|false|false&#8221; child_filter_saturate=&#8221;0%&#8221; border_radii_image=&#8221;on|200px|200px|200px|200px&#8221; border_width_all_image=&#8221;1px&#8221; border_color_all_image=&#8221;#404040&#8243; locked=&#8221;off&#8221; global_colors_info=&#8221;{}&#8221;][\/et_pb_team_member][et_pb_text _builder_version=&#8221;4.20.2&#8243; _module_preset=&#8221;default&#8221; text_font=&#8221;||||||||&#8221; text_text_color=&#8221;#808080&#8243; text_font_size=&#8221;15px&#8221; text_orientation=&#8221;center&#8221; module_alignment=&#8221;center&#8221; custom_margin=&#8221;20px||20px|0px|true|false&#8221; custom_padding=&#8221;0px|0px||0px|false|true&#8221; global_colors_info=&#8221;{}&#8221;]<\/p>\n<h2>CYRYL ZAKRZEWSKI<\/h2>\n<p><em>\u201eSztuk\u0105 jest dla mnie zawarcie w\u00a0formie przeciwie\u0144stw, tak\u00a0aby zatar\u0142y si\u0119 pomi\u0119dzy nimi granice. Natura i\u00a0kultura, \u015bwiat\u0142o i\u00a0ciemno\u015b\u0107 to\u00a0w\u00a0rzeczywisto\u015bci jedno\u201d.<\/em>[\/et_pb_text][\/et_pb_column][et_pb_column type=&#8221;1_3&#8243; _builder_version=&#8221;4.20.2&#8243; _module_preset=&#8221;default&#8221; global_colors_info=&#8221;{}&#8221;][\/et_pb_column][\/et_pb_row][et_pb_row column_structure=&#8221;1_2,1_2&#8243; _builder_version=&#8221;4.20.2&#8243; _module_preset=&#8221;default&#8221; custom_padding=&#8221;2px||2px||true|&#8221; global_colors_info=&#8221;{}&#8221;][et_pb_column type=&#8221;1_2&#8243; _builder_version=&#8221;4.20.2&#8243; _module_preset=&#8221;default&#8221; global_colors_info=&#8221;{}&#8221;][et_pb_text _builder_version=&#8221;4.20.2&#8243; _module_preset=&#8221;default&#8221; text_font=&#8221;||||||||&#8221; custom_margin=&#8221;||35px|||&#8221; global_colors_info=&#8221;{}&#8221;]<\/p>\n<p style=\"text-align: justify;\">Urodzony w\u00a01986, artysta dla kt\u00f3rego\u00a0ka\u017cda forma jest dzie\u0142em sztuki, absolwent Wydzia\u0142u Rze\u017aby i\u00a0Dzia\u0142a\u0144 Przestrzennych Uniwersytetu Artystycznego w\u00a0Poznaniu (rok 2011). Jego dyplom zosta\u0142 wyr\u00f3\u017cniony w\u00a0konkursie im.\u00a0Marii Dokowicz na\u00a0najlepsze dyplomy.<\/p>\n<p style=\"text-align: justify;\">Uczestnik licznych wystaw w\u00a0kraju i\u00a0za\u00a0granic\u0105 (Japonia, W\u0142ochy, S\u0142owenia, Austria). Autor sta\u0142ych instalacji w\u00a0przestrzeni publicznej w\u00a0Poznaniu (Ogr\u00f3d Botaniczny UAM oraz\u00a0nad\u00a0j.Strzeszy\u0144skim) w\u00a0Japonii (Tokio \u2013 Fukudenkai) oraz\u00a0w\u00a0S\u0142owenii (Ptuj). Design traktuje jako form\u0119 estetyczn\u0105 i\u00a0u\u017cytkow\u0105, jednak nie\u00a0koniecznie pozbawion\u0105 ukrytej refleksji nad\u00a0otaczaj\u0105cym nas \u015bwiatem.<\/p>\n<p>[\/et_pb_text][et_pb_image src=&#8221;https:\/\/sklep.nowymodel.org\/wp-content\/uploads\/2023\/03\/DSC5324-scaled.jpg&#8221; title_text=&#8221;_DSC5324&#8243; _builder_version=&#8221;4.20.2&#8243; _module_preset=&#8221;default&#8221; global_colors_info=&#8221;{}&#8221;][\/et_pb_image][\/et_pb_column][et_pb_column type=&#8221;1_2&#8243; _builder_version=&#8221;4.20.2&#8243; _module_preset=&#8221;default&#8221; global_colors_info=&#8221;{}&#8221;][et_pb_text _builder_version=&#8221;4.20.2&#8243; _module_preset=&#8221;default&#8221; text_orientation=&#8221;justified&#8221; min_height=&#8221;227.3px&#8221; custom_margin=&#8221;||35px|||&#8221; global_colors_info=&#8221;{}&#8221;]<\/p>\n<p style=\"text-align: justify;\">Posiada wszechstronn\u0105 wiedz\u0119 z\u00a0zakresu obr\u00f3bki drewna i\u00a0materia\u0142\u00f3w drewnopochodnych, odlew\u00f3w aluminiowych oraz\u00a0obr\u00f3bki stali. W\u00a0projektach meblarskich pracuje g\u0142\u00f3wnie w\u00a0drewnie i\u00a0sklejce, cz\u0119sto wykorzystuj\u0105c projektowanie generatywne, techniki CAD i\u00a0CNC w\u00a0po\u0142\u0105czeniu z\u00a0rzemios\u0142em rze\u017abiarskim.<\/p>\n<p style=\"text-align: justify;\">Przywi\u0105zuje szczeg\u00f3ln\u0105 wag\u0119 do\u00a0tego, aby jego projekty wyr\u00f3\u017cnia\u0142y si\u0119 wyj\u0105tkow\u0105 estetyk\u0105 przy zachowaniu du\u017cej funkcjonalno\u015bci.<\/p>\n<p style=\"text-align: justify;\"><a href=\"https:\/\/cyrylzakrzewski.com\/\" target=\"_blank\" rel=\"noreferrer noopener\">cyrylzakrzewski.com<\/a><\/p>\n<p>[\/et_pb_text][et_pb_image src=&#8221;https:\/\/sklep.nowymodel.org\/wp-content\/uploads\/2023\/03\/cyryl_mniejsze_zdj.jpg&#8221; alt=&#8221;CyrylZ Design&#8221; title_text=&#8221;CyrylZ Design&#8221; _builder_version=&#8221;4.20.2&#8243; _module_preset=&#8221;default&#8221; custom_margin=&#8221;5px|||||&#8221; global_colors_info=&#8221;{}&#8221;][\/et_pb_image][\/et_pb_column][\/et_pb_row][et_pb_row _builder_version=&#8221;4.20.2&#8243; _module_preset=&#8221;default&#8221; custom_margin=&#8221;|auto|-16px|auto||&#8221; global_colors_info=&#8221;{}&#8221;][et_pb_column type=&#8221;4_4&#8243; _builder_version=&#8221;4.20.2&#8243; _module_preset=&#8221;default&#8221; global_colors_info=&#8221;{}&#8221;][et_pb_divider divider_position=&#8221;center&#8221; _builder_version=&#8221;4.20.2&#8243; _module_preset=&#8221;default&#8221; module_alignment=&#8221;center&#8221; custom_margin=&#8221;5px||5px||true|false&#8221; global_colors_info=&#8221;{}&#8221;][\/et_pb_divider][\/et_pb_column][\/et_pb_row][\/et_pb_section][et_pb_section fb_built=&#8221;1&#8243; _builder_version=&#8221;4.20.2&#8243; _module_preset=&#8221;default&#8221; custom_padding=&#8221;0px||5px|||&#8221; global_colors_info=&#8221;{}&#8221;][et_pb_row _builder_version=&#8221;4.20.2&#8243; _module_preset=&#8221;default&#8221; custom_padding=&#8221;3px||0px|||&#8221; global_colors_info=&#8221;{}&#8221;][et_pb_column type=&#8221;4_4&#8243; _builder_version=&#8221;4.20.2&#8243; _module_preset=&#8221;default&#8221; global_colors_info=&#8221;{}&#8221;][et_pb_wc_related_products posts_number=&#8221;5&#8243; columns_number=&#8221;5&#8243; include_categories=&#8221;486&#8243; icon_hover_color=&#8221;#333333&#8243; hover_overlay_color=&#8221;RGBA(64,64,64,0.69)&#8221; hover_icon=&#8221;&#xf06e;||fa||400&#8243; show_price=&#8221;off&#8221; show_rating=&#8221;off&#8221; show_sale_badge=&#8221;off&#8221; _builder_version=&#8221;4.20.2&#8243; _module_preset=&#8221;default&#8221; title_font_size=&#8221;30px&#8221; product_title_text_align=&#8221;center&#8221; product_title_font_size=&#8221;16px&#8221; global_colors_info=&#8221;{}&#8221;][\/et_pb_wc_related_products][\/et_pb_column][\/et_pb_row][\/et_pb_section]<\/p>\n","protected":false},"excerpt":{"rendered":"<p>Cyryl Zakrzewski<\/p>\n","protected":false},"featured_media":6043,"template":"","meta":{"_et_pb_use_builder":"on","_et_pb_old_content":"<h1 style=\"text-align: center\">NOISE PANEL<\/h1>\r\n<p style=\"text-align: left\">Reliefowy panel wykonany z przepuszczaj\u0105cego \u015bwiat\u0142o plastiku z recyklingu. Inspiracj\u0105 dla tej formy by\u0142 rysunek rozchodz\u0105cych si\u0119 fal wywo\u0142anych przez d\u017awi\u0119ki na powierzchni cieczy. Sugestywna, minimalistyczna forma uzyskana zosta\u0142a dzi\u0119ki projektowaniu cyfrowemu oraz obr\u00f3bce CNC.<\/p>\r\n<a href=\"https:\/\/cyrylzakrzewski.com\/caldera-organic-table\/\">cyrylzakrzewski.com<\/a>","_et_gb_content_width":""},"product_brand":[],"product_cat":[15,486],"product_tag":[455,538,799,500,553],"class_list":{"0":"post-5914","1":"product","2":"type-product","3":"status-publish","4":"has-post-thumbnail","6":"product_cat-meble","7":"product_cat-unikalny-design","8":"product_tag-cyryl-zakrzewski","9":"product_tag-noise","10":"product_tag-panel","11":"product_tag-rzezba","12":"product_tag-unikalny-design","14":"first","15":"onbackorder","16":"taxable","17":"shipping-taxable","18":"product-type-simple"},"yoast_head":"<!-- This site is optimized with the Yoast SEO plugin v27.3 - https:\/\/yoast.com\/product\/yoast-seo-wordpress\/ -->\n<title>Noise panel - sklep.nowymodel<\/title>\n<meta name=\"description\" content=\"Reliefowy panel wykonany z przepuszczaj\u0105ce go \u015bwiat\u0142o plastiku z recyclingu. Inspiracj\u0105 dla tej formy by\u0142 rysunek rozchodz\u0105cych si\u0119 fal\" \/>\n<meta name=\"robots\" content=\"index, follow, max-snippet:-1, max-image-preview:large, max-video-preview:-1\" \/>\n<link rel=\"canonical\" href=\"https:\/\/sklep.nowymodel.org\/?product=noise-panel\" \/>\n<meta property=\"og:locale\" content=\"pl_PL\" \/>\n<meta property=\"og:type\" content=\"article\" \/>\n<meta property=\"og:title\" content=\"Noise panel - sklep.nowymodel\" \/>\n<meta property=\"og:description\" content=\"Reliefowy panel wykonany z przepuszczaj\u0105ce go \u015bwiat\u0142o plastiku z recyclingu. Inspiracj\u0105 dla tej formy by\u0142 rysunek rozchodz\u0105cych si\u0119 fal\" \/>\n<meta property=\"og:url\" content=\"https:\/\/sklep.nowymodel.org\/?product=noise-panel\" \/>\n<meta property=\"og:site_name\" content=\"sklep.nowymodel\" \/>\n<meta property=\"article:modified_time\" content=\"2023-11-30T09:12:25+00:00\" \/>\n<meta property=\"og:image\" content=\"https:\/\/sklep.nowymodel.org\/wp-content\/uploads\/2023\/11\/DSCF2946-1.jpg\" \/>\n\t<meta property=\"og:image:width\" content=\"1311\" \/>\n\t<meta property=\"og:image:height\" content=\"1080\" \/>\n\t<meta property=\"og:image:type\" content=\"image\/jpeg\" \/>\n<meta name=\"twitter:card\" content=\"summary_large_image\" \/>\n<meta name=\"twitter:label1\" content=\"Szacowany czas czytania\" \/>\n\t<meta name=\"twitter:data1\" content=\"4 minuty\" \/>\n<script type=\"application\/ld+json\" class=\"yoast-schema-graph\">{\"@context\":\"https:\\\/\\\/schema.org\",\"@graph\":[{\"@type\":\"WebPage\",\"@id\":\"https:\\\/\\\/sklep.nowymodel.org\\\/?product=noise-panel\",\"url\":\"https:\\\/\\\/sklep.nowymodel.org\\\/?product=noise-panel\",\"name\":\"Noise panel - sklep.nowymodel\",\"isPartOf\":{\"@id\":\"https:\\\/\\\/sklep.nowymodel.org\\\/#website\"},\"primaryImageOfPage\":{\"@id\":\"https:\\\/\\\/sklep.nowymodel.org\\\/?product=noise-panel#primaryimage\"},\"image\":{\"@id\":\"https:\\\/\\\/sklep.nowymodel.org\\\/?product=noise-panel#primaryimage\"},\"thumbnailUrl\":\"https:\\\/\\\/sklep.nowymodel.org\\\/wp-content\\\/uploads\\\/2023\\\/11\\\/DSCF2946-1.jpg\",\"datePublished\":\"2023-11-15T10:31:12+00:00\",\"dateModified\":\"2023-11-30T09:12:25+00:00\",\"description\":\"Reliefowy panel wykonany z przepuszczaj\u0105ce go \u015bwiat\u0142o plastiku z recyclingu. Inspiracj\u0105 dla tej formy by\u0142 rysunek rozchodz\u0105cych si\u0119 fal\",\"breadcrumb\":{\"@id\":\"https:\\\/\\\/sklep.nowymodel.org\\\/?product=noise-panel#breadcrumb\"},\"inLanguage\":\"pl-PL\",\"potentialAction\":[{\"@type\":\"ReadAction\",\"target\":[\"https:\\\/\\\/sklep.nowymodel.org\\\/?product=noise-panel\"]}]},{\"@type\":\"ImageObject\",\"inLanguage\":\"pl-PL\",\"@id\":\"https:\\\/\\\/sklep.nowymodel.org\\\/?product=noise-panel#primaryimage\",\"url\":\"https:\\\/\\\/sklep.nowymodel.org\\\/wp-content\\\/uploads\\\/2023\\\/11\\\/DSCF2946-1.jpg\",\"contentUrl\":\"https:\\\/\\\/sklep.nowymodel.org\\\/wp-content\\\/uploads\\\/2023\\\/11\\\/DSCF2946-1.jpg\",\"width\":1311,\"height\":1080},{\"@type\":\"BreadcrumbList\",\"@id\":\"https:\\\/\\\/sklep.nowymodel.org\\\/?product=noise-panel#breadcrumb\",\"itemListElement\":[{\"@type\":\"ListItem\",\"position\":1,\"name\":\"Strona g\u0142\u00f3wna\",\"item\":\"https:\\\/\\\/sklep.nowymodel.org\\\/\"},{\"@type\":\"ListItem\",\"position\":2,\"name\":\"Sklep\",\"item\":\"https:\\\/\\\/sklep.nowymodel.org\\\/?page_id=7\"},{\"@type\":\"ListItem\",\"position\":3,\"name\":\"Noise panel\"}]},{\"@type\":\"WebSite\",\"@id\":\"https:\\\/\\\/sklep.nowymodel.org\\\/#website\",\"url\":\"https:\\\/\\\/sklep.nowymodel.org\\\/\",\"name\":\"sklep.nowymodel\",\"description\":\"Sklep.nowymodel- sklep z designem\",\"potentialAction\":[{\"@type\":\"SearchAction\",\"target\":{\"@type\":\"EntryPoint\",\"urlTemplate\":\"https:\\\/\\\/sklep.nowymodel.org\\\/?s={search_term_string}\"},\"query-input\":{\"@type\":\"PropertyValueSpecification\",\"valueRequired\":true,\"valueName\":\"search_term_string\"}}],\"inLanguage\":\"pl-PL\"}]}<\/script>\n<!-- \/ Yoast SEO plugin. -->","yoast_head_json":{"title":"Noise panel - sklep.nowymodel","description":"Reliefowy panel wykonany z przepuszczaj\u0105ce go \u015bwiat\u0142o plastiku z recyclingu. Inspiracj\u0105 dla tej formy by\u0142 rysunek rozchodz\u0105cych si\u0119 fal","robots":{"index":"index","follow":"follow","max-snippet":"max-snippet:-1","max-image-preview":"max-image-preview:large","max-video-preview":"max-video-preview:-1"},"canonical":"https:\/\/sklep.nowymodel.org\/?product=noise-panel","og_locale":"pl_PL","og_type":"article","og_title":"Noise panel - sklep.nowymodel","og_description":"Reliefowy panel wykonany z przepuszczaj\u0105ce go \u015bwiat\u0142o plastiku z recyclingu. Inspiracj\u0105 dla tej formy by\u0142 rysunek rozchodz\u0105cych si\u0119 fal","og_url":"https:\/\/sklep.nowymodel.org\/?product=noise-panel","og_site_name":"sklep.nowymodel","article_modified_time":"2023-11-30T09:12:25+00:00","og_image":[{"width":1311,"height":1080,"url":"https:\/\/sklep.nowymodel.org\/wp-content\/uploads\/2023\/11\/DSCF2946-1.jpg","type":"image\/jpeg"}],"twitter_card":"summary_large_image","twitter_misc":{"Szacowany czas czytania":"4 minuty"},"schema":{"@context":"https:\/\/schema.org","@graph":[{"@type":"WebPage","@id":"https:\/\/sklep.nowymodel.org\/?product=noise-panel","url":"https:\/\/sklep.nowymodel.org\/?product=noise-panel","name":"Noise panel - sklep.nowymodel","isPartOf":{"@id":"https:\/\/sklep.nowymodel.org\/#website"},"primaryImageOfPage":{"@id":"https:\/\/sklep.nowymodel.org\/?product=noise-panel#primaryimage"},"image":{"@id":"https:\/\/sklep.nowymodel.org\/?product=noise-panel#primaryimage"},"thumbnailUrl":"https:\/\/sklep.nowymodel.org\/wp-content\/uploads\/2023\/11\/DSCF2946-1.jpg","datePublished":"2023-11-15T10:31:12+00:00","dateModified":"2023-11-30T09:12:25+00:00","description":"Reliefowy panel wykonany z przepuszczaj\u0105ce go \u015bwiat\u0142o plastiku z recyclingu. Inspiracj\u0105 dla tej formy by\u0142 rysunek rozchodz\u0105cych si\u0119 fal","breadcrumb":{"@id":"https:\/\/sklep.nowymodel.org\/?product=noise-panel#breadcrumb"},"inLanguage":"pl-PL","potentialAction":[{"@type":"ReadAction","target":["https:\/\/sklep.nowymodel.org\/?product=noise-panel"]}]},{"@type":"ImageObject","inLanguage":"pl-PL","@id":"https:\/\/sklep.nowymodel.org\/?product=noise-panel#primaryimage","url":"https:\/\/sklep.nowymodel.org\/wp-content\/uploads\/2023\/11\/DSCF2946-1.jpg","contentUrl":"https:\/\/sklep.nowymodel.org\/wp-content\/uploads\/2023\/11\/DSCF2946-1.jpg","width":1311,"height":1080},{"@type":"BreadcrumbList","@id":"https:\/\/sklep.nowymodel.org\/?product=noise-panel#breadcrumb","itemListElement":[{"@type":"ListItem","position":1,"name":"Strona g\u0142\u00f3wna","item":"https:\/\/sklep.nowymodel.org\/"},{"@type":"ListItem","position":2,"name":"Sklep","item":"https:\/\/sklep.nowymodel.org\/?page_id=7"},{"@type":"ListItem","position":3,"name":"Noise panel"}]},{"@type":"WebSite","@id":"https:\/\/sklep.nowymodel.org\/#website","url":"https:\/\/sklep.nowymodel.org\/","name":"sklep.nowymodel","description":"Sklep.nowymodel- sklep z designem","potentialAction":[{"@type":"SearchAction","target":{"@type":"EntryPoint","urlTemplate":"https:\/\/sklep.nowymodel.org\/?s={search_term_string}"},"query-input":{"@type":"PropertyValueSpecification","valueRequired":true,"valueName":"search_term_string"}}],"inLanguage":"pl-PL"}]}},"_links":{"self":[{"href":"https:\/\/sklep.nowymodel.org\/index.php?rest_route=\/wp\/v2\/product\/5914","targetHints":{"allow":["GET"]}}],"collection":[{"href":"https:\/\/sklep.nowymodel.org\/index.php?rest_route=\/wp\/v2\/product"}],"about":[{"href":"https:\/\/sklep.nowymodel.org\/index.php?rest_route=\/wp\/v2\/types\/product"}],"wp:featuredmedia":[{"embeddable":true,"href":"https:\/\/sklep.nowymodel.org\/index.php?rest_route=\/wp\/v2\/media\/6043"}],"wp:attachment":[{"href":"https:\/\/sklep.nowymodel.org\/index.php?rest_route=%2Fwp%2Fv2%2Fmedia&parent=5914"}],"wp:term":[{"taxonomy":"product_brand","embeddable":true,"href":"https:\/\/sklep.nowymodel.org\/index.php?rest_route=%2Fwp%2Fv2%2Fproduct_brand&post=5914"},{"taxonomy":"product_cat","embeddable":true,"href":"https:\/\/sklep.nowymodel.org\/index.php?rest_route=%2Fwp%2Fv2%2Fproduct_cat&post=5914"},{"taxonomy":"product_tag","embeddable":true,"href":"https:\/\/sklep.nowymodel.org\/index.php?rest_route=%2Fwp%2Fv2%2Fproduct_tag&post=5914"}],"curies":[{"name":"wp","href":"https:\/\/api.w.org\/{rel}","templated":true}]}}