{"id":5520,"date":"2023-04-12T14:40:28","date_gmt":"2023-04-12T12:40:28","guid":{"rendered":"https:\/\/sklep.nowymodel.org\/?post_type=product&#038;p=5520"},"modified":"2023-05-29T12:18:33","modified_gmt":"2023-05-29T10:18:33","slug":"podwojny-pojemnik-organic-80-l","status":"publish","type":"product","link":"https:\/\/sklep.nowymodel.org\/?product=podwojny-pojemnik-organic-80-l","title":{"rendered":"Podw\u00f3jny Pojemnik Organic 80 l"},"content":{"rendered":"<p>[et_pb_section fb_built=&#8221;1&#8243; _builder_version=&#8221;4.20.2&#8243; _module_preset=&#8221;default&#8221; module_alignment=&#8221;left&#8221; custom_margin=&#8221;-54px|||||&#8221; custom_padding=&#8221;6px||4px|||&#8221; global_colors_info=&#8221;{}&#8221;][et_pb_row _builder_version=&#8221;4.20.2&#8243; _module_preset=&#8221;default&#8221; width=&#8221;100%&#8221; module_alignment=&#8221;left&#8221; min_height=&#8221;133px&#8221; custom_margin=&#8221;-57px|auto||auto||&#8221; custom_padding=&#8221;7px||3px|||&#8221; global_colors_info=&#8221;{}&#8221;][et_pb_column type=&#8221;4_4&#8243; _builder_version=&#8221;4.20.2&#8243; _module_preset=&#8221;default&#8221; global_colors_info=&#8221;{}&#8221;][et_pb_wc_breadcrumb breadcrumb_separator=&#8221;>&#8221; _builder_version=&#8221;4.20.2&#8243; body_font=&#8221;|300||on|||||&#8221; body_text_color=&#8221;#808080&#8243; body_font_size=&#8221;14px&#8221; body_line_height=&#8221;1em&#8221; module_alignment=&#8221;left&#8221; custom_margin=&#8221;-25px|||0px|false|false&#8221; custom_padding=&#8221;|||0px|false|false&#8221; custom_padding_tablet=&#8221;|||64px|false|false&#8221; custom_padding_phone=&#8221;|||33px|false|false&#8221; custom_padding_last_edited=&#8221;on|phone&#8221; locked=&#8221;off&#8221; global_colors_info=&#8221;{}&#8221;][\/et_pb_wc_breadcrumb][\/et_pb_column][\/et_pb_row][\/et_pb_section][et_pb_section fb_built=&#8221;1&#8243; _builder_version=&#8221;4.20.2&#8243; _module_preset=&#8221;default&#8221; custom_padding=&#8221;4px||7px|||&#8221; global_colors_info=&#8221;{}&#8221;][et_pb_row column_structure=&#8221;3_5,2_5&#8243; _builder_version=&#8221;4.20.2&#8243; _module_preset=&#8221;default&#8221; custom_margin=&#8221;||20px||false|false&#8221; custom_padding=&#8221;0px||2px|||&#8221; global_colors_info=&#8221;{}&#8221;][et_pb_column type=&#8221;3_5&#8243; _builder_version=&#8221;4.20.2&#8243; _module_preset=&#8221;default&#8221; global_colors_info=&#8221;{}&#8221;][et_pb_wc_gallery _builder_version=&#8221;4.20.2&#8243; _module_preset=&#8221;default&#8221; custom_margin=&#8221;0px||||false|false&#8221; custom_padding=&#8221;0px||50px||false|false&#8221; global_colors_info=&#8221;{}&#8221;][\/et_pb_wc_gallery][\/et_pb_column][et_pb_column type=&#8221;2_5&#8243; _builder_version=&#8221;4.20.2&#8243; _module_preset=&#8221;default&#8221; global_colors_info=&#8221;{}&#8221;][et_pb_wc_title _builder_version=&#8221;4.20.2&#8243; _module_preset=&#8221;default&#8221; header_font=&#8221;|||on|||||&#8221; header_text_align=&#8221;left&#8221; header_text_color=&#8221;#404040&#8243; header_font_size=&#8221;35px&#8221; module_alignment=&#8221;center&#8221; min_height=&#8221;65px&#8221; custom_margin=&#8221;-11px||0px||false|false&#8221; custom_padding=&#8221;4px||0px|||&#8221; global_colors_info=&#8221;{}&#8221;][\/et_pb_wc_title][et_pb_wc_description _builder_version=&#8221;4.20.2&#8243; _module_preset=&#8221;default&#8221; body_font=&#8221;|||||on|||&#8221; global_colors_info=&#8221;{}&#8221;][\/et_pb_wc_description][et_pb_wc_price _builder_version=&#8221;4.20.2&#8243; _module_preset=&#8221;default&#8221; body_font=&#8221;|300||||on|||&#8221; body_text_color=&#8221;#404040&#8243; body_font_size=&#8221;35px&#8221; text_orientation=&#8221;left&#8221; custom_margin=&#8221;30px||30px||true|false&#8221; global_colors_info=&#8221;{}&#8221;][\/et_pb_wc_price][et_pb_text _builder_version=&#8221;4.20.2&#8243; _module_preset=&#8221;default&#8221; text_font=&#8221;|300||||on|||&#8221; text_text_color=&#8221;#404040&#8243; module_alignment=&#8221;left&#8221; custom_margin=&#8221;30px||30px||true|false&#8221; border_color_all=&#8221;#808080&#8243; global_colors_info=&#8221;{}&#8221;]<\/p>\n<p>WYMIARY<br \/><span id=\"Products1_rProducts_Product1_0_Product1_0_ctl10_0_rDescriptions_0_lbValue_0\">82 cm | 40 cm<\/span><\/p>\n<p>MATERIA\u0141:<br \/>PVC &#8211; 6 mm<\/p>\n<p>[\/et_pb_text][et_pb_wc_add_to_cart show_quantity=&#8221;off&#8221; _builder_version=&#8221;4.20.2&#8243; _module_preset=&#8221;default&#8221; global_colors_info=&#8221;{}&#8221;][\/et_pb_wc_add_to_cart][et_pb_text _builder_version=&#8221;4.20.2&#8243; _module_preset=&#8221;default&#8221; text_font=&#8221;|300|||||||&#8221; custom_margin=&#8221;30px||30px||true|false&#8221; global_colors_info=&#8221;{}&#8221;]<\/p>\n<ul>\n<li>Czas produkcji 2-3 tygodnie<\/li>\n<li>Cena pojemnik\u00f3w o innym wyko\u0144czeniu ni\u017c standardowe, mo\u017ce si\u0119 r\u00f3\u017cni\u0107 od ceny podanej na stronie.<\/li>\n<li>Skontaktuj si\u0119 z nami:<span>\u00a0<\/span><strong>info@nowymodel.org<\/strong><\/li>\n<\/ul>\n<p>[\/et_pb_text][\/et_pb_column][\/et_pb_row][et_pb_row _builder_version=&#8221;4.20.2&#8243; _module_preset=&#8221;default&#8221; custom_padding=&#8221;0px||0px||true|&#8221; global_colors_info=&#8221;{}&#8221;][et_pb_column type=&#8221;4_4&#8243; _builder_version=&#8221;4.20.2&#8243; _module_preset=&#8221;default&#8221; global_colors_info=&#8221;{}&#8221;][et_pb_wc_description description_type=&#8221;description&#8221; _builder_version=&#8221;4.20.2&#8243; _module_preset=&#8221;default&#8221; text_orientation=&#8221;justified&#8221; global_colors_info=&#8221;{}&#8221;][\/et_pb_wc_description][\/et_pb_column][\/et_pb_row][et_pb_row _builder_version=&#8221;4.20.2&#8243; _module_preset=&#8221;default&#8221; global_colors_info=&#8221;{}&#8221;][et_pb_column type=&#8221;4_4&#8243; _builder_version=&#8221;4.20.2&#8243; _module_preset=&#8221;default&#8221; global_colors_info=&#8221;{}&#8221;][et_pb_divider divider_position=&#8221;center&#8221; _builder_version=&#8221;4.20.2&#8243; _module_preset=&#8221;default&#8221; module_alignment=&#8221;center&#8221; custom_margin=&#8221;5px||5px||true|false&#8221; global_colors_info=&#8221;{}&#8221;][\/et_pb_divider][\/et_pb_column][\/et_pb_row][\/et_pb_section][et_pb_section fb_built=&#8221;1&#8243; _builder_version=&#8221;4.20.2&#8243; _module_preset=&#8221;default&#8221; min_height=&#8221;717.8px&#8221; custom_padding=&#8221;3px||4px|||&#8221; global_colors_info=&#8221;{}&#8221;][et_pb_row column_structure=&#8221;1_3,1_3,1_3&#8243; _builder_version=&#8221;4.20.2&#8243; _module_preset=&#8221;default&#8221; module_alignment=&#8221;center&#8221; min_height=&#8221;182.6px&#8221; custom_margin=&#8221;0px|auto|0px|0px|true|false&#8221; custom_padding=&#8221;4px||35px|0px|false|false&#8221; locked=&#8221;off&#8221; global_colors_info=&#8221;{}&#8221;][et_pb_column type=&#8221;1_3&#8243; _builder_version=&#8221;4.20.2&#8243; _module_preset=&#8221;default&#8221; custom_padding=&#8221;|0px||0px|false|true&#8221; global_colors_info=&#8221;{}&#8221;][\/et_pb_column][et_pb_column type=&#8221;1_3&#8243; _builder_version=&#8221;4.20.2&#8243; _module_preset=&#8221;default&#8221; global_colors_info=&#8221;{}&#8221;][et_pb_text _builder_version=&#8221;4.20.2&#8243; _module_preset=&#8221;default&#8221; text_font=&#8221;|||on|||||&#8221; text_font_size=&#8221;35px&#8221; text_line_height=&#8221;1.8em&#8221; text_orientation=&#8221;center&#8221; global_colors_info=&#8221;{}&#8221;]<\/p>\n<p>marka<\/p>\n<p>[\/et_pb_text][et_pb_team_member image_url=&#8221;https:\/\/sklep.nowymodel.org\/wp-content\/uploads\/2023\/04\/logo_organic.png&#8221; icon_color=&#8221;RGBA(255,255,255,0)&#8221; _builder_version=&#8221;4.20.2&#8243; _module_preset=&#8221;default&#8221; width=&#8221;100%&#8221; module_alignment=&#8221;center&#8221; min_height=&#8221;100px&#8221; custom_padding=&#8221;|0px||0px|false|false&#8221; child_filter_saturate=&#8221;73%&#8221; link_option_url=&#8221;https:\/\/binbox.pl\/pojemniki-organic\/&#8221; border_radii_image=&#8221;on|200px|200px|200px|200px&#8221; border_width_all_image=&#8221;1px&#8221; border_color_all_image=&#8221;#404040&#8243; locked=&#8221;off&#8221; global_colors_info=&#8221;{}&#8221;][\/et_pb_team_member][\/et_pb_column][et_pb_column type=&#8221;1_3&#8243; _builder_version=&#8221;4.20.2&#8243; _module_preset=&#8221;default&#8221; global_colors_info=&#8221;{}&#8221;][\/et_pb_column][\/et_pb_row][et_pb_row column_structure=&#8221;1_5,3_5,1_5&#8243; _builder_version=&#8221;4.20.2&#8243; _module_preset=&#8221;default&#8221; custom_padding=&#8221;2px||2px||true|&#8221; global_colors_info=&#8221;{}&#8221;][et_pb_column type=&#8221;1_5&#8243; _builder_version=&#8221;4.20.2&#8243; _module_preset=&#8221;default&#8221; global_colors_info=&#8221;{}&#8221;][et_pb_text _builder_version=&#8221;4.20.2&#8243; _module_preset=&#8221;default&#8221; text_font=&#8221;||||||||&#8221; custom_margin=&#8221;||35px|||&#8221; global_colors_info=&#8221;{}&#8221;][\/et_pb_text][\/et_pb_column][et_pb_column type=&#8221;3_5&#8243; _builder_version=&#8221;4.20.2&#8243; _module_preset=&#8221;default&#8221; global_colors_info=&#8221;{}&#8221;][et_pb_text _builder_version=&#8221;4.20.2&#8243; _module_preset=&#8221;default&#8221; global_colors_info=&#8221;{}&#8221;]<\/p>\n<h5 style=\"text-align: center;\"><span>Przedstawiamy Pa\u0144stwu system pojemnik\u00f3w do segregacji odpad\u00f3w Organic\u00ae.<\/span><\/h5>\n<h5 style=\"text-align: center;\">\u00a0Wz\u00f3r u\u017cytkowy zastrze\u017cony na terenie Europy<\/h5>\n<p>&nbsp;<\/p>\n<p style=\"text-align: justify;\"><span style=\"font-weight: 400;\">Organic\u00ae to nowoczesne, wykonane z trwa\u0142ych element\u00f3w pojemniki, kt\u00f3re wyr\u00f3\u017cniaj\u0105 si\u0119 niebanalnym wzornictwem i szlachetno\u015bci\u0105 materia\u0142\u00f3w u\u017cytych do ich wykonania.<\/span><\/p>\n<p style=\"text-align: justify;\"><span style=\"font-weight: 400;\">Modele dost\u0119pne w serii Organic\u00ae gwarantuj\u0105 intuicyjne i wygodne dla u\u017cytkownika segregowanie odpad\u00f3w dzi\u0119ki klarownym i zrozumia\u0142ym ideogramom oraz opisom umieszczonym na pojemnikach. Dodatkowo istnieje mo\u017cliwo\u015b\u0107 wyboru gotowych zestaw\u00f3w nadruk\u00f3w, pozwalaj\u0105cych idealnie dopasowa\u0107 wygl\u0105d pojemnik\u00f3w do wybranej przestrzeni.\u00a0<\/span><\/p>\n<p style=\"text-align: justify;\"><span style=\"font-weight: 400;\">Proces technologiczny powstawania pojemnik\u00f3w oraz u\u017cyte do ich produkcji materia\u0142y znakomicie podwy\u017cszaj\u0105 \u017cywotno\u015b\u0107 tych modeli. W por\u00f3wnaniu do pojemnik\u00f3w stalowych odznaczaj\u0105 si\u0119 one tak\u017ce znacznie wi\u0119ksz\u0105 trwa\u0142o\u015bci\u0105 i niebanaln\u0105 estetyk\u0105.\u00a0<\/span><\/p>\n<p>&nbsp;<\/p>\n<p>[\/et_pb_text][\/et_pb_column][et_pb_column type=&#8221;1_5&#8243; _builder_version=&#8221;4.20.2&#8243; _module_preset=&#8221;default&#8221; global_colors_info=&#8221;{}&#8221;][\/et_pb_column][\/et_pb_row][\/et_pb_section][et_pb_section fb_built=&#8221;1&#8243; _builder_version=&#8221;4.20.2&#8243; _module_preset=&#8221;default&#8221; custom_padding=&#8221;0px||5px|||&#8221; global_colors_info=&#8221;{}&#8221;][et_pb_row _builder_version=&#8221;4.20.2&#8243; _module_preset=&#8221;default&#8221; custom_padding=&#8221;3px||0px|||&#8221; global_colors_info=&#8221;{}&#8221;][et_pb_column type=&#8221;4_4&#8243; _builder_version=&#8221;4.20.2&#8243; _module_preset=&#8221;default&#8221; global_colors_info=&#8221;{}&#8221;][et_pb_wc_related_products posts_number=&#8221;5&#8243; columns_number=&#8221;5&#8243; include_categories=&#8221;560&#8243; icon_hover_color=&#8221;#333333&#8243; hover_overlay_color=&#8221;RGBA(64,64,64,0.69)&#8221; hover_icon=&#8221;&#xf06e;||fa||400&#8243; show_price=&#8221;off&#8221; show_rating=&#8221;off&#8221; show_sale_badge=&#8221;off&#8221; _builder_version=&#8221;4.20.2&#8243; _module_preset=&#8221;default&#8221; title_font_size=&#8221;30px&#8221; product_title_text_align=&#8221;center&#8221; product_title_font_size=&#8221;16px&#8221; global_colors_info=&#8221;{}&#8221;][\/et_pb_wc_related_products][\/et_pb_column][\/et_pb_row][\/et_pb_section]<\/p>\n","protected":false},"excerpt":{"rendered":"<p>Organic\u00ae<\/p>\n","protected":false},"featured_media":5524,"template":"","meta":{"_et_pb_use_builder":"on","_et_pb_old_content":"<h1><span style=\"font-weight: 400\">Podw\u00f3jny pojemnik Organic 80 l<\/span><\/h1>\r\n<table style=\"width: 926px;height: 358px\">\r\n<tbody>\r\n<tr style=\"height: 358px\">\r\n<td style=\"width: 446.69px;height: 358px\"><span style=\"font-weight: 400\">Seria Organic to nowoczesne i wytworzone z trwa\u0142ych element\u00f3w pojemniki o\u00a0minimalistycznej i oryginalnej formie \u2013 doskonale prezentuj\u0105 si\u0119 w przestrzeni publicznej, jednocze\u015bnie \u015bwietnie spe\u0142niaj\u0105c swoje funkcje. S\u0105 r\u00f3wnie\u017c proste w monta\u017cu i czyszczeniu oraz odporne na uszkodzenia.<\/span>\r\n\r\n<span style=\"font-weight: 400\">Podw\u00f3jny pojemnik Organic 80 l wykonano z tworzywa PVC o \u015bciance 6 mm \u2013 dzi\u0119ki temu jest mocny, stabilny i wodoodporny. Proces technologiczny powstawania modeli Organic oraz u\u017cyte do ich produkcji materia\u0142y znakomicie podwy\u017cszaj\u0105 \u017cywotno\u015b\u0107 tych modeli, kt\u00f3ra parokrotnie przekracza trwa\u0142o\u015b\u0107 i walory estetyczne wersji stalowych. Uko\u015bne \u015bci\u0119cie sprawia, \u017ce otw\u00f3r pojemnika jest \u0142atwiej dost\u0119pny.<\/span>\r\n\r\n&nbsp;<\/td>\r\n<td style=\"width: 465.733px;height: 358px\"><span style=\"font-weight: 400\">Modele z serii Organic mo\u017cna dopasowa\u0107 do indywidualnych potrzeb pod wzgl\u0119dem doboru kolorystyki, wprowadzenia wzoru, a tak\u017ce r\u00f3\u017cnego zestawienia pojemnik\u00f3w \u2013 pojemniki \u0142\u0105cz\u0105 si\u0119 w dowolnej d\u0142ugo\u015bci w szereg oraz w wysp\u0119 po 3 szt. lub w wysp\u0119 po 2 szt. (w ustawieniu tylnymi cz\u0119\u015bciami do siebie). \u0141\u0105czniki metalowe w podstawie pozwalaj\u0105 na wszystkie rodzaje po\u0142\u0105czenia co 30 stopni. Na dole znajduj\u0105 si\u0119 otwory wylewowe i przeznaczone do ewentualnego monta\u017cu na sta\u0142e w pod\u0142o\u017cu. Otw\u00f3r wrzutowy o \u015brednicy 25 cm wyposa\u017cono w gum\u0119 zabezpieczaj\u0105c\u0105. Do prezentowanego modelu pasuj\u0105 worki o pojemno\u015bci 80 l.<\/span>\r\n\r\n<span style=\"font-weight: 400\">Pojemnik Organic jest <\/span><b>finalist\u0105 konkursu Dobry Wz\u00f3r 2014<\/b><span style=\"font-weight: 400\"> na najlepiej zaprojektowane produkty i us\u0142ugi na polskim rynku, organizowanego przez Instytut Wzornictwa Przemys\u0142owego.<\/span><\/td>\r\n<\/tr>\r\n<\/tbody>\r\n<\/table>","_et_gb_content_width":""},"product_brand":[],"product_cat":[560],"product_tag":[572,570],"class_list":{"0":"post-5520","1":"product","2":"type-product","3":"status-publish","4":"has-post-thumbnail","6":"product_cat-pojemniki-organic","7":"product_tag-80-l","8":"product_tag-pojemnik-organic","10":"first","11":"instock","12":"taxable","13":"shipping-taxable","14":"purchasable","15":"product-type-simple"},"yoast_head":"<!-- This site is optimized with the Yoast SEO plugin v27.3 - https:\/\/yoast.com\/product\/yoast-seo-wordpress\/ -->\n<title>Podw\u00f3jny Pojemnik Organic 80 l - sklep.nowymodel<\/title>\n<meta name=\"description\" content=\"Seria Organic to nowoczesne bardzo wytrzyma\u0142e pojemniki o\u00a0minimalistycznej i oryginalnej formie \u2013 doskonale prezentuj\u0105 si\u0119 w przestrzeni publicznej.\" \/>\n<meta name=\"robots\" content=\"index, follow, max-snippet:-1, max-image-preview:large, max-video-preview:-1\" \/>\n<link rel=\"canonical\" href=\"https:\/\/sklep.nowymodel.org\/?product=podwojny-pojemnik-organic-80-l\" \/>\n<meta property=\"og:locale\" content=\"pl_PL\" \/>\n<meta property=\"og:type\" content=\"article\" \/>\n<meta property=\"og:title\" content=\"Podw\u00f3jny Pojemnik Organic 80 l - sklep.nowymodel\" \/>\n<meta property=\"og:description\" content=\"Seria Organic to nowoczesne bardzo wytrzyma\u0142e pojemniki o\u00a0minimalistycznej i oryginalnej formie \u2013 doskonale prezentuj\u0105 si\u0119 w przestrzeni publicznej.\" \/>\n<meta property=\"og:url\" content=\"https:\/\/sklep.nowymodel.org\/?product=podwojny-pojemnik-organic-80-l\" \/>\n<meta property=\"og:site_name\" content=\"sklep.nowymodel\" \/>\n<meta property=\"article:modified_time\" content=\"2023-05-29T10:18:33+00:00\" \/>\n<meta property=\"og:image\" content=\"https:\/\/sklep.nowymodel.org\/wp-content\/uploads\/2023\/04\/2-pojemniki.jpg\" \/>\n\t<meta property=\"og:image:width\" content=\"500\" \/>\n\t<meta property=\"og:image:height\" content=\"499\" \/>\n\t<meta property=\"og:image:type\" content=\"image\/jpeg\" \/>\n<meta name=\"twitter:card\" content=\"summary_large_image\" \/>\n<meta name=\"twitter:label1\" content=\"Szacowany czas czytania\" \/>\n\t<meta name=\"twitter:data1\" content=\"3 minuty\" \/>\n<script type=\"application\/ld+json\" class=\"yoast-schema-graph\">{\"@context\":\"https:\\\/\\\/schema.org\",\"@graph\":[{\"@type\":\"WebPage\",\"@id\":\"https:\\\/\\\/sklep.nowymodel.org\\\/?product=podwojny-pojemnik-organic-80-l\",\"url\":\"https:\\\/\\\/sklep.nowymodel.org\\\/?product=podwojny-pojemnik-organic-80-l\",\"name\":\"Podw\u00f3jny Pojemnik Organic 80 l - sklep.nowymodel\",\"isPartOf\":{\"@id\":\"https:\\\/\\\/sklep.nowymodel.org\\\/#website\"},\"primaryImageOfPage\":{\"@id\":\"https:\\\/\\\/sklep.nowymodel.org\\\/?product=podwojny-pojemnik-organic-80-l#primaryimage\"},\"image\":{\"@id\":\"https:\\\/\\\/sklep.nowymodel.org\\\/?product=podwojny-pojemnik-organic-80-l#primaryimage\"},\"thumbnailUrl\":\"https:\\\/\\\/sklep.nowymodel.org\\\/wp-content\\\/uploads\\\/2023\\\/04\\\/2-pojemniki.jpg\",\"datePublished\":\"2023-04-12T12:40:28+00:00\",\"dateModified\":\"2023-05-29T10:18:33+00:00\",\"description\":\"Seria Organic to nowoczesne bardzo wytrzyma\u0142e pojemniki o\u00a0minimalistycznej i oryginalnej formie \u2013 doskonale prezentuj\u0105 si\u0119 w przestrzeni publicznej.\",\"breadcrumb\":{\"@id\":\"https:\\\/\\\/sklep.nowymodel.org\\\/?product=podwojny-pojemnik-organic-80-l#breadcrumb\"},\"inLanguage\":\"pl-PL\",\"potentialAction\":[{\"@type\":\"ReadAction\",\"target\":[\"https:\\\/\\\/sklep.nowymodel.org\\\/?product=podwojny-pojemnik-organic-80-l\"]}]},{\"@type\":\"ImageObject\",\"inLanguage\":\"pl-PL\",\"@id\":\"https:\\\/\\\/sklep.nowymodel.org\\\/?product=podwojny-pojemnik-organic-80-l#primaryimage\",\"url\":\"https:\\\/\\\/sklep.nowymodel.org\\\/wp-content\\\/uploads\\\/2023\\\/04\\\/2-pojemniki.jpg\",\"contentUrl\":\"https:\\\/\\\/sklep.nowymodel.org\\\/wp-content\\\/uploads\\\/2023\\\/04\\\/2-pojemniki.jpg\",\"width\":500,\"height\":499},{\"@type\":\"BreadcrumbList\",\"@id\":\"https:\\\/\\\/sklep.nowymodel.org\\\/?product=podwojny-pojemnik-organic-80-l#breadcrumb\",\"itemListElement\":[{\"@type\":\"ListItem\",\"position\":1,\"name\":\"Strona g\u0142\u00f3wna\",\"item\":\"https:\\\/\\\/sklep.nowymodel.org\\\/\"},{\"@type\":\"ListItem\",\"position\":2,\"name\":\"Sklep\",\"item\":\"https:\\\/\\\/sklep.nowymodel.org\\\/?page_id=7\"},{\"@type\":\"ListItem\",\"position\":3,\"name\":\"Podw\u00f3jny Pojemnik Organic 80 l\"}]},{\"@type\":\"WebSite\",\"@id\":\"https:\\\/\\\/sklep.nowymodel.org\\\/#website\",\"url\":\"https:\\\/\\\/sklep.nowymodel.org\\\/\",\"name\":\"sklep.nowymodel\",\"description\":\"Sklep.nowymodel- sklep z designem\",\"potentialAction\":[{\"@type\":\"SearchAction\",\"target\":{\"@type\":\"EntryPoint\",\"urlTemplate\":\"https:\\\/\\\/sklep.nowymodel.org\\\/?s={search_term_string}\"},\"query-input\":{\"@type\":\"PropertyValueSpecification\",\"valueRequired\":true,\"valueName\":\"search_term_string\"}}],\"inLanguage\":\"pl-PL\"}]}<\/script>\n<!-- \/ Yoast SEO plugin. -->","yoast_head_json":{"title":"Podw\u00f3jny Pojemnik Organic 80 l - sklep.nowymodel","description":"Seria Organic to nowoczesne bardzo wytrzyma\u0142e pojemniki o\u00a0minimalistycznej i oryginalnej formie \u2013 doskonale prezentuj\u0105 si\u0119 w przestrzeni publicznej.","robots":{"index":"index","follow":"follow","max-snippet":"max-snippet:-1","max-image-preview":"max-image-preview:large","max-video-preview":"max-video-preview:-1"},"canonical":"https:\/\/sklep.nowymodel.org\/?product=podwojny-pojemnik-organic-80-l","og_locale":"pl_PL","og_type":"article","og_title":"Podw\u00f3jny Pojemnik Organic 80 l - sklep.nowymodel","og_description":"Seria Organic to nowoczesne bardzo wytrzyma\u0142e pojemniki o\u00a0minimalistycznej i oryginalnej formie \u2013 doskonale prezentuj\u0105 si\u0119 w przestrzeni publicznej.","og_url":"https:\/\/sklep.nowymodel.org\/?product=podwojny-pojemnik-organic-80-l","og_site_name":"sklep.nowymodel","article_modified_time":"2023-05-29T10:18:33+00:00","og_image":[{"width":500,"height":499,"url":"https:\/\/sklep.nowymodel.org\/wp-content\/uploads\/2023\/04\/2-pojemniki.jpg","type":"image\/jpeg"}],"twitter_card":"summary_large_image","twitter_misc":{"Szacowany czas czytania":"3 minuty"},"schema":{"@context":"https:\/\/schema.org","@graph":[{"@type":"WebPage","@id":"https:\/\/sklep.nowymodel.org\/?product=podwojny-pojemnik-organic-80-l","url":"https:\/\/sklep.nowymodel.org\/?product=podwojny-pojemnik-organic-80-l","name":"Podw\u00f3jny Pojemnik Organic 80 l - sklep.nowymodel","isPartOf":{"@id":"https:\/\/sklep.nowymodel.org\/#website"},"primaryImageOfPage":{"@id":"https:\/\/sklep.nowymodel.org\/?product=podwojny-pojemnik-organic-80-l#primaryimage"},"image":{"@id":"https:\/\/sklep.nowymodel.org\/?product=podwojny-pojemnik-organic-80-l#primaryimage"},"thumbnailUrl":"https:\/\/sklep.nowymodel.org\/wp-content\/uploads\/2023\/04\/2-pojemniki.jpg","datePublished":"2023-04-12T12:40:28+00:00","dateModified":"2023-05-29T10:18:33+00:00","description":"Seria Organic to nowoczesne bardzo wytrzyma\u0142e pojemniki o\u00a0minimalistycznej i oryginalnej formie \u2013 doskonale prezentuj\u0105 si\u0119 w przestrzeni publicznej.","breadcrumb":{"@id":"https:\/\/sklep.nowymodel.org\/?product=podwojny-pojemnik-organic-80-l#breadcrumb"},"inLanguage":"pl-PL","potentialAction":[{"@type":"ReadAction","target":["https:\/\/sklep.nowymodel.org\/?product=podwojny-pojemnik-organic-80-l"]}]},{"@type":"ImageObject","inLanguage":"pl-PL","@id":"https:\/\/sklep.nowymodel.org\/?product=podwojny-pojemnik-organic-80-l#primaryimage","url":"https:\/\/sklep.nowymodel.org\/wp-content\/uploads\/2023\/04\/2-pojemniki.jpg","contentUrl":"https:\/\/sklep.nowymodel.org\/wp-content\/uploads\/2023\/04\/2-pojemniki.jpg","width":500,"height":499},{"@type":"BreadcrumbList","@id":"https:\/\/sklep.nowymodel.org\/?product=podwojny-pojemnik-organic-80-l#breadcrumb","itemListElement":[{"@type":"ListItem","position":1,"name":"Strona g\u0142\u00f3wna","item":"https:\/\/sklep.nowymodel.org\/"},{"@type":"ListItem","position":2,"name":"Sklep","item":"https:\/\/sklep.nowymodel.org\/?page_id=7"},{"@type":"ListItem","position":3,"name":"Podw\u00f3jny Pojemnik Organic 80 l"}]},{"@type":"WebSite","@id":"https:\/\/sklep.nowymodel.org\/#website","url":"https:\/\/sklep.nowymodel.org\/","name":"sklep.nowymodel","description":"Sklep.nowymodel- sklep z designem","potentialAction":[{"@type":"SearchAction","target":{"@type":"EntryPoint","urlTemplate":"https:\/\/sklep.nowymodel.org\/?s={search_term_string}"},"query-input":{"@type":"PropertyValueSpecification","valueRequired":true,"valueName":"search_term_string"}}],"inLanguage":"pl-PL"}]}},"_links":{"self":[{"href":"https:\/\/sklep.nowymodel.org\/index.php?rest_route=\/wp\/v2\/product\/5520","targetHints":{"allow":["GET"]}}],"collection":[{"href":"https:\/\/sklep.nowymodel.org\/index.php?rest_route=\/wp\/v2\/product"}],"about":[{"href":"https:\/\/sklep.nowymodel.org\/index.php?rest_route=\/wp\/v2\/types\/product"}],"wp:featuredmedia":[{"embeddable":true,"href":"https:\/\/sklep.nowymodel.org\/index.php?rest_route=\/wp\/v2\/media\/5524"}],"wp:attachment":[{"href":"https:\/\/sklep.nowymodel.org\/index.php?rest_route=%2Fwp%2Fv2%2Fmedia&parent=5520"}],"wp:term":[{"taxonomy":"product_brand","embeddable":true,"href":"https:\/\/sklep.nowymodel.org\/index.php?rest_route=%2Fwp%2Fv2%2Fproduct_brand&post=5520"},{"taxonomy":"product_cat","embeddable":true,"href":"https:\/\/sklep.nowymodel.org\/index.php?rest_route=%2Fwp%2Fv2%2Fproduct_cat&post=5520"},{"taxonomy":"product_tag","embeddable":true,"href":"https:\/\/sklep.nowymodel.org\/index.php?rest_route=%2Fwp%2Fv2%2Fproduct_tag&post=5520"}],"curies":[{"name":"wp","href":"https:\/\/api.w.org\/{rel}","templated":true}]}}