{"id":5449,"date":"2023-04-11T13:28:02","date_gmt":"2023-04-11T11:28:02","guid":{"rendered":"https:\/\/sklep.nowymodel.org\/?post_type=product&#038;p=5449"},"modified":"2023-05-29T12:20:09","modified_gmt":"2023-05-29T10:20:09","slug":"pojemnik-organic-motyl-2","status":"publish","type":"product","link":"https:\/\/sklep.nowymodel.org\/?product=pojemnik-organic-motyl-2","title":{"rendered":"Pojemnik Organic &#8211; Motyl"},"content":{"rendered":"<p>[et_pb_section fb_built=&#8221;1&#8243; _builder_version=&#8221;4.20.2&#8243; _module_preset=&#8221;default&#8221; module_alignment=&#8221;left&#8221; custom_margin=&#8221;-54px|||||&#8221; custom_padding=&#8221;6px||4px|||&#8221; global_colors_info=&#8221;{}&#8221;][et_pb_row _builder_version=&#8221;4.20.2&#8243; _module_preset=&#8221;default&#8221; width=&#8221;100%&#8221; module_alignment=&#8221;left&#8221; min_height=&#8221;133px&#8221; custom_margin=&#8221;-57px|auto||auto||&#8221; custom_padding=&#8221;7px||3px|||&#8221; global_colors_info=&#8221;{}&#8221;][et_pb_column type=&#8221;4_4&#8243; _builder_version=&#8221;4.20.2&#8243; _module_preset=&#8221;default&#8221; global_colors_info=&#8221;{}&#8221;][et_pb_wc_breadcrumb breadcrumb_separator=&#8221;>&#8221; _builder_version=&#8221;4.20.2&#8243; body_font=&#8221;|300||on|||||&#8221; body_text_color=&#8221;#808080&#8243; body_font_size=&#8221;14px&#8221; body_line_height=&#8221;1em&#8221; module_alignment=&#8221;left&#8221; custom_margin=&#8221;-25px|||0px|false|false&#8221; custom_padding=&#8221;|||0px|false|false&#8221; custom_padding_tablet=&#8221;|||64px|false|false&#8221; custom_padding_phone=&#8221;|||33px|false|false&#8221; custom_padding_last_edited=&#8221;on|phone&#8221; locked=&#8221;off&#8221; global_colors_info=&#8221;{}&#8221;][\/et_pb_wc_breadcrumb][\/et_pb_column][\/et_pb_row][\/et_pb_section][et_pb_section fb_built=&#8221;1&#8243; _builder_version=&#8221;4.20.2&#8243; _module_preset=&#8221;default&#8221; custom_padding=&#8221;4px||7px|||&#8221; global_colors_info=&#8221;{}&#8221;][et_pb_row column_structure=&#8221;3_5,2_5&#8243; _builder_version=&#8221;4.20.2&#8243; _module_preset=&#8221;default&#8221; custom_margin=&#8221;||20px||false|false&#8221; custom_padding=&#8221;0px||2px|||&#8221; global_colors_info=&#8221;{}&#8221;][et_pb_column type=&#8221;3_5&#8243; _builder_version=&#8221;4.20.2&#8243; _module_preset=&#8221;default&#8221; global_colors_info=&#8221;{}&#8221;][et_pb_wc_gallery _builder_version=&#8221;4.20.2&#8243; _module_preset=&#8221;default&#8221; custom_margin=&#8221;0px||||false|false&#8221; custom_padding=&#8221;0px||50px||false|false&#8221; global_colors_info=&#8221;{}&#8221;][\/et_pb_wc_gallery][\/et_pb_column][et_pb_column type=&#8221;2_5&#8243; _builder_version=&#8221;4.20.2&#8243; _module_preset=&#8221;default&#8221; global_colors_info=&#8221;{}&#8221;][et_pb_wc_title _builder_version=&#8221;4.20.2&#8243; _module_preset=&#8221;default&#8221; header_font=&#8221;|||on|||||&#8221; header_text_align=&#8221;left&#8221; header_text_color=&#8221;#404040&#8243; header_font_size=&#8221;35px&#8221; module_alignment=&#8221;center&#8221; min_height=&#8221;65px&#8221; custom_margin=&#8221;-11px||0px||false|false&#8221; custom_padding=&#8221;4px||0px|||&#8221; global_colors_info=&#8221;{}&#8221;][\/et_pb_wc_title][et_pb_wc_description _builder_version=&#8221;4.20.2&#8243; _module_preset=&#8221;default&#8221; body_font=&#8221;|||||on|||&#8221; global_colors_info=&#8221;{}&#8221;][\/et_pb_wc_description][et_pb_wc_price _builder_version=&#8221;4.20.2&#8243; _module_preset=&#8221;default&#8221; body_font=&#8221;|300||||on|||&#8221; body_text_color=&#8221;#404040&#8243; body_font_size=&#8221;35px&#8221; text_orientation=&#8221;left&#8221; custom_margin=&#8221;30px||30px||true|false&#8221; global_colors_info=&#8221;{}&#8221;][\/et_pb_wc_price][et_pb_text _builder_version=&#8221;4.20.2&#8243; _module_preset=&#8221;default&#8221; text_font=&#8221;|300||||on|||&#8221; text_text_color=&#8221;#404040&#8243; module_alignment=&#8221;left&#8221; custom_margin=&#8221;30px||30px||true|false&#8221; border_color_all=&#8221;#808080&#8243; global_colors_info=&#8221;{}&#8221;]<\/p>\n<p>WYMIARY<br \/><span id=\"Products1_rProducts_Product1_0_Product1_0_ctl10_0_rDescriptions_0_lbValue_0\">82 cm | 40 cm<\/span><\/p>\n<p>MATERIA\u0141:<br \/>PVC &#8211; 8 mm<\/p>\n<p>[\/et_pb_text][et_pb_wc_add_to_cart show_quantity=&#8221;off&#8221; _builder_version=&#8221;4.20.2&#8243; _module_preset=&#8221;default&#8221; global_colors_info=&#8221;{}&#8221;][\/et_pb_wc_add_to_cart][et_pb_text _builder_version=&#8221;4.20.2&#8243; _module_preset=&#8221;default&#8221; text_font=&#8221;|300|||||||&#8221; custom_margin=&#8221;30px||30px||true|false&#8221; global_colors_info=&#8221;{}&#8221;]<\/p>\n<ul>\n<li>Czas produkcji 2-3 tygodnie<\/li>\n<li>Cena pojemnik\u00f3w o innym wyko\u0144czeniu ni\u017c standardowe, mo\u017ce si\u0119 r\u00f3\u017cni\u0107 od ceny podanej na stronie.<\/li>\n<li>Skontaktuj si\u0119 z nami:<span>\u00a0<\/span><strong>info@nowymodel.org<\/strong><\/li>\n<\/ul>\n<p>[\/et_pb_text][\/et_pb_column][\/et_pb_row][et_pb_row column_structure=&#8221;3_5,2_5&#8243; _builder_version=&#8221;4.20.2&#8243; _module_preset=&#8221;default&#8221; custom_padding=&#8221;0px||0px||true|&#8221; global_colors_info=&#8221;{}&#8221;][et_pb_column type=&#8221;3_5&#8243; _builder_version=&#8221;4.20.2&#8243; _module_preset=&#8221;default&#8221; global_colors_info=&#8221;{}&#8221;][et_pb_text _builder_version=&#8221;4.20.2&#8243; _module_preset=&#8221;default&#8221; text_font=&#8221;|||on|||||&#8221; text_font_size=&#8221;35px&#8221; text_line_height=&#8221;1.8em&#8221; global_colors_info=&#8221;{}&#8221;]<\/p>\n<p style=\"text-align: center;\">pojemnik organic \u00ae<\/p>\n<p>[\/et_pb_text][et_pb_wc_description description_type=&#8221;description&#8221; _builder_version=&#8221;4.20.2&#8243; _module_preset=&#8221;default&#8221; body_font_size=&#8221;16px&#8221; text_orientation=&#8221;justified&#8221; border_color_all=&#8221;#BFBFBF&#8221; global_colors_info=&#8221;{}&#8221;][\/et_pb_wc_description][\/et_pb_column][et_pb_column type=&#8221;2_5&#8243; _builder_version=&#8221;4.20.2&#8243; _module_preset=&#8221;default&#8221; global_colors_info=&#8221;{}&#8221;][et_pb_divider show_divider=&#8221;off&#8221; _builder_version=&#8221;4.20.2&#8243; _module_preset=&#8221;default&#8221; min_height=&#8221;56px&#8221; custom_padding=&#8221;||24px|||&#8221; global_colors_info=&#8221;{}&#8221;][\/et_pb_divider][et_pb_text _builder_version=&#8221;4.20.2&#8243; _module_preset=&#8221;default&#8221; text_font_size=&#8221;16px&#8221; global_colors_info=&#8221;{}&#8221;]<\/p>\n<ul>\n<li style=\"text-align: justify;\">Naturalny fornir z drewna wenge lub inne do wyboru<\/li>\n<li style=\"text-align: justify;\">G\u00f3ra lakierowana \u2013 czarna matowa powierzchnia z tworzywa sztucznego.<\/li>\n<li style=\"text-align: justify;\">Oznaczenia na pokrywie do wyboru: plastik, metal, szk\u0142o, odpady bytowe i inne.<\/li>\n<li style=\"text-align: justify;\">W pojemniku znajduje si\u0119 mocowanie na 3 worki o pojemno\u015bci 60 \u2013 80 l.<\/li>\n<\/ul>\n<p>[\/et_pb_text][\/et_pb_column][\/et_pb_row][et_pb_row _builder_version=&#8221;4.20.2&#8243; _module_preset=&#8221;default&#8221; global_colors_info=&#8221;{}&#8221;][et_pb_column type=&#8221;4_4&#8243; _builder_version=&#8221;4.20.2&#8243; _module_preset=&#8221;default&#8221; global_colors_info=&#8221;{}&#8221;][et_pb_divider divider_position=&#8221;center&#8221; _builder_version=&#8221;4.20.2&#8243; _module_preset=&#8221;default&#8221; module_alignment=&#8221;center&#8221; custom_margin=&#8221;5px||5px||true|false&#8221; global_colors_info=&#8221;{}&#8221;][\/et_pb_divider][\/et_pb_column][\/et_pb_row][\/et_pb_section][et_pb_section fb_built=&#8221;1&#8243; _builder_version=&#8221;4.20.2&#8243; _module_preset=&#8221;default&#8221; min_height=&#8221;717.8px&#8221; custom_padding=&#8221;3px||4px|||&#8221; global_colors_info=&#8221;{}&#8221;][et_pb_row column_structure=&#8221;1_3,1_3,1_3&#8243; _builder_version=&#8221;4.20.2&#8243; _module_preset=&#8221;default&#8221; module_alignment=&#8221;center&#8221; min_height=&#8221;182.6px&#8221; custom_margin=&#8221;0px|auto|0px|0px|true|false&#8221; custom_padding=&#8221;4px||35px|0px|false|false&#8221; locked=&#8221;off&#8221; global_colors_info=&#8221;{}&#8221;][et_pb_column type=&#8221;1_3&#8243; _builder_version=&#8221;4.20.2&#8243; _module_preset=&#8221;default&#8221; custom_padding=&#8221;|0px||0px|false|true&#8221; global_colors_info=&#8221;{}&#8221;][\/et_pb_column][et_pb_column type=&#8221;1_3&#8243; _builder_version=&#8221;4.20.2&#8243; _module_preset=&#8221;default&#8221; global_colors_info=&#8221;{}&#8221;][et_pb_text _builder_version=&#8221;4.20.2&#8243; _module_preset=&#8221;default&#8221; text_font=&#8221;|||on|||||&#8221; text_font_size=&#8221;35px&#8221; text_line_height=&#8221;1.8em&#8221; text_orientation=&#8221;center&#8221; global_colors_info=&#8221;{}&#8221;]<\/p>\n<p>marka:<\/p>\n<p>[\/et_pb_text][et_pb_team_member image_url=&#8221;https:\/\/sklep.nowymodel.org\/wp-content\/uploads\/2023\/04\/logo_organic.png&#8221; icon_color=&#8221;RGBA(255,255,255,0)&#8221; _builder_version=&#8221;4.20.2&#8243; _module_preset=&#8221;default&#8221; width=&#8221;100%&#8221; module_alignment=&#8221;center&#8221; min_height=&#8221;100px&#8221; custom_padding=&#8221;|0px||0px|false|false&#8221; child_filter_saturate=&#8221;73%&#8221; link_option_url=&#8221;https:\/\/binbox.pl\/pojemniki-organic\/&#8221; border_radii_image=&#8221;on|200px|200px|200px|200px&#8221; border_width_all_image=&#8221;1px&#8221; border_color_all_image=&#8221;#404040&#8243; locked=&#8221;off&#8221; global_colors_info=&#8221;{}&#8221;][\/et_pb_team_member][\/et_pb_column][et_pb_column type=&#8221;1_3&#8243; _builder_version=&#8221;4.20.2&#8243; _module_preset=&#8221;default&#8221; global_colors_info=&#8221;{}&#8221;][\/et_pb_column][\/et_pb_row][et_pb_row column_structure=&#8221;1_5,3_5,1_5&#8243; _builder_version=&#8221;4.20.2&#8243; _module_preset=&#8221;default&#8221; custom_padding=&#8221;2px||2px||true|&#8221; global_colors_info=&#8221;{}&#8221;][et_pb_column type=&#8221;1_5&#8243; _builder_version=&#8221;4.20.2&#8243; _module_preset=&#8221;default&#8221; global_colors_info=&#8221;{}&#8221;][et_pb_text _builder_version=&#8221;4.20.2&#8243; _module_preset=&#8221;default&#8221; text_font=&#8221;||||||||&#8221; custom_margin=&#8221;||35px|||&#8221; global_colors_info=&#8221;{}&#8221;][\/et_pb_text][\/et_pb_column][et_pb_column type=&#8221;3_5&#8243; _builder_version=&#8221;4.20.2&#8243; _module_preset=&#8221;default&#8221; global_colors_info=&#8221;{}&#8221;][et_pb_text _builder_version=&#8221;4.20.2&#8243; _module_preset=&#8221;default&#8221; global_colors_info=&#8221;{}&#8221;]<\/p>\n<h5 style=\"text-align: center;\"><span>Przedstawiamy Pa\u0144stwu system pojemnik\u00f3w do segregacji odpad\u00f3w Organic\u00ae.<\/span><\/h5>\n<h5 style=\"text-align: center;\">\u00a0Wz\u00f3r u\u017cytkowy zastrze\u017cony na terenie Europy<\/h5>\n<p>Organic\u00ae to nowoczesne, wykonane z\u00a0trwa\u0142ych element\u00f3w pojemniki, kt\u00f3re wyr\u00f3\u017cniaj\u0105 si\u0119 niebanalnym wzornictwem i\u00a0szlachetno\u015bci\u0105 materia\u0142\u00f3w u\u017cytych do ich wykonania.<\/p>\n<p>Pojemniki Organic\u00ae pozwalaj\u0105 na intuicyjne i\u00a0wygodne dla u\u017cytkownika segregowanie odpad\u00f3w dzi\u0119ki klarownym i\u00a0zrozumia\u0142ym ideogramom i\u00a0opisom umieszczonym na pojemnikach. Dodatkowo istnieje mo\u017cliwo\u015b\u0107 umieszczenia na \u015bcianie pojemnika gotowych zestaw\u00f3w nadruk\u00f3w, dzi\u0119ki kt\u00f3rym pojemnik wplata si\u0119 w\u00a0otaczaj\u0105c\u0105 go przestrze\u0144 u\u017cytkow\u0105.<\/p>\n<p>Proces technologiczny powstawania pojemnik\u00f3w oraz u\u017cyte do ich produkcji materia\u0142y znakomicie podwy\u017cszaj\u0105 \u017cywotno\u015b\u0107 pojemnik\u00f3w, kt\u00f3ra przekracza parokrotnie \u017cywotno\u015b\u0107 i\u00a0walory estetyczne pojemnik\u00f3w stalowych.<\/p>\n<p>[\/et_pb_text][\/et_pb_column][et_pb_column type=&#8221;1_5&#8243; _builder_version=&#8221;4.20.2&#8243; _module_preset=&#8221;default&#8221; global_colors_info=&#8221;{}&#8221;][\/et_pb_column][\/et_pb_row][\/et_pb_section][et_pb_section fb_built=&#8221;1&#8243; _builder_version=&#8221;4.20.2&#8243; _module_preset=&#8221;default&#8221; custom_padding=&#8221;0px||5px|||&#8221; global_colors_info=&#8221;{}&#8221;][et_pb_row _builder_version=&#8221;4.20.2&#8243; _module_preset=&#8221;default&#8221; custom_padding=&#8221;3px||0px|||&#8221; global_colors_info=&#8221;{}&#8221;][et_pb_column type=&#8221;4_4&#8243; _builder_version=&#8221;4.20.2&#8243; _module_preset=&#8221;default&#8221; global_colors_info=&#8221;{}&#8221;][et_pb_wc_related_products posts_number=&#8221;5&#8243; columns_number=&#8221;5&#8243; include_categories=&#8221;560&#8243; icon_hover_color=&#8221;#333333&#8243; hover_overlay_color=&#8221;RGBA(64,64,64,0.69)&#8221; hover_icon=&#8221;&#xf06e;||fa||400&#8243; show_price=&#8221;off&#8221; show_rating=&#8221;off&#8221; show_sale_badge=&#8221;off&#8221; _builder_version=&#8221;4.20.2&#8243; _module_preset=&#8221;default&#8221; title_font_size=&#8221;30px&#8221; product_title_text_align=&#8221;center&#8221; product_title_font_size=&#8221;16px&#8221; global_colors_info=&#8221;{}&#8221;][\/et_pb_wc_related_products][\/et_pb_column][\/et_pb_row][\/et_pb_section]<\/p>\n","protected":false},"excerpt":{"rendered":"<p>Organic\u00ae<\/p>\n","protected":false},"featured_media":5565,"template":"","meta":{"_et_pb_use_builder":"on","_et_pb_old_content":"<h1><span style=\"font-weight: 400\">Pojemnik Organic\u00ae Motyl<\/span><\/h1>\r\n<table>\r\n<tbody>\r\n<tr>\r\n<td style=\"width: 593.988px\"><span style=\"font-weight: 400\">Pojemnik Organic Motyl (120 l, seria Venge) jest przeznaczony do u\u017cywania we wn\u0119trzach oraz w przestrzeniach publicznych. Zosta\u0142 zaprojektowany w taki spos\u00f3b, aby swobodnie zestawia\u0107 ze sob\u0105 kilka modeli w szereg.<\/span>\r\n\r\n<span style=\"font-weight: 400\">Prezentowane pojemniki s\u0105 nowoczesne i wykonane z trwa\u0142ych element\u00f3w.\u00a0 Wyr\u00f3\u017cniaj\u0105 si\u0119 niebanalnym designem oraz szlachetno\u015bci\u0105 zastosowanych materia\u0142\u00f3w, dzi\u0119ki czemu \u015bwietnie spe\u0142niaj\u0105 swoje zadania przez wiele lat. Prosta konstrukcja gwarantuje natomiast wygodne u\u017cytkowanie. Umieszczenie na nich odpowiednich nadruk\u00f3w czy okleiny sprawia, \u017ce z powodzeniem wplataj\u0105 si\u0119 w otaczaj\u0105c\u0105 je przestrze\u0144 u\u017cytkow\u0105. Proces technologiczny oraz u\u017cyte materia\u0142y zapewniaj\u0105 trwa\u0142o\u015b\u0107 i estetyk\u0119 pojemnik\u00f3w Organic.<\/span>\r\n\r\n<span style=\"font-weight: 400\">Pojemniki do segregacji Organic sprawdz\u0105 si\u0119 w hotelach, galeriach handlowych, kinach, a tak\u017ce w Twojej kuchni. Oferujemy modele w modnych wyko\u0144czeniach, dzi\u0119ki kt\u00f3rym pojemnik staje si\u0119 ciekawym elementem wystroju wn\u0119trza. Okleiny mo\u017cna w \u0142atwy spos\u00f3b przemy\u0107, by cieszy\u0107 si\u0119 czysto\u015bci\u0105 i \u015bwie\u017co\u015bci\u0105 pomieszczenia.<\/span><\/td>\r\n<td style=\"width: 299.992px\"><span style=\"font-weight: 400\">Pozosta\u0142e istotne informacje o pojemniku Organic Motyl:\u00a0<\/span>\r\n<ul>\r\n \t<li style=\"font-weight: 400\"><span style=\"font-weight: 400\">standardowe wyko\u0144czenie tego modelu to naturalny fornir z drewna wenge (istnieje mo\u017cliwo\u015b\u0107 wyboru innych opcji),\u00a0<\/span><\/li>\r\n \t<li style=\"font-weight: 400\"><span style=\"font-weight: 400\">g\u00f3ra pojemnika jest lakierowana \u2013 to czarna matowa powierzchnia z tworzywa sztucznego,\u00a0<\/span><\/li>\r\n \t<li style=\"font-weight: 400\"><span style=\"font-weight: 400\">oznaczenia na pokrywie do wyboru: plastik, metal, szk\u0142o, odpady bytowe i inne,\u00a0<\/span><\/li>\r\n \t<li style=\"font-weight: 400\"><span style=\"font-weight: 400\">w pojemniku znajduje si\u0119 mocowanie na 3 worki o pojemno\u015bci od 60 do 80 l.<\/span><\/li>\r\n<\/ul>\r\n&nbsp;<\/td>\r\n<\/tr>\r\n<\/tbody>\r\n<\/table>\r\n&nbsp;","_et_gb_content_width":""},"product_brand":[],"product_cat":[560],"product_tag":[568,570,567],"class_list":{"0":"post-5449","1":"product","2":"type-product","3":"status-publish","4":"has-post-thumbnail","6":"product_cat-pojemniki-organic","7":"product_tag-motyl","8":"product_tag-pojemnik-organic","9":"product_tag-venge","11":"first","12":"instock","13":"taxable","14":"shipping-taxable","15":"purchasable","16":"product-type-simple"},"yoast_head":"<!-- This site is optimized with the Yoast SEO plugin v27.6 - https:\/\/yoast.com\/product\/yoast-seo-wordpress\/ -->\n<title>Pojemnik Organic - Motyl - sklep.nowymodel<\/title>\n<meta name=\"description\" content=\"Organic Motyl jest przeznaczony do u\u017cywania we wn\u0119trzach oraz w przestrzeniach publicznych. Wyr\u00f3\u017cnia si\u0119 niebanalnym designem oraz szlachetno\u015bci\u0105 materia\u0142\u00f3w\" \/>\n<meta name=\"robots\" content=\"index, follow, max-snippet:-1, max-image-preview:large, max-video-preview:-1\" \/>\n<link rel=\"canonical\" href=\"https:\/\/sklep.nowymodel.org\/?product=pojemnik-organic-motyl-2\" \/>\n<meta property=\"og:locale\" content=\"pl_PL\" \/>\n<meta property=\"og:type\" content=\"article\" \/>\n<meta property=\"og:title\" content=\"Pojemnik Organic - Motyl - sklep.nowymodel\" \/>\n<meta property=\"og:description\" content=\"Organic Motyl jest przeznaczony do u\u017cywania we wn\u0119trzach oraz w przestrzeniach publicznych. Wyr\u00f3\u017cnia si\u0119 niebanalnym designem oraz szlachetno\u015bci\u0105 materia\u0142\u00f3w\" \/>\n<meta property=\"og:url\" content=\"https:\/\/sklep.nowymodel.org\/?product=pojemnik-organic-motyl-2\" \/>\n<meta property=\"og:site_name\" content=\"sklep.nowymodel\" \/>\n<meta property=\"article:modified_time\" content=\"2023-05-29T10:20:09+00:00\" \/>\n<meta property=\"og:image\" content=\"https:\/\/sklep.nowymodel.org\/wp-content\/uploads\/2023\/04\/organic_motyl_oracal_black_matt.jpg\" \/>\n\t<meta property=\"og:image:width\" content=\"1080\" \/>\n\t<meta property=\"og:image:height\" content=\"1080\" \/>\n\t<meta property=\"og:image:type\" content=\"image\/jpeg\" \/>\n<meta name=\"twitter:card\" content=\"summary_large_image\" \/>\n<meta name=\"twitter:label1\" content=\"Szacowany czas czytania\" \/>\n\t<meta name=\"twitter:data1\" content=\"3 minuty\" \/>\n<script type=\"application\/ld+json\" class=\"yoast-schema-graph\">{\"@context\":\"https:\\\/\\\/schema.org\",\"@graph\":[{\"@type\":\"WebPage\",\"@id\":\"https:\\\/\\\/sklep.nowymodel.org\\\/?product=pojemnik-organic-motyl-2\",\"url\":\"https:\\\/\\\/sklep.nowymodel.org\\\/?product=pojemnik-organic-motyl-2\",\"name\":\"Pojemnik Organic - Motyl - sklep.nowymodel\",\"isPartOf\":{\"@id\":\"https:\\\/\\\/sklep.nowymodel.org\\\/#website\"},\"primaryImageOfPage\":{\"@id\":\"https:\\\/\\\/sklep.nowymodel.org\\\/?product=pojemnik-organic-motyl-2#primaryimage\"},\"image\":{\"@id\":\"https:\\\/\\\/sklep.nowymodel.org\\\/?product=pojemnik-organic-motyl-2#primaryimage\"},\"thumbnailUrl\":\"https:\\\/\\\/sklep.nowymodel.org\\\/wp-content\\\/uploads\\\/2023\\\/04\\\/organic_motyl_oracal_black_matt.jpg\",\"datePublished\":\"2023-04-11T11:28:02+00:00\",\"dateModified\":\"2023-05-29T10:20:09+00:00\",\"description\":\"Organic Motyl jest przeznaczony do u\u017cywania we wn\u0119trzach oraz w przestrzeniach publicznych. Wyr\u00f3\u017cnia si\u0119 niebanalnym designem oraz szlachetno\u015bci\u0105 materia\u0142\u00f3w\",\"breadcrumb\":{\"@id\":\"https:\\\/\\\/sklep.nowymodel.org\\\/?product=pojemnik-organic-motyl-2#breadcrumb\"},\"inLanguage\":\"pl-PL\",\"potentialAction\":[{\"@type\":\"ReadAction\",\"target\":[\"https:\\\/\\\/sklep.nowymodel.org\\\/?product=pojemnik-organic-motyl-2\"]}]},{\"@type\":\"ImageObject\",\"inLanguage\":\"pl-PL\",\"@id\":\"https:\\\/\\\/sklep.nowymodel.org\\\/?product=pojemnik-organic-motyl-2#primaryimage\",\"url\":\"https:\\\/\\\/sklep.nowymodel.org\\\/wp-content\\\/uploads\\\/2023\\\/04\\\/organic_motyl_oracal_black_matt.jpg\",\"contentUrl\":\"https:\\\/\\\/sklep.nowymodel.org\\\/wp-content\\\/uploads\\\/2023\\\/04\\\/organic_motyl_oracal_black_matt.jpg\",\"width\":1080,\"height\":1080},{\"@type\":\"BreadcrumbList\",\"@id\":\"https:\\\/\\\/sklep.nowymodel.org\\\/?product=pojemnik-organic-motyl-2#breadcrumb\",\"itemListElement\":[{\"@type\":\"ListItem\",\"position\":1,\"name\":\"Strona g\u0142\u00f3wna\",\"item\":\"https:\\\/\\\/sklep.nowymodel.org\\\/\"},{\"@type\":\"ListItem\",\"position\":2,\"name\":\"Sklep\",\"item\":\"https:\\\/\\\/sklep.nowymodel.org\\\/?page_id=7\"},{\"@type\":\"ListItem\",\"position\":3,\"name\":\"Pojemnik Organic &#8211; Motyl\"}]},{\"@type\":\"WebSite\",\"@id\":\"https:\\\/\\\/sklep.nowymodel.org\\\/#website\",\"url\":\"https:\\\/\\\/sklep.nowymodel.org\\\/\",\"name\":\"sklep.nowymodel\",\"description\":\"Sklep.nowymodel- sklep z designem\",\"potentialAction\":[{\"@type\":\"SearchAction\",\"target\":{\"@type\":\"EntryPoint\",\"urlTemplate\":\"https:\\\/\\\/sklep.nowymodel.org\\\/?s={search_term_string}\"},\"query-input\":{\"@type\":\"PropertyValueSpecification\",\"valueRequired\":true,\"valueName\":\"search_term_string\"}}],\"inLanguage\":\"pl-PL\"}]}<\/script>\n<!-- \/ Yoast SEO plugin. -->","yoast_head_json":{"title":"Pojemnik Organic - Motyl - sklep.nowymodel","description":"Organic Motyl jest przeznaczony do u\u017cywania we wn\u0119trzach oraz w przestrzeniach publicznych. Wyr\u00f3\u017cnia si\u0119 niebanalnym designem oraz szlachetno\u015bci\u0105 materia\u0142\u00f3w","robots":{"index":"index","follow":"follow","max-snippet":"max-snippet:-1","max-image-preview":"max-image-preview:large","max-video-preview":"max-video-preview:-1"},"canonical":"https:\/\/sklep.nowymodel.org\/?product=pojemnik-organic-motyl-2","og_locale":"pl_PL","og_type":"article","og_title":"Pojemnik Organic - Motyl - sklep.nowymodel","og_description":"Organic Motyl jest przeznaczony do u\u017cywania we wn\u0119trzach oraz w przestrzeniach publicznych. Wyr\u00f3\u017cnia si\u0119 niebanalnym designem oraz szlachetno\u015bci\u0105 materia\u0142\u00f3w","og_url":"https:\/\/sklep.nowymodel.org\/?product=pojemnik-organic-motyl-2","og_site_name":"sklep.nowymodel","article_modified_time":"2023-05-29T10:20:09+00:00","og_image":[{"width":1080,"height":1080,"url":"https:\/\/sklep.nowymodel.org\/wp-content\/uploads\/2023\/04\/organic_motyl_oracal_black_matt.jpg","type":"image\/jpeg"}],"twitter_card":"summary_large_image","twitter_misc":{"Szacowany czas czytania":"3 minuty"},"schema":{"@context":"https:\/\/schema.org","@graph":[{"@type":"WebPage","@id":"https:\/\/sklep.nowymodel.org\/?product=pojemnik-organic-motyl-2","url":"https:\/\/sklep.nowymodel.org\/?product=pojemnik-organic-motyl-2","name":"Pojemnik Organic - Motyl - sklep.nowymodel","isPartOf":{"@id":"https:\/\/sklep.nowymodel.org\/#website"},"primaryImageOfPage":{"@id":"https:\/\/sklep.nowymodel.org\/?product=pojemnik-organic-motyl-2#primaryimage"},"image":{"@id":"https:\/\/sklep.nowymodel.org\/?product=pojemnik-organic-motyl-2#primaryimage"},"thumbnailUrl":"https:\/\/sklep.nowymodel.org\/wp-content\/uploads\/2023\/04\/organic_motyl_oracal_black_matt.jpg","datePublished":"2023-04-11T11:28:02+00:00","dateModified":"2023-05-29T10:20:09+00:00","description":"Organic Motyl jest przeznaczony do u\u017cywania we wn\u0119trzach oraz w przestrzeniach publicznych. Wyr\u00f3\u017cnia si\u0119 niebanalnym designem oraz szlachetno\u015bci\u0105 materia\u0142\u00f3w","breadcrumb":{"@id":"https:\/\/sklep.nowymodel.org\/?product=pojemnik-organic-motyl-2#breadcrumb"},"inLanguage":"pl-PL","potentialAction":[{"@type":"ReadAction","target":["https:\/\/sklep.nowymodel.org\/?product=pojemnik-organic-motyl-2"]}]},{"@type":"ImageObject","inLanguage":"pl-PL","@id":"https:\/\/sklep.nowymodel.org\/?product=pojemnik-organic-motyl-2#primaryimage","url":"https:\/\/sklep.nowymodel.org\/wp-content\/uploads\/2023\/04\/organic_motyl_oracal_black_matt.jpg","contentUrl":"https:\/\/sklep.nowymodel.org\/wp-content\/uploads\/2023\/04\/organic_motyl_oracal_black_matt.jpg","width":1080,"height":1080},{"@type":"BreadcrumbList","@id":"https:\/\/sklep.nowymodel.org\/?product=pojemnik-organic-motyl-2#breadcrumb","itemListElement":[{"@type":"ListItem","position":1,"name":"Strona g\u0142\u00f3wna","item":"https:\/\/sklep.nowymodel.org\/"},{"@type":"ListItem","position":2,"name":"Sklep","item":"https:\/\/sklep.nowymodel.org\/?page_id=7"},{"@type":"ListItem","position":3,"name":"Pojemnik Organic &#8211; Motyl"}]},{"@type":"WebSite","@id":"https:\/\/sklep.nowymodel.org\/#website","url":"https:\/\/sklep.nowymodel.org\/","name":"sklep.nowymodel","description":"Sklep.nowymodel- sklep z designem","potentialAction":[{"@type":"SearchAction","target":{"@type":"EntryPoint","urlTemplate":"https:\/\/sklep.nowymodel.org\/?s={search_term_string}"},"query-input":{"@type":"PropertyValueSpecification","valueRequired":true,"valueName":"search_term_string"}}],"inLanguage":"pl-PL"}]}},"_links":{"self":[{"href":"https:\/\/sklep.nowymodel.org\/index.php?rest_route=\/wp\/v2\/product\/5449","targetHints":{"allow":["GET"]}}],"collection":[{"href":"https:\/\/sklep.nowymodel.org\/index.php?rest_route=\/wp\/v2\/product"}],"about":[{"href":"https:\/\/sklep.nowymodel.org\/index.php?rest_route=\/wp\/v2\/types\/product"}],"wp:featuredmedia":[{"embeddable":true,"href":"https:\/\/sklep.nowymodel.org\/index.php?rest_route=\/wp\/v2\/media\/5565"}],"wp:attachment":[{"href":"https:\/\/sklep.nowymodel.org\/index.php?rest_route=%2Fwp%2Fv2%2Fmedia&parent=5449"}],"wp:term":[{"taxonomy":"product_brand","embeddable":true,"href":"https:\/\/sklep.nowymodel.org\/index.php?rest_route=%2Fwp%2Fv2%2Fproduct_brand&post=5449"},{"taxonomy":"product_cat","embeddable":true,"href":"https:\/\/sklep.nowymodel.org\/index.php?rest_route=%2Fwp%2Fv2%2Fproduct_cat&post=5449"},{"taxonomy":"product_tag","embeddable":true,"href":"https:\/\/sklep.nowymodel.org\/index.php?rest_route=%2Fwp%2Fv2%2Fproduct_tag&post=5449"}],"curies":[{"name":"wp","href":"https:\/\/api.w.org\/{rel}","templated":true}]}}