{"id":5430,"date":"2023-04-11T12:01:06","date_gmt":"2023-04-11T10:01:06","guid":{"rendered":"https:\/\/sklep.nowymodel.org\/?post_type=product&#038;p=5430"},"modified":"2023-05-29T12:09:11","modified_gmt":"2023-05-29T10:09:11","slug":"pojemnik-organic-dziupla-2","status":"publish","type":"product","link":"https:\/\/sklep.nowymodel.org\/?product=pojemnik-organic-dziupla-2","title":{"rendered":"Pojemnik Organic &#8211; Dziupla"},"content":{"rendered":"<p>[et_pb_section fb_built=&#8221;1&#8243; _builder_version=&#8221;4.20.2&#8243; _module_preset=&#8221;default&#8221; module_alignment=&#8221;left&#8221; custom_margin=&#8221;-54px|||||&#8221; custom_padding=&#8221;6px||4px|||&#8221; global_colors_info=&#8221;{}&#8221;][et_pb_row _builder_version=&#8221;4.20.2&#8243; _module_preset=&#8221;default&#8221; width=&#8221;100%&#8221; module_alignment=&#8221;left&#8221; min_height=&#8221;133px&#8221; custom_margin=&#8221;-57px|auto||auto||&#8221; custom_padding=&#8221;7px||3px|||&#8221; global_colors_info=&#8221;{}&#8221;][et_pb_column type=&#8221;4_4&#8243; _builder_version=&#8221;4.20.2&#8243; _module_preset=&#8221;default&#8221; global_colors_info=&#8221;{}&#8221;][et_pb_wc_breadcrumb breadcrumb_separator=&#8221;>&#8221; _builder_version=&#8221;4.20.2&#8243; body_font=&#8221;|300||on|||||&#8221; body_text_color=&#8221;#808080&#8243; body_font_size=&#8221;14px&#8221; body_line_height=&#8221;1em&#8221; module_alignment=&#8221;left&#8221; custom_margin=&#8221;-25px|||0px|false|false&#8221; custom_padding=&#8221;|||0px|false|false&#8221; custom_padding_tablet=&#8221;|||64px|false|false&#8221; custom_padding_phone=&#8221;|||33px|false|false&#8221; custom_padding_last_edited=&#8221;on|phone&#8221; locked=&#8221;off&#8221; global_colors_info=&#8221;{}&#8221;][\/et_pb_wc_breadcrumb][\/et_pb_column][\/et_pb_row][\/et_pb_section][et_pb_section fb_built=&#8221;1&#8243; _builder_version=&#8221;4.20.2&#8243; _module_preset=&#8221;default&#8221; custom_padding=&#8221;4px||7px|||&#8221; global_colors_info=&#8221;{}&#8221;][et_pb_row column_structure=&#8221;3_5,2_5&#8243; _builder_version=&#8221;4.20.2&#8243; _module_preset=&#8221;default&#8221; custom_margin=&#8221;||20px||false|false&#8221; custom_padding=&#8221;0px||2px|||&#8221; global_colors_info=&#8221;{}&#8221;][et_pb_column type=&#8221;3_5&#8243; _builder_version=&#8221;4.20.2&#8243; _module_preset=&#8221;default&#8221; global_colors_info=&#8221;{}&#8221;][et_pb_wc_gallery _builder_version=&#8221;4.20.2&#8243; _module_preset=&#8221;default&#8221; custom_margin=&#8221;0px||||false|false&#8221; custom_padding=&#8221;0px||50px||false|false&#8221; global_colors_info=&#8221;{}&#8221;][\/et_pb_wc_gallery][\/et_pb_column][et_pb_column type=&#8221;2_5&#8243; _builder_version=&#8221;4.20.2&#8243; _module_preset=&#8221;default&#8221; global_colors_info=&#8221;{}&#8221;][et_pb_wc_title _builder_version=&#8221;4.20.2&#8243; _module_preset=&#8221;default&#8221; header_font=&#8221;|||on|||||&#8221; header_text_align=&#8221;left&#8221; header_text_color=&#8221;#404040&#8243; header_font_size=&#8221;35px&#8221; module_alignment=&#8221;center&#8221; min_height=&#8221;80px&#8221; custom_margin=&#8221;-8px||0px||false|false&#8221; custom_padding=&#8221;0px||0px|||&#8221; global_colors_info=&#8221;{}&#8221;][\/et_pb_wc_title][et_pb_wc_description _builder_version=&#8221;4.20.2&#8243; _module_preset=&#8221;default&#8221; body_font=&#8221;|||||on|||&#8221; global_colors_info=&#8221;{}&#8221;][\/et_pb_wc_description][et_pb_wc_price _builder_version=&#8221;4.20.2&#8243; _module_preset=&#8221;default&#8221; body_font=&#8221;|300||||on|||&#8221; body_text_color=&#8221;#404040&#8243; body_font_size=&#8221;35px&#8221; text_orientation=&#8221;left&#8221; custom_margin=&#8221;31px||31px||true|false&#8221; global_colors_info=&#8221;{}&#8221;][\/et_pb_wc_price][et_pb_text _builder_version=&#8221;4.20.2&#8243; _module_preset=&#8221;default&#8221; text_font=&#8221;|300||||on|||&#8221; text_text_color=&#8221;#404040&#8243; module_alignment=&#8221;left&#8221; custom_margin=&#8221;25px||25px||true|false&#8221; border_color_all=&#8221;#808080&#8243; global_colors_info=&#8221;{}&#8221;]<\/p>\n<p>WYMIARY<br \/><span id=\"Products1_rProducts_Product1_0_Product1_0_ctl10_0_rDescriptions_0_lbName_0\"><span>\u00a0<\/span><\/span><span id=\"Products1_rProducts_Product1_0_Product1_0_ctl10_0_rDescriptions_0_lbValue_0\">67,5 cm | 25 cm<\/span><\/p>\n<p>MATERIA\u0141:<br \/>PVC &#8211; 6 mm<\/p>\n<p>[\/et_pb_text][et_pb_wc_add_to_cart show_quantity=&#8221;off&#8221; _builder_version=&#8221;4.20.2&#8243; _module_preset=&#8221;default&#8221; global_colors_info=&#8221;{}&#8221;][\/et_pb_wc_add_to_cart][et_pb_text _builder_version=&#8221;4.20.2&#8243; _module_preset=&#8221;default&#8221; text_font=&#8221;|300|||||||&#8221; custom_margin=&#8221;30px||30px||true|false&#8221; global_colors_info=&#8221;{}&#8221;]<\/p>\n<ul>\n<li>Czas produkcji 2-3 tygodnie<\/li>\n<li>Cena pojemnik\u00f3w o innym wyko\u0144czeniu ni\u017c standardowe, mo\u017ce si\u0119 r\u00f3\u017cni\u0107 od ceny podanej na stronie.<\/li>\n<li>Skontaktuj si\u0119 z nami: <strong>info@nowymodel.org<\/strong><\/li>\n<\/ul>\n<p>[\/et_pb_text][\/et_pb_column][\/et_pb_row][et_pb_row column_structure=&#8221;3_4,1_4&#8243; _builder_version=&#8221;4.20.2&#8243; _module_preset=&#8221;default&#8221; custom_padding=&#8221;0px||0px||true|&#8221; global_colors_info=&#8221;{}&#8221;][et_pb_column type=&#8221;3_4&#8243; _builder_version=&#8221;4.20.2&#8243; _module_preset=&#8221;default&#8221; global_colors_info=&#8221;{}&#8221;][et_pb_wc_description description_type=&#8221;description&#8221; _builder_version=&#8221;4.20.2&#8243; _module_preset=&#8221;default&#8221; text_orientation=&#8221;justified&#8221; border_color_all=&#8221;#BFBFBF&#8221; global_colors_info=&#8221;{}&#8221;][\/et_pb_wc_description][\/et_pb_column][et_pb_column type=&#8221;1_4&#8243; _builder_version=&#8221;4.20.2&#8243; _module_preset=&#8221;default&#8221; global_colors_info=&#8221;{}&#8221;][\/et_pb_column][\/et_pb_row][et_pb_row _builder_version=&#8221;4.20.2&#8243; _module_preset=&#8221;default&#8221; global_colors_info=&#8221;{}&#8221;][et_pb_column type=&#8221;4_4&#8243; _builder_version=&#8221;4.20.2&#8243; _module_preset=&#8221;default&#8221; global_colors_info=&#8221;{}&#8221;][et_pb_divider divider_position=&#8221;center&#8221; _builder_version=&#8221;4.20.2&#8243; _module_preset=&#8221;default&#8221; module_alignment=&#8221;center&#8221; custom_margin=&#8221;5px||5px||true|false&#8221; global_colors_info=&#8221;{}&#8221;][\/et_pb_divider][\/et_pb_column][\/et_pb_row][\/et_pb_section][et_pb_section fb_built=&#8221;1&#8243; _builder_version=&#8221;4.20.2&#8243; _module_preset=&#8221;default&#8221; min_height=&#8221;669.8px&#8221; custom_padding=&#8221;3px||4px|||&#8221; global_colors_info=&#8221;{}&#8221;][et_pb_row column_structure=&#8221;1_3,1_3,1_3&#8243; _builder_version=&#8221;4.20.2&#8243; _module_preset=&#8221;default&#8221; module_alignment=&#8221;center&#8221; min_height=&#8221;182.6px&#8221; custom_margin=&#8221;0px|auto|0px|0px|true|false&#8221; custom_padding=&#8221;4px||35px|0px|false|false&#8221; locked=&#8221;off&#8221; global_colors_info=&#8221;{}&#8221;][et_pb_column type=&#8221;1_3&#8243; _builder_version=&#8221;4.20.2&#8243; _module_preset=&#8221;default&#8221; custom_padding=&#8221;|0px||0px|false|true&#8221; global_colors_info=&#8221;{}&#8221;][\/et_pb_column][et_pb_column type=&#8221;1_3&#8243; _builder_version=&#8221;4.20.2&#8243; _module_preset=&#8221;default&#8221; global_colors_info=&#8221;{}&#8221;][et_pb_text _builder_version=&#8221;4.20.2&#8243; _module_preset=&#8221;default&#8221; text_font=&#8221;|||on|||||&#8221; text_font_size=&#8221;35px&#8221; text_line_height=&#8221;1.8em&#8221; text_orientation=&#8221;center&#8221; global_colors_info=&#8221;{}&#8221;]<\/p>\n<p>marka<\/p>\n<p>[\/et_pb_text][et_pb_team_member image_url=&#8221;https:\/\/sklep.nowymodel.org\/wp-content\/uploads\/2023\/04\/logo_organic.png&#8221; icon_color=&#8221;RGBA(255,255,255,0)&#8221; _builder_version=&#8221;4.20.2&#8243; _module_preset=&#8221;default&#8221; width=&#8221;100%&#8221; module_alignment=&#8221;center&#8221; min_height=&#8221;100px&#8221; custom_padding=&#8221;|0px||0px|false|false&#8221; child_filter_saturate=&#8221;73%&#8221; link_option_url=&#8221;https:\/\/binbox.pl\/pojemniki-organic\/&#8221; border_radii_image=&#8221;on|200px|200px|200px|200px&#8221; border_width_all_image=&#8221;1px&#8221; border_color_all_image=&#8221;#404040&#8243; locked=&#8221;off&#8221; global_colors_info=&#8221;{}&#8221;][\/et_pb_team_member][\/et_pb_column][et_pb_column type=&#8221;1_3&#8243; _builder_version=&#8221;4.20.2&#8243; _module_preset=&#8221;default&#8221; global_colors_info=&#8221;{}&#8221;][\/et_pb_column][\/et_pb_row][et_pb_row column_structure=&#8221;1_5,3_5,1_5&#8243; _builder_version=&#8221;4.20.2&#8243; _module_preset=&#8221;default&#8221; custom_padding=&#8221;2px||2px||true|&#8221; global_colors_info=&#8221;{}&#8221;][et_pb_column type=&#8221;1_5&#8243; _builder_version=&#8221;4.20.2&#8243; _module_preset=&#8221;default&#8221; global_colors_info=&#8221;{}&#8221;][et_pb_text _builder_version=&#8221;4.20.2&#8243; _module_preset=&#8221;default&#8221; text_font=&#8221;||||||||&#8221; custom_margin=&#8221;||35px|||&#8221; global_colors_info=&#8221;{}&#8221;][\/et_pb_text][\/et_pb_column][et_pb_column type=&#8221;3_5&#8243; _builder_version=&#8221;4.20.2&#8243; _module_preset=&#8221;default&#8221; global_colors_info=&#8221;{}&#8221;][et_pb_text _builder_version=&#8221;4.20.2&#8243; _module_preset=&#8221;default&#8221; global_colors_info=&#8221;{}&#8221;]<\/p>\n<h5 style=\"text-align: center;\"><span>Przedstawiamy Pa\u0144stwu system pojemnik\u00f3w do segregacji odpad\u00f3w Organic\u00ae.<\/span><\/h5>\n<h5 style=\"text-align: center;\">\u00a0Wz\u00f3r u\u017cytkowy zastrze\u017cony na terenie Europy<\/h5>\n<p>Organic\u00ae to nowoczesne, wykonane z\u00a0trwa\u0142ych element\u00f3w pojemniki, kt\u00f3re wyr\u00f3\u017cniaj\u0105 si\u0119 niebanalnym wzornictwem i\u00a0szlachetno\u015bci\u0105 materia\u0142\u00f3w u\u017cytych do ich wykonania.<\/p>\n<p>Pojemniki Organic\u00ae pozwalaj\u0105 na intuicyjne i\u00a0wygodne dla u\u017cytkownika segregowanie odpad\u00f3w dzi\u0119ki klarownym i\u00a0zrozumia\u0142ym ideogramom i\u00a0opisom umieszczonym na pojemnikach. Dodatkowo istnieje mo\u017cliwo\u015b\u0107 umieszczenia na \u015bcianie pojemnika gotowych zestaw\u00f3w nadruk\u00f3w, dzi\u0119ki kt\u00f3rym pojemnik wplata si\u0119 w\u00a0otaczaj\u0105c\u0105 go przestrze\u0144 u\u017cytkow\u0105.<\/p>\n<p>Proces technologiczny powstawania pojemnik\u00f3w oraz u\u017cyte do ich produkcji materia\u0142y znakomicie podwy\u017cszaj\u0105 \u017cywotno\u015b\u0107 pojemnik\u00f3w, kt\u00f3ra przekracza parokrotnie \u017cywotno\u015b\u0107 i\u00a0walory estetyczne pojemnik\u00f3w stalowych.<\/p>\n<p>[\/et_pb_text][\/et_pb_column][et_pb_column type=&#8221;1_5&#8243; _builder_version=&#8221;4.20.2&#8243; _module_preset=&#8221;default&#8221; global_colors_info=&#8221;{}&#8221;][\/et_pb_column][\/et_pb_row][\/et_pb_section][et_pb_section fb_built=&#8221;1&#8243; _builder_version=&#8221;4.20.2&#8243; _module_preset=&#8221;default&#8221; custom_padding=&#8221;0px||5px|||&#8221; global_colors_info=&#8221;{}&#8221;][et_pb_row _builder_version=&#8221;4.20.2&#8243; _module_preset=&#8221;default&#8221; custom_padding=&#8221;3px||0px|||&#8221; global_colors_info=&#8221;{}&#8221;][et_pb_column type=&#8221;4_4&#8243; _builder_version=&#8221;4.20.2&#8243; _module_preset=&#8221;default&#8221; global_colors_info=&#8221;{}&#8221;][et_pb_wc_related_products posts_number=&#8221;5&#8243; columns_number=&#8221;5&#8243; include_categories=&#8221;560&#8243; icon_hover_color=&#8221;#333333&#8243; hover_overlay_color=&#8221;RGBA(64,64,64,0.69)&#8221; hover_icon=&#8221;&#xf06e;||fa||400&#8243; show_price=&#8221;off&#8221; show_rating=&#8221;off&#8221; show_sale_badge=&#8221;off&#8221; _builder_version=&#8221;4.20.2&#8243; _module_preset=&#8221;default&#8221; title_font_size=&#8221;30px&#8221; product_title_text_align=&#8221;center&#8221; product_title_font_size=&#8221;16px&#8221; global_colors_info=&#8221;{}&#8221;][\/et_pb_wc_related_products][\/et_pb_column][\/et_pb_row][\/et_pb_section]<\/p>\n","protected":false},"excerpt":{"rendered":"<p>Organic \u00ae<\/p>\n","protected":false},"featured_media":5554,"template":"","meta":{"_et_pb_use_builder":"on","_et_pb_old_content":"<h1><span style=\"font-weight: 400\">Pojemnik Organic Dziupla<\/span><\/h1>\r\n<span style=\"font-weight: 400\">Pojemnik Organic Dziupla (25 l, seria Venge) nadaje si\u0119 idealnie zar\u00f3wno do prywatnych wn\u0119trz, jak i przestrzeni publicznych. Zosta\u0142 zaprojektowany w taki spos\u00f3b, aby umo\u017cliwi\u0107 zestawianie kilku modeli w szereg.<\/span>\r\n\r\n<span style=\"font-weight: 400\">Dost\u0119pne w naszej ofercie pojemniki s\u0105 nowoczesne i wykonane z trwa\u0142ych element\u00f3w. Wyr\u00f3\u017cniaj\u0105 si\u0119 te\u017c niebanalnym wzornictwem i szlachetno\u015bci\u0105 materia\u0142\u00f3w u\u017cytych do ich wytworzenia. Dzi\u0119ki czytelnym ideogramom i prostej konstrukcji pozostaj\u0105 wygodne w u\u017cytkowaniu. Umieszczenie na nich odpowiednich nadruk\u00f3w czy okleiny sprawia, \u017ce z powodzeniem uzupe\u0142niaj\u0105 otaczaj\u0105c\u0105 je przestrze\u0144 u\u017cytkow\u0105 w pomieszczeniach, a tak\u017ce na zewn\u0105trz. Proces technologiczny oraz materia\u0142y u\u017cyte do produkcji pojemnik\u00f3w Organic gwarantuj\u0105 ich trwa\u0142o\u015b\u0107 oraz nieprzeci\u0119tn\u0105 estetyk\u0119. Warto podkre\u015bli\u0107, \u017ce s\u0105 to pojemniki zdecydowanie trwalsze ni\u017c wersje stalowe.<\/span>\r\n\r\n<span style=\"font-weight: 400\">Pozosta\u0142e istotne informacje o pojemniku Organic Dziupla:\u00a0<\/span>\r\n<ul>\r\n \t<li style=\"font-weight: 400\"><span style=\"font-weight: 400\">standardowe wyko\u0144czenie: naturalny fornir z drewna wenge (mo\u017cna je dostosowa\u0107 na \u017cyczenie), g\u00f3rna cz\u0119\u015b\u0107 jest lakierowana \u2013 czarna matowa powierzchnia z tworzywa sztucznego,\u00a0<\/span><\/li>\r\n \t<li style=\"font-weight: 400\"><span style=\"font-weight: 400\">do wyboru oznaczenia na pokrywie: plastik, metal, szk\u0142o, odpady bytowe,<\/span><\/li>\r\n \t<li style=\"font-weight: 400\"><span style=\"font-weight: 400\">pojemnik sk\u0142ada si\u0119 z dw\u00f3ch cz\u0119\u015bci: plastikowego kub\u0142a do worka oraz \u015bci\u0105ganej nak\u0142adki u\u0142atwiaj\u0105cej opr\u00f3\u017cniania kosza.\u00a0<\/span><\/li>\r\n<\/ul>","_et_gb_content_width":""},"product_brand":[],"product_cat":[560],"product_tag":[571,565,570,567],"class_list":{"0":"post-5430","1":"product","2":"type-product","3":"status-publish","4":"has-post-thumbnail","6":"product_cat-pojemniki-organic","7":"product_tag-25-l","8":"product_tag-dziupla","9":"product_tag-pojemnik-organic","10":"product_tag-venge","12":"first","13":"instock","14":"taxable","15":"shipping-taxable","16":"purchasable","17":"product-type-simple"},"yoast_head":"<!-- This site is optimized with the Yoast SEO plugin v27.6 - https:\/\/yoast.com\/product\/yoast-seo-wordpress\/ -->\n<title>Pojemnik Organic - Dziupla - sklep.nowymodel<\/title>\n<meta name=\"description\" content=\"Organic Dziupla nadaje si\u0119 zar\u00f3wno do prywatnych wn\u0119trz, jak i przestrzeni publicznych. Dost\u0119pne pojemniki s\u0105 nowoczesne i wykonane z trwa\u0142ych element\u00f3w.\" \/>\n<meta name=\"robots\" content=\"index, follow, max-snippet:-1, max-image-preview:large, max-video-preview:-1\" \/>\n<link rel=\"canonical\" href=\"https:\/\/sklep.nowymodel.org\/?product=pojemnik-organic-dziupla-2\" \/>\n<meta property=\"og:locale\" content=\"pl_PL\" \/>\n<meta property=\"og:type\" content=\"article\" \/>\n<meta property=\"og:title\" content=\"Pojemnik Organic - Dziupla - sklep.nowymodel\" \/>\n<meta property=\"og:description\" content=\"Organic Dziupla nadaje si\u0119 zar\u00f3wno do prywatnych wn\u0119trz, jak i przestrzeni publicznych. Dost\u0119pne pojemniki s\u0105 nowoczesne i wykonane z trwa\u0142ych element\u00f3w.\" \/>\n<meta property=\"og:url\" content=\"https:\/\/sklep.nowymodel.org\/?product=pojemnik-organic-dziupla-2\" \/>\n<meta property=\"og:site_name\" content=\"sklep.nowymodel\" \/>\n<meta property=\"article:modified_time\" content=\"2023-05-29T10:09:11+00:00\" \/>\n<meta property=\"og:image\" content=\"https:\/\/sklep.nowymodel.org\/wp-content\/uploads\/2023\/04\/Untitled-2.png\" \/>\n\t<meta property=\"og:image:width\" content=\"500\" \/>\n\t<meta property=\"og:image:height\" content=\"500\" \/>\n\t<meta property=\"og:image:type\" content=\"image\/png\" \/>\n<meta name=\"twitter:card\" content=\"summary_large_image\" \/>\n<meta name=\"twitter:label1\" content=\"Szacowany czas czytania\" \/>\n\t<meta name=\"twitter:data1\" content=\"3 minuty\" \/>\n<script type=\"application\/ld+json\" class=\"yoast-schema-graph\">{\"@context\":\"https:\\\/\\\/schema.org\",\"@graph\":[{\"@type\":\"WebPage\",\"@id\":\"https:\\\/\\\/sklep.nowymodel.org\\\/?product=pojemnik-organic-dziupla-2\",\"url\":\"https:\\\/\\\/sklep.nowymodel.org\\\/?product=pojemnik-organic-dziupla-2\",\"name\":\"Pojemnik Organic - Dziupla - sklep.nowymodel\",\"isPartOf\":{\"@id\":\"https:\\\/\\\/sklep.nowymodel.org\\\/#website\"},\"primaryImageOfPage\":{\"@id\":\"https:\\\/\\\/sklep.nowymodel.org\\\/?product=pojemnik-organic-dziupla-2#primaryimage\"},\"image\":{\"@id\":\"https:\\\/\\\/sklep.nowymodel.org\\\/?product=pojemnik-organic-dziupla-2#primaryimage\"},\"thumbnailUrl\":\"https:\\\/\\\/sklep.nowymodel.org\\\/wp-content\\\/uploads\\\/2023\\\/04\\\/Untitled-2.png\",\"datePublished\":\"2023-04-11T10:01:06+00:00\",\"dateModified\":\"2023-05-29T10:09:11+00:00\",\"description\":\"Organic Dziupla nadaje si\u0119 zar\u00f3wno do prywatnych wn\u0119trz, jak i przestrzeni publicznych. Dost\u0119pne pojemniki s\u0105 nowoczesne i wykonane z trwa\u0142ych element\u00f3w.\",\"breadcrumb\":{\"@id\":\"https:\\\/\\\/sklep.nowymodel.org\\\/?product=pojemnik-organic-dziupla-2#breadcrumb\"},\"inLanguage\":\"pl-PL\",\"potentialAction\":[{\"@type\":\"ReadAction\",\"target\":[\"https:\\\/\\\/sklep.nowymodel.org\\\/?product=pojemnik-organic-dziupla-2\"]}]},{\"@type\":\"ImageObject\",\"inLanguage\":\"pl-PL\",\"@id\":\"https:\\\/\\\/sklep.nowymodel.org\\\/?product=pojemnik-organic-dziupla-2#primaryimage\",\"url\":\"https:\\\/\\\/sklep.nowymodel.org\\\/wp-content\\\/uploads\\\/2023\\\/04\\\/Untitled-2.png\",\"contentUrl\":\"https:\\\/\\\/sklep.nowymodel.org\\\/wp-content\\\/uploads\\\/2023\\\/04\\\/Untitled-2.png\",\"width\":500,\"height\":500},{\"@type\":\"BreadcrumbList\",\"@id\":\"https:\\\/\\\/sklep.nowymodel.org\\\/?product=pojemnik-organic-dziupla-2#breadcrumb\",\"itemListElement\":[{\"@type\":\"ListItem\",\"position\":1,\"name\":\"Strona g\u0142\u00f3wna\",\"item\":\"https:\\\/\\\/sklep.nowymodel.org\\\/\"},{\"@type\":\"ListItem\",\"position\":2,\"name\":\"Sklep\",\"item\":\"https:\\\/\\\/sklep.nowymodel.org\\\/?page_id=7\"},{\"@type\":\"ListItem\",\"position\":3,\"name\":\"Pojemnik Organic &#8211; Dziupla\"}]},{\"@type\":\"WebSite\",\"@id\":\"https:\\\/\\\/sklep.nowymodel.org\\\/#website\",\"url\":\"https:\\\/\\\/sklep.nowymodel.org\\\/\",\"name\":\"sklep.nowymodel\",\"description\":\"Sklep.nowymodel- sklep z designem\",\"potentialAction\":[{\"@type\":\"SearchAction\",\"target\":{\"@type\":\"EntryPoint\",\"urlTemplate\":\"https:\\\/\\\/sklep.nowymodel.org\\\/?s={search_term_string}\"},\"query-input\":{\"@type\":\"PropertyValueSpecification\",\"valueRequired\":true,\"valueName\":\"search_term_string\"}}],\"inLanguage\":\"pl-PL\"}]}<\/script>\n<!-- \/ Yoast SEO plugin. -->","yoast_head_json":{"title":"Pojemnik Organic - Dziupla - sklep.nowymodel","description":"Organic Dziupla nadaje si\u0119 zar\u00f3wno do prywatnych wn\u0119trz, jak i przestrzeni publicznych. Dost\u0119pne pojemniki s\u0105 nowoczesne i wykonane z trwa\u0142ych element\u00f3w.","robots":{"index":"index","follow":"follow","max-snippet":"max-snippet:-1","max-image-preview":"max-image-preview:large","max-video-preview":"max-video-preview:-1"},"canonical":"https:\/\/sklep.nowymodel.org\/?product=pojemnik-organic-dziupla-2","og_locale":"pl_PL","og_type":"article","og_title":"Pojemnik Organic - Dziupla - sklep.nowymodel","og_description":"Organic Dziupla nadaje si\u0119 zar\u00f3wno do prywatnych wn\u0119trz, jak i przestrzeni publicznych. Dost\u0119pne pojemniki s\u0105 nowoczesne i wykonane z trwa\u0142ych element\u00f3w.","og_url":"https:\/\/sklep.nowymodel.org\/?product=pojemnik-organic-dziupla-2","og_site_name":"sklep.nowymodel","article_modified_time":"2023-05-29T10:09:11+00:00","og_image":[{"width":500,"height":500,"url":"https:\/\/sklep.nowymodel.org\/wp-content\/uploads\/2023\/04\/Untitled-2.png","type":"image\/png"}],"twitter_card":"summary_large_image","twitter_misc":{"Szacowany czas czytania":"3 minuty"},"schema":{"@context":"https:\/\/schema.org","@graph":[{"@type":"WebPage","@id":"https:\/\/sklep.nowymodel.org\/?product=pojemnik-organic-dziupla-2","url":"https:\/\/sklep.nowymodel.org\/?product=pojemnik-organic-dziupla-2","name":"Pojemnik Organic - Dziupla - sklep.nowymodel","isPartOf":{"@id":"https:\/\/sklep.nowymodel.org\/#website"},"primaryImageOfPage":{"@id":"https:\/\/sklep.nowymodel.org\/?product=pojemnik-organic-dziupla-2#primaryimage"},"image":{"@id":"https:\/\/sklep.nowymodel.org\/?product=pojemnik-organic-dziupla-2#primaryimage"},"thumbnailUrl":"https:\/\/sklep.nowymodel.org\/wp-content\/uploads\/2023\/04\/Untitled-2.png","datePublished":"2023-04-11T10:01:06+00:00","dateModified":"2023-05-29T10:09:11+00:00","description":"Organic Dziupla nadaje si\u0119 zar\u00f3wno do prywatnych wn\u0119trz, jak i przestrzeni publicznych. Dost\u0119pne pojemniki s\u0105 nowoczesne i wykonane z trwa\u0142ych element\u00f3w.","breadcrumb":{"@id":"https:\/\/sklep.nowymodel.org\/?product=pojemnik-organic-dziupla-2#breadcrumb"},"inLanguage":"pl-PL","potentialAction":[{"@type":"ReadAction","target":["https:\/\/sklep.nowymodel.org\/?product=pojemnik-organic-dziupla-2"]}]},{"@type":"ImageObject","inLanguage":"pl-PL","@id":"https:\/\/sklep.nowymodel.org\/?product=pojemnik-organic-dziupla-2#primaryimage","url":"https:\/\/sklep.nowymodel.org\/wp-content\/uploads\/2023\/04\/Untitled-2.png","contentUrl":"https:\/\/sklep.nowymodel.org\/wp-content\/uploads\/2023\/04\/Untitled-2.png","width":500,"height":500},{"@type":"BreadcrumbList","@id":"https:\/\/sklep.nowymodel.org\/?product=pojemnik-organic-dziupla-2#breadcrumb","itemListElement":[{"@type":"ListItem","position":1,"name":"Strona g\u0142\u00f3wna","item":"https:\/\/sklep.nowymodel.org\/"},{"@type":"ListItem","position":2,"name":"Sklep","item":"https:\/\/sklep.nowymodel.org\/?page_id=7"},{"@type":"ListItem","position":3,"name":"Pojemnik Organic &#8211; Dziupla"}]},{"@type":"WebSite","@id":"https:\/\/sklep.nowymodel.org\/#website","url":"https:\/\/sklep.nowymodel.org\/","name":"sklep.nowymodel","description":"Sklep.nowymodel- sklep z designem","potentialAction":[{"@type":"SearchAction","target":{"@type":"EntryPoint","urlTemplate":"https:\/\/sklep.nowymodel.org\/?s={search_term_string}"},"query-input":{"@type":"PropertyValueSpecification","valueRequired":true,"valueName":"search_term_string"}}],"inLanguage":"pl-PL"}]}},"_links":{"self":[{"href":"https:\/\/sklep.nowymodel.org\/index.php?rest_route=\/wp\/v2\/product\/5430","targetHints":{"allow":["GET"]}}],"collection":[{"href":"https:\/\/sklep.nowymodel.org\/index.php?rest_route=\/wp\/v2\/product"}],"about":[{"href":"https:\/\/sklep.nowymodel.org\/index.php?rest_route=\/wp\/v2\/types\/product"}],"wp:featuredmedia":[{"embeddable":true,"href":"https:\/\/sklep.nowymodel.org\/index.php?rest_route=\/wp\/v2\/media\/5554"}],"wp:attachment":[{"href":"https:\/\/sklep.nowymodel.org\/index.php?rest_route=%2Fwp%2Fv2%2Fmedia&parent=5430"}],"wp:term":[{"taxonomy":"product_brand","embeddable":true,"href":"https:\/\/sklep.nowymodel.org\/index.php?rest_route=%2Fwp%2Fv2%2Fproduct_brand&post=5430"},{"taxonomy":"product_cat","embeddable":true,"href":"https:\/\/sklep.nowymodel.org\/index.php?rest_route=%2Fwp%2Fv2%2Fproduct_cat&post=5430"},{"taxonomy":"product_tag","embeddable":true,"href":"https:\/\/sklep.nowymodel.org\/index.php?rest_route=%2Fwp%2Fv2%2Fproduct_tag&post=5430"}],"curies":[{"name":"wp","href":"https:\/\/api.w.org\/{rel}","templated":true}]}}