{"id":5301,"date":"2023-04-04T12:38:05","date_gmt":"2023-04-04T10:38:05","guid":{"rendered":"https:\/\/sklep.nowymodel.org\/?post_type=product&#038;p=5301"},"modified":"2023-12-01T11:55:34","modified_gmt":"2023-12-01T10:55:34","slug":"komoda-ripple-3","status":"publish","type":"product","link":"https:\/\/sklep.nowymodel.org\/?product=komoda-ripple-3","title":{"rendered":"Komoda Ripple"},"content":{"rendered":"<p>[et_pb_section fb_built=&#8221;1&#8243; _builder_version=&#8221;4.20.2&#8243; _module_preset=&#8221;default&#8221; module_alignment=&#8221;left&#8221; custom_margin=&#8221;-54px|||||&#8221; custom_padding=&#8221;6px||4px|||&#8221; global_colors_info=&#8221;{}&#8221;][et_pb_row _builder_version=&#8221;4.20.2&#8243; _module_preset=&#8221;default&#8221; width=&#8221;100%&#8221; module_alignment=&#8221;left&#8221; min_height=&#8221;133px&#8221; custom_margin=&#8221;-57px|auto||auto||&#8221; custom_padding=&#8221;7px||3px|||&#8221; global_colors_info=&#8221;{}&#8221;][et_pb_column type=&#8221;4_4&#8243; _builder_version=&#8221;4.20.2&#8243; _module_preset=&#8221;default&#8221; global_colors_info=&#8221;{}&#8221;][et_pb_wc_breadcrumb breadcrumb_separator=&#8221;>&#8221; _builder_version=&#8221;4.20.2&#8243; body_font=&#8221;|300||on|||||&#8221; body_text_color=&#8221;#808080&#8243; body_font_size=&#8221;14px&#8221; body_line_height=&#8221;1em&#8221; module_alignment=&#8221;left&#8221; custom_margin=&#8221;-25px|||0px|false|false&#8221; custom_padding=&#8221;|||0px|false|false&#8221; custom_padding_tablet=&#8221;|||64px|false|false&#8221; custom_padding_phone=&#8221;|||33px|false|false&#8221; custom_padding_last_edited=&#8221;on|phone&#8221; locked=&#8221;off&#8221; global_colors_info=&#8221;{}&#8221;][\/et_pb_wc_breadcrumb][\/et_pb_column][\/et_pb_row][\/et_pb_section][et_pb_section fb_built=&#8221;1&#8243; _builder_version=&#8221;4.20.2&#8243; _module_preset=&#8221;default&#8221; custom_padding=&#8221;4px||7px|||&#8221; global_colors_info=&#8221;{}&#8221;][et_pb_row column_structure=&#8221;3_5,2_5&#8243; _builder_version=&#8221;4.20.2&#8243; _module_preset=&#8221;default&#8221; custom_margin=&#8221;||20px||false|false&#8221; custom_padding=&#8221;0px||2px|||&#8221; global_colors_info=&#8221;{}&#8221;][et_pb_column type=&#8221;3_5&#8243; _builder_version=&#8221;4.20.2&#8243; _module_preset=&#8221;default&#8221; global_colors_info=&#8221;{}&#8221;][et_pb_wc_gallery _builder_version=&#8221;4.20.2&#8243; _module_preset=&#8221;default&#8221; custom_margin=&#8221;0px||||false|false&#8221; custom_padding=&#8221;0px||55px||false|false&#8221; global_colors_info=&#8221;{}&#8221;][\/et_pb_wc_gallery][\/et_pb_column][et_pb_column type=&#8221;2_5&#8243; _builder_version=&#8221;4.20.2&#8243; _module_preset=&#8221;default&#8221; global_colors_info=&#8221;{}&#8221;][et_pb_wc_title _builder_version=&#8221;4.20.2&#8243; _module_preset=&#8221;default&#8221; header_font=&#8221;|||on|||||&#8221; header_text_align=&#8221;left&#8221; header_text_color=&#8221;#404040&#8243; header_font_size=&#8221;40px&#8221; module_alignment=&#8221;center&#8221; min_height=&#8221;65px&#8221; custom_margin=&#8221;-10px||0px||false|false&#8221; custom_padding=&#8221;0px||0px||false|false&#8221; global_colors_info=&#8221;{}&#8221;][\/et_pb_wc_title][et_pb_wc_description _builder_version=&#8221;4.20.2&#8243; _module_preset=&#8221;default&#8221; body_font=&#8221;|300||||on|||&#8221; module_alignment=&#8221;left&#8221; min_height=&#8221;47px&#8221; custom_margin=&#8221;0px||||false|false&#8221; custom_padding=&#8221;0px||0px|||&#8221; global_colors_info=&#8221;{}&#8221;][\/et_pb_wc_description][et_pb_wc_price _builder_version=&#8221;4.20.2&#8243; _module_preset=&#8221;default&#8221; body_font=&#8221;|300||||on|||&#8221; body_text_color=&#8221;#404040&#8243; body_font_size=&#8221;35px&#8221; text_orientation=&#8221;left&#8221; custom_margin=&#8221;40px||40px||true|false&#8221; global_colors_info=&#8221;{}&#8221;][\/et_pb_wc_price][et_pb_text _builder_version=&#8221;4.20.2&#8243; _module_preset=&#8221;default&#8221; text_font=&#8221;|300||||on|||&#8221; text_text_color=&#8221;#404040&#8243; module_alignment=&#8221;left&#8221; custom_margin=&#8221;40px||40px||true|false&#8221; border_color_all=&#8221;#808080&#8243; global_colors_info=&#8221;{}&#8221;]<\/p>\n<p>WYMIARY:<br \/>63 | 55 | 180 cm<\/p>\n<p>MATERIA\u0141:<br \/>SKLEJKA BRZOZOWA<br \/>FORNIROWANA ORZECHEM W\u0141OSKIM<\/p>\n<p>[\/et_pb_text][et_pb_button _builder_version=&#8221;4.20.2&#8243; _module_preset=&#8221;default&#8221; button_text=&#8221;ZAPYTAJ O PRODUKT&#8221; button_url=&#8221;https:\/\/sklep.nowymodel.org\/?page_id=802&#8243; hover_enabled=&#8221;0&#8243; sticky_enabled=&#8221;0&#8243;][\/et_pb_button][et_pb_wc_add_to_cart show_quantity=&#8221;off&#8221; _builder_version=&#8221;4.20.2&#8243; _module_preset=&#8221;default&#8221; hover_enabled=&#8221;0&#8243; global_colors_info=&#8221;{}&#8221; disabled_on=&#8221;on|on|on&#8221; disabled=&#8221;on&#8221; sticky_enabled=&#8221;0&#8243;][\/et_pb_wc_add_to_cart][et_pb_text _builder_version=&#8221;4.20.2&#8243; _module_preset=&#8221;default&#8221; custom_margin=&#8221;30px||30px||true|false&#8221; global_colors_info=&#8221;{}&#8221;]<\/p>\n<ul>\n<li class=\"tw-data-text tw-text-large tw-ta\" data-placeholder=\"T\u0142umaczenie\" id=\"tw-target-text\" dir=\"ltr\"><span class=\"Y2IQFc\" lang=\"pl\">WYKO\u0143CZENIE MO\u017bNA DOSTOSOWA\u0106 NA \u017bYCZENIE<\/span><\/li>\n<li class=\"tw-data-text tw-text-large tw-ta\" data-placeholder=\"T\u0142umaczenie\" dir=\"ltr\"><span class=\"Y2IQFc\" lang=\"pl\">SZACOWANY CZAS PRODUKCJI: OK 3 TYGODNIE<\/span><\/li>\n<\/ul>\n<p>[\/et_pb_text][\/et_pb_column][\/et_pb_row][et_pb_row column_structure=&#8221;3_5,2_5&#8243; _builder_version=&#8221;4.20.2&#8243; _module_preset=&#8221;default&#8221; custom_padding=&#8221;0px||0px||true|&#8221; global_colors_info=&#8221;{}&#8221;][et_pb_column type=&#8221;3_5&#8243; _builder_version=&#8221;4.20.2&#8243; _module_preset=&#8221;default&#8221; global_colors_info=&#8221;{}&#8221;][et_pb_wc_description description_type=&#8221;description&#8221; _builder_version=&#8221;4.20.2&#8243; _module_preset=&#8221;default&#8221; text_orientation=&#8221;justified&#8221; border_color_all=&#8221;#BFBFBF&#8221; global_colors_info=&#8221;{}&#8221;][\/et_pb_wc_description][\/et_pb_column][et_pb_column type=&#8221;2_5&#8243; _builder_version=&#8221;4.20.2&#8243; _module_preset=&#8221;default&#8221; global_colors_info=&#8221;{}&#8221;][et_pb_divider show_divider=&#8221;off&#8221; _builder_version=&#8221;4.20.2&#8243; _module_preset=&#8221;default&#8221; min_height=&#8221;32px&#8221; global_colors_info=&#8221;{}&#8221;][\/et_pb_divider][et_pb_button button_url=&#8221;https:\/\/sklep.nowymodel.org\/wp-content\/uploads\/2023\/03\/Katalog-NM-2022-PL-1.pdf&#8221; button_text=&#8221;\ud83d\udcc4  KATALOG&#8221; button_alignment=&#8221;center&#8221; _builder_version=&#8221;4.20.2&#8243; _module_preset=&#8221;default&#8221; custom_button=&#8221;on&#8221; button_font=&#8221;||||||||&#8221; button_icon=&#8221;&#x22;||divi||400&#8243; custom_margin=&#8221;20px||20px||true|false&#8221; custom_padding=&#8221;|43px|||false|false&#8221; animation_style=&#8221;fade&#8221; global_colors_info=&#8221;{}&#8221;][\/et_pb_button][\/et_pb_column][\/et_pb_row][et_pb_row _builder_version=&#8221;4.20.2&#8243; _module_preset=&#8221;default&#8221; global_colors_info=&#8221;{}&#8221;][et_pb_column type=&#8221;4_4&#8243; _builder_version=&#8221;4.20.2&#8243; _module_preset=&#8221;default&#8221; global_colors_info=&#8221;{}&#8221;][et_pb_divider divider_position=&#8221;center&#8221; _builder_version=&#8221;4.20.2&#8243; _module_preset=&#8221;default&#8221; module_alignment=&#8221;center&#8221; custom_margin=&#8221;5px||5px||true|false&#8221; global_colors_info=&#8221;{}&#8221;][\/et_pb_divider][\/et_pb_column][\/et_pb_row][\/et_pb_section][et_pb_section fb_built=&#8221;1&#8243; _builder_version=&#8221;4.20.2&#8243; _module_preset=&#8221;default&#8221; custom_padding=&#8221;3px||4px|||&#8221; global_colors_info=&#8221;{}&#8221;][et_pb_row column_structure=&#8221;1_3,1_3,1_3&#8243; _builder_version=&#8221;4.20.2&#8243; _module_preset=&#8221;default&#8221; module_alignment=&#8221;center&#8221; min_height=&#8221;164.6px&#8221; custom_margin=&#8221;0px|auto|0px|0px|true|false&#8221; custom_padding=&#8221;4px||0px|0px|false|false&#8221; locked=&#8221;off&#8221; global_colors_info=&#8221;{}&#8221;][et_pb_column type=&#8221;1_3&#8243; _builder_version=&#8221;4.20.2&#8243; _module_preset=&#8221;default&#8221; custom_padding=&#8221;|0px||0px|false|true&#8221; global_colors_info=&#8221;{}&#8221;][\/et_pb_column][et_pb_column type=&#8221;1_3&#8243; _builder_version=&#8221;4.20.2&#8243; _module_preset=&#8221;default&#8221; global_colors_info=&#8221;{}&#8221;][et_pb_text _builder_version=&#8221;4.20.2&#8243; _module_preset=&#8221;default&#8221; text_font=&#8221;|||on|||||&#8221; text_font_size=&#8221;35px&#8221; text_line_height=&#8221;1.8em&#8221; text_orientation=&#8221;center&#8221; global_colors_info=&#8221;{}&#8221;]<\/p>\n<p>Projektant<\/p>\n<p>[\/et_pb_text][et_pb_team_member image_url=&#8221;https:\/\/sklep.nowymodel.org\/wp-content\/uploads\/2023\/03\/CYRYLZ.png&#8221; icon_color=&#8221;RGBA(255,255,255,0)&#8221; _builder_version=&#8221;4.20.2&#8243; _module_preset=&#8221;default&#8221; width=&#8221;100%&#8221; module_alignment=&#8221;center&#8221; min_height=&#8221;100px&#8221; custom_padding=&#8221;|0px||0px|false|false&#8221; child_filter_saturate=&#8221;0%&#8221; border_radii_image=&#8221;on|200px|200px|200px|200px&#8221; border_width_all_image=&#8221;1px&#8221; border_color_all_image=&#8221;#404040&#8243; locked=&#8221;off&#8221; global_colors_info=&#8221;{}&#8221;][\/et_pb_team_member][et_pb_text _builder_version=&#8221;4.20.2&#8243; _module_preset=&#8221;default&#8221; text_font=&#8221;||||||||&#8221; text_text_color=&#8221;#808080&#8243; text_font_size=&#8221;15px&#8221; text_orientation=&#8221;center&#8221; module_alignment=&#8221;center&#8221; custom_margin=&#8221;20px||20px|0px|true|false&#8221; custom_padding=&#8221;0px|0px||0px|false|true&#8221; global_colors_info=&#8221;{}&#8221;]<\/p>\n<h2>CYRYL ZAKRZEWSKI<\/h2>\n<p><em>\u201eSztuk\u0105 jest dla mnie zawarcie w\u00a0formie przeciwie\u0144stw, tak\u00a0aby zatar\u0142y si\u0119 pomi\u0119dzy nimi granice. Natura i\u00a0kultura, \u015bwiat\u0142o i\u00a0ciemno\u015b\u0107 to\u00a0w\u00a0rzeczywisto\u015bci jedno\u201d.<\/em><\/p>\n<p>[\/et_pb_text][\/et_pb_column][et_pb_column type=&#8221;1_3&#8243; _builder_version=&#8221;4.20.2&#8243; _module_preset=&#8221;default&#8221; global_colors_info=&#8221;{}&#8221;][\/et_pb_column][\/et_pb_row][et_pb_row column_structure=&#8221;1_2,1_2&#8243; _builder_version=&#8221;4.20.2&#8243; _module_preset=&#8221;default&#8221; custom_padding=&#8221;2px||2px||true|&#8221; global_colors_info=&#8221;{}&#8221;][et_pb_column type=&#8221;1_2&#8243; _builder_version=&#8221;4.20.2&#8243; _module_preset=&#8221;default&#8221; global_colors_info=&#8221;{}&#8221;][et_pb_text _builder_version=&#8221;4.20.2&#8243; _module_preset=&#8221;default&#8221; text_font=&#8221;||||||||&#8221; custom_margin=&#8221;||35px|||&#8221; global_colors_info=&#8221;{}&#8221;]<\/p>\n<p style=\"text-align: justify;\"><span>Urodzony w\u00a01986, artysta dla kt\u00f3rego\u00a0ka\u017cda forma jest dzie\u0142em sztuki, absolwent Wydzia\u0142u Rze\u017aby i\u00a0Dzia\u0142a\u0144 Przestrzennych Uniwersytetu Artystycznego w\u00a0Poznaniu (rok 2011). Jego dyplom zosta\u0142 wyr\u00f3\u017cniony w\u00a0konkursie im.\u00a0Marii Dokowicz na\u00a0najlepsze dyplomy.<\/span><\/p>\n<p style=\"text-align: justify;\"><span>Uczestnik licznych wystaw w\u00a0kraju i\u00a0za\u00a0granic\u0105 (Japonia, W\u0142ochy, S\u0142owenia, Austria). Autor sta\u0142ych instalacji w\u00a0przestrzeni publicznej w\u00a0Poznaniu (Ogr\u00f3d Botaniczny UAM oraz\u00a0nad\u00a0j.Strzeszy\u0144skim) w\u00a0Japonii (Tokio \u2013 Fukudenkai) oraz\u00a0w\u00a0S\u0142owenii (Ptuj). Design traktuje jako form\u0119 estetyczn\u0105 i\u00a0u\u017cytkow\u0105, jednak nie\u00a0koniecznie pozbawion\u0105 ukrytej refleksji nad\u00a0otaczaj\u0105cym nas \u015bwiatem.<\/span><\/p>\n<p>[\/et_pb_text][et_pb_image src=&#8221;https:\/\/sklep.nowymodel.org\/wp-content\/uploads\/2023\/03\/DSC5324-scaled.jpg&#8221; title_text=&#8221;_DSC5324&#8243; _builder_version=&#8221;4.20.2&#8243; _module_preset=&#8221;default&#8221; global_colors_info=&#8221;{}&#8221;][\/et_pb_image][\/et_pb_column][et_pb_column type=&#8221;1_2&#8243; _builder_version=&#8221;4.20.2&#8243; _module_preset=&#8221;default&#8221; global_colors_info=&#8221;{}&#8221;][et_pb_text _builder_version=&#8221;4.20.2&#8243; _module_preset=&#8221;default&#8221; text_orientation=&#8221;justified&#8221; min_height=&#8221;227.3px&#8221; custom_margin=&#8221;||35px|||&#8221; global_colors_info=&#8221;{}&#8221;]<\/p>\n<p style=\"text-align: justify;\">Posiada wszechstronn\u0105 wiedz\u0119 z\u00a0zakresu obr\u00f3bki drewna i\u00a0materia\u0142\u00f3w drewnopochodnych, odlew\u00f3w aluminiowych oraz\u00a0obr\u00f3bki stali. W\u00a0projektach meblarskich pracuje g\u0142\u00f3wnie w\u00a0drewnie i\u00a0sklejce, cz\u0119sto wykorzystuj\u0105c projektowanie generatywne, techniki CAD i\u00a0CNC w\u00a0po\u0142\u0105czeniu z\u00a0rzemios\u0142em rze\u017abiarskim.<\/p>\n<p style=\"text-align: justify;\">Przywi\u0105zuje szczeg\u00f3ln\u0105 wag\u0119 do\u00a0tego, aby jego projekty wyr\u00f3\u017cnia\u0142y si\u0119 wyj\u0105tkow\u0105 estetyk\u0105 przy zachowaniu du\u017cej funkcjonalno\u015bci.<\/p>\n<p style=\"text-align: justify;\"><a href=\"https:\/\/cyrylzakrzewski.com\/\" target=\"_blank\" rel=\"noreferrer noopener\">cyrylzakrzewski.com<\/a><\/p>\n<p>[\/et_pb_text][et_pb_image src=&#8221;https:\/\/sklep.nowymodel.org\/wp-content\/uploads\/2023\/03\/cyryl_mniejsze_zdj.jpg&#8221; alt=&#8221;CyrylZ Design&#8221; title_text=&#8221;CyrylZ Design&#8221; _builder_version=&#8221;4.20.2&#8243; _module_preset=&#8221;default&#8221; custom_margin=&#8221;5px|||||&#8221; global_colors_info=&#8221;{}&#8221;][\/et_pb_image][\/et_pb_column][\/et_pb_row][et_pb_row _builder_version=&#8221;4.20.2&#8243; _module_preset=&#8221;default&#8221; custom_margin=&#8221;|auto|-16px|auto||&#8221; global_colors_info=&#8221;{}&#8221;][et_pb_column type=&#8221;4_4&#8243; _builder_version=&#8221;4.20.2&#8243; _module_preset=&#8221;default&#8221; global_colors_info=&#8221;{}&#8221;][et_pb_divider divider_position=&#8221;center&#8221; _builder_version=&#8221;4.20.2&#8243; _module_preset=&#8221;default&#8221; module_alignment=&#8221;center&#8221; custom_margin=&#8221;5px||5px||true|false&#8221; global_colors_info=&#8221;{}&#8221;][\/et_pb_divider][\/et_pb_column][\/et_pb_row][\/et_pb_section][et_pb_section fb_built=&#8221;1&#8243; _builder_version=&#8221;4.20.2&#8243; _module_preset=&#8221;default&#8221; custom_padding=&#8221;0px||5px|||&#8221; global_colors_info=&#8221;{}&#8221;][et_pb_row _builder_version=&#8221;4.20.2&#8243; _module_preset=&#8221;default&#8221; custom_padding=&#8221;3px||0px|||&#8221; global_colors_info=&#8221;{}&#8221;][et_pb_column type=&#8221;4_4&#8243; _builder_version=&#8221;4.20.2&#8243; _module_preset=&#8221;default&#8221; global_colors_info=&#8221;{}&#8221;][et_pb_wc_related_products posts_number=&#8221;5&#8243; columns_number=&#8221;5&#8243; include_categories=&#8221;484&#8243; icon_hover_color=&#8221;#333333&#8243; hover_overlay_color=&#8221;RGBA(64,64,64,0.69)&#8221; hover_icon=&#8221;&#xf06e;||fa||400&#8243; show_price=&#8221;off&#8221; show_rating=&#8221;off&#8221; show_sale_badge=&#8221;off&#8221; _builder_version=&#8221;4.20.2&#8243; _module_preset=&#8221;default&#8221; title_font_size=&#8221;30px&#8221; product_title_text_align=&#8221;center&#8221; product_title_font_size=&#8221;16px&#8221; global_colors_info=&#8221;{}&#8221;][\/et_pb_wc_related_products][\/et_pb_column][\/et_pb_row][\/et_pb_section]<\/p>\n","protected":false},"excerpt":{"rendered":"<p>Cyryl Zakrzewski<\/p>\n","protected":false},"featured_media":4414,"template":"","meta":{"_et_pb_use_builder":"on","_et_pb_old_content":"<h1 style=\"text-align: center\"><span style=\"font-weight: 400\">KOMODA RIPPLE<\/span><\/h1>\r\n<span style=\"font-weight: 400\">Komoda Ripple, dzie\u0142o, kt\u00f3re wysz\u0142o spod r\u0119ki Cyryla Zakrzewskiego, \u0142\u0105czy w sobie praktyczny design z organicznymi, rze\u017abiarskimi kszta\u0142tami, inspirowanymi zmarszczon\u0105 powierzchni\u0105 wody. Front komody zdaje si\u0119 by\u0107 \u017cyw\u0105, poruszon\u0105 przez spadaj\u0105c\u0105 kropl\u0119 tafl\u0105, zamkni\u0119t\u0105 w nieruchomym kadrze. W efekcie konstrukcja mebla odkrywa nowe mo\u017cliwo\u015bci materia\u0142u, z jakiego powsta\u0142a. Sto\u017ckowe n\u00f3\u017cki pog\u0142\u0119biaj\u0105 wra\u017cenie dynamiki drzemi\u0105cej mi\u0119dzy s\u0142ojami drewna, a ich niecodzienne zestawienie nadaje ca\u0142o\u015bci niewypowiedzianej lekko\u015bci.<\/span>\r\n\r\n<span style=\"font-weight: 400\">Model Ripple zachwyca eleganck\u0105, a przy tym niezwykle artystyczn\u0105 form\u0105. Zosta\u0142 wykonany z wysokiej jako\u015bci sklejki brzozowej i fornirowany orzechem w\u0142oskim. Sprawdzi si\u0119 jako nietuzinkowy element wystroju nowoczesnych wn\u0119trz, mi\u0119dzy innymi salonu, domowego gabinetu czy firmowego biura.<\/span>","_et_gb_content_width":""},"product_brand":[],"product_cat":[15,484],"product_tag":[455,350,368,548,556],"class_list":{"0":"post-5301","1":"product","2":"type-product","3":"status-publish","4":"has-post-thumbnail","6":"product_cat-meble","7":"product_cat-wspolczesny-design","8":"product_tag-cyryl-zakrzewski","9":"product_tag-hand-made","10":"product_tag-komoda","11":"product_tag-ripple","12":"product_tag-wspolczesny-design","13":"product_shipping_class-paleta","15":"first","16":"instock","17":"taxable","18":"shipping-taxable","19":"product-type-simple"},"yoast_head":"<!-- This site is optimized with the Yoast SEO plugin v27.3 - https:\/\/yoast.com\/product\/yoast-seo-wordpress\/ -->\n<title>Komoda Ripple - sklep.nowymodel<\/title>\n<meta name=\"description\" content=\"Komoda Ripple, dzie\u0142o, kt\u00f3re wysz\u0142o spod r\u0119ki Cyryla Zakrzewskiego, \u0142\u0105czy w sobie praktyczny design z organicznymi kszta\u0142tami, inspirowanymi ruchem wody.\" \/>\n<meta name=\"robots\" content=\"index, follow, max-snippet:-1, max-image-preview:large, max-video-preview:-1\" \/>\n<link rel=\"canonical\" href=\"https:\/\/sklep.nowymodel.org\/?product=komoda-ripple-3\" \/>\n<meta property=\"og:locale\" content=\"pl_PL\" \/>\n<meta property=\"og:type\" content=\"article\" \/>\n<meta property=\"og:title\" content=\"Komoda Ripple - sklep.nowymodel\" \/>\n<meta property=\"og:description\" content=\"Komoda Ripple, dzie\u0142o, kt\u00f3re wysz\u0142o spod r\u0119ki Cyryla Zakrzewskiego, \u0142\u0105czy w sobie praktyczny design z organicznymi kszta\u0142tami, inspirowanymi ruchem wody.\" \/>\n<meta property=\"og:url\" content=\"https:\/\/sklep.nowymodel.org\/?product=komoda-ripple-3\" \/>\n<meta property=\"og:site_name\" content=\"sklep.nowymodel\" \/>\n<meta property=\"article:modified_time\" content=\"2023-12-01T10:55:34+00:00\" \/>\n<meta property=\"og:image\" content=\"https:\/\/sklep.nowymodel.org\/wp-content\/uploads\/2023\/03\/4-6.jpg\" \/>\n\t<meta property=\"og:image:width\" content=\"1080\" \/>\n\t<meta property=\"og:image:height\" content=\"1080\" \/>\n\t<meta property=\"og:image:type\" content=\"image\/jpeg\" \/>\n<meta name=\"twitter:card\" content=\"summary_large_image\" \/>\n<meta name=\"twitter:label1\" content=\"Szacowany czas czytania\" \/>\n\t<meta name=\"twitter:data1\" content=\"3 minuty\" \/>\n<script type=\"application\/ld+json\" class=\"yoast-schema-graph\">{\"@context\":\"https:\\\/\\\/schema.org\",\"@graph\":[{\"@type\":\"WebPage\",\"@id\":\"https:\\\/\\\/sklep.nowymodel.org\\\/?product=komoda-ripple-3\",\"url\":\"https:\\\/\\\/sklep.nowymodel.org\\\/?product=komoda-ripple-3\",\"name\":\"Komoda Ripple - sklep.nowymodel\",\"isPartOf\":{\"@id\":\"https:\\\/\\\/sklep.nowymodel.org\\\/#website\"},\"primaryImageOfPage\":{\"@id\":\"https:\\\/\\\/sklep.nowymodel.org\\\/?product=komoda-ripple-3#primaryimage\"},\"image\":{\"@id\":\"https:\\\/\\\/sklep.nowymodel.org\\\/?product=komoda-ripple-3#primaryimage\"},\"thumbnailUrl\":\"https:\\\/\\\/sklep.nowymodel.org\\\/wp-content\\\/uploads\\\/2023\\\/03\\\/4-6.jpg\",\"datePublished\":\"2023-04-04T10:38:05+00:00\",\"dateModified\":\"2023-12-01T10:55:34+00:00\",\"description\":\"Komoda Ripple, dzie\u0142o, kt\u00f3re wysz\u0142o spod r\u0119ki Cyryla Zakrzewskiego, \u0142\u0105czy w sobie praktyczny design z organicznymi kszta\u0142tami, inspirowanymi ruchem wody.\",\"breadcrumb\":{\"@id\":\"https:\\\/\\\/sklep.nowymodel.org\\\/?product=komoda-ripple-3#breadcrumb\"},\"inLanguage\":\"pl-PL\",\"potentialAction\":[{\"@type\":\"ReadAction\",\"target\":[\"https:\\\/\\\/sklep.nowymodel.org\\\/?product=komoda-ripple-3\"]}]},{\"@type\":\"ImageObject\",\"inLanguage\":\"pl-PL\",\"@id\":\"https:\\\/\\\/sklep.nowymodel.org\\\/?product=komoda-ripple-3#primaryimage\",\"url\":\"https:\\\/\\\/sklep.nowymodel.org\\\/wp-content\\\/uploads\\\/2023\\\/03\\\/4-6.jpg\",\"contentUrl\":\"https:\\\/\\\/sklep.nowymodel.org\\\/wp-content\\\/uploads\\\/2023\\\/03\\\/4-6.jpg\",\"width\":1080,\"height\":1080,\"caption\":\"ripple\"},{\"@type\":\"BreadcrumbList\",\"@id\":\"https:\\\/\\\/sklep.nowymodel.org\\\/?product=komoda-ripple-3#breadcrumb\",\"itemListElement\":[{\"@type\":\"ListItem\",\"position\":1,\"name\":\"Strona g\u0142\u00f3wna\",\"item\":\"https:\\\/\\\/sklep.nowymodel.org\\\/\"},{\"@type\":\"ListItem\",\"position\":2,\"name\":\"Sklep\",\"item\":\"https:\\\/\\\/sklep.nowymodel.org\\\/?page_id=7\"},{\"@type\":\"ListItem\",\"position\":3,\"name\":\"Komoda Ripple\"}]},{\"@type\":\"WebSite\",\"@id\":\"https:\\\/\\\/sklep.nowymodel.org\\\/#website\",\"url\":\"https:\\\/\\\/sklep.nowymodel.org\\\/\",\"name\":\"sklep.nowymodel\",\"description\":\"Sklep.nowymodel- sklep z designem\",\"potentialAction\":[{\"@type\":\"SearchAction\",\"target\":{\"@type\":\"EntryPoint\",\"urlTemplate\":\"https:\\\/\\\/sklep.nowymodel.org\\\/?s={search_term_string}\"},\"query-input\":{\"@type\":\"PropertyValueSpecification\",\"valueRequired\":true,\"valueName\":\"search_term_string\"}}],\"inLanguage\":\"pl-PL\"}]}<\/script>\n<!-- \/ Yoast SEO plugin. -->","yoast_head_json":{"title":"Komoda Ripple - sklep.nowymodel","description":"Komoda Ripple, dzie\u0142o, kt\u00f3re wysz\u0142o spod r\u0119ki Cyryla Zakrzewskiego, \u0142\u0105czy w sobie praktyczny design z organicznymi kszta\u0142tami, inspirowanymi ruchem wody.","robots":{"index":"index","follow":"follow","max-snippet":"max-snippet:-1","max-image-preview":"max-image-preview:large","max-video-preview":"max-video-preview:-1"},"canonical":"https:\/\/sklep.nowymodel.org\/?product=komoda-ripple-3","og_locale":"pl_PL","og_type":"article","og_title":"Komoda Ripple - sklep.nowymodel","og_description":"Komoda Ripple, dzie\u0142o, kt\u00f3re wysz\u0142o spod r\u0119ki Cyryla Zakrzewskiego, \u0142\u0105czy w sobie praktyczny design z organicznymi kszta\u0142tami, inspirowanymi ruchem wody.","og_url":"https:\/\/sklep.nowymodel.org\/?product=komoda-ripple-3","og_site_name":"sklep.nowymodel","article_modified_time":"2023-12-01T10:55:34+00:00","og_image":[{"width":1080,"height":1080,"url":"https:\/\/sklep.nowymodel.org\/wp-content\/uploads\/2023\/03\/4-6.jpg","type":"image\/jpeg"}],"twitter_card":"summary_large_image","twitter_misc":{"Szacowany czas czytania":"3 minuty"},"schema":{"@context":"https:\/\/schema.org","@graph":[{"@type":"WebPage","@id":"https:\/\/sklep.nowymodel.org\/?product=komoda-ripple-3","url":"https:\/\/sklep.nowymodel.org\/?product=komoda-ripple-3","name":"Komoda Ripple - sklep.nowymodel","isPartOf":{"@id":"https:\/\/sklep.nowymodel.org\/#website"},"primaryImageOfPage":{"@id":"https:\/\/sklep.nowymodel.org\/?product=komoda-ripple-3#primaryimage"},"image":{"@id":"https:\/\/sklep.nowymodel.org\/?product=komoda-ripple-3#primaryimage"},"thumbnailUrl":"https:\/\/sklep.nowymodel.org\/wp-content\/uploads\/2023\/03\/4-6.jpg","datePublished":"2023-04-04T10:38:05+00:00","dateModified":"2023-12-01T10:55:34+00:00","description":"Komoda Ripple, dzie\u0142o, kt\u00f3re wysz\u0142o spod r\u0119ki Cyryla Zakrzewskiego, \u0142\u0105czy w sobie praktyczny design z organicznymi kszta\u0142tami, inspirowanymi ruchem wody.","breadcrumb":{"@id":"https:\/\/sklep.nowymodel.org\/?product=komoda-ripple-3#breadcrumb"},"inLanguage":"pl-PL","potentialAction":[{"@type":"ReadAction","target":["https:\/\/sklep.nowymodel.org\/?product=komoda-ripple-3"]}]},{"@type":"ImageObject","inLanguage":"pl-PL","@id":"https:\/\/sklep.nowymodel.org\/?product=komoda-ripple-3#primaryimage","url":"https:\/\/sklep.nowymodel.org\/wp-content\/uploads\/2023\/03\/4-6.jpg","contentUrl":"https:\/\/sklep.nowymodel.org\/wp-content\/uploads\/2023\/03\/4-6.jpg","width":1080,"height":1080,"caption":"ripple"},{"@type":"BreadcrumbList","@id":"https:\/\/sklep.nowymodel.org\/?product=komoda-ripple-3#breadcrumb","itemListElement":[{"@type":"ListItem","position":1,"name":"Strona g\u0142\u00f3wna","item":"https:\/\/sklep.nowymodel.org\/"},{"@type":"ListItem","position":2,"name":"Sklep","item":"https:\/\/sklep.nowymodel.org\/?page_id=7"},{"@type":"ListItem","position":3,"name":"Komoda Ripple"}]},{"@type":"WebSite","@id":"https:\/\/sklep.nowymodel.org\/#website","url":"https:\/\/sklep.nowymodel.org\/","name":"sklep.nowymodel","description":"Sklep.nowymodel- sklep z designem","potentialAction":[{"@type":"SearchAction","target":{"@type":"EntryPoint","urlTemplate":"https:\/\/sklep.nowymodel.org\/?s={search_term_string}"},"query-input":{"@type":"PropertyValueSpecification","valueRequired":true,"valueName":"search_term_string"}}],"inLanguage":"pl-PL"}]}},"_links":{"self":[{"href":"https:\/\/sklep.nowymodel.org\/index.php?rest_route=\/wp\/v2\/product\/5301","targetHints":{"allow":["GET"]}}],"collection":[{"href":"https:\/\/sklep.nowymodel.org\/index.php?rest_route=\/wp\/v2\/product"}],"about":[{"href":"https:\/\/sklep.nowymodel.org\/index.php?rest_route=\/wp\/v2\/types\/product"}],"wp:featuredmedia":[{"embeddable":true,"href":"https:\/\/sklep.nowymodel.org\/index.php?rest_route=\/wp\/v2\/media\/4414"}],"wp:attachment":[{"href":"https:\/\/sklep.nowymodel.org\/index.php?rest_route=%2Fwp%2Fv2%2Fmedia&parent=5301"}],"wp:term":[{"taxonomy":"product_brand","embeddable":true,"href":"https:\/\/sklep.nowymodel.org\/index.php?rest_route=%2Fwp%2Fv2%2Fproduct_brand&post=5301"},{"taxonomy":"product_cat","embeddable":true,"href":"https:\/\/sklep.nowymodel.org\/index.php?rest_route=%2Fwp%2Fv2%2Fproduct_cat&post=5301"},{"taxonomy":"product_tag","embeddable":true,"href":"https:\/\/sklep.nowymodel.org\/index.php?rest_route=%2Fwp%2Fv2%2Fproduct_tag&post=5301"}],"curies":[{"name":"wp","href":"https:\/\/api.w.org\/{rel}","templated":true}]}}