{"id":5021,"date":"2023-03-28T14:53:15","date_gmt":"2023-03-28T12:53:15","guid":{"rendered":"https:\/\/sklep.nowymodel.org\/?post_type=product&#038;p=5021"},"modified":"2023-10-04T18:17:34","modified_gmt":"2023-10-04T16:17:34","slug":"regal-forest-2","status":"publish","type":"product","link":"https:\/\/sklep.nowymodel.org\/?product=regal-forest-2","title":{"rendered":"Rega\u0142 Forest"},"content":{"rendered":"<p>[et_pb_section fb_built=&#8221;1&#8243; _builder_version=&#8221;4.20.2&#8243; _module_preset=&#8221;default&#8221; module_alignment=&#8221;left&#8221; custom_margin=&#8221;-54px|||||&#8221; custom_padding=&#8221;6px||4px|||&#8221; global_colors_info=&#8221;{}&#8221;][et_pb_row _builder_version=&#8221;4.20.2&#8243; _module_preset=&#8221;default&#8221; width=&#8221;100%&#8221; module_alignment=&#8221;left&#8221; min_height=&#8221;133px&#8221; custom_margin=&#8221;-57px|auto||auto||&#8221; custom_padding=&#8221;7px||3px|||&#8221; global_colors_info=&#8221;{}&#8221;][et_pb_column type=&#8221;4_4&#8243; _builder_version=&#8221;4.20.2&#8243; _module_preset=&#8221;default&#8221; global_colors_info=&#8221;{}&#8221;][et_pb_wc_breadcrumb breadcrumb_separator=&#8221;>&#8221; _builder_version=&#8221;4.20.2&#8243; body_font=&#8221;|300||on|||||&#8221; body_text_color=&#8221;#808080&#8243; body_font_size=&#8221;14px&#8221; body_line_height=&#8221;1em&#8221; module_alignment=&#8221;left&#8221; custom_margin=&#8221;-25px|||0px|false|false&#8221; custom_padding=&#8221;|||0px|false|false&#8221; custom_padding_tablet=&#8221;|||64px|false|false&#8221; custom_padding_phone=&#8221;|||33px|false|false&#8221; custom_padding_last_edited=&#8221;on|phone&#8221; locked=&#8221;off&#8221; global_colors_info=&#8221;{}&#8221;][\/et_pb_wc_breadcrumb][\/et_pb_column][\/et_pb_row][\/et_pb_section][et_pb_section fb_built=&#8221;1&#8243; _builder_version=&#8221;4.20.2&#8243; _module_preset=&#8221;default&#8221; custom_padding=&#8221;4px||7px|||&#8221; global_colors_info=&#8221;{}&#8221;][et_pb_row column_structure=&#8221;3_5,2_5&#8243; _builder_version=&#8221;4.20.2&#8243; _module_preset=&#8221;default&#8221; custom_margin=&#8221;||20px||false|false&#8221; custom_padding=&#8221;0px||2px|||&#8221; global_colors_info=&#8221;{}&#8221;][et_pb_column type=&#8221;3_5&#8243; _builder_version=&#8221;4.20.2&#8243; _module_preset=&#8221;default&#8221; global_colors_info=&#8221;{}&#8221;][et_pb_wc_gallery _builder_version=&#8221;4.20.2&#8243; _module_preset=&#8221;default&#8221; custom_margin=&#8221;0px||||false|false&#8221; custom_padding=&#8221;0px||55px||false|false&#8221; global_colors_info=&#8221;{}&#8221;][\/et_pb_wc_gallery][\/et_pb_column][et_pb_column type=&#8221;2_5&#8243; _builder_version=&#8221;4.20.2&#8243; _module_preset=&#8221;default&#8221; global_colors_info=&#8221;{}&#8221;][et_pb_wc_title _builder_version=&#8221;4.20.2&#8243; _module_preset=&#8221;default&#8221; header_font=&#8221;|||on|||||&#8221; header_text_align=&#8221;left&#8221; header_text_color=&#8221;#404040&#8243; header_font_size=&#8221;45px&#8221; module_alignment=&#8221;center&#8221; min_height=&#8221;65px&#8221; custom_margin=&#8221;-15px||0px||false|false&#8221; custom_padding=&#8221;1px||0px|||&#8221; global_colors_info=&#8221;{}&#8221;][\/et_pb_wc_title][et_pb_wc_description _builder_version=&#8221;4.20.2&#8243; _module_preset=&#8221;default&#8221; body_font=&#8221;|300||||on|||&#8221; module_alignment=&#8221;left&#8221; min_height=&#8221;26px&#8221; custom_margin=&#8221;1px|||||&#8221; custom_padding=&#8221;0px||0px|||&#8221; global_colors_info=&#8221;{}&#8221;][\/et_pb_wc_description][et_pb_wc_price _builder_version=&#8221;4.20.2&#8243; _module_preset=&#8221;default&#8221; body_font=&#8221;|300||||on|||&#8221; body_text_color=&#8221;#404040&#8243; body_font_size=&#8221;35px&#8221; text_orientation=&#8221;left&#8221; custom_margin=&#8221;40px||40px||true|false&#8221; global_colors_info=&#8221;{}&#8221;][\/et_pb_wc_price][et_pb_wc_add_to_cart show_quantity=&#8221;off&#8221; _builder_version=&#8221;4.20.2&#8243; _module_preset=&#8221;default&#8221; custom_margin=&#8221;50px|||||&#8221; global_colors_info=&#8221;{}&#8221;][\/et_pb_wc_add_to_cart][et_pb_text _builder_version=&#8221;4.20.2&#8243; _module_preset=&#8221;default&#8221; text_font=&#8221;Titillium Web|300||on|||||&#8221; text_text_color=&#8221;#404040&#8243; text_font_size=&#8221;13px&#8221; module_alignment=&#8221;left&#8221; custom_margin=&#8221;40px||40px||true|false&#8221; border_color_all=&#8221;#808080&#8243; locked=&#8221;off&#8221; global_colors_info=&#8221;{}&#8221;]<\/p>\n<ul>\n<li class=\"tw-data-text tw-text-large tw-ta\" data-placeholder=\"T\u0142umaczenie\" id=\"tw-target-text\" dir=\"ltr\"><span class=\"Y2IQFc\" lang=\"pl\">Wyko\u0144czenie mo\u017cna dostosowa\u0107 na \u017cyczenie<\/span><\/li>\n<li class=\"tw-data-text tw-text-large tw-ta\" data-placeholder=\"T\u0142umaczenie\" dir=\"ltr\"><span class=\"Y2IQFc\" lang=\"pl\">Szacowany czas produkcji: ok 3 tygodnie<\/span><\/li>\n<\/ul>\n<p>[\/et_pb_text][\/et_pb_column][\/et_pb_row][et_pb_row column_structure=&#8221;3_5,2_5&#8243; _builder_version=&#8221;4.20.2&#8243; _module_preset=&#8221;default&#8221; custom_padding=&#8221;0px||0px||true|&#8221; global_colors_info=&#8221;{}&#8221;][et_pb_column type=&#8221;3_5&#8243; _builder_version=&#8221;4.20.2&#8243; _module_preset=&#8221;default&#8221; global_colors_info=&#8221;{}&#8221;][et_pb_wc_description description_type=&#8221;description&#8221; _builder_version=&#8221;4.20.2&#8243; _module_preset=&#8221;default&#8221; body_font_size=&#8221;16px&#8221; text_orientation=&#8221;justified&#8221; border_color_all=&#8221;#BFBFBF&#8221; global_colors_info=&#8221;{}&#8221;][\/et_pb_wc_description][\/et_pb_column][et_pb_column type=&#8221;2_5&#8243; _builder_version=&#8221;4.20.2&#8243; _module_preset=&#8221;default&#8221; global_colors_info=&#8221;{}&#8221;][et_pb_divider show_divider=&#8221;off&#8221; _builder_version=&#8221;4.20.2&#8243; _module_preset=&#8221;default&#8221; min_height=&#8221;54px&#8221; custom_margin=&#8221;||-1px|||&#8221; global_colors_info=&#8221;{}&#8221;][\/et_pb_divider][et_pb_button button_url=&#8221;https:\/\/sklep.nowymodel.org\/wp-content\/uploads\/2023\/10\/forest_karta_tech.pdf&#8221; url_new_window=&#8221;on&#8221; button_text=&#8221;\ud83d\udcc4 KARTA TECH. &#8221; button_alignment=&#8221;center&#8221; _builder_version=&#8221;4.20.2&#8243; _module_preset=&#8221;default&#8221; custom_button=&#8221;on&#8221; button_border_width=&#8221;1px&#8221; button_letter_spacing=&#8221;1px&#8221; button_font=&#8221;||||||||&#8221; custom_padding=&#8221;|22px||12px|false|false&#8221; animation_style=&#8221;fade&#8221; locked=&#8221;off&#8221; global_colors_info=&#8221;{}&#8221;][\/et_pb_button][et_pb_button button_url=&#8221;https:\/\/sklep.nowymodel.org\/wp-content\/uploads\/2023\/03\/Katalog-NM-2022-PL-1.pdf&#8221; url_new_window=&#8221;on&#8221; button_text=&#8221;\ud83d\udcc4 KATALOG &#8221; button_alignment=&#8221;center&#8221; _builder_version=&#8221;4.20.2&#8243; _module_preset=&#8221;default&#8221; custom_button=&#8221;on&#8221; button_font=&#8221;||||||||&#8221; custom_margin=&#8221;4px||4px||true|false&#8221; custom_padding=&#8221;|35px||35px|false|true&#8221; animation_style=&#8221;fade&#8221; global_colors_info=&#8221;{}&#8221;][\/et_pb_button][\/et_pb_column][\/et_pb_row][et_pb_row _builder_version=&#8221;4.20.2&#8243; _module_preset=&#8221;default&#8221; global_colors_info=&#8221;{}&#8221;][et_pb_column type=&#8221;4_4&#8243; _builder_version=&#8221;4.20.2&#8243; _module_preset=&#8221;default&#8221; global_colors_info=&#8221;{}&#8221;][et_pb_divider divider_position=&#8221;center&#8221; _builder_version=&#8221;4.20.2&#8243; _module_preset=&#8221;default&#8221; module_alignment=&#8221;center&#8221; custom_margin=&#8221;5px||5px||true|false&#8221; global_colors_info=&#8221;{}&#8221;][\/et_pb_divider][\/et_pb_column][\/et_pb_row][\/et_pb_section][et_pb_section fb_built=&#8221;1&#8243; _builder_version=&#8221;4.20.2&#8243; _module_preset=&#8221;default&#8221; custom_padding=&#8221;3px||4px|||&#8221; global_colors_info=&#8221;{}&#8221;][et_pb_row column_structure=&#8221;1_3,1_3,1_3&#8243; _builder_version=&#8221;4.20.2&#8243; _module_preset=&#8221;default&#8221; module_alignment=&#8221;center&#8221; min_height=&#8221;150.6px&#8221; custom_margin=&#8221;0px|auto|0px|0px|true|false&#8221; custom_padding=&#8221;4px||0px|0px|false|false&#8221; locked=&#8221;off&#8221; global_colors_info=&#8221;{}&#8221;][et_pb_column type=&#8221;1_3&#8243; _builder_version=&#8221;4.20.2&#8243; _module_preset=&#8221;default&#8221; custom_padding=&#8221;|0px||0px|false|true&#8221; global_colors_info=&#8221;{}&#8221;][\/et_pb_column][et_pb_column type=&#8221;1_3&#8243; _builder_version=&#8221;4.20.2&#8243; _module_preset=&#8221;default&#8221; global_colors_info=&#8221;{}&#8221;][et_pb_text _builder_version=&#8221;4.20.2&#8243; _module_preset=&#8221;default&#8221; text_font=&#8221;|||on|||||&#8221; text_font_size=&#8221;35px&#8221; text_line_height=&#8221;1.8em&#8221; text_orientation=&#8221;center&#8221; global_colors_info=&#8221;{}&#8221;]<\/p>\n<p>Projektant<\/p>\n<p>[\/et_pb_text][et_pb_team_member image_url=&#8221;https:\/\/sklep.nowymodel.org\/wp-content\/uploads\/2023\/03\/grajkowski.png&#8221; icon_color=&#8221;RGBA(255,255,255,0)&#8221; _builder_version=&#8221;4.20.2&#8243; _module_preset=&#8221;default&#8221; width=&#8221;100%&#8221; module_alignment=&#8221;center&#8221; min_height=&#8221;100px&#8221; custom_padding=&#8221;|0px||0px|false|false&#8221; child_filter_saturate=&#8221;0%&#8221; border_radii_image=&#8221;on|200px|200px|200px|200px&#8221; border_width_all_image=&#8221;1px&#8221; border_color_all_image=&#8221;#404040&#8243; locked=&#8221;off&#8221; global_colors_info=&#8221;{}&#8221;][\/et_pb_team_member][et_pb_text _builder_version=&#8221;4.20.2&#8243; _module_preset=&#8221;default&#8221; text_font=&#8221;||||||||&#8221; text_text_color=&#8221;#808080&#8243; text_font_size=&#8221;15px&#8221; text_orientation=&#8221;center&#8221; module_alignment=&#8221;center&#8221; custom_margin=&#8221;20px||20px|0px|true|false&#8221; custom_padding=&#8221;0px|0px||0px|false|true&#8221; global_colors_info=&#8221;{}&#8221;]<\/p>\n<h2>RONEN KADUSHIN<\/h2>\n<section class=\"related products\"><\/section>\n<p>[\/et_pb_text][\/et_pb_column][et_pb_column type=&#8221;1_3&#8243; _builder_version=&#8221;4.20.2&#8243; _module_preset=&#8221;default&#8221; global_colors_info=&#8221;{}&#8221;][\/et_pb_column][\/et_pb_row][et_pb_row column_structure=&#8221;1_2,1_2&#8243; _builder_version=&#8221;4.20.2&#8243; _module_preset=&#8221;default&#8221; custom_padding=&#8221;2px||2px||true|&#8221; global_colors_info=&#8221;{}&#8221;][et_pb_column type=&#8221;1_2&#8243; _builder_version=&#8221;4.20.2&#8243; _module_preset=&#8221;default&#8221; global_colors_info=&#8221;{}&#8221;][et_pb_text _builder_version=&#8221;4.20.2&#8243; _module_preset=&#8221;default&#8221; text_font=&#8221;||||||||&#8221; text_orientation=&#8221;justified&#8221; custom_margin=&#8221;||35px|||&#8221; global_colors_info=&#8221;{}&#8221;]<\/p>\n<section class=\"author__container\">\n<div class=\"author__summary\">\n<div class=\"author__desc\">Ronen Kadushin (ur. 1964) jest izraelskim projektantem i edukatorem projektowania mieszkaj\u0105cym w Berlinie od 2005 roku. Od 1993 roku prowadzi\u0142 kursy projektowania mebli i kreatywno\u015bci projektowej w wiod\u0105cych izraelskich i europejskich akademiach projektowania. W 2004 roku Kadushin opracowa\u0142 koncepcj\u0119 Open Design, w kt\u00f3rej jego produkty mo\u017cna pobiera\u0107, kopiowa\u0107, modyfikowa\u0107 i wytwarza\u0107, podobnie jak w przypadku oprogramowania Open Source. W oparciu o t\u0119 koncepcj\u0119 za\u0142o\u017cy\u0142 Open Design, firm\u0119 projektowo-produkcyjn\u0105 zajmuj\u0105c\u0105 si\u0119 meblami, o\u015bwietleniem i akcesoriami, kt\u00f3re s\u0105 produkowane w Berlinie i sprzedawane w Europie i USA.\u00a0<span><\/span><\/div>\n<\/div>\n<\/section>\n<p>[\/et_pb_text][\/et_pb_column][et_pb_column type=&#8221;1_2&#8243; _builder_version=&#8221;4.20.2&#8243; _module_preset=&#8221;default&#8221; global_colors_info=&#8221;{}&#8221;][et_pb_text _builder_version=&#8221;4.20.2&#8243; _module_preset=&#8221;default&#8221; text_orientation=&#8221;justified&#8221; min_height=&#8221;227.3px&#8221; custom_margin=&#8221;||35px|||&#8221; global_colors_info=&#8221;{}&#8221;]<\/p>\n<section class=\"author__container\">Produkty Open Design s\u0105 regularnie prezentowane na wystawach indywidualnych i zbiorowych na ca\u0142ym \u015bwiecie oraz publikowane w literaturze fachowej.<\/section>\n<section class=\"author__container\">\n<div class=\"author__summary\">\n<div class=\"author__desc\">Kadushin jest konsultantem kreatywnym w zakresie marketingu i strategii marki, prowadzi kursy Open design na uniwersytetach oraz wyst\u0119puje na konferencjach. W 2019 roku za\u0142o\u017cy\u0142 mark\u0119 i kolekcj\u0119 FIT Furniture. Jest autorem Manifestu Otwartego Projektowania.<\/div>\n<\/div>\n<\/section>\n<p>[\/et_pb_text][\/et_pb_column][\/et_pb_row][et_pb_row _builder_version=&#8221;4.20.2&#8243; _module_preset=&#8221;default&#8221; custom_margin=&#8221;|auto|-16px|auto||&#8221; global_colors_info=&#8221;{}&#8221;][et_pb_column type=&#8221;4_4&#8243; _builder_version=&#8221;4.20.2&#8243; _module_preset=&#8221;default&#8221; global_colors_info=&#8221;{}&#8221;][et_pb_divider divider_position=&#8221;center&#8221; _builder_version=&#8221;4.20.2&#8243; _module_preset=&#8221;default&#8221; module_alignment=&#8221;center&#8221; custom_margin=&#8221;5px||5px||true|false&#8221; global_colors_info=&#8221;{}&#8221;][\/et_pb_divider][\/et_pb_column][\/et_pb_row][\/et_pb_section][et_pb_section fb_built=&#8221;1&#8243; _builder_version=&#8221;4.20.2&#8243; _module_preset=&#8221;default&#8221; custom_padding=&#8221;0px||5px|||&#8221; global_colors_info=&#8221;{}&#8221;][et_pb_row _builder_version=&#8221;4.20.2&#8243; _module_preset=&#8221;default&#8221; custom_padding=&#8221;3px||0px|||&#8221; global_colors_info=&#8221;{}&#8221;][et_pb_column type=&#8221;4_4&#8243; _builder_version=&#8221;4.20.2&#8243; _module_preset=&#8221;default&#8221; global_colors_info=&#8221;{}&#8221;][et_pb_wc_related_products posts_number=&#8221;5&#8243; columns_number=&#8221;5&#8243; include_categories=&#8221;486&#8243; icon_hover_color=&#8221;#333333&#8243; hover_overlay_color=&#8221;RGBA(64,64,64,0.69)&#8221; hover_icon=&#8221;&#xf06e;||fa||400&#8243; show_price=&#8221;off&#8221; show_rating=&#8221;off&#8221; show_sale_badge=&#8221;off&#8221; _builder_version=&#8221;4.20.2&#8243; _module_preset=&#8221;default&#8221; title_font_size=&#8221;30px&#8221; product_title_text_align=&#8221;center&#8221; product_title_font_size=&#8221;16px&#8221; global_colors_info=&#8221;{}&#8221;][\/et_pb_wc_related_products][\/et_pb_column][\/et_pb_row][\/et_pb_section]<\/p>\n","protected":false},"excerpt":{"rendered":"<p>Ronen Kadushin<\/p>\n","protected":false},"featured_media":4586,"template":"","meta":{"_et_pb_use_builder":"on","_et_pb_old_content":"<h1><span style=\"font-weight: 400\">REGA\u0141 FOREST<\/span><\/h1>\r\n<span style=\"font-weight: 400\">Rega\u0142 Forest to model inspirowany klasyczn\u0105 kultur\u0105 japo\u0144sk\u0105. Jego niezwykle czysta forma wyr\u00f3\u017cnia si\u0119 prostot\u0105, lekko\u015bci\u0105 i naturaln\u0105 elegancj\u0105. Ta wytrzyma\u0142a p\u00f3\u0142ka ze sklejki brzozowej sk\u0142ada si\u0119 z poziomych p\u00f3\u0142ek i pionowych kolumn schodkowych, kt\u00f3re \u0142atwo i intuicyjnie \u0142\u0105cz\u0105 si\u0119 ze sob\u0105. Sprytny i prosty monta\u017c nie wymaga narz\u0119dzi, \u015brub ani po\u0142\u0105cze\u0144 klejowych, dzi\u0119ki czemu mebel mo\u017cna wielokrotnie demontowa\u0107 i ponownie zamontowa\u0107.\u00a0<\/span>\r\n\r\n<span style=\"font-weight: 400\">Wyj\u0105tkowy rega\u0142 Forest sprawdzi si\u0119 doskonale jako uzupe\u0142nienie aran\u017cacji pokoju dziennego, gabinetu czy przestrzeni publicznej. Mo\u017cna go idealnie dopasowa\u0107 do potrzeb danego wn\u0119trza, wybieraj\u0105c jeden z trzech dost\u0119pnych rozmiar\u00f3w. Ponadto warto podkre\u015bli\u0107, \u017ce rega\u0142 jest wykonywany w r\u00f3\u017cnych rodzajach wyko\u0144czenia pod wzgl\u0119dem zastosowanych materia\u0142\u00f3w (bia\u0142a melamina, lakierowana brzoza, olejowany formir d\u0119bowy).\u00a0\u00a0\u00a0\u00a0<\/span>","_et_gb_content_width":""},"product_brand":[],"product_cat":[15,484],"product_tag":[455,350,23,556],"class_list":{"0":"post-5021","1":"product","2":"type-product","3":"status-publish","4":"has-post-thumbnail","6":"product_cat-meble","7":"product_cat-wspolczesny-design","8":"product_tag-cyryl-zakrzewski","9":"product_tag-hand-made","10":"product_tag-regal","11":"product_tag-wspolczesny-design","13":"first","14":"instock","15":"taxable","16":"shipping-taxable","17":"purchasable","18":"product-type-variable"},"yoast_head":"<!-- This site is optimized with the Yoast SEO plugin v27.6 - https:\/\/yoast.com\/product\/yoast-seo-wordpress\/ -->\n<title>Rega\u0142 Forest - sklep.nowymodel<\/title>\n<meta name=\"description\" content=\"Rega\u0142 Forest to model inspirowany klasyczn\u0105 kultur\u0105 japo\u0144sk\u0105. Jego niezwykle czysta forma wyr\u00f3\u017cnia si\u0119 prostot\u0105, lekko\u015bci\u0105 i naturaln\u0105 elegancj\u0105.\" \/>\n<meta name=\"robots\" content=\"index, follow, max-snippet:-1, max-image-preview:large, max-video-preview:-1\" \/>\n<link rel=\"canonical\" href=\"https:\/\/sklep.nowymodel.org\/?product=regal-forest-2\" \/>\n<meta property=\"og:locale\" content=\"pl_PL\" \/>\n<meta property=\"og:type\" content=\"article\" \/>\n<meta property=\"og:title\" content=\"Rega\u0142 Forest - sklep.nowymodel\" \/>\n<meta property=\"og:description\" content=\"Rega\u0142 Forest to model inspirowany klasyczn\u0105 kultur\u0105 japo\u0144sk\u0105. Jego niezwykle czysta forma wyr\u00f3\u017cnia si\u0119 prostot\u0105, lekko\u015bci\u0105 i naturaln\u0105 elegancj\u0105.\" \/>\n<meta property=\"og:url\" content=\"https:\/\/sklep.nowymodel.org\/?product=regal-forest-2\" \/>\n<meta property=\"og:site_name\" content=\"sklep.nowymodel\" \/>\n<meta property=\"article:modified_time\" content=\"2023-10-04T16:17:34+00:00\" \/>\n<meta property=\"og:image\" content=\"https:\/\/sklep.nowymodel.org\/wp-content\/uploads\/2023\/03\/FIT_Furniture-Forest_Shelf-Ronen_Kadushin.jpg\" \/>\n\t<meta property=\"og:image:width\" content=\"1000\" \/>\n\t<meta property=\"og:image:height\" content=\"1000\" \/>\n\t<meta property=\"og:image:type\" content=\"image\/jpeg\" \/>\n<meta name=\"twitter:card\" content=\"summary_large_image\" \/>\n<meta name=\"twitter:label1\" content=\"Szacowany czas czytania\" \/>\n\t<meta name=\"twitter:data1\" content=\"3 minuty\" \/>\n<script type=\"application\/ld+json\" class=\"yoast-schema-graph\">{\"@context\":\"https:\\\/\\\/schema.org\",\"@graph\":[{\"@type\":\"WebPage\",\"@id\":\"https:\\\/\\\/sklep.nowymodel.org\\\/?product=regal-forest-2\",\"url\":\"https:\\\/\\\/sklep.nowymodel.org\\\/?product=regal-forest-2\",\"name\":\"Rega\u0142 Forest - sklep.nowymodel\",\"isPartOf\":{\"@id\":\"https:\\\/\\\/sklep.nowymodel.org\\\/#website\"},\"primaryImageOfPage\":{\"@id\":\"https:\\\/\\\/sklep.nowymodel.org\\\/?product=regal-forest-2#primaryimage\"},\"image\":{\"@id\":\"https:\\\/\\\/sklep.nowymodel.org\\\/?product=regal-forest-2#primaryimage\"},\"thumbnailUrl\":\"https:\\\/\\\/sklep.nowymodel.org\\\/wp-content\\\/uploads\\\/2023\\\/03\\\/FIT_Furniture-Forest_Shelf-Ronen_Kadushin.jpg\",\"datePublished\":\"2023-03-28T12:53:15+00:00\",\"dateModified\":\"2023-10-04T16:17:34+00:00\",\"description\":\"Rega\u0142 Forest to model inspirowany klasyczn\u0105 kultur\u0105 japo\u0144sk\u0105. Jego niezwykle czysta forma wyr\u00f3\u017cnia si\u0119 prostot\u0105, lekko\u015bci\u0105 i naturaln\u0105 elegancj\u0105.\",\"breadcrumb\":{\"@id\":\"https:\\\/\\\/sklep.nowymodel.org\\\/?product=regal-forest-2#breadcrumb\"},\"inLanguage\":\"pl-PL\",\"potentialAction\":[{\"@type\":\"ReadAction\",\"target\":[\"https:\\\/\\\/sklep.nowymodel.org\\\/?product=regal-forest-2\"]}]},{\"@type\":\"ImageObject\",\"inLanguage\":\"pl-PL\",\"@id\":\"https:\\\/\\\/sklep.nowymodel.org\\\/?product=regal-forest-2#primaryimage\",\"url\":\"https:\\\/\\\/sklep.nowymodel.org\\\/wp-content\\\/uploads\\\/2023\\\/03\\\/FIT_Furniture-Forest_Shelf-Ronen_Kadushin.jpg\",\"contentUrl\":\"https:\\\/\\\/sklep.nowymodel.org\\\/wp-content\\\/uploads\\\/2023\\\/03\\\/FIT_Furniture-Forest_Shelf-Ronen_Kadushin.jpg\",\"width\":1000,\"height\":1000},{\"@type\":\"BreadcrumbList\",\"@id\":\"https:\\\/\\\/sklep.nowymodel.org\\\/?product=regal-forest-2#breadcrumb\",\"itemListElement\":[{\"@type\":\"ListItem\",\"position\":1,\"name\":\"Strona g\u0142\u00f3wna\",\"item\":\"https:\\\/\\\/sklep.nowymodel.org\\\/\"},{\"@type\":\"ListItem\",\"position\":2,\"name\":\"Sklep\",\"item\":\"https:\\\/\\\/sklep.nowymodel.org\\\/?page_id=7\"},{\"@type\":\"ListItem\",\"position\":3,\"name\":\"Rega\u0142 Forest\"}]},{\"@type\":\"WebSite\",\"@id\":\"https:\\\/\\\/sklep.nowymodel.org\\\/#website\",\"url\":\"https:\\\/\\\/sklep.nowymodel.org\\\/\",\"name\":\"sklep.nowymodel\",\"description\":\"Sklep.nowymodel- sklep z designem\",\"potentialAction\":[{\"@type\":\"SearchAction\",\"target\":{\"@type\":\"EntryPoint\",\"urlTemplate\":\"https:\\\/\\\/sklep.nowymodel.org\\\/?s={search_term_string}\"},\"query-input\":{\"@type\":\"PropertyValueSpecification\",\"valueRequired\":true,\"valueName\":\"search_term_string\"}}],\"inLanguage\":\"pl-PL\"}]}<\/script>\n<!-- \/ Yoast SEO plugin. -->","yoast_head_json":{"title":"Rega\u0142 Forest - sklep.nowymodel","description":"Rega\u0142 Forest to model inspirowany klasyczn\u0105 kultur\u0105 japo\u0144sk\u0105. Jego niezwykle czysta forma wyr\u00f3\u017cnia si\u0119 prostot\u0105, lekko\u015bci\u0105 i naturaln\u0105 elegancj\u0105.","robots":{"index":"index","follow":"follow","max-snippet":"max-snippet:-1","max-image-preview":"max-image-preview:large","max-video-preview":"max-video-preview:-1"},"canonical":"https:\/\/sklep.nowymodel.org\/?product=regal-forest-2","og_locale":"pl_PL","og_type":"article","og_title":"Rega\u0142 Forest - sklep.nowymodel","og_description":"Rega\u0142 Forest to model inspirowany klasyczn\u0105 kultur\u0105 japo\u0144sk\u0105. Jego niezwykle czysta forma wyr\u00f3\u017cnia si\u0119 prostot\u0105, lekko\u015bci\u0105 i naturaln\u0105 elegancj\u0105.","og_url":"https:\/\/sklep.nowymodel.org\/?product=regal-forest-2","og_site_name":"sklep.nowymodel","article_modified_time":"2023-10-04T16:17:34+00:00","og_image":[{"width":1000,"height":1000,"url":"https:\/\/sklep.nowymodel.org\/wp-content\/uploads\/2023\/03\/FIT_Furniture-Forest_Shelf-Ronen_Kadushin.jpg","type":"image\/jpeg"}],"twitter_card":"summary_large_image","twitter_misc":{"Szacowany czas czytania":"3 minuty"},"schema":{"@context":"https:\/\/schema.org","@graph":[{"@type":"WebPage","@id":"https:\/\/sklep.nowymodel.org\/?product=regal-forest-2","url":"https:\/\/sklep.nowymodel.org\/?product=regal-forest-2","name":"Rega\u0142 Forest - sklep.nowymodel","isPartOf":{"@id":"https:\/\/sklep.nowymodel.org\/#website"},"primaryImageOfPage":{"@id":"https:\/\/sklep.nowymodel.org\/?product=regal-forest-2#primaryimage"},"image":{"@id":"https:\/\/sklep.nowymodel.org\/?product=regal-forest-2#primaryimage"},"thumbnailUrl":"https:\/\/sklep.nowymodel.org\/wp-content\/uploads\/2023\/03\/FIT_Furniture-Forest_Shelf-Ronen_Kadushin.jpg","datePublished":"2023-03-28T12:53:15+00:00","dateModified":"2023-10-04T16:17:34+00:00","description":"Rega\u0142 Forest to model inspirowany klasyczn\u0105 kultur\u0105 japo\u0144sk\u0105. Jego niezwykle czysta forma wyr\u00f3\u017cnia si\u0119 prostot\u0105, lekko\u015bci\u0105 i naturaln\u0105 elegancj\u0105.","breadcrumb":{"@id":"https:\/\/sklep.nowymodel.org\/?product=regal-forest-2#breadcrumb"},"inLanguage":"pl-PL","potentialAction":[{"@type":"ReadAction","target":["https:\/\/sklep.nowymodel.org\/?product=regal-forest-2"]}]},{"@type":"ImageObject","inLanguage":"pl-PL","@id":"https:\/\/sklep.nowymodel.org\/?product=regal-forest-2#primaryimage","url":"https:\/\/sklep.nowymodel.org\/wp-content\/uploads\/2023\/03\/FIT_Furniture-Forest_Shelf-Ronen_Kadushin.jpg","contentUrl":"https:\/\/sklep.nowymodel.org\/wp-content\/uploads\/2023\/03\/FIT_Furniture-Forest_Shelf-Ronen_Kadushin.jpg","width":1000,"height":1000},{"@type":"BreadcrumbList","@id":"https:\/\/sklep.nowymodel.org\/?product=regal-forest-2#breadcrumb","itemListElement":[{"@type":"ListItem","position":1,"name":"Strona g\u0142\u00f3wna","item":"https:\/\/sklep.nowymodel.org\/"},{"@type":"ListItem","position":2,"name":"Sklep","item":"https:\/\/sklep.nowymodel.org\/?page_id=7"},{"@type":"ListItem","position":3,"name":"Rega\u0142 Forest"}]},{"@type":"WebSite","@id":"https:\/\/sklep.nowymodel.org\/#website","url":"https:\/\/sklep.nowymodel.org\/","name":"sklep.nowymodel","description":"Sklep.nowymodel- sklep z designem","potentialAction":[{"@type":"SearchAction","target":{"@type":"EntryPoint","urlTemplate":"https:\/\/sklep.nowymodel.org\/?s={search_term_string}"},"query-input":{"@type":"PropertyValueSpecification","valueRequired":true,"valueName":"search_term_string"}}],"inLanguage":"pl-PL"}]}},"_links":{"self":[{"href":"https:\/\/sklep.nowymodel.org\/index.php?rest_route=\/wp\/v2\/product\/5021","targetHints":{"allow":["GET"]}}],"collection":[{"href":"https:\/\/sklep.nowymodel.org\/index.php?rest_route=\/wp\/v2\/product"}],"about":[{"href":"https:\/\/sklep.nowymodel.org\/index.php?rest_route=\/wp\/v2\/types\/product"}],"wp:featuredmedia":[{"embeddable":true,"href":"https:\/\/sklep.nowymodel.org\/index.php?rest_route=\/wp\/v2\/media\/4586"}],"wp:attachment":[{"href":"https:\/\/sklep.nowymodel.org\/index.php?rest_route=%2Fwp%2Fv2%2Fmedia&parent=5021"}],"wp:term":[{"taxonomy":"product_brand","embeddable":true,"href":"https:\/\/sklep.nowymodel.org\/index.php?rest_route=%2Fwp%2Fv2%2Fproduct_brand&post=5021"},{"taxonomy":"product_cat","embeddable":true,"href":"https:\/\/sklep.nowymodel.org\/index.php?rest_route=%2Fwp%2Fv2%2Fproduct_cat&post=5021"},{"taxonomy":"product_tag","embeddable":true,"href":"https:\/\/sklep.nowymodel.org\/index.php?rest_route=%2Fwp%2Fv2%2Fproduct_tag&post=5021"}],"curies":[{"name":"wp","href":"https:\/\/api.w.org\/{rel}","templated":true}]}}