{"id":5008,"date":"2023-03-28T13:51:26","date_gmt":"2023-03-28T11:51:26","guid":{"rendered":"https:\/\/sklep.nowymodel.org\/?post_type=product&#038;p=5008"},"modified":"2023-10-03T14:11:45","modified_gmt":"2023-10-03T12:11:45","slug":"wieszak-tree-3","status":"publish","type":"product","link":"https:\/\/sklep.nowymodel.org\/?product=wieszak-tree-3","title":{"rendered":"Wieszak stoj\u0105cy Tree"},"content":{"rendered":"<p>[et_pb_section fb_built=&#8221;1&#8243; _builder_version=&#8221;4.20.2&#8243; _module_preset=&#8221;default&#8221; module_alignment=&#8221;left&#8221; custom_margin=&#8221;-54px|||||&#8221; custom_padding=&#8221;6px||4px|||&#8221; global_colors_info=&#8221;{}&#8221;][et_pb_row _builder_version=&#8221;4.20.2&#8243; _module_preset=&#8221;default&#8221; width=&#8221;100%&#8221; module_alignment=&#8221;left&#8221; min_height=&#8221;133px&#8221; custom_margin=&#8221;-57px|auto||auto||&#8221; custom_padding=&#8221;7px||3px|||&#8221; global_colors_info=&#8221;{}&#8221;][et_pb_column type=&#8221;4_4&#8243; _builder_version=&#8221;4.20.2&#8243; _module_preset=&#8221;default&#8221; global_colors_info=&#8221;{}&#8221;][et_pb_wc_breadcrumb breadcrumb_separator=&#8221;>&#8221; _builder_version=&#8221;4.20.2&#8243; body_font=&#8221;|300||on|||||&#8221; body_text_color=&#8221;#808080&#8243; body_font_size=&#8221;14px&#8221; body_line_height=&#8221;1em&#8221; module_alignment=&#8221;left&#8221; custom_margin=&#8221;-25px|||0px|false|false&#8221; custom_padding=&#8221;|||0px|false|false&#8221; custom_padding_tablet=&#8221;|||64px|false|false&#8221; custom_padding_phone=&#8221;|||33px|false|false&#8221; custom_padding_last_edited=&#8221;on|phone&#8221; locked=&#8221;off&#8221; global_colors_info=&#8221;{}&#8221;][\/et_pb_wc_breadcrumb][\/et_pb_column][\/et_pb_row][\/et_pb_section][et_pb_section fb_built=&#8221;1&#8243; _builder_version=&#8221;4.20.2&#8243; _module_preset=&#8221;default&#8221; custom_padding=&#8221;4px||7px|||&#8221; global_colors_info=&#8221;{}&#8221;][et_pb_row column_structure=&#8221;3_5,2_5&#8243; _builder_version=&#8221;4.20.2&#8243; _module_preset=&#8221;default&#8221; min_height=&#8221;645.5px&#8221; custom_margin=&#8221;||20px||false|false&#8221; custom_padding=&#8221;0px||2px|||&#8221; global_colors_info=&#8221;{}&#8221;][et_pb_column type=&#8221;3_5&#8243; _builder_version=&#8221;4.20.2&#8243; _module_preset=&#8221;default&#8221; global_colors_info=&#8221;{}&#8221;][et_pb_wc_gallery _builder_version=&#8221;4.20.2&#8243; _module_preset=&#8221;default&#8221; custom_margin=&#8221;0px||||false|false&#8221; custom_padding=&#8221;0px||55px||false|false&#8221; global_colors_info=&#8221;{}&#8221;][\/et_pb_wc_gallery][\/et_pb_column][et_pb_column type=&#8221;2_5&#8243; _builder_version=&#8221;4.20.2&#8243; _module_preset=&#8221;default&#8221; global_colors_info=&#8221;{}&#8221;][et_pb_wc_title _builder_version=&#8221;4.20.2&#8243; _module_preset=&#8221;default&#8221; header_font=&#8221;|||on|||||&#8221; header_text_align=&#8221;left&#8221; header_text_color=&#8221;#404040&#8243; header_font_size=&#8221;35px&#8221; module_alignment=&#8221;center&#8221; min_height=&#8221;43px&#8221; custom_margin=&#8221;-10px||0px||false|false&#8221; custom_padding=&#8221;0px||1px|0px|false|false&#8221; global_colors_info=&#8221;{}&#8221;][\/et_pb_wc_title][et_pb_wc_description _builder_version=&#8221;4.20.2&#8243; _module_preset=&#8221;default&#8221; body_font=&#8221;|300||||on|||&#8221; module_alignment=&#8221;left&#8221; min_height=&#8221;22px&#8221; custom_margin=&#8221;1px|||||&#8221; custom_padding=&#8221;0px||0px|||&#8221; global_colors_info=&#8221;{}&#8221;][\/et_pb_wc_description][et_pb_wc_price _builder_version=&#8221;4.20.2&#8243; _module_preset=&#8221;default&#8221; body_font=&#8221;|300||||on|||&#8221; body_text_color=&#8221;#404040&#8243; body_font_size=&#8221;35px&#8221; text_orientation=&#8221;left&#8221; custom_margin=&#8221;40px||40px||true|false&#8221; global_colors_info=&#8221;{}&#8221;][\/et_pb_wc_price][et_pb_text _builder_version=&#8221;4.20.2&#8243; _module_preset=&#8221;default&#8221; text_font=&#8221;|300||on|||||&#8221; text_text_color=&#8221;#404040&#8243; module_alignment=&#8221;left&#8221; custom_margin=&#8221;40px||40px||true|false&#8221; border_color_all=&#8221;#808080&#8243; global_colors_info=&#8221;{}&#8221;]<\/p>\n<p>MATERIA\u0141:<br \/>SKLEJKA BRZOZOWA<\/p>\n<p>[\/et_pb_text][et_pb_wc_add_to_cart show_quantity=&#8221;off&#8221; _builder_version=&#8221;4.20.2&#8243; _module_preset=&#8221;default&#8221; global_colors_info=&#8221;{}&#8221;][\/et_pb_wc_add_to_cart][et_pb_text _builder_version=&#8221;4.20.2&#8243; _module_preset=&#8221;default&#8221; text_font=&#8221;Titillium Web|300||on|||||&#8221; text_text_color=&#8221;#404040&#8243; text_font_size=&#8221;13px&#8221; module_alignment=&#8221;left&#8221; custom_margin=&#8221;40px||40px||true|false&#8221; border_color_all=&#8221;#808080&#8243; locked=&#8221;off&#8221; global_colors_info=&#8221;{}&#8221;]<\/p>\n<ul>\n<li class=\"tw-data-text tw-text-large tw-ta\" data-placeholder=\"T\u0142umaczenie\" id=\"tw-target-text\" dir=\"ltr\"><span class=\"Y2IQFc\" lang=\"pl\">Wyko\u0144czenie mo\u017cna dostosowa\u0107 na \u017cyczenie<\/span><\/li>\n<li class=\"tw-data-text tw-text-large tw-ta\" data-placeholder=\"T\u0142umaczenie\" dir=\"ltr\"><span class=\"Y2IQFc\" lang=\"pl\">Szacowany czas produkcji: ok 3 tygodnie<\/span><\/li>\n<\/ul>\n<p>[\/et_pb_text][\/et_pb_column][\/et_pb_row][et_pb_row column_structure=&#8221;3_5,2_5&#8243; _builder_version=&#8221;4.20.2&#8243; _module_preset=&#8221;default&#8221; custom_padding=&#8221;0px||0px||true|&#8221; global_colors_info=&#8221;{}&#8221;][et_pb_column type=&#8221;3_5&#8243; _builder_version=&#8221;4.20.2&#8243; _module_preset=&#8221;default&#8221; global_colors_info=&#8221;{}&#8221;][et_pb_wc_description description_type=&#8221;description&#8221; _builder_version=&#8221;4.20.2&#8243; _module_preset=&#8221;default&#8221; text_orientation=&#8221;justified&#8221; border_color_all=&#8221;#BFBFBF&#8221; global_colors_info=&#8221;{}&#8221;][\/et_pb_wc_description][\/et_pb_column][et_pb_column type=&#8221;2_5&#8243; _builder_version=&#8221;4.20.2&#8243; _module_preset=&#8221;default&#8221; global_colors_info=&#8221;{}&#8221;][et_pb_divider show_divider=&#8221;off&#8221; _builder_version=&#8221;4.20.2&#8243; _module_preset=&#8221;default&#8221; min_height=&#8221;62px&#8221; custom_padding=&#8221;||0px|||&#8221; global_colors_info=&#8221;{}&#8221;][\/et_pb_divider][et_pb_button button_url=&#8221;https:\/\/nowymodel.org\/wp-content\/uploads\/2022\/04\/wieszak_tree_karta-tech.pdf&#8221; button_text=&#8221;\ud83d\udcc4  KARTA TECH. &#8221; button_alignment=&#8221;center&#8221; _builder_version=&#8221;4.20.2&#8243; _module_preset=&#8221;default&#8221; custom_button=&#8221;on&#8221; button_border_width=&#8221;1px&#8221; button_letter_spacing=&#8221;1px&#8221; button_font=&#8221;||||||||&#8221; button_icon=&#8221;&#x22;||divi||400&#8243; animation_style=&#8221;fade&#8221; global_colors_info=&#8221;{}&#8221;][\/et_pb_button][et_pb_button button_url=&#8221;https:\/\/sklep.nowymodel.org\/wp-content\/uploads\/2023\/03\/Katalog-NM-2022-PL-1.pdf&#8221; button_text=&#8221;\ud83d\udcc4  KATALOG&#8221; button_alignment=&#8221;center&#8221; _builder_version=&#8221;4.20.2&#8243; _module_preset=&#8221;default&#8221; custom_button=&#8221;on&#8221; button_font=&#8221;||||||||&#8221; button_icon=&#8221;&#x22;||divi||400&#8243; custom_margin=&#8221;20px||20px||true|false&#8221; custom_padding=&#8221;|34px||34px|false|true&#8221; animation_style=&#8221;fade&#8221; global_colors_info=&#8221;{}&#8221;][\/et_pb_button][\/et_pb_column][\/et_pb_row][et_pb_row _builder_version=&#8221;4.20.2&#8243; _module_preset=&#8221;default&#8221; global_colors_info=&#8221;{}&#8221;][et_pb_column type=&#8221;4_4&#8243; _builder_version=&#8221;4.20.2&#8243; _module_preset=&#8221;default&#8221; global_colors_info=&#8221;{}&#8221;][et_pb_divider divider_position=&#8221;center&#8221; _builder_version=&#8221;4.20.2&#8243; _module_preset=&#8221;default&#8221; module_alignment=&#8221;center&#8221; custom_margin=&#8221;5px||5px||true|false&#8221; global_colors_info=&#8221;{}&#8221;][\/et_pb_divider][\/et_pb_column][\/et_pb_row][\/et_pb_section][et_pb_section fb_built=&#8221;1&#8243; _builder_version=&#8221;4.20.2&#8243; _module_preset=&#8221;default&#8221; custom_padding=&#8221;3px||4px|||&#8221; global_colors_info=&#8221;{}&#8221;][et_pb_row column_structure=&#8221;1_3,1_3,1_3&#8243; _builder_version=&#8221;4.20.2&#8243; _module_preset=&#8221;default&#8221; module_alignment=&#8221;center&#8221; min_height=&#8221;182.6px&#8221; custom_margin=&#8221;0px|auto|0px|0px|true|false&#8221; custom_padding=&#8221;4px||35px|0px|false|false&#8221; locked=&#8221;off&#8221; global_colors_info=&#8221;{}&#8221;][et_pb_column type=&#8221;1_3&#8243; _builder_version=&#8221;4.20.2&#8243; _module_preset=&#8221;default&#8221; custom_padding=&#8221;|0px||0px|false|true&#8221; global_colors_info=&#8221;{}&#8221;][\/et_pb_column][et_pb_column type=&#8221;1_3&#8243; _builder_version=&#8221;4.20.2&#8243; _module_preset=&#8221;default&#8221; global_colors_info=&#8221;{}&#8221;][et_pb_text _builder_version=&#8221;4.20.2&#8243; _module_preset=&#8221;default&#8221; text_font=&#8221;|||on|||||&#8221; text_font_size=&#8221;35px&#8221; text_line_height=&#8221;1.8em&#8221; text_orientation=&#8221;center&#8221; global_colors_info=&#8221;{}&#8221;]<\/p>\n<p>Projektant<\/p>\n<p>[\/et_pb_text][et_pb_team_member image_url=&#8221;https:\/\/sklep.nowymodel.org\/wp-content\/uploads\/2023\/03\/dumin.png&#8221; icon_color=&#8221;RGBA(255,255,255,0)&#8221; _builder_version=&#8221;4.20.2&#8243; _module_preset=&#8221;default&#8221; width=&#8221;100%&#8221; module_alignment=&#8221;center&#8221; custom_padding=&#8221;|0px||0px|false|false&#8221; child_filter_saturate=&#8221;0%&#8221; border_radii_image=&#8221;on|200px|200px|200px|200px&#8221; border_width_all_image=&#8221;1px&#8221; border_color_all_image=&#8221;#404040&#8243; locked=&#8221;off&#8221; global_colors_info=&#8221;{}&#8221;][\/et_pb_team_member][et_pb_text _builder_version=&#8221;4.20.2&#8243; _module_preset=&#8221;default&#8221; text_font=&#8221;||||||||&#8221; text_text_color=&#8221;#808080&#8243; text_font_size=&#8221;15px&#8221; text_orientation=&#8221;center&#8221; module_alignment=&#8221;center&#8221; custom_margin=&#8221;20px||20px|0px|true|false&#8221; custom_padding=&#8221;0px|0px||0px|false|true&#8221; global_colors_info=&#8221;{}&#8221;]<\/p>\n<h2>MIHAU DUMIN<\/h2>\n<p><span>\u201eStaram si\u0119 robi\u0107 nietypowe rzeczy. Nie\u00a0chc\u0119 powiela\u0107 pomys\u0142\u00f3w, kt\u00f3re ju\u017c by\u0142y, dlatego z\u00a0uwag\u0105 \u015bledz\u0119 innych projektant\u00f3w, aby nie\u00a0robi\u0107 tego samego co\u00a0oni. Ceni\u0119 sobie unikatowo\u015b\u0107.\u201d<\/span><\/p>\n<p>[\/et_pb_text][\/et_pb_column][et_pb_column type=&#8221;1_3&#8243; _builder_version=&#8221;4.20.2&#8243; _module_preset=&#8221;default&#8221; global_colors_info=&#8221;{}&#8221;][\/et_pb_column][\/et_pb_row][et_pb_row column_structure=&#8221;1_2,1_2&#8243; _builder_version=&#8221;4.20.2&#8243; _module_preset=&#8221;default&#8221; custom_padding=&#8221;2px||2px||true|&#8221; global_colors_info=&#8221;{}&#8221;][et_pb_column type=&#8221;1_2&#8243; _builder_version=&#8221;4.20.2&#8243; _module_preset=&#8221;default&#8221; global_colors_info=&#8221;{}&#8221;][et_pb_text _builder_version=&#8221;4.20.2&#8243; _module_preset=&#8221;default&#8221; text_font=&#8221;||||||||&#8221; global_colors_info=&#8221;{}&#8221;]<\/p>\n<p style=\"text-align: justify;\"><span>Absolwent kierunku Wzornictwo na\u00a0Uniwersytecie Artystycznym w\u00a0Poznaniu. Wsp\u00f3\u0142pracuje ze\u00a0zleceniodawcami zar\u00f3wno w\u00a0sferze tworzenia form wzorniczych jak i\u00a0szeroko poj\u0119tego brandingu czy\u00a0grafiki.<\/span><\/p>\n<p>[\/et_pb_text][\/et_pb_column][et_pb_column type=&#8221;1_2&#8243; _builder_version=&#8221;4.20.2&#8243; _module_preset=&#8221;default&#8221; global_colors_info=&#8221;{}&#8221;][et_pb_text _builder_version=&#8221;4.20.2&#8243; _module_preset=&#8221;default&#8221; text_orientation=&#8221;justified&#8221; global_colors_info=&#8221;{}&#8221;]<\/p>\n<p><span>W\u00a0jego niezale\u017cnych projektach zauwa\u017cy\u0107 mo\u017cna siln\u0105 inspiracj\u0119 elementami natury. Formy jakie prezentuje w\u00a0swoich pracach s\u0105\u00a0zarazem wyraziste i\u00a0proste, cechuje je\u00a0modu\u0142owo\u015b\u0107 i\u00a0wielofuknkcyjno\u015b\u0107. Stworzone przez\u00a0Mihaua meble sprawdz\u0105 si\u0119 w\u00a0zar\u00f3wno w\u00a0ma\u0142ych jak i\u00a0w\u00a0du\u017cych pomieszczeniach, kt\u00f3rym\u00a0nadadz\u0105 ciekawego charakteru.<\/span><\/p>\n<p>[\/et_pb_text][\/et_pb_column][\/et_pb_row][et_pb_row _builder_version=&#8221;4.20.2&#8243; _module_preset=&#8221;default&#8221; global_colors_info=&#8221;{}&#8221;][et_pb_column type=&#8221;4_4&#8243; _builder_version=&#8221;4.20.2&#8243; _module_preset=&#8221;default&#8221; global_colors_info=&#8221;{}&#8221;][et_pb_image src=&#8221;https:\/\/sklep.nowymodel.org\/wp-content\/uploads\/2023\/03\/6-2.jpg&#8221; alt=&#8221;DUMIN&#8221; title_text=&#8221;DUMIN&#8221; _builder_version=&#8221;4.20.2&#8243; _module_preset=&#8221;default&#8221; global_colors_info=&#8221;{}&#8221;][\/et_pb_image][\/et_pb_column][\/et_pb_row][et_pb_row _builder_version=&#8221;4.20.2&#8243; _module_preset=&#8221;default&#8221; custom_margin=&#8221;|auto|-16px|auto||&#8221; global_colors_info=&#8221;{}&#8221;][et_pb_column type=&#8221;4_4&#8243; _builder_version=&#8221;4.20.2&#8243; _module_preset=&#8221;default&#8221; global_colors_info=&#8221;{}&#8221;][et_pb_divider divider_position=&#8221;center&#8221; _builder_version=&#8221;4.20.2&#8243; _module_preset=&#8221;default&#8221; module_alignment=&#8221;center&#8221; custom_margin=&#8221;5px||5px||true|false&#8221; global_colors_info=&#8221;{}&#8221;][\/et_pb_divider][\/et_pb_column][\/et_pb_row][\/et_pb_section][et_pb_section fb_built=&#8221;1&#8243; _builder_version=&#8221;4.20.2&#8243; _module_preset=&#8221;default&#8221; custom_padding=&#8221;0px||5px|||&#8221; global_colors_info=&#8221;{}&#8221;][et_pb_row _builder_version=&#8221;4.20.2&#8243; _module_preset=&#8221;default&#8221; custom_padding=&#8221;3px||0px|||&#8221; global_colors_info=&#8221;{}&#8221;][et_pb_column type=&#8221;4_4&#8243; _builder_version=&#8221;4.20.2&#8243; _module_preset=&#8221;default&#8221; global_colors_info=&#8221;{}&#8221;][et_pb_wc_related_products posts_number=&#8221;5&#8243; columns_number=&#8221;5&#8243; include_categories=&#8221;484&#8243; icon_hover_color=&#8221;#333333&#8243; hover_overlay_color=&#8221;RGBA(64,64,64,0.69)&#8221; hover_icon=&#8221;&#xf06e;||fa||400&#8243; show_price=&#8221;off&#8221; show_rating=&#8221;off&#8221; show_sale_badge=&#8221;off&#8221; _builder_version=&#8221;4.20.2&#8243; _module_preset=&#8221;default&#8221; title_font_size=&#8221;30px&#8221; product_title_text_align=&#8221;center&#8221; product_title_font_size=&#8221;16px&#8221; global_colors_info=&#8221;{}&#8221;][\/et_pb_wc_related_products][\/et_pb_column][\/et_pb_row][\/et_pb_section]<\/p>\n","protected":false},"excerpt":{"rendered":"<p>Micha\u0142 Dumin<\/p>\n","protected":false},"featured_media":4470,"template":"","meta":{"_et_pb_use_builder":"on","_et_pb_old_content":"<h1><span style=\"font-weight: 400\">WIESZAK TREE<\/span><\/h1>\r\n<span style=\"font-weight: 400\">Wieszak na ubrania to zwykle niepozorny element wyposa\u017cenia wn\u0119trz. Jednak obok projektu m\u0142odego pozna\u0144skiego artysty, malarza i projektanta Micha\u0142a Dumina trudno przej\u015b\u0107 oboj\u0119tnie. Jest to prosty, a jednocze\u015bnie intryguj\u0105cy obiekt. Organiczna, faluj\u0105ca linia, nawi\u0105zuj\u0105ca kszta\u0142tem do drzewa w naturalny spos\u00f3b \u0142\u0105czy funkcjonalno\u015b\u0107 i estetyk\u0119.\u00a0<\/span>\r\n\r\n<span style=\"font-weight: 400\">Je\u015bli nie wykorzystujemy prezentowanego modelu jako wieszaka, pe\u0142ni on funkcj\u0119 dekoracyjn\u0105. Mo\u017cna go wyeksponowa\u0107 jak teatraln\u0105 dekoracj\u0119 lub schowa\u0107 pod ubraniami. Uporz\u0105dkowana asymetria stoj\u0105cego wieszaka Tree o\u017cywi pomieszczenie urz\u0105dzone tradycyjnie, nie zak\u0142\u00f3caj\u0105c jego harmonii, a zarazem daj\u0105c szerokie pole do popisu osobom lubi\u0105cym eksperymentowa\u0107. Wieszaki wykonujemy z naturalnej sklejki li\u015bciastej lakierowanej w kolorze naturalnym albo melaminowanej na bia\u0142o. Istnieje mo\u017cliwo\u015b\u0107 wybrania innego koloru sklejki na specjalne zam\u00f3wienie.<\/span>","_et_gb_content_width":""},"product_brand":[],"product_cat":[15,484],"product_tag":[350,514,346,556],"class_list":{"0":"post-5008","1":"product","2":"type-product","3":"status-publish","4":"has-post-thumbnail","6":"product_cat-meble","7":"product_cat-wspolczesny-design","8":"product_tag-hand-made","9":"product_tag-mihau-dumin","10":"product_tag-wieszak","11":"product_tag-wspolczesny-design","12":"product_shipping_class-standard_2_1_tree_koziolki","14":"first","15":"instock","16":"taxable","17":"shipping-taxable","18":"purchasable","19":"product-type-simple"},"yoast_head":"<!-- This site is optimized with the Yoast SEO plugin v27.3 - https:\/\/yoast.com\/product\/yoast-seo-wordpress\/ -->\n<title>Wieszak stoj\u0105cy Tree - sklep.nowymodel<\/title>\n<meta name=\"description\" content=\"Wieszak Tree to prosty, a jednocze\u015bnie intryguj\u0105cy obiekt. Organiczna, faluj\u0105ca linia, nawi\u0105zuj\u0105ca kszta\u0142tem do drzewa \u0142\u0105czy funkcjonalno\u015b\u0107 i estetyk\u0119.\u00a0\" \/>\n<meta name=\"robots\" content=\"index, follow, max-snippet:-1, max-image-preview:large, max-video-preview:-1\" \/>\n<link rel=\"canonical\" href=\"https:\/\/sklep.nowymodel.org\/?product=wieszak-tree-3\" \/>\n<meta property=\"og:locale\" content=\"pl_PL\" \/>\n<meta property=\"og:type\" content=\"article\" \/>\n<meta property=\"og:title\" content=\"Wieszak stoj\u0105cy Tree - sklep.nowymodel\" \/>\n<meta property=\"og:description\" content=\"Wieszak Tree to prosty, a jednocze\u015bnie intryguj\u0105cy obiekt. Organiczna, faluj\u0105ca linia, nawi\u0105zuj\u0105ca kszta\u0142tem do drzewa \u0142\u0105czy funkcjonalno\u015b\u0107 i estetyk\u0119.\u00a0\" \/>\n<meta property=\"og:url\" content=\"https:\/\/sklep.nowymodel.org\/?product=wieszak-tree-3\" \/>\n<meta property=\"og:site_name\" content=\"sklep.nowymodel\" \/>\n<meta property=\"article:modified_time\" content=\"2023-10-03T12:11:45+00:00\" \/>\n<meta property=\"og:image\" content=\"https:\/\/sklep.nowymodel.org\/wp-content\/uploads\/2023\/03\/4-14.jpg\" \/>\n\t<meta property=\"og:image:width\" content=\"1080\" \/>\n\t<meta property=\"og:image:height\" content=\"1080\" \/>\n\t<meta property=\"og:image:type\" content=\"image\/jpeg\" \/>\n<meta name=\"twitter:card\" content=\"summary_large_image\" \/>\n<meta name=\"twitter:label1\" content=\"Szacowany czas czytania\" \/>\n\t<meta name=\"twitter:data1\" content=\"3 minuty\" \/>\n<script type=\"application\/ld+json\" class=\"yoast-schema-graph\">{\"@context\":\"https:\\\/\\\/schema.org\",\"@graph\":[{\"@type\":\"WebPage\",\"@id\":\"https:\\\/\\\/sklep.nowymodel.org\\\/?product=wieszak-tree-3\",\"url\":\"https:\\\/\\\/sklep.nowymodel.org\\\/?product=wieszak-tree-3\",\"name\":\"Wieszak stoj\u0105cy Tree - sklep.nowymodel\",\"isPartOf\":{\"@id\":\"https:\\\/\\\/sklep.nowymodel.org\\\/#website\"},\"primaryImageOfPage\":{\"@id\":\"https:\\\/\\\/sklep.nowymodel.org\\\/?product=wieszak-tree-3#primaryimage\"},\"image\":{\"@id\":\"https:\\\/\\\/sklep.nowymodel.org\\\/?product=wieszak-tree-3#primaryimage\"},\"thumbnailUrl\":\"https:\\\/\\\/sklep.nowymodel.org\\\/wp-content\\\/uploads\\\/2023\\\/03\\\/4-14.jpg\",\"datePublished\":\"2023-03-28T11:51:26+00:00\",\"dateModified\":\"2023-10-03T12:11:45+00:00\",\"description\":\"Wieszak Tree to prosty, a jednocze\u015bnie intryguj\u0105cy obiekt. Organiczna, faluj\u0105ca linia, nawi\u0105zuj\u0105ca kszta\u0142tem do drzewa \u0142\u0105czy funkcjonalno\u015b\u0107 i estetyk\u0119.\u00a0\",\"breadcrumb\":{\"@id\":\"https:\\\/\\\/sklep.nowymodel.org\\\/?product=wieszak-tree-3#breadcrumb\"},\"inLanguage\":\"pl-PL\",\"potentialAction\":[{\"@type\":\"ReadAction\",\"target\":[\"https:\\\/\\\/sklep.nowymodel.org\\\/?product=wieszak-tree-3\"]}]},{\"@type\":\"ImageObject\",\"inLanguage\":\"pl-PL\",\"@id\":\"https:\\\/\\\/sklep.nowymodel.org\\\/?product=wieszak-tree-3#primaryimage\",\"url\":\"https:\\\/\\\/sklep.nowymodel.org\\\/wp-content\\\/uploads\\\/2023\\\/03\\\/4-14.jpg\",\"contentUrl\":\"https:\\\/\\\/sklep.nowymodel.org\\\/wp-content\\\/uploads\\\/2023\\\/03\\\/4-14.jpg\",\"width\":1080,\"height\":1080,\"caption\":\"wieszak_tree\"},{\"@type\":\"BreadcrumbList\",\"@id\":\"https:\\\/\\\/sklep.nowymodel.org\\\/?product=wieszak-tree-3#breadcrumb\",\"itemListElement\":[{\"@type\":\"ListItem\",\"position\":1,\"name\":\"Strona g\u0142\u00f3wna\",\"item\":\"https:\\\/\\\/sklep.nowymodel.org\\\/\"},{\"@type\":\"ListItem\",\"position\":2,\"name\":\"Sklep\",\"item\":\"https:\\\/\\\/sklep.nowymodel.org\\\/?page_id=7\"},{\"@type\":\"ListItem\",\"position\":3,\"name\":\"Wieszak stoj\u0105cy Tree\"}]},{\"@type\":\"WebSite\",\"@id\":\"https:\\\/\\\/sklep.nowymodel.org\\\/#website\",\"url\":\"https:\\\/\\\/sklep.nowymodel.org\\\/\",\"name\":\"sklep.nowymodel\",\"description\":\"Sklep.nowymodel- sklep z designem\",\"potentialAction\":[{\"@type\":\"SearchAction\",\"target\":{\"@type\":\"EntryPoint\",\"urlTemplate\":\"https:\\\/\\\/sklep.nowymodel.org\\\/?s={search_term_string}\"},\"query-input\":{\"@type\":\"PropertyValueSpecification\",\"valueRequired\":true,\"valueName\":\"search_term_string\"}}],\"inLanguage\":\"pl-PL\"}]}<\/script>\n<!-- \/ Yoast SEO plugin. -->","yoast_head_json":{"title":"Wieszak stoj\u0105cy Tree - sklep.nowymodel","description":"Wieszak Tree to prosty, a jednocze\u015bnie intryguj\u0105cy obiekt. Organiczna, faluj\u0105ca linia, nawi\u0105zuj\u0105ca kszta\u0142tem do drzewa \u0142\u0105czy funkcjonalno\u015b\u0107 i estetyk\u0119.\u00a0","robots":{"index":"index","follow":"follow","max-snippet":"max-snippet:-1","max-image-preview":"max-image-preview:large","max-video-preview":"max-video-preview:-1"},"canonical":"https:\/\/sklep.nowymodel.org\/?product=wieszak-tree-3","og_locale":"pl_PL","og_type":"article","og_title":"Wieszak stoj\u0105cy Tree - sklep.nowymodel","og_description":"Wieszak Tree to prosty, a jednocze\u015bnie intryguj\u0105cy obiekt. Organiczna, faluj\u0105ca linia, nawi\u0105zuj\u0105ca kszta\u0142tem do drzewa \u0142\u0105czy funkcjonalno\u015b\u0107 i estetyk\u0119.\u00a0","og_url":"https:\/\/sklep.nowymodel.org\/?product=wieszak-tree-3","og_site_name":"sklep.nowymodel","article_modified_time":"2023-10-03T12:11:45+00:00","og_image":[{"width":1080,"height":1080,"url":"https:\/\/sklep.nowymodel.org\/wp-content\/uploads\/2023\/03\/4-14.jpg","type":"image\/jpeg"}],"twitter_card":"summary_large_image","twitter_misc":{"Szacowany czas czytania":"3 minuty"},"schema":{"@context":"https:\/\/schema.org","@graph":[{"@type":"WebPage","@id":"https:\/\/sklep.nowymodel.org\/?product=wieszak-tree-3","url":"https:\/\/sklep.nowymodel.org\/?product=wieszak-tree-3","name":"Wieszak stoj\u0105cy Tree - sklep.nowymodel","isPartOf":{"@id":"https:\/\/sklep.nowymodel.org\/#website"},"primaryImageOfPage":{"@id":"https:\/\/sklep.nowymodel.org\/?product=wieszak-tree-3#primaryimage"},"image":{"@id":"https:\/\/sklep.nowymodel.org\/?product=wieszak-tree-3#primaryimage"},"thumbnailUrl":"https:\/\/sklep.nowymodel.org\/wp-content\/uploads\/2023\/03\/4-14.jpg","datePublished":"2023-03-28T11:51:26+00:00","dateModified":"2023-10-03T12:11:45+00:00","description":"Wieszak Tree to prosty, a jednocze\u015bnie intryguj\u0105cy obiekt. Organiczna, faluj\u0105ca linia, nawi\u0105zuj\u0105ca kszta\u0142tem do drzewa \u0142\u0105czy funkcjonalno\u015b\u0107 i estetyk\u0119.\u00a0","breadcrumb":{"@id":"https:\/\/sklep.nowymodel.org\/?product=wieszak-tree-3#breadcrumb"},"inLanguage":"pl-PL","potentialAction":[{"@type":"ReadAction","target":["https:\/\/sklep.nowymodel.org\/?product=wieszak-tree-3"]}]},{"@type":"ImageObject","inLanguage":"pl-PL","@id":"https:\/\/sklep.nowymodel.org\/?product=wieszak-tree-3#primaryimage","url":"https:\/\/sklep.nowymodel.org\/wp-content\/uploads\/2023\/03\/4-14.jpg","contentUrl":"https:\/\/sklep.nowymodel.org\/wp-content\/uploads\/2023\/03\/4-14.jpg","width":1080,"height":1080,"caption":"wieszak_tree"},{"@type":"BreadcrumbList","@id":"https:\/\/sklep.nowymodel.org\/?product=wieszak-tree-3#breadcrumb","itemListElement":[{"@type":"ListItem","position":1,"name":"Strona g\u0142\u00f3wna","item":"https:\/\/sklep.nowymodel.org\/"},{"@type":"ListItem","position":2,"name":"Sklep","item":"https:\/\/sklep.nowymodel.org\/?page_id=7"},{"@type":"ListItem","position":3,"name":"Wieszak stoj\u0105cy Tree"}]},{"@type":"WebSite","@id":"https:\/\/sklep.nowymodel.org\/#website","url":"https:\/\/sklep.nowymodel.org\/","name":"sklep.nowymodel","description":"Sklep.nowymodel- sklep z designem","potentialAction":[{"@type":"SearchAction","target":{"@type":"EntryPoint","urlTemplate":"https:\/\/sklep.nowymodel.org\/?s={search_term_string}"},"query-input":{"@type":"PropertyValueSpecification","valueRequired":true,"valueName":"search_term_string"}}],"inLanguage":"pl-PL"}]}},"_links":{"self":[{"href":"https:\/\/sklep.nowymodel.org\/index.php?rest_route=\/wp\/v2\/product\/5008","targetHints":{"allow":["GET"]}}],"collection":[{"href":"https:\/\/sklep.nowymodel.org\/index.php?rest_route=\/wp\/v2\/product"}],"about":[{"href":"https:\/\/sklep.nowymodel.org\/index.php?rest_route=\/wp\/v2\/types\/product"}],"wp:featuredmedia":[{"embeddable":true,"href":"https:\/\/sklep.nowymodel.org\/index.php?rest_route=\/wp\/v2\/media\/4470"}],"wp:attachment":[{"href":"https:\/\/sklep.nowymodel.org\/index.php?rest_route=%2Fwp%2Fv2%2Fmedia&parent=5008"}],"wp:term":[{"taxonomy":"product_brand","embeddable":true,"href":"https:\/\/sklep.nowymodel.org\/index.php?rest_route=%2Fwp%2Fv2%2Fproduct_brand&post=5008"},{"taxonomy":"product_cat","embeddable":true,"href":"https:\/\/sklep.nowymodel.org\/index.php?rest_route=%2Fwp%2Fv2%2Fproduct_cat&post=5008"},{"taxonomy":"product_tag","embeddable":true,"href":"https:\/\/sklep.nowymodel.org\/index.php?rest_route=%2Fwp%2Fv2%2Fproduct_tag&post=5008"}],"curies":[{"name":"wp","href":"https:\/\/api.w.org\/{rel}","templated":true}]}}