{"id":4191,"date":"2022-08-19T11:21:31","date_gmt":"2022-08-19T09:21:31","guid":{"rendered":"https:\/\/sklep.nowymodel.org\/?post_type=product&#038;p=4191"},"modified":"2023-01-03T14:12:55","modified_gmt":"2023-01-03T13:12:55","slug":"olio-hieronim-niemczyk","status":"publish","type":"product","link":"https:\/\/sklep.nowymodel.org\/?product=olio-hieronim-niemczyk","title":{"rendered":"Nawadniacz ceramiczny OLIO- Hieronim Niemczyk"},"content":{"rendered":"<p>[et_pb_section fb_built=&#8221;1&#8243; _builder_version=&#8221;4.16&#8243; background_color=&#8221;#ffffff&#8221; custom_padding=&#8221;0px||||false|false&#8221; global_colors_info=&#8221;{}&#8221;][et_pb_row _builder_version=&#8221;4.16&#8243; background_size=&#8221;initial&#8221; background_position=&#8221;top_left&#8221; background_repeat=&#8221;repeat&#8221; width=&#8221;100%&#8221; max_width=&#8221;1602px&#8221; module_alignment=&#8221;center&#8221; custom_padding=&#8221;21px||0px||false|false&#8221; global_colors_info=&#8221;{}&#8221;][et_pb_column type=&#8221;4_4&#8243; _builder_version=&#8221;4.16&#8243; custom_padding=&#8221;|||&#8221; global_colors_info=&#8221;{}&#8221; custom_padding__hover=&#8221;|||&#8221;][et_pb_wc_breadcrumb _builder_version=&#8221;4.16&#8243; custom_padding=&#8221;|||89px|false|false&#8221; custom_padding_tablet=&#8221;|||64px|false|false&#8221; custom_padding_phone=&#8221;|||33px|false|false&#8221; custom_padding_last_edited=&#8221;on|phone&#8221; global_colors_info=&#8221;{}&#8221;][\/et_pb_wc_breadcrumb][et_pb_wc_cart_notice _builder_version=&#8221;4.17.4&#8243; title_font=&#8221;Comfortaa||||||||&#8221; title_text_color=&#8221;#FFFFFF&#8221; title_font_size=&#8221;20px&#8221; title_line_height=&#8221;1.6em&#8221; background_color=&#8221;#6490C1&#8243; body_font=&#8221;Arial|||on|||||&#8221; body_text_color=&#8221;#000000&#8243; body_font_size=&#8221;20px&#8221; body_line_height=&#8221;1.6em&#8221; global_colors_info=&#8221;{}&#8221;][\/et_pb_wc_cart_notice][\/et_pb_column][\/et_pb_row][et_pb_row column_structure=&#8221;3_4,1_4&#8243; use_custom_gutter=&#8221;on&#8221; gutter_width=&#8221;2&#8243; disabled_on=&#8221;off|off|off&#8221; _builder_version=&#8221;4.16&#8243; background_color=&#8221;rgba(0,0,0,0)&#8221; background_size=&#8221;initial&#8221; background_position=&#8221;top_left&#8221; background_repeat=&#8221;repeat&#8221; width=&#8221;86%&#8221; max_width=&#8221;1854px&#8221; module_alignment=&#8221;center&#8221; min_height=&#8221;738px&#8221; min_height_tablet=&#8221;&#8221; min_height_phone=&#8221;&#8221; min_height_last_edited=&#8221;on|phone&#8221; custom_margin=&#8221;-8px|auto||auto||&#8221; custom_padding=&#8221;|2px|0px||false|false&#8221; global_colors_info=&#8221;{}&#8221;][et_pb_column type=&#8221;3_4&#8243; _builder_version=&#8221;4.16&#8243; background_color=&#8221;#ffffff&#8221; custom_padding=&#8221;|||&#8221; global_colors_info=&#8221;{}&#8221; custom_padding__hover=&#8221;|||&#8221;][et_pb_wc_images show_product_image=&#8221;off&#8221; _builder_version=&#8221;4.16&#8243; _module_preset=&#8221;default&#8221; global_colors_info=&#8221;{}&#8221;][\/et_pb_wc_images][\/et_pb_column][et_pb_column type=&#8221;1_4&#8243; _builder_version=&#8221;4.16&#8243; background_color=&#8221;#ffffff&#8221; custom_padding=&#8221;40px||||false|false&#8221; custom_padding_tablet=&#8221;&#8221; custom_padding_phone=&#8221;0px||||false|false&#8221; custom_padding_last_edited=&#8221;on|phone&#8221; global_colors_info=&#8221;{}&#8221; custom_padding__hover=&#8221;|||&#8221;][et_pb_wc_title _builder_version=&#8221;4.16&#8243; _module_preset=&#8221;default&#8221; header_font=&#8221;|600||on|||||&#8221; header_text_align=&#8221;left&#8221; header_letter_spacing=&#8221;1px&#8221; header_line_height=&#8221;1.1em&#8221; custom_margin=&#8221;-27px|-47px||||&#8221; custom_margin_tablet=&#8221;&#8221; custom_margin_phone=&#8221;-2px|-47px|||false|false&#8221; custom_margin_last_edited=&#8221;on|tablet&#8221; custom_padding=&#8221;|0px||||&#8221; header_font_size_tablet=&#8221;&#8221; header_font_size_phone=&#8221;&#8221; header_font_size_last_edited=&#8221;on|desktop&#8221; global_colors_info=&#8221;{}&#8221;][\/et_pb_wc_title][et_pb_wc_description _builder_version=&#8221;4.16&#8243; _module_preset=&#8221;default&#8221; link_text_color=&#8221;#2b87da&#8221; custom_margin=&#8221;||||false|false&#8221; custom_margin_tablet=&#8221;&#8221; custom_margin_phone=&#8221;&#8221; custom_margin_last_edited=&#8221;on|phone&#8221; custom_padding=&#8221;||0px|||&#8221; global_colors_info=&#8221;{}&#8221;][\/et_pb_wc_description][et_pb_wc_price _builder_version=&#8221;4.16&#8243; _module_preset=&#8221;default&#8221; body_font=&#8221;|600|||||||&#8221; body_text_color=&#8221;#000000&#8243; body_font_size=&#8221;32px&#8221; locked=&#8221;off&#8221; global_colors_info=&#8221;{}&#8221;][\/et_pb_wc_price][et_pb_wc_add_to_cart show_stock=&#8221;off&#8221; _builder_version=&#8221;4.17.4&#8243; fields_custom_margin=&#8221;||||false|false&#8221; fields_custom_margin_tablet=&#8221;&#8221; fields_custom_margin_phone=&#8221;||||false|false&#8221; fields_custom_margin_last_edited=&#8221;on|phone&#8221; fields_custom_padding=&#8221;||||false|false&#8221; dropdown_menus_custom_margin=&#8221;|||-10px|false|false&#8221; dropdown_menus_custom_margin_tablet=&#8221;|115px||-8px|false|false&#8221; dropdown_menus_custom_margin_phone=&#8221;|-33px||-84px|false|false&#8221; dropdown_menus_custom_margin_last_edited=&#8221;on|phone&#8221; field_label_font=&#8221;|600|||||||&#8221; dropdown_menus_font=&#8221;|600|||||||&#8221; dropdown_menus_font_size=&#8221;13px&#8221; background_color=&#8221;rgba(0,0,0,0)&#8221; width_tablet=&#8221;87.1%&#8221; width_phone=&#8221;auto&#8221; width_last_edited=&#8221;on|desktop&#8221; custom_margin=&#8221;|-69px|||false|false&#8221; custom_margin_tablet=&#8221;||||false|false&#8221; custom_margin_phone=&#8221;&#8221; custom_margin_last_edited=&#8221;on|phone&#8221; custom_padding=&#8221;|||0px|false|false&#8221; button_text_size_tablet=&#8221;&#8221; button_text_size_phone=&#8221;14px&#8221; button_text_size_last_edited=&#8221;on|desktop&#8221; body_font=&#8221;|600|||||||&#8221; global_colors_info=&#8221;{}&#8221;][\/et_pb_wc_add_to_cart][et_pb_wc_meta show_categories=&#8221;off&#8221; _builder_version=&#8221;4.16&#8243; body_font=&#8221;||||||||&#8221; body_font_size=&#8221;13px&#8221; link_text_color=&#8221;#0c71c3&#8243; width_tablet=&#8221;&#8221; width_phone=&#8221;80%&#8221; width_last_edited=&#8221;on|phone&#8221; custom_margin=&#8221;-12px|-58px||||&#8221; custom_margin_tablet=&#8221;-17px||||false|false&#8221; custom_margin_phone=&#8221;-17px||||false|false&#8221; custom_margin_last_edited=&#8221;on|phone&#8221; global_colors_info=&#8221;{}&#8221;][\/et_pb_wc_meta][\/et_pb_column][\/et_pb_row][et_pb_row column_structure=&#8221;1_2,1_2&#8243; use_custom_gutter=&#8221;on&#8221; gutter_width=&#8221;2&#8243; _builder_version=&#8221;4.16&#8243; background_size=&#8221;initial&#8221; background_position=&#8221;top_left&#8221; background_repeat=&#8221;repeat&#8221; width=&#8221;86%&#8221; max_width=&#8221;1854px&#8221; module_alignment=&#8221;center&#8221; min_height=&#8221;553px&#8221; custom_padding=&#8221;||32px|||&#8221; global_colors_info=&#8221;{}&#8221;][et_pb_column type=&#8221;1_2&#8243; _builder_version=&#8221;4.16&#8243; custom_padding=&#8221;|||&#8221; global_colors_info=&#8221;{}&#8221; custom_padding__hover=&#8221;|||&#8221;][et_pb_wc_tabs include_tabs=&#8221;description|additional_information|&#8221; _builder_version=&#8221;4.16&#8243; global_colors_info=&#8221;{}&#8221;] [\/et_pb_wc_tabs][\/et_pb_column][et_pb_column type=&#8221;1_2&#8243; _builder_version=&#8221;4.16&#8243; custom_padding=&#8221;|||&#8221; global_colors_info=&#8221;{}&#8221; custom_padding__hover=&#8221;|||&#8221;][et_pb_team_member name=&#8221;Hieronim Niemczyk&#8221; _builder_version=&#8221;4.17.6&#8243; _module_preset=&#8221;default&#8221; border_radii_image=&#8221;on|200px|200px|200px|200px&#8221; border_width_all_image=&#8221;1px&#8221; border_color_all_image=&#8221;#8f8f8f&#8221; locked=&#8221;off&#8221; global_colors_info=&#8221;{}&#8221;][\/et_pb_team_member][et_pb_toggle title=&#8221;Czytaj wi\u0119cej&#8230;&#8221; icon_color=&#8221;#000000&#8243; open_icon_color=&#8221;#000000&#8243; _builder_version=&#8221;4.17.6&#8243; _module_preset=&#8221;default&#8221; body_font=&#8221;Comfortaa||||||||&#8221; background_color=&#8221;rgba(193,94,94,0.66)&#8221; border_width_all=&#8221;0px&#8221; border_color_all=&#8221;#000000&#8243; locked=&#8221;off&#8221; global_colors_info=&#8221;{}&#8221;]<\/p>\n<p>Hieronim Niemczyk &#8211;<\/p>\n<p>Urodzony we Wroc\u0142awiu 27. 04. 1977 roku..<\/p>\n<p>&#8222;Wiaderko z glin\u0105, jej dotyk i zapach, pierwszy bezkszta\u0142tna forma powsta\u0142a w wyniku \u015bci\u015bni\u0119cia jej d\u0142oni\u0105 &#8230; to by\u0142o TO co\u015b, co mnie wci\u0105gn\u0119\u0142o od samego pocz\u0105tku&#8221; .<br \/>Dzieci\u0119ca pasja, kt\u00f3ra przeradza si\u0119 w profesj\u0119. Dzi\u0119ki mojemu wujowi \u0141ukaszowi Rogi\u0144skiemu przygoda z glin\u0105 nabra\u0142a rozp\u0119du podczas wakacyjnych praktyk w czasie liceum. Toczenie na kole garncarskim, odlewanie r\u00f3\u017cnych wyrob\u00f3w z masy lejnej, wypa\u0142y w piecu na drewno odcisn\u0119\u0142y trwa\u0142e pi\u0119tno na mojej strukturze. Dalsze studia na wydziale ceramiki we Wroc\u0142awiu rozwin\u0119\u0142y we mnie wra\u017cliwo\u015b\u0107 artystyczn\u0105, a tak\u017ce pog\u0142\u0119bi\u0142y wiedz\u0119 techniczn\u0105. <br \/>Ju\u017c w trakcie studi\u00f3w rozpocz\u0105\u0142em prowadzenie w\u0142asnej pracowni, kt\u00f3ra sta\u0142a si\u0119 swoistym &#8222;undergroundem&#8221;, przychodzi\u0142o mn\u00f3stwo ludzi z pracowni innych wydzia\u0142\u00f3w wypala\u0107 swoje rze\u017aby, formy do rze\u017ab czy te\u017c snu\u0107 pomys\u0142y i marzenia. Pojawia\u0142o si\u0119 wielu klient\u00f3w, dzi\u0119ki organizowaniu cz\u0119sto nielegalnych stoisk na wroc\u0142awskich ulicach. Adiunkt Bo\u017cena Sacharczuk powiedzia\u0142a po latach: &#8221; dzi\u0119ki wyj\u015bciu na ulic\u0119 z ceramik\u0105, przywr\u00f3ci\u0142e\u015b jej \u017cycie i popularno\u015b\u0107, przypomnia\u0142e\u015b ludziom o niej, a nam artystom o jej pierwotnej funkcji-u\u017cytkowo\u015bci&#8221; <br \/>Uczestniczy\u0142em w wielu imprezach tematycznych na terenie ca\u0142ego kraju prowadz\u0105c autorskie stoiska oraz warsztaty ceramiczne. <br \/>Dyplom w pracowni ceramiki unikatowej prof. Przemys\u0142awa Lasaka pt: &#8222;System Binarny&#8221; oraz pracowni ceramiki u\u017cytkowej prof. Miros\u0142awa Koci\u0144skiego pt: &#8222;Zestaw instrument\u00f3w muzycznych udu i didgeridoo&#8221; w 2018 roku.<br \/>Obecnie zajmuj\u0119 si\u0119 projektem naczy\u0144 ogrodowych oraz instrument\u00f3w ceramicznych, jestem instruktorem ceramiki dla dzieci i m\u0142odzie\u017cy, hobbystycznie zajmuj\u0119 si\u0119 malarstwem oraz muzyk\u0105 .<\/p>\n<p>[\/et_pb_toggle][\/et_pb_column][\/et_pb_row][et_pb_row _builder_version=&#8221;4.16&#8243; _module_preset=&#8221;default&#8221; width=&#8221;86%&#8221; max_width=&#8221;1854px&#8221; custom_margin=&#8221;||||false|false&#8221; custom_margin_tablet=&#8221;25px||||false|false&#8221; custom_margin_phone=&#8221;&#8221; custom_margin_last_edited=&#8221;on|phone&#8221; locked=&#8221;off&#8221; global_colors_info=&#8221;{}&#8221;][et_pb_column type=&#8221;4_4&#8243; _builder_version=&#8221;4.16&#8243; _module_preset=&#8221;default&#8221; global_colors_info=&#8221;{}&#8221;][et_pb_wc_related_products orderby=&#8221;menu_order&#8221; sale_badge_color=&#8221;#f5df4d&#8221; _builder_version=&#8221;4.16&#8243; _module_preset=&#8221;default&#8221; title_font=&#8221;|||on|||||&#8221; product_title_font_size=&#8221;18px&#8221; price_line_height=&#8221;1em&#8221; sale_badge_font=&#8221;|||on|||||&#8221; sale_badge_text_color=&#8221;#000000&#8243; sale_badge_font_size=&#8221;13px&#8221; product_title_font_size_tablet=&#8221;&#8221; product_title_font_size_phone=&#8221;15px&#8221; product_title_font_size_last_edited=&#8221;on|phone&#8221; price_font_size_tablet=&#8221;&#8221; price_font_size_phone=&#8221;&#8221; price_font_size_last_edited=&#8221;on|desktop&#8221; sale_badge_font_size_tablet=&#8221;&#8221; sale_badge_font_size_phone=&#8221;9px&#8221; sale_badge_font_size_last_edited=&#8221;on|phone&#8221; global_colors_info=&#8221;{}&#8221;][\/et_pb_wc_related_products][et_pb_divider divider_style=&#8221;dashed&#8221; divider_weight=&#8221;2px&#8221; _builder_version=&#8221;4.16&#8243; _module_preset=&#8221;default&#8221; custom_margin=&#8221;-46px||||false|false&#8221; custom_margin_tablet=&#8221;&#8221; custom_margin_phone=&#8221;&#8221; custom_margin_last_edited=&#8221;on|phone&#8221; global_colors_info=&#8221;{}&#8221;][\/et_pb_divider][\/et_pb_column][\/et_pb_row][\/et_pb_section][et_pb_section fb_built=&#8221;1&#8243; fullwidth=&#8221;on&#8221; _builder_version=&#8221;4.16&#8243; _module_preset=&#8221;default&#8221; custom_margin=&#8221;-73px||||false|false&#8221; custom_margin_tablet=&#8221;&#8221; custom_margin_phone=&#8221;&#8221; custom_margin_last_edited=&#8221;on|phone&#8221; global_colors_info=&#8221;{}&#8221;][et_pb_fullwidth_post_slider posts_number=&#8221;4&#8243; more_text=&#8221;Czytaj dalej&#8230;&#8221; show_meta=&#8221;off&#8221; use_text_overlay=&#8221;on&#8221; _builder_version=&#8221;4.16&#8243; _module_preset=&#8221;default&#8221; auto=&#8221;on&#8221; auto_speed=&#8221;5000&#8243; global_colors_info=&#8221;{}&#8221;][\/et_pb_fullwidth_post_slider][\/et_pb_section]<\/p>\n","protected":false},"excerpt":{"rendered":"<p>Projektant: Hieronim Niemczyk<\/p>\n","protected":false},"featured_media":4200,"template":"","meta":{"_et_pb_use_builder":"on","_et_pb_old_content":"<h1 class=\"product_title entry-title\">Olio - Hieronim Niemczyk<\/h1>\r\n&nbsp;\r\n\r\n&nbsp;\r\n\r\n<strong>Projekt \"Olio\" jest odpowiedzi\u0105 na zapotrzebowanie oszcz\u0119dnego wykorzystywania wody w uprawie ro\u015blin. Naczynia tego typu znane s\u0105 od czas\u00f3w staro\u017cytnych, mia\u0142y one kszta\u0142t okr\u0105g\u0142ej butli z szyjk\u0105. By\u0142y wkopywane w ziemi\u0119 w obr\u0119bie systemu korzeniowego ro\u015blin i poprzez szyjk\u0119 wlewano w nie wod\u0119.<\/strong>\r\n\r\nGlina, z kt\u00f3rej powsta\u0142o naczynie przepuszcza w r\u00f3wnomierny i w powolny spos\u00f3b wod\u0119 i nawadnia ro\u015blin\u0119. Naczynia wg mojego projektu wykorzystuj\u0105 ten sam mechanizm. Wykonuj\u0119 je wg tych samych metod\u0105 jak staro\u017cytni, wypalaj\u0105c w temperaturze, kt\u00f3ra zapewni zar\u00f3wno przesi\u0105kliwo\u015b\u0107 czerepu naczynia jak i jego trwa\u0142o\u015b\u0107.\r\n\r\nWraz ze specjalistk\u0105 w dziedzinie ogrodnictwa Joann\u0105 Bilsk\u0105 ( \"Ogrodnicza obsesja\") przeprowadzili\u015bmy badanie na okre\u015blonej grupie naczy\u0144 w jej ogrodzie permakulturowym w roku 2020. Pokazuje ono, \u017ce zastosowanie naczy\u0144 mojej produkcji pozwoli\u0142o na oszcz\u0119dno\u015b\u0107 75% wody.\r\n<ul>\r\n \t<li>Mniejsze naczynia ( 0,5l-1,8l) cz\u0119\u015bciowo wkopane w donicach wystarczaj\u0105co dobrze utrzymuj\u0105 wilgo\u0107 ziemi i powietrza przy ro\u015blinie a jednocze\u015bnie s\u0105 dekoracj\u0105 wn\u0119trza czy tarasu.<\/li>\r\n \t<li>Wi\u0119ksze formy (3l-5l) s\u0105 przeznaczone do upraw ziemnych. Mo\u017cna je wkopa\u0107 troch\u0119 g\u0142\u0119biej, aby korzenie np. krzewu czy ozdobnej ro\u015bliny mog\u0142y czerpa\u0107 wi\u0119ksz\u0105 ilo\u015b\u0107 wilgoci. Do wi\u0119kszych OLIO wykona\u0142em przykrywki w celu ograniczenia parowania wody jak r\u00f3wnie\u017c zabezpieczenie przed dostaniem si\u0119 do \u015brodka niechcianych go\u015bci, owad\u00f3w, \u015blimak\u00f3w czy ma\u0142ych ptak\u00f3w i ssak\u00f3w.<\/li>\r\n<\/ul>\r\n&nbsp;\r\n\r\nSpos\u00f3b wykonania i wypalania naczy\u0144 OLIO zapewnia trwa\u0142e utrzymanie wilgotno\u015bci nawet podczas najwi\u0119kszych upa\u0142\u00f3w, wg moich obserwacji po zalaniu du\u017cego naczynia ziemia wok\u00f3\u0142 niego zachowuje wilgo\u0107 3-4 d\u0142u\u017cej ni\u017c po zwyk\u0142ym podlewaniu konewk\u0105 czy ze szlaufu. Podczas d\u0142ugotrwa\u0142ej suszy wa\u017cne jest to aby naczynie uzupe\u0142nia\u0107 najlepiej zebran\u0105 wcze\u015bniej deszcz\u00f3wk\u0105 b\u0105d\u017a wod\u0105 z innego \u017ar\u00f3d\u0142a. Przed por\u0105 deszczow\u0105 nie nale\u017cy zalewa\u0107 naczynia, podczas du\u017cych opad\u00f3w deszczu naczynia mog\u0105 przyj\u0105\u0107 nadmiar wody! Przed zim\u0105 nie zalewamy wod\u0105 ze wzgl\u0119du na mo\u017cliwo\u015b\u0107 uszkodzenia naczy\u0144 przez marzn\u0105c\u0105 wod\u0119. Mo\u017cna natomiast naczynia wykopa\u0107, umy\u0107, osuszy\u0107 i przechowa\u0107 na zim\u0119 w suchym miejscu.\r\n\r\n<em>Zastosowanie powy\u017cszych instrukcji pozwoli Pa\u0144stwu na wieloletnie u\u017cytkowanie i sprawne funkcjonowanie naczy\u0144 OLIO<\/em>\r\n\r\n&nbsp;\r\n\r\n&nbsp;","_et_gb_content_width":""},"product_brand":[],"product_cat":[429],"product_tag":[459,460],"class_list":{"0":"post-4191","1":"product","2":"type-product","3":"status-publish","4":"has-post-thumbnail","6":"product_cat-ceramika","7":"product_tag-hieronim-niemczyk","8":"product_tag-olio","9":"product_shipping_class-standard_1_1_akcesoria","11":"first","12":"instock","13":"taxable","14":"shipping-taxable","15":"purchasable","16":"product-type-variable"},"yoast_head":"<!-- This site is optimized with the Yoast SEO plugin v27.6 - https:\/\/yoast.com\/product\/yoast-seo-wordpress\/ -->\n<title>Nawadniacz ceramiczny OLIO- Hieronim Niemczyk - sklep.nowymodel<\/title>\n<meta name=\"description\" content=\"Naczynie zaprojektowane i wykonane w pracowni designu i manufakturze ceramiki w Milan\u00f3wku. Porcelana parian jest niezwykle szlachetna\" \/>\n<meta name=\"robots\" content=\"index, follow, max-snippet:-1, max-image-preview:large, max-video-preview:-1\" \/>\n<link rel=\"canonical\" href=\"https:\/\/sklep.nowymodel.org\/?product=olio-hieronim-niemczyk\" \/>\n<meta property=\"og:locale\" content=\"pl_PL\" \/>\n<meta property=\"og:type\" content=\"article\" \/>\n<meta property=\"og:title\" content=\"Nawadniacz ceramiczny OLIO- Hieronim Niemczyk - sklep.nowymodel\" \/>\n<meta property=\"og:description\" content=\"Naczynie zaprojektowane i wykonane w pracowni designu i manufakturze ceramiki w Milan\u00f3wku. Porcelana parian jest niezwykle szlachetna\" \/>\n<meta property=\"og:url\" content=\"https:\/\/sklep.nowymodel.org\/?product=olio-hieronim-niemczyk\" \/>\n<meta property=\"og:site_name\" content=\"sklep.nowymodel\" \/>\n<meta property=\"article:modified_time\" content=\"2023-01-03T13:12:55+00:00\" \/>\n<meta property=\"og:image\" content=\"https:\/\/sklep.nowymodel.org\/wp-content\/uploads\/2022\/08\/Untitled-3.png\" \/>\n\t<meta property=\"og:image:width\" content=\"1000\" \/>\n\t<meta property=\"og:image:height\" content=\"1000\" \/>\n\t<meta property=\"og:image:type\" content=\"image\/png\" \/>\n<meta name=\"twitter:card\" content=\"summary_large_image\" \/>\n<meta name=\"twitter:label1\" content=\"Szacowany czas czytania\" \/>\n\t<meta name=\"twitter:data1\" content=\"3 minuty\" \/>\n<script type=\"application\/ld+json\" class=\"yoast-schema-graph\">{\"@context\":\"https:\\\/\\\/schema.org\",\"@graph\":[{\"@type\":\"WebPage\",\"@id\":\"https:\\\/\\\/sklep.nowymodel.org\\\/?product=olio-hieronim-niemczyk\",\"url\":\"https:\\\/\\\/sklep.nowymodel.org\\\/?product=olio-hieronim-niemczyk\",\"name\":\"Nawadniacz ceramiczny OLIO- Hieronim Niemczyk - sklep.nowymodel\",\"isPartOf\":{\"@id\":\"https:\\\/\\\/sklep.nowymodel.org\\\/#website\"},\"primaryImageOfPage\":{\"@id\":\"https:\\\/\\\/sklep.nowymodel.org\\\/?product=olio-hieronim-niemczyk#primaryimage\"},\"image\":{\"@id\":\"https:\\\/\\\/sklep.nowymodel.org\\\/?product=olio-hieronim-niemczyk#primaryimage\"},\"thumbnailUrl\":\"https:\\\/\\\/sklep.nowymodel.org\\\/wp-content\\\/uploads\\\/2022\\\/08\\\/Untitled-3.png\",\"datePublished\":\"2022-08-19T09:21:31+00:00\",\"dateModified\":\"2023-01-03T13:12:55+00:00\",\"description\":\"Naczynie zaprojektowane i wykonane w pracowni designu i manufakturze ceramiki w Milan\u00f3wku. Porcelana parian jest niezwykle szlachetna\",\"breadcrumb\":{\"@id\":\"https:\\\/\\\/sklep.nowymodel.org\\\/?product=olio-hieronim-niemczyk#breadcrumb\"},\"inLanguage\":\"pl-PL\",\"potentialAction\":[{\"@type\":\"ReadAction\",\"target\":[\"https:\\\/\\\/sklep.nowymodel.org\\\/?product=olio-hieronim-niemczyk\"]}]},{\"@type\":\"ImageObject\",\"inLanguage\":\"pl-PL\",\"@id\":\"https:\\\/\\\/sklep.nowymodel.org\\\/?product=olio-hieronim-niemczyk#primaryimage\",\"url\":\"https:\\\/\\\/sklep.nowymodel.org\\\/wp-content\\\/uploads\\\/2022\\\/08\\\/Untitled-3.png\",\"contentUrl\":\"https:\\\/\\\/sklep.nowymodel.org\\\/wp-content\\\/uploads\\\/2022\\\/08\\\/Untitled-3.png\",\"width\":1000,\"height\":1000},{\"@type\":\"BreadcrumbList\",\"@id\":\"https:\\\/\\\/sklep.nowymodel.org\\\/?product=olio-hieronim-niemczyk#breadcrumb\",\"itemListElement\":[{\"@type\":\"ListItem\",\"position\":1,\"name\":\"Strona g\u0142\u00f3wna\",\"item\":\"https:\\\/\\\/sklep.nowymodel.org\\\/\"},{\"@type\":\"ListItem\",\"position\":2,\"name\":\"Sklep\",\"item\":\"https:\\\/\\\/sklep.nowymodel.org\\\/?page_id=7\"},{\"@type\":\"ListItem\",\"position\":3,\"name\":\"Nawadniacz ceramiczny OLIO- Hieronim Niemczyk\"}]},{\"@type\":\"WebSite\",\"@id\":\"https:\\\/\\\/sklep.nowymodel.org\\\/#website\",\"url\":\"https:\\\/\\\/sklep.nowymodel.org\\\/\",\"name\":\"sklep.nowymodel\",\"description\":\"Sklep.nowymodel- sklep z designem\",\"potentialAction\":[{\"@type\":\"SearchAction\",\"target\":{\"@type\":\"EntryPoint\",\"urlTemplate\":\"https:\\\/\\\/sklep.nowymodel.org\\\/?s={search_term_string}\"},\"query-input\":{\"@type\":\"PropertyValueSpecification\",\"valueRequired\":true,\"valueName\":\"search_term_string\"}}],\"inLanguage\":\"pl-PL\"}]}<\/script>\n<!-- \/ Yoast SEO plugin. -->","yoast_head_json":{"title":"Nawadniacz ceramiczny OLIO- Hieronim Niemczyk - sklep.nowymodel","description":"Naczynie zaprojektowane i wykonane w pracowni designu i manufakturze ceramiki w Milan\u00f3wku. Porcelana parian jest niezwykle szlachetna","robots":{"index":"index","follow":"follow","max-snippet":"max-snippet:-1","max-image-preview":"max-image-preview:large","max-video-preview":"max-video-preview:-1"},"canonical":"https:\/\/sklep.nowymodel.org\/?product=olio-hieronim-niemczyk","og_locale":"pl_PL","og_type":"article","og_title":"Nawadniacz ceramiczny OLIO- Hieronim Niemczyk - sklep.nowymodel","og_description":"Naczynie zaprojektowane i wykonane w pracowni designu i manufakturze ceramiki w Milan\u00f3wku. Porcelana parian jest niezwykle szlachetna","og_url":"https:\/\/sklep.nowymodel.org\/?product=olio-hieronim-niemczyk","og_site_name":"sklep.nowymodel","article_modified_time":"2023-01-03T13:12:55+00:00","og_image":[{"width":1000,"height":1000,"url":"https:\/\/sklep.nowymodel.org\/wp-content\/uploads\/2022\/08\/Untitled-3.png","type":"image\/png"}],"twitter_card":"summary_large_image","twitter_misc":{"Szacowany czas czytania":"3 minuty"},"schema":{"@context":"https:\/\/schema.org","@graph":[{"@type":"WebPage","@id":"https:\/\/sklep.nowymodel.org\/?product=olio-hieronim-niemczyk","url":"https:\/\/sklep.nowymodel.org\/?product=olio-hieronim-niemczyk","name":"Nawadniacz ceramiczny OLIO- Hieronim Niemczyk - sklep.nowymodel","isPartOf":{"@id":"https:\/\/sklep.nowymodel.org\/#website"},"primaryImageOfPage":{"@id":"https:\/\/sklep.nowymodel.org\/?product=olio-hieronim-niemczyk#primaryimage"},"image":{"@id":"https:\/\/sklep.nowymodel.org\/?product=olio-hieronim-niemczyk#primaryimage"},"thumbnailUrl":"https:\/\/sklep.nowymodel.org\/wp-content\/uploads\/2022\/08\/Untitled-3.png","datePublished":"2022-08-19T09:21:31+00:00","dateModified":"2023-01-03T13:12:55+00:00","description":"Naczynie zaprojektowane i wykonane w pracowni designu i manufakturze ceramiki w Milan\u00f3wku. Porcelana parian jest niezwykle szlachetna","breadcrumb":{"@id":"https:\/\/sklep.nowymodel.org\/?product=olio-hieronim-niemczyk#breadcrumb"},"inLanguage":"pl-PL","potentialAction":[{"@type":"ReadAction","target":["https:\/\/sklep.nowymodel.org\/?product=olio-hieronim-niemczyk"]}]},{"@type":"ImageObject","inLanguage":"pl-PL","@id":"https:\/\/sklep.nowymodel.org\/?product=olio-hieronim-niemczyk#primaryimage","url":"https:\/\/sklep.nowymodel.org\/wp-content\/uploads\/2022\/08\/Untitled-3.png","contentUrl":"https:\/\/sklep.nowymodel.org\/wp-content\/uploads\/2022\/08\/Untitled-3.png","width":1000,"height":1000},{"@type":"BreadcrumbList","@id":"https:\/\/sklep.nowymodel.org\/?product=olio-hieronim-niemczyk#breadcrumb","itemListElement":[{"@type":"ListItem","position":1,"name":"Strona g\u0142\u00f3wna","item":"https:\/\/sklep.nowymodel.org\/"},{"@type":"ListItem","position":2,"name":"Sklep","item":"https:\/\/sklep.nowymodel.org\/?page_id=7"},{"@type":"ListItem","position":3,"name":"Nawadniacz ceramiczny OLIO- Hieronim Niemczyk"}]},{"@type":"WebSite","@id":"https:\/\/sklep.nowymodel.org\/#website","url":"https:\/\/sklep.nowymodel.org\/","name":"sklep.nowymodel","description":"Sklep.nowymodel- sklep z designem","potentialAction":[{"@type":"SearchAction","target":{"@type":"EntryPoint","urlTemplate":"https:\/\/sklep.nowymodel.org\/?s={search_term_string}"},"query-input":{"@type":"PropertyValueSpecification","valueRequired":true,"valueName":"search_term_string"}}],"inLanguage":"pl-PL"}]}},"_links":{"self":[{"href":"https:\/\/sklep.nowymodel.org\/index.php?rest_route=\/wp\/v2\/product\/4191","targetHints":{"allow":["GET"]}}],"collection":[{"href":"https:\/\/sklep.nowymodel.org\/index.php?rest_route=\/wp\/v2\/product"}],"about":[{"href":"https:\/\/sklep.nowymodel.org\/index.php?rest_route=\/wp\/v2\/types\/product"}],"wp:featuredmedia":[{"embeddable":true,"href":"https:\/\/sklep.nowymodel.org\/index.php?rest_route=\/wp\/v2\/media\/4200"}],"wp:attachment":[{"href":"https:\/\/sklep.nowymodel.org\/index.php?rest_route=%2Fwp%2Fv2%2Fmedia&parent=4191"}],"wp:term":[{"taxonomy":"product_brand","embeddable":true,"href":"https:\/\/sklep.nowymodel.org\/index.php?rest_route=%2Fwp%2Fv2%2Fproduct_brand&post=4191"},{"taxonomy":"product_cat","embeddable":true,"href":"https:\/\/sklep.nowymodel.org\/index.php?rest_route=%2Fwp%2Fv2%2Fproduct_cat&post=4191"},{"taxonomy":"product_tag","embeddable":true,"href":"https:\/\/sklep.nowymodel.org\/index.php?rest_route=%2Fwp%2Fv2%2Fproduct_tag&post=4191"}],"curies":[{"name":"wp","href":"https:\/\/api.w.org\/{rel}","templated":true}]}}