{"id":4133,"date":"2022-08-18T13:11:57","date_gmt":"2022-08-18T11:11:57","guid":{"rendered":"https:\/\/sklep.nowymodel.org\/?post_type=product&#038;p=4133"},"modified":"2023-03-20T13:12:45","modified_gmt":"2023-03-20T12:12:45","slug":"popielnica-cyryl-zakrzewski","status":"publish","type":"product","link":"https:\/\/sklep.nowymodel.org\/?product=popielnica-cyryl-zakrzewski","title":{"rendered":"Popielnica &#8211; Cyryl Zakrzewski"},"content":{"rendered":"<p>[et_pb_section fb_built=&#8221;1&#8243; _builder_version=&#8221;4.16&#8243; background_color=&#8221;#ffffff&#8221; custom_padding=&#8221;0px||||false|false&#8221; global_colors_info=&#8221;{}&#8221;][et_pb_row _builder_version=&#8221;4.16&#8243; background_size=&#8221;initial&#8221; background_position=&#8221;top_left&#8221; background_repeat=&#8221;repeat&#8221; width=&#8221;100%&#8221; max_width=&#8221;1602px&#8221; module_alignment=&#8221;center&#8221; custom_padding=&#8221;21px||0px||false|false&#8221; global_colors_info=&#8221;{}&#8221;][et_pb_column type=&#8221;4_4&#8243; _builder_version=&#8221;4.16&#8243; custom_padding=&#8221;|||&#8221; global_colors_info=&#8221;{}&#8221; custom_padding__hover=&#8221;|||&#8221;][et_pb_wc_breadcrumb _builder_version=&#8221;4.16&#8243; custom_padding=&#8221;|||89px|false|false&#8221; custom_padding_tablet=&#8221;|||64px|false|false&#8221; custom_padding_phone=&#8221;|||33px|false|false&#8221; custom_padding_last_edited=&#8221;on|phone&#8221; global_colors_info=&#8221;{}&#8221;][\/et_pb_wc_breadcrumb][et_pb_wc_cart_notice _builder_version=&#8221;4.17.4&#8243; title_font=&#8221;Comfortaa||||||||&#8221; title_text_color=&#8221;#FFFFFF&#8221; title_font_size=&#8221;20px&#8221; title_line_height=&#8221;1.6em&#8221; background_color=&#8221;#6490C1&#8243; body_font=&#8221;Arial|||on|||||&#8221; body_text_color=&#8221;#000000&#8243; body_font_size=&#8221;20px&#8221; body_line_height=&#8221;1.6em&#8221; global_colors_info=&#8221;{}&#8221;][\/et_pb_wc_cart_notice][\/et_pb_column][\/et_pb_row][et_pb_row column_structure=&#8221;3_4,1_4&#8243; use_custom_gutter=&#8221;on&#8221; gutter_width=&#8221;2&#8243; disabled_on=&#8221;off|off|off&#8221; _builder_version=&#8221;4.16&#8243; background_color=&#8221;rgba(0,0,0,0)&#8221; background_size=&#8221;initial&#8221; background_position=&#8221;top_left&#8221; background_repeat=&#8221;repeat&#8221; width=&#8221;86%&#8221; max_width=&#8221;1854px&#8221; module_alignment=&#8221;center&#8221; min_height=&#8221;738px&#8221; min_height_tablet=&#8221;&#8221; min_height_phone=&#8221;&#8221; min_height_last_edited=&#8221;on|phone&#8221; custom_margin=&#8221;-8px|auto||auto||&#8221; custom_padding=&#8221;|2px|0px||false|false&#8221; global_colors_info=&#8221;{}&#8221;][et_pb_column type=&#8221;3_4&#8243; _builder_version=&#8221;4.16&#8243; background_color=&#8221;#ffffff&#8221; custom_padding=&#8221;|||&#8221; global_colors_info=&#8221;{}&#8221; custom_padding__hover=&#8221;|||&#8221;][et_pb_wc_images show_product_image=&#8221;off&#8221; _builder_version=&#8221;4.16&#8243; _module_preset=&#8221;default&#8221; global_colors_info=&#8221;{}&#8221;][\/et_pb_wc_images][\/et_pb_column][et_pb_column type=&#8221;1_4&#8243; _builder_version=&#8221;4.16&#8243; background_color=&#8221;#ffffff&#8221; custom_padding=&#8221;40px||||false|false&#8221; custom_padding_tablet=&#8221;&#8221; custom_padding_phone=&#8221;0px||||false|false&#8221; custom_padding_last_edited=&#8221;on|phone&#8221; global_colors_info=&#8221;{}&#8221; custom_padding__hover=&#8221;|||&#8221;][et_pb_wc_title _builder_version=&#8221;4.16&#8243; _module_preset=&#8221;default&#8221; header_font=&#8221;|600||on|||||&#8221; header_text_align=&#8221;left&#8221; header_letter_spacing=&#8221;1px&#8221; header_line_height=&#8221;1.1em&#8221; custom_margin=&#8221;-27px|-47px||||&#8221; custom_margin_tablet=&#8221;&#8221; custom_margin_phone=&#8221;-2px|-47px|||false|false&#8221; custom_margin_last_edited=&#8221;on|tablet&#8221; custom_padding=&#8221;|0px||||&#8221; header_font_size_tablet=&#8221;&#8221; header_font_size_phone=&#8221;&#8221; header_font_size_last_edited=&#8221;on|desktop&#8221; global_colors_info=&#8221;{}&#8221;][\/et_pb_wc_title][et_pb_wc_description _builder_version=&#8221;4.16&#8243; _module_preset=&#8221;default&#8221; link_text_color=&#8221;#2b87da&#8221; custom_margin=&#8221;||||false|false&#8221; custom_margin_tablet=&#8221;&#8221; custom_margin_phone=&#8221;&#8221; custom_margin_last_edited=&#8221;on|phone&#8221; custom_padding=&#8221;||0px|||&#8221; global_colors_info=&#8221;{}&#8221;][\/et_pb_wc_description][et_pb_wc_price _builder_version=&#8221;4.16&#8243; _module_preset=&#8221;default&#8221; body_font=&#8221;|600|||||||&#8221; body_text_color=&#8221;#000000&#8243; body_font_size=&#8221;32px&#8221; locked=&#8221;off&#8221; global_colors_info=&#8221;{}&#8221;][\/et_pb_wc_price][et_pb_wc_add_to_cart show_stock=&#8221;off&#8221; _builder_version=&#8221;4.17.4&#8243; fields_custom_margin=&#8221;||||false|false&#8221; fields_custom_margin_tablet=&#8221;&#8221; fields_custom_margin_phone=&#8221;||||false|false&#8221; fields_custom_margin_last_edited=&#8221;on|phone&#8221; fields_custom_padding=&#8221;||||false|false&#8221; dropdown_menus_custom_margin=&#8221;|||-10px|false|false&#8221; dropdown_menus_custom_margin_tablet=&#8221;|115px||-8px|false|false&#8221; dropdown_menus_custom_margin_phone=&#8221;|-33px||-84px|false|false&#8221; dropdown_menus_custom_margin_last_edited=&#8221;on|phone&#8221; field_label_font=&#8221;|600|||||||&#8221; dropdown_menus_font=&#8221;|600|||||||&#8221; dropdown_menus_font_size=&#8221;13px&#8221; background_color=&#8221;rgba(0,0,0,0)&#8221; width_tablet=&#8221;87.1%&#8221; width_phone=&#8221;auto&#8221; width_last_edited=&#8221;on|desktop&#8221; custom_margin=&#8221;|-69px|||false|false&#8221; custom_margin_tablet=&#8221;||||false|false&#8221; custom_margin_phone=&#8221;&#8221; custom_margin_last_edited=&#8221;on|phone&#8221; custom_padding=&#8221;|||0px|false|false&#8221; button_text_size_tablet=&#8221;&#8221; button_text_size_phone=&#8221;14px&#8221; button_text_size_last_edited=&#8221;on|desktop&#8221; body_font=&#8221;|600|||||||&#8221; global_colors_info=&#8221;{}&#8221;][\/et_pb_wc_add_to_cart][et_pb_wc_meta show_categories=&#8221;off&#8221; _builder_version=&#8221;4.16&#8243; body_font=&#8221;||||||||&#8221; body_font_size=&#8221;13px&#8221; link_text_color=&#8221;#0c71c3&#8243; width_tablet=&#8221;&#8221; width_phone=&#8221;80%&#8221; width_last_edited=&#8221;on|phone&#8221; custom_margin=&#8221;-12px|-58px||||&#8221; custom_margin_tablet=&#8221;-17px||||false|false&#8221; custom_margin_phone=&#8221;-17px||||false|false&#8221; custom_margin_last_edited=&#8221;on|phone&#8221; global_colors_info=&#8221;{}&#8221;][\/et_pb_wc_meta][\/et_pb_column][\/et_pb_row][et_pb_row column_structure=&#8221;1_2,1_2&#8243; use_custom_gutter=&#8221;on&#8221; gutter_width=&#8221;2&#8243; _builder_version=&#8221;4.16&#8243; background_size=&#8221;initial&#8221; background_position=&#8221;top_left&#8221; background_repeat=&#8221;repeat&#8221; width=&#8221;86%&#8221; max_width=&#8221;1854px&#8221; module_alignment=&#8221;center&#8221; min_height=&#8221;553px&#8221; custom_padding=&#8221;||32px|||&#8221; global_colors_info=&#8221;{}&#8221;][et_pb_column type=&#8221;1_2&#8243; _builder_version=&#8221;4.16&#8243; custom_padding=&#8221;|||&#8221; global_colors_info=&#8221;{}&#8221; custom_padding__hover=&#8221;|||&#8221;][et_pb_wc_tabs include_tabs=&#8221;description|additional_information|&#8221; _builder_version=&#8221;4.16&#8243; global_colors_info=&#8221;{}&#8221;] [\/et_pb_wc_tabs][\/et_pb_column][et_pb_column type=&#8221;1_2&#8243; _builder_version=&#8221;4.16&#8243; custom_padding=&#8221;|||&#8221; global_colors_info=&#8221;{}&#8221; custom_padding__hover=&#8221;|||&#8221;][et_pb_team_member name=&#8221;Cyryl Zakrzewski&#8221; image_url=&#8221;https:\/\/sklep.nowymodel.org\/wp-content\/uploads\/2022\/08\/zakrzewski-3.png&#8221; _builder_version=&#8221;4.17.6&#8243; _module_preset=&#8221;default&#8221; border_radii_image=&#8221;on|200px|200px|200px|200px&#8221; border_width_all_image=&#8221;1px&#8221; border_color_all_image=&#8221;#8f8f8f&#8221; locked=&#8221;off&#8221; global_colors_info=&#8221;{}&#8221;][\/et_pb_team_member][et_pb_toggle title=&#8221;Czytaj wi\u0119cej&#8230;&#8221; icon_color=&#8221;#000000&#8243; open_icon_color=&#8221;#000000&#8243; _builder_version=&#8221;4.17.6&#8243; _module_preset=&#8221;default&#8221; body_font=&#8221;Comfortaa||||||||&#8221; background_color=&#8221;rgba(193,94,94,0.66)&#8221; border_width_all=&#8221;0px&#8221; border_color_all=&#8221;#000000&#8243; locked=&#8221;off&#8221; global_colors_info=&#8221;{}&#8221;]<\/p>\n<p>Cyryl Zakrzewski \u2013 rze\u017abiarz, projektant, absolwent Wydzia\u0142u Rze\u017aby i Dzia\u0142a\u0144 Przestrzennych Uniwersytetu Artystycznego w Poznaniu (rok 2011). Jego dyplom zosta\u0142 wyr\u00f3\u017cniony w konkursie im. Marii Dokowicz na najlepsze dyplomy. Uczestnik licznych wystaw w kraju i za granic\u0105 (Japonia, W\u0142ochy, S\u0142owenia, Austria). w 2012 otrzyma\u0142 stypendium Marsza\u0142ka Wielkopolski na stworzenie sta\u0142ej instalacji w Ogrodzie Botanicznym w Poznaniu. W 2013 roku zosta\u0142 zaproszony do zaprojektowania i stworzenia sta\u0142ej instalacji dla parku rze\u017ab Visual Park nad jeziorem Strzeszy\u0144skim. R\u00f3wnie\u017c w 2013 roku wygra\u0142 konkurs sztuki shitsurai na biennale w Kobe z rze\u017ab\u0105 \u201ekwitn\u0105cy wszech\u015bwiat\u201d, po biennale rze\u017aba zosta\u0142a przeniesiona do Tokio i na sta\u0142e zamontowana w Tokyo Fukudenkai. Od 2015 roku wsp\u00f3\u0142pracuje jako projektant z fundacj\u0105 Nowymodel.org. Stworzy\u0142 dziesi\u0105tki oryginalnych mebli i element\u00f3w wyposa\u017cenia wn\u0119trz, z kt\u00f3rych kilka zosta\u0142o wprowadzonych do sprzeda\u017cy pod mark\u0105 Nowymodel.org. Obie jego prace, Rze\u017aby i meble, s\u0105 \u015bci\u015ble zwi\u0105zane ze \u015bwiatem Natury. Design traktowany jest przede wszystkim jako forma estetyczna, swoista rze\u017aba, kt\u00f3ra jest bli\u017csza cz\u0142owiekowi, poprzez u\u017cytkowanie nawi\u0105zuje si\u0119 bezpo\u015bredni kontakt. Posiada do\u015bwiadczenie w prototypowaniu trudnych i niekonwencjonalnych konstrukcji, posiada r\u00f3wnie\u017c wszechstronn\u0105 wiedz\u0119 z zakresu obr\u00f3bki skrawaniem i technik wyko\u0144czeniowych drewna i materia\u0142\u00f3w drewnopochodnych, odlew\u00f3w aluminiowych oraz obr\u00f3bki stali. W projektach meblarskich pracuje g\u0142\u00f3wnie w drewnie i sklejce, cz\u0119sto wykorzystuj\u0105c projektowanie generatywne, techniki CAD i CNC w po\u0142\u0105czeniu z rzemios\u0142em rze\u017abiarskim. Przywi\u0105zuje szczeg\u00f3ln\u0105 wag\u0119 do tego, aby jego projekty wyr\u00f3\u017cnia\u0142y si\u0119 wyj\u0105tkow\u0105 estetyk\u0105 przy zachowaniu du\u017cej funkcjonalno\u015bci.<\/p>\n<p>[\/et_pb_toggle][\/et_pb_column][\/et_pb_row][et_pb_row _builder_version=&#8221;4.16&#8243; _module_preset=&#8221;default&#8221; width=&#8221;86%&#8221; max_width=&#8221;1854px&#8221; custom_margin=&#8221;||||false|false&#8221; custom_margin_tablet=&#8221;25px||||false|false&#8221; custom_margin_phone=&#8221;&#8221; custom_margin_last_edited=&#8221;on|phone&#8221; locked=&#8221;off&#8221; global_colors_info=&#8221;{}&#8221;][et_pb_column type=&#8221;4_4&#8243; _builder_version=&#8221;4.16&#8243; _module_preset=&#8221;default&#8221; global_colors_info=&#8221;{}&#8221;][et_pb_wc_related_products orderby=&#8221;menu_order&#8221; sale_badge_color=&#8221;#f5df4d&#8221; _builder_version=&#8221;4.16&#8243; _module_preset=&#8221;default&#8221; title_font=&#8221;|||on|||||&#8221; product_title_font_size=&#8221;18px&#8221; price_line_height=&#8221;1em&#8221; sale_badge_font=&#8221;|||on|||||&#8221; sale_badge_text_color=&#8221;#000000&#8243; sale_badge_font_size=&#8221;13px&#8221; product_title_font_size_tablet=&#8221;&#8221; product_title_font_size_phone=&#8221;15px&#8221; product_title_font_size_last_edited=&#8221;on|phone&#8221; price_font_size_tablet=&#8221;&#8221; price_font_size_phone=&#8221;&#8221; price_font_size_last_edited=&#8221;on|desktop&#8221; sale_badge_font_size_tablet=&#8221;&#8221; sale_badge_font_size_phone=&#8221;9px&#8221; sale_badge_font_size_last_edited=&#8221;on|phone&#8221; global_colors_info=&#8221;{}&#8221;][\/et_pb_wc_related_products][et_pb_divider divider_style=&#8221;dashed&#8221; divider_weight=&#8221;2px&#8221; _builder_version=&#8221;4.16&#8243; _module_preset=&#8221;default&#8221; custom_margin=&#8221;-46px||||false|false&#8221; custom_margin_tablet=&#8221;&#8221; custom_margin_phone=&#8221;&#8221; custom_margin_last_edited=&#8221;on|phone&#8221; global_colors_info=&#8221;{}&#8221;][\/et_pb_divider][\/et_pb_column][\/et_pb_row][\/et_pb_section][et_pb_section fb_built=&#8221;1&#8243; fullwidth=&#8221;on&#8221; _builder_version=&#8221;4.16&#8243; _module_preset=&#8221;default&#8221; custom_margin=&#8221;-73px||||false|false&#8221; custom_margin_tablet=&#8221;&#8221; custom_margin_phone=&#8221;&#8221; custom_margin_last_edited=&#8221;on|phone&#8221; global_colors_info=&#8221;{}&#8221;][et_pb_fullwidth_post_slider posts_number=&#8221;4&#8243; more_text=&#8221;Czytaj dalej&#8230;&#8221; show_meta=&#8221;off&#8221; use_text_overlay=&#8221;on&#8221; _builder_version=&#8221;4.16&#8243; _module_preset=&#8221;default&#8221; auto=&#8221;on&#8221; auto_speed=&#8221;5000&#8243; global_colors_info=&#8221;{}&#8221;][\/et_pb_fullwidth_post_slider][\/et_pb_section]<\/p>\n","protected":false},"excerpt":{"rendered":"<p>Projektant: Cyryl Zakrzewski<\/p>\n","protected":false},"featured_media":4187,"template":"","meta":{"_et_pb_use_builder":"on","_et_pb_old_content":"<h1 class=\"product_title entry-title\">Popielniczka<\/h1>\r\n&nbsp;\r\n\r\n&nbsp;\r\n\r\n&nbsp;","_et_gb_content_width":""},"product_brand":[],"product_cat":[560],"product_tag":[559,455,456],"class_list":{"0":"post-4133","1":"product","2":"type-product","3":"status-publish","4":"has-post-thumbnail","6":"product_cat-pojemniki-organic","7":"product_tag-akcesoria-luksusowe","8":"product_tag-cyryl-zakrzewski","9":"product_tag-popielnica","10":"product_shipping_class-standard_1_1_akcesoria","12":"first","13":"instock","14":"taxable","15":"shipping-taxable","16":"purchasable","17":"product-type-simple"},"yoast_head":"<!-- This site is optimized with the Yoast SEO plugin v27.6 - https:\/\/yoast.com\/product\/yoast-seo-wordpress\/ -->\n<title>Popielnica - Cyryl Zakrzewski - sklep.nowymodel<\/title>\n<meta name=\"description\" content=\"Naczynie zaprojektowane i wykonane w pracowni designu i manufakturze ceramiki w Milan\u00f3wku. Porcelana parian jest niezwykle szlachetna\" \/>\n<meta name=\"robots\" content=\"index, follow, max-snippet:-1, max-image-preview:large, max-video-preview:-1\" \/>\n<link rel=\"canonical\" href=\"https:\/\/sklep.nowymodel.org\/?product=popielnica-cyryl-zakrzewski\" \/>\n<meta property=\"og:locale\" content=\"pl_PL\" \/>\n<meta property=\"og:type\" content=\"article\" \/>\n<meta property=\"og:title\" content=\"Popielnica - Cyryl Zakrzewski - sklep.nowymodel\" \/>\n<meta property=\"og:description\" content=\"Naczynie zaprojektowane i wykonane w pracowni designu i manufakturze ceramiki w Milan\u00f3wku. Porcelana parian jest niezwykle szlachetna\" \/>\n<meta property=\"og:url\" content=\"https:\/\/sklep.nowymodel.org\/?product=popielnica-cyryl-zakrzewski\" \/>\n<meta property=\"og:site_name\" content=\"sklep.nowymodel\" \/>\n<meta property=\"article:modified_time\" content=\"2023-03-20T12:12:45+00:00\" \/>\n<meta property=\"og:image\" content=\"https:\/\/sklep.nowymodel.org\/wp-content\/uploads\/2022\/08\/PPP.png\" \/>\n\t<meta property=\"og:image:width\" content=\"1000\" \/>\n\t<meta property=\"og:image:height\" content=\"1000\" \/>\n\t<meta property=\"og:image:type\" content=\"image\/png\" \/>\n<meta name=\"twitter:card\" content=\"summary_large_image\" \/>\n<meta name=\"twitter:label1\" content=\"Szacowany czas czytania\" \/>\n\t<meta name=\"twitter:data1\" content=\"3 minuty\" \/>\n<script type=\"application\/ld+json\" class=\"yoast-schema-graph\">{\"@context\":\"https:\\\/\\\/schema.org\",\"@graph\":[{\"@type\":\"WebPage\",\"@id\":\"https:\\\/\\\/sklep.nowymodel.org\\\/?product=popielnica-cyryl-zakrzewski\",\"url\":\"https:\\\/\\\/sklep.nowymodel.org\\\/?product=popielnica-cyryl-zakrzewski\",\"name\":\"Popielnica - Cyryl Zakrzewski - sklep.nowymodel\",\"isPartOf\":{\"@id\":\"https:\\\/\\\/sklep.nowymodel.org\\\/#website\"},\"primaryImageOfPage\":{\"@id\":\"https:\\\/\\\/sklep.nowymodel.org\\\/?product=popielnica-cyryl-zakrzewski#primaryimage\"},\"image\":{\"@id\":\"https:\\\/\\\/sklep.nowymodel.org\\\/?product=popielnica-cyryl-zakrzewski#primaryimage\"},\"thumbnailUrl\":\"https:\\\/\\\/sklep.nowymodel.org\\\/wp-content\\\/uploads\\\/2022\\\/08\\\/PPP.png\",\"datePublished\":\"2022-08-18T11:11:57+00:00\",\"dateModified\":\"2023-03-20T12:12:45+00:00\",\"description\":\"Naczynie zaprojektowane i wykonane w pracowni designu i manufakturze ceramiki w Milan\u00f3wku. Porcelana parian jest niezwykle szlachetna\",\"breadcrumb\":{\"@id\":\"https:\\\/\\\/sklep.nowymodel.org\\\/?product=popielnica-cyryl-zakrzewski#breadcrumb\"},\"inLanguage\":\"pl-PL\",\"potentialAction\":[{\"@type\":\"ReadAction\",\"target\":[\"https:\\\/\\\/sklep.nowymodel.org\\\/?product=popielnica-cyryl-zakrzewski\"]}]},{\"@type\":\"ImageObject\",\"inLanguage\":\"pl-PL\",\"@id\":\"https:\\\/\\\/sklep.nowymodel.org\\\/?product=popielnica-cyryl-zakrzewski#primaryimage\",\"url\":\"https:\\\/\\\/sklep.nowymodel.org\\\/wp-content\\\/uploads\\\/2022\\\/08\\\/PPP.png\",\"contentUrl\":\"https:\\\/\\\/sklep.nowymodel.org\\\/wp-content\\\/uploads\\\/2022\\\/08\\\/PPP.png\",\"width\":1000,\"height\":1000},{\"@type\":\"BreadcrumbList\",\"@id\":\"https:\\\/\\\/sklep.nowymodel.org\\\/?product=popielnica-cyryl-zakrzewski#breadcrumb\",\"itemListElement\":[{\"@type\":\"ListItem\",\"position\":1,\"name\":\"Strona g\u0142\u00f3wna\",\"item\":\"https:\\\/\\\/sklep.nowymodel.org\\\/\"},{\"@type\":\"ListItem\",\"position\":2,\"name\":\"Sklep\",\"item\":\"https:\\\/\\\/sklep.nowymodel.org\\\/?page_id=7\"},{\"@type\":\"ListItem\",\"position\":3,\"name\":\"Popielnica &#8211; Cyryl Zakrzewski\"}]},{\"@type\":\"WebSite\",\"@id\":\"https:\\\/\\\/sklep.nowymodel.org\\\/#website\",\"url\":\"https:\\\/\\\/sklep.nowymodel.org\\\/\",\"name\":\"sklep.nowymodel\",\"description\":\"Sklep.nowymodel- sklep z designem\",\"potentialAction\":[{\"@type\":\"SearchAction\",\"target\":{\"@type\":\"EntryPoint\",\"urlTemplate\":\"https:\\\/\\\/sklep.nowymodel.org\\\/?s={search_term_string}\"},\"query-input\":{\"@type\":\"PropertyValueSpecification\",\"valueRequired\":true,\"valueName\":\"search_term_string\"}}],\"inLanguage\":\"pl-PL\"}]}<\/script>\n<!-- \/ Yoast SEO plugin. -->","yoast_head_json":{"title":"Popielnica - Cyryl Zakrzewski - sklep.nowymodel","description":"Naczynie zaprojektowane i wykonane w pracowni designu i manufakturze ceramiki w Milan\u00f3wku. Porcelana parian jest niezwykle szlachetna","robots":{"index":"index","follow":"follow","max-snippet":"max-snippet:-1","max-image-preview":"max-image-preview:large","max-video-preview":"max-video-preview:-1"},"canonical":"https:\/\/sklep.nowymodel.org\/?product=popielnica-cyryl-zakrzewski","og_locale":"pl_PL","og_type":"article","og_title":"Popielnica - Cyryl Zakrzewski - sklep.nowymodel","og_description":"Naczynie zaprojektowane i wykonane w pracowni designu i manufakturze ceramiki w Milan\u00f3wku. Porcelana parian jest niezwykle szlachetna","og_url":"https:\/\/sklep.nowymodel.org\/?product=popielnica-cyryl-zakrzewski","og_site_name":"sklep.nowymodel","article_modified_time":"2023-03-20T12:12:45+00:00","og_image":[{"width":1000,"height":1000,"url":"https:\/\/sklep.nowymodel.org\/wp-content\/uploads\/2022\/08\/PPP.png","type":"image\/png"}],"twitter_card":"summary_large_image","twitter_misc":{"Szacowany czas czytania":"3 minuty"},"schema":{"@context":"https:\/\/schema.org","@graph":[{"@type":"WebPage","@id":"https:\/\/sklep.nowymodel.org\/?product=popielnica-cyryl-zakrzewski","url":"https:\/\/sklep.nowymodel.org\/?product=popielnica-cyryl-zakrzewski","name":"Popielnica - Cyryl Zakrzewski - sklep.nowymodel","isPartOf":{"@id":"https:\/\/sklep.nowymodel.org\/#website"},"primaryImageOfPage":{"@id":"https:\/\/sklep.nowymodel.org\/?product=popielnica-cyryl-zakrzewski#primaryimage"},"image":{"@id":"https:\/\/sklep.nowymodel.org\/?product=popielnica-cyryl-zakrzewski#primaryimage"},"thumbnailUrl":"https:\/\/sklep.nowymodel.org\/wp-content\/uploads\/2022\/08\/PPP.png","datePublished":"2022-08-18T11:11:57+00:00","dateModified":"2023-03-20T12:12:45+00:00","description":"Naczynie zaprojektowane i wykonane w pracowni designu i manufakturze ceramiki w Milan\u00f3wku. Porcelana parian jest niezwykle szlachetna","breadcrumb":{"@id":"https:\/\/sklep.nowymodel.org\/?product=popielnica-cyryl-zakrzewski#breadcrumb"},"inLanguage":"pl-PL","potentialAction":[{"@type":"ReadAction","target":["https:\/\/sklep.nowymodel.org\/?product=popielnica-cyryl-zakrzewski"]}]},{"@type":"ImageObject","inLanguage":"pl-PL","@id":"https:\/\/sklep.nowymodel.org\/?product=popielnica-cyryl-zakrzewski#primaryimage","url":"https:\/\/sklep.nowymodel.org\/wp-content\/uploads\/2022\/08\/PPP.png","contentUrl":"https:\/\/sklep.nowymodel.org\/wp-content\/uploads\/2022\/08\/PPP.png","width":1000,"height":1000},{"@type":"BreadcrumbList","@id":"https:\/\/sklep.nowymodel.org\/?product=popielnica-cyryl-zakrzewski#breadcrumb","itemListElement":[{"@type":"ListItem","position":1,"name":"Strona g\u0142\u00f3wna","item":"https:\/\/sklep.nowymodel.org\/"},{"@type":"ListItem","position":2,"name":"Sklep","item":"https:\/\/sklep.nowymodel.org\/?page_id=7"},{"@type":"ListItem","position":3,"name":"Popielnica &#8211; Cyryl Zakrzewski"}]},{"@type":"WebSite","@id":"https:\/\/sklep.nowymodel.org\/#website","url":"https:\/\/sklep.nowymodel.org\/","name":"sklep.nowymodel","description":"Sklep.nowymodel- sklep z designem","potentialAction":[{"@type":"SearchAction","target":{"@type":"EntryPoint","urlTemplate":"https:\/\/sklep.nowymodel.org\/?s={search_term_string}"},"query-input":{"@type":"PropertyValueSpecification","valueRequired":true,"valueName":"search_term_string"}}],"inLanguage":"pl-PL"}]}},"_links":{"self":[{"href":"https:\/\/sklep.nowymodel.org\/index.php?rest_route=\/wp\/v2\/product\/4133","targetHints":{"allow":["GET"]}}],"collection":[{"href":"https:\/\/sklep.nowymodel.org\/index.php?rest_route=\/wp\/v2\/product"}],"about":[{"href":"https:\/\/sklep.nowymodel.org\/index.php?rest_route=\/wp\/v2\/types\/product"}],"wp:featuredmedia":[{"embeddable":true,"href":"https:\/\/sklep.nowymodel.org\/index.php?rest_route=\/wp\/v2\/media\/4187"}],"wp:attachment":[{"href":"https:\/\/sklep.nowymodel.org\/index.php?rest_route=%2Fwp%2Fv2%2Fmedia&parent=4133"}],"wp:term":[{"taxonomy":"product_brand","embeddable":true,"href":"https:\/\/sklep.nowymodel.org\/index.php?rest_route=%2Fwp%2Fv2%2Fproduct_brand&post=4133"},{"taxonomy":"product_cat","embeddable":true,"href":"https:\/\/sklep.nowymodel.org\/index.php?rest_route=%2Fwp%2Fv2%2Fproduct_cat&post=4133"},{"taxonomy":"product_tag","embeddable":true,"href":"https:\/\/sklep.nowymodel.org\/index.php?rest_route=%2Fwp%2Fv2%2Fproduct_tag&post=4133"}],"curies":[{"name":"wp","href":"https:\/\/api.w.org\/{rel}","templated":true}]}}