{"id":2797,"date":"2022-06-30T13:10:37","date_gmt":"2022-06-30T11:10:37","guid":{"rendered":"https:\/\/sklep.nowymodel.org\/?post_type=product&#038;p=2797"},"modified":"2025-03-14T14:44:27","modified_gmt":"2025-03-14T13:44:27","slug":"kubek-pogiety","status":"publish","type":"product","link":"https:\/\/sklep.nowymodel.org\/?product=kubek-pogiety","title":{"rendered":"Kubek Pogi\u0119ty &#8211; Marek Cecu\u0142a"},"content":{"rendered":"<p>[et_pb_section fb_built=&#8221;1&#8243; _builder_version=&#8221;4.16&#8243; background_color=&#8221;#ffffff&#8221; custom_padding=&#8221;0px||||false|false&#8221; global_colors_info=&#8221;{}&#8221;][et_pb_row _builder_version=&#8221;4.16&#8243; background_size=&#8221;initial&#8221; background_position=&#8221;top_left&#8221; background_repeat=&#8221;repeat&#8221; width=&#8221;100%&#8221; max_width=&#8221;1602px&#8221; module_alignment=&#8221;center&#8221; custom_padding=&#8221;21px||0px||false|false&#8221; global_colors_info=&#8221;{}&#8221;][et_pb_column type=&#8221;4_4&#8243; _builder_version=&#8221;4.16&#8243; custom_padding=&#8221;|||&#8221; global_colors_info=&#8221;{}&#8221; custom_padding__hover=&#8221;|||&#8221;][et_pb_wc_breadcrumb _builder_version=&#8221;4.16&#8243; custom_padding=&#8221;|||89px|false|false&#8221; custom_padding_tablet=&#8221;|||64px|false|false&#8221; custom_padding_phone=&#8221;|||33px|false|false&#8221; custom_padding_last_edited=&#8221;on|phone&#8221; global_colors_info=&#8221;{}&#8221;][\/et_pb_wc_breadcrumb][et_pb_wc_cart_notice _builder_version=&#8221;4.16&#8243; title_font=&#8221;Comfortaa||||||||&#8221; title_text_color=&#8221;#FFFFFF&#8221; title_font_size=&#8221;20px&#8221; title_line_height=&#8221;1.6em&#8221; background_color=&#8221;#6490C1&#8243; body_font=&#8221;Arial|||on|||||&#8221; body_text_color=&#8221;#000000&#8243; body_font_size=&#8221;20px&#8221; body_line_height=&#8221;1.6em&#8221; global_colors_info=&#8221;{}&#8221;][\/et_pb_wc_cart_notice][\/et_pb_column][\/et_pb_row][et_pb_row column_structure=&#8221;3_4,1_4&#8243; use_custom_gutter=&#8221;on&#8221; gutter_width=&#8221;2&#8243; disabled_on=&#8221;off|off|off&#8221; _builder_version=&#8221;4.16&#8243; background_color=&#8221;rgba(0,0,0,0)&#8221; background_size=&#8221;initial&#8221; background_position=&#8221;top_left&#8221; background_repeat=&#8221;repeat&#8221; width=&#8221;86%&#8221; max_width=&#8221;1854px&#8221; module_alignment=&#8221;center&#8221; min_height=&#8221;738px&#8221; min_height_tablet=&#8221;&#8221; min_height_phone=&#8221;&#8221; min_height_last_edited=&#8221;on|phone&#8221; custom_margin=&#8221;-8px|auto||auto||&#8221; custom_padding=&#8221;|2px|0px||false|false&#8221; global_colors_info=&#8221;{}&#8221;][et_pb_column type=&#8221;3_4&#8243; _builder_version=&#8221;4.16&#8243; background_color=&#8221;#ffffff&#8221; custom_padding=&#8221;|||&#8221; global_colors_info=&#8221;{}&#8221; custom_padding__hover=&#8221;|||&#8221;][et_pb_wc_images show_product_image=&#8221;off&#8221; _builder_version=&#8221;4.16&#8243; _module_preset=&#8221;default&#8221; global_colors_info=&#8221;{}&#8221;][\/et_pb_wc_images][\/et_pb_column][et_pb_column type=&#8221;1_4&#8243; _builder_version=&#8221;4.16&#8243; background_color=&#8221;#ffffff&#8221; custom_padding=&#8221;40px||||false|false&#8221; custom_padding_tablet=&#8221;&#8221; custom_padding_phone=&#8221;0px||||false|false&#8221; custom_padding_last_edited=&#8221;on|phone&#8221; global_colors_info=&#8221;{}&#8221; custom_padding__hover=&#8221;|||&#8221;][et_pb_wc_title _builder_version=&#8221;4.16&#8243; _module_preset=&#8221;default&#8221; header_font=&#8221;|600||on|||||&#8221; header_text_align=&#8221;left&#8221; header_letter_spacing=&#8221;1px&#8221; header_line_height=&#8221;1.1em&#8221; custom_margin=&#8221;-27px|-47px||||&#8221; custom_margin_tablet=&#8221;&#8221; custom_margin_phone=&#8221;-2px|-47px|||false|false&#8221; custom_margin_last_edited=&#8221;on|tablet&#8221; custom_padding=&#8221;|0px||||&#8221; header_font_size_tablet=&#8221;&#8221; header_font_size_phone=&#8221;&#8221; header_font_size_last_edited=&#8221;on|desktop&#8221; global_colors_info=&#8221;{}&#8221;][\/et_pb_wc_title][et_pb_wc_rating _builder_version=&#8221;4.16&#8243; _module_preset=&#8221;default&#8221; rating_text_color=&#8221;#000000&#8243; rating_font_size=&#8221;13px&#8221; rating_letter_spacing=&#8221;2px&#8221; global_colors_info=&#8221;{}&#8221;][\/et_pb_wc_rating][et_pb_wc_description _builder_version=&#8221;4.16&#8243; _module_preset=&#8221;default&#8221; link_text_color=&#8221;#2b87da&#8221; custom_margin=&#8221;||||false|false&#8221; custom_margin_tablet=&#8221;&#8221; custom_margin_phone=&#8221;&#8221; custom_margin_last_edited=&#8221;on|phone&#8221; custom_padding=&#8221;||0px|||&#8221; global_colors_info=&#8221;{}&#8221;][\/et_pb_wc_description][et_pb_wc_price _builder_version=&#8221;4.16&#8243; _module_preset=&#8221;default&#8221; body_font=&#8221;|600|||||||&#8221; body_text_color=&#8221;#000000&#8243; body_font_size=&#8221;32px&#8221; locked=&#8221;off&#8221; global_colors_info=&#8221;{}&#8221;][\/et_pb_wc_price][et_pb_wc_add_to_cart show_stock=&#8221;off&#8221; _builder_version=&#8221;4.17.4&#8243; fields_custom_margin=&#8221;||||false|false&#8221; fields_custom_margin_tablet=&#8221;&#8221; fields_custom_margin_phone=&#8221;||||false|false&#8221; fields_custom_margin_last_edited=&#8221;on|phone&#8221; fields_custom_padding=&#8221;||||false|false&#8221; dropdown_menus_custom_margin=&#8221;|||-10px|false|false&#8221; dropdown_menus_custom_margin_tablet=&#8221;|115px||-8px|false|false&#8221; dropdown_menus_custom_margin_phone=&#8221;|-33px||-84px|false|false&#8221; dropdown_menus_custom_margin_last_edited=&#8221;on|phone&#8221; field_label_font=&#8221;|600|||||||&#8221; dropdown_menus_font=&#8221;|600|||||||&#8221; dropdown_menus_font_size=&#8221;13px&#8221; background_color=&#8221;rgba(0,0,0,0)&#8221; width_tablet=&#8221;87.1%&#8221; width_phone=&#8221;auto&#8221; width_last_edited=&#8221;on|desktop&#8221; custom_margin=&#8221;|-69px|||false|false&#8221; custom_margin_tablet=&#8221;||||false|false&#8221; custom_margin_phone=&#8221;&#8221; custom_margin_last_edited=&#8221;on|phone&#8221; custom_padding=&#8221;|||0px|false|false&#8221; button_text_size_tablet=&#8221;&#8221; button_text_size_phone=&#8221;14px&#8221; button_text_size_last_edited=&#8221;on|desktop&#8221; body_font=&#8221;|600|||||||&#8221; global_colors_info=&#8221;{}&#8221;][\/et_pb_wc_add_to_cart][et_pb_wc_meta show_categories=&#8221;off&#8221; _builder_version=&#8221;4.16&#8243; body_font=&#8221;||||||||&#8221; body_font_size=&#8221;13px&#8221; link_text_color=&#8221;#0c71c3&#8243; width_tablet=&#8221;&#8221; width_phone=&#8221;80%&#8221; width_last_edited=&#8221;on|phone&#8221; custom_margin=&#8221;-12px|-58px||||&#8221; custom_margin_tablet=&#8221;-17px||||false|false&#8221; custom_margin_phone=&#8221;-17px||||false|false&#8221; custom_margin_last_edited=&#8221;on|phone&#8221; global_colors_info=&#8221;{}&#8221;][\/et_pb_wc_meta][\/et_pb_column][\/et_pb_row][et_pb_row column_structure=&#8221;1_2,1_2&#8243; use_custom_gutter=&#8221;on&#8221; gutter_width=&#8221;2&#8243; _builder_version=&#8221;4.16&#8243; background_size=&#8221;initial&#8221; background_position=&#8221;top_left&#8221; background_repeat=&#8221;repeat&#8221; width=&#8221;86%&#8221; max_width=&#8221;1854px&#8221; module_alignment=&#8221;center&#8221; min_height=&#8221;553px&#8221; custom_padding=&#8221;||32px|||&#8221; global_colors_info=&#8221;{}&#8221;][et_pb_column type=&#8221;1_2&#8243; _builder_version=&#8221;4.16&#8243; custom_padding=&#8221;|||&#8221; global_colors_info=&#8221;{}&#8221; custom_padding__hover=&#8221;|||&#8221;][et_pb_wc_tabs include_tabs=&#8221;description|additional_information|&#8221; _builder_version=&#8221;4.16&#8243; global_colors_info=&#8221;{}&#8221;]\t\t\t\t\t[\/et_pb_wc_tabs][\/et_pb_column][et_pb_column type=&#8221;1_2&#8243; _builder_version=&#8221;4.16&#8243; custom_padding=&#8221;|||&#8221; global_colors_info=&#8221;{}&#8221; custom_padding__hover=&#8221;|||&#8221;][et_pb_team_member name=&#8221;Marek Cecu\u0142a&#8221; position=&#8221;Jedna z najbardziej charyzmatycznych postaci polskiego designu, uroczy erudyta o renesansowych wr\u0119cz horyzontach. Projektant ceramiki u\u017cytkowej, traktuj\u0105cy j\u0105 tak\u017ce jako medium do wyra\u017cania wa\u017ckich artystycznych komunikat\u00f3w.&#8221; image_url=&#8221;https:\/\/sklep.nowymodel.org\/wp-content\/uploads\/2021\/02\/cecula.png&#8221; _builder_version=&#8221;4.16&#8243; _module_preset=&#8221;default&#8221; border_radii_image=&#8221;on|200px|200px|200px|200px&#8221; border_width_all_image=&#8221;1px&#8221; border_color_all_image=&#8221;#8f8f8f&#8221; locked=&#8221;off&#8221; global_colors_info=&#8221;{}&#8221;][\/et_pb_team_member][et_pb_toggle title=&#8221;Czytaj wi\u0119cej&#8230;&#8221; icon_color=&#8221;#000000&#8243; open_icon_color=&#8221;#000000&#8243; _builder_version=&#8221;4.17.4&#8243; _module_preset=&#8221;default&#8221; background_color=&#8221;rgba(193,94,94,0.66)&#8221; border_width_all=&#8221;0px&#8221; border_color_all=&#8221;#000000&#8243; locked=&#8221;off&#8221; global_colors_info=&#8221;{}&#8221;]<\/p>\n<p>W jego tw\u00f3rczo\u015bci granice mi\u0119dzy wzornictwem, rzemios\u0142em i rze\u017ab\u0105 w\u0142a\u015bciwie nie istniej\u0105. Spotkanie z Markiem Cecu\u0142\u0105 to intelektualna uczta: jego liczne do\u015bwiadczenia, podr\u00f3\u017ce, pasja, z jak\u0105 traktuje prac\u0119 i sztuk\u0119, ciekawo\u015b\u0107 \u015bwiata i rado\u015b\u0107 wynikaj\u0105ca z poznawania go wci\u0105\u017c na nowo sprawiaj\u0105, \u017ce rozmowa mo\u017ce trwa\u0107 w niesko\u0144czono\u015b\u0107. Niezale\u017cnie od tego, czy artysta m\u00f3wi o swoim nowym projekcie, o odkrytym znienacka materiale, kt\u00f3ry go w\u0142a\u015bnie inspiruje, o wsp\u00f3\u0142czesnym teatrze czy dawnej muzyce albo orientalnej kuchni \u2013 wszystko staje si\u0119 fascynuj\u0105c\u0105 przygod\u0105.<\/p>\n<p>Urodzi\u0142 si\u0119 23 kwietnia 1944 roku w Cz\u0119stochowie, mieszka\u0142 w Kielcach. Mia\u0142 16 lat, kiedy wyemigrowa\u0142 do Izraela. Potem by\u0142a Brazylia, a od 1976 roku Nowy Jork. Tam za\u0142o\u017cy\u0142 studio Modus Design oraz galeri\u0119 Contemporary Porcelain. By\u0142 dziekanem Wydzia\u0142u Ceramiki w Parsons School of Design w Nowym Jorku (1985-2004), profesorem go\u015bcinnym w National Academy of the Arts w Bergen (2004-2010). Pod koniec lat 90. przeni\u00f3s\u0142 do Polski swoje Modus Design.<\/p>\n<p>W 2012 roku otworzy\u0142 Design Centrum Kielce, a rok p\u00f3\u017aniej \u0106miel\u00f3w Design Studio, kt\u00f3rego jest dyrektorem artystycznym.<\/p>\n<p>Wszystkiego, co wie o ceramice (a wie mn\u00f3stwo!), nauczy\u0142 si\u0119 \u201ew drodze\u201d, zbieraj\u0105c do\u015bwiadczenia na r\u00f3\u017cnych kontynentach. Teraz dzieli si\u0119 nimi ze studentami presti\u017cowych uczelni. M\u00f3wi o sobie, \u017ce jest samoukiem z tytu\u0142em profesora. Historia jego \u017cycia to materia\u0142 na pasjonuj\u0105cy film wpisany w wojenne i powojenne losy polskich \u017cyd\u00f3w, ale te\u017c w kontrkulturow\u0105 rewolucj\u0119 lat 60. zesz\u0142ego wieku czy ustrojowy prze\u0142om lat 90. we Wschodniej Europie. Cecu\u0142a dopisuje do nich sw\u00f3j w\u0142asny rozdzia\u0142 znaczony wa\u017cnymi artystycznymi wypowiedziami. Lista indywidualnych wystaw, nagr\u00f3d, kolekcji, w kt\u00f3rych znalaz\u0142y si\u0119 jego prace, to materia\u0142 na grub\u0105 ksi\u0105\u017ck\u0119.<\/p>\n<p>nowymodel.org jest zaszczycony mo\u017cliwo\u015bci\u0105 wsp\u00f3\u0142pracy z Osobowo\u015bci\u0105 tego formatu.<\/p>\n<p>[\/et_pb_toggle][\/et_pb_column][\/et_pb_row][et_pb_row _builder_version=&#8221;4.16&#8243; _module_preset=&#8221;default&#8221; width=&#8221;86%&#8221; max_width=&#8221;1854px&#8221; custom_margin=&#8221;||||false|false&#8221; custom_margin_tablet=&#8221;25px||||false|false&#8221; custom_margin_phone=&#8221;&#8221; custom_margin_last_edited=&#8221;on|phone&#8221; locked=&#8221;off&#8221; global_colors_info=&#8221;{}&#8221;][et_pb_column type=&#8221;4_4&#8243; _builder_version=&#8221;4.16&#8243; _module_preset=&#8221;default&#8221; global_colors_info=&#8221;{}&#8221;][et_pb_wc_related_products orderby=&#8221;menu_order&#8221; sale_badge_color=&#8221;#f5df4d&#8221; _builder_version=&#8221;4.16&#8243; _module_preset=&#8221;default&#8221; title_font=&#8221;|||on|||||&#8221; product_title_font_size=&#8221;18px&#8221; price_line_height=&#8221;1em&#8221; sale_badge_font=&#8221;|||on|||||&#8221; sale_badge_text_color=&#8221;#000000&#8243; sale_badge_font_size=&#8221;13px&#8221; product_title_font_size_tablet=&#8221;&#8221; product_title_font_size_phone=&#8221;15px&#8221; product_title_font_size_last_edited=&#8221;on|phone&#8221; price_font_size_tablet=&#8221;&#8221; price_font_size_phone=&#8221;&#8221; price_font_size_last_edited=&#8221;on|desktop&#8221; sale_badge_font_size_tablet=&#8221;&#8221; sale_badge_font_size_phone=&#8221;9px&#8221; sale_badge_font_size_last_edited=&#8221;on|phone&#8221; global_colors_info=&#8221;{}&#8221;][\/et_pb_wc_related_products][et_pb_divider divider_style=&#8221;dashed&#8221; divider_weight=&#8221;2px&#8221; _builder_version=&#8221;4.16&#8243; _module_preset=&#8221;default&#8221; custom_margin=&#8221;-46px||||false|false&#8221; custom_margin_tablet=&#8221;&#8221; custom_margin_phone=&#8221;&#8221; custom_margin_last_edited=&#8221;on|phone&#8221; global_colors_info=&#8221;{}&#8221;][\/et_pb_divider][et_pb_wc_upsells posts_number=&#8221;5&#8243; orderby=&#8221;menu_order&#8221; sale_badge_color=&#8221;#f5df4d&#8221; _builder_version=&#8221;4.16&#8243; title_font=&#8221;|||on|||||&#8221; product_title_font_size=&#8221;18px&#8221; price_line_height=&#8221;1em&#8221; sale_badge_font=&#8221;|||on|||||&#8221; sale_badge_text_color=&#8221;#000000&#8243; sale_badge_font_size=&#8221;13px&#8221; product_title_font_size_tablet=&#8221;&#8221; product_title_font_size_phone=&#8221;15px&#8221; product_title_font_size_last_edited=&#8221;on|phone&#8221; price_font_size_tablet=&#8221;&#8221; price_font_size_phone=&#8221;&#8221; price_font_size_last_edited=&#8221;on|desktop&#8221; sale_badge_font_size_tablet=&#8221;&#8221; sale_badge_font_size_phone=&#8221;9px&#8221; sale_badge_font_size_last_edited=&#8221;on|phone&#8221; global_colors_info=&#8221;{}&#8221;][\/et_pb_wc_upsells][\/et_pb_column][\/et_pb_row][\/et_pb_section][et_pb_section fb_built=&#8221;1&#8243; fullwidth=&#8221;on&#8221; _builder_version=&#8221;4.16&#8243; _module_preset=&#8221;default&#8221; custom_margin=&#8221;-73px||||false|false&#8221; custom_margin_tablet=&#8221;&#8221; custom_margin_phone=&#8221;&#8221; custom_margin_last_edited=&#8221;on|phone&#8221; global_colors_info=&#8221;{}&#8221;][et_pb_fullwidth_post_slider posts_number=&#8221;4&#8243; more_text=&#8221;Czytaj dalej&#8230;&#8221; show_meta=&#8221;off&#8221; use_text_overlay=&#8221;on&#8221; _builder_version=&#8221;4.16&#8243; _module_preset=&#8221;default&#8221; auto=&#8221;on&#8221; auto_speed=&#8221;5000&#8243; global_colors_info=&#8221;{}&#8221;][\/et_pb_fullwidth_post_slider][\/et_pb_section]<\/p>\n","protected":false},"excerpt":{"rendered":"<p>Projektant: Marek Cecu\u0142a<\/p>\n","protected":false},"featured_media":3000,"template":"","meta":{"_et_pb_use_builder":"on","_et_pb_old_content":"<h3>Porcelana seria Pogi\u0119ta<\/h3>\r\nPorcelana bia\u0142a i grafitowa pomi\u0119ta jak papier. Nadaje si\u0119 do zmywarek i mikrofal\u00f3wek.\r\nKolekcja pogie\u0328tych kubk\u00f3w istnieje od 1995 roku i wci\u0105\u017c cieszy sie\u0328 nies\u0142abnacym zainteresowaniem.\r\nDzisiaj dodajemy do tej popularnej serii nowa\u0328 wersje\u0328 w barwionej porcelanie.\r\n\r\nDu\u017cy 380 ml\r\nMa\u0142y 100 ml\r\n\r\nDesign: Marek Cecu\u0142a, Modus Design, 2013\r\nProducent: PFP \u201c\u0106miel\u00f3w\u201d i \u201cChodzie\u017c\u201d S.A.\r\nKolekcja: \u0106miel\u00f3w Design Studio","_et_gb_content_width":""},"product_brand":[],"product_cat":[429,781],"product_tag":[420,366,423,363,360,426],"class_list":{"0":"post-2797","1":"product","2":"type-product","3":"status-publish","4":"has-post-thumbnail","6":"product_cat-ceramika","7":"product_cat-cecula","8":"product_tag-duzy-kubek","9":"product_tag-kubek","10":"product_tag-marek-cecula","11":"product_tag-porcelana","12":"product_tag-prezent","13":"product_tag-wazon","14":"product_shipping_class-standard_1_1_akcesoria","16":"first","17":"instock","18":"taxable","19":"shipping-taxable","20":"purchasable","21":"product-type-variable"},"yoast_head":"<!-- This site is optimized with the Yoast SEO plugin v27.3 - https:\/\/yoast.com\/product\/yoast-seo-wordpress\/ -->\n<title>Kubek Pogi\u0119ty - Marek Cecu\u0142a - sklep.nowymodel<\/title>\n<meta name=\"description\" content=\"Porcelana tej serii przypomina pogi\u0119t\u0105\u00a0blache\u0328 lub zmi\u0119ty papier. Kolekcja istnieje od 1995 roku i cieszy sie\u0328 nies\u0142abnacym zainteresowaniem.\" \/>\n<meta name=\"robots\" content=\"index, follow, max-snippet:-1, max-image-preview:large, max-video-preview:-1\" \/>\n<link rel=\"canonical\" href=\"https:\/\/sklep.nowymodel.org\/?product=kubek-pogiety\" \/>\n<meta property=\"og:locale\" content=\"pl_PL\" \/>\n<meta property=\"og:type\" content=\"article\" \/>\n<meta property=\"og:title\" content=\"Kubek Pogi\u0119ty - Marek Cecu\u0142a - sklep.nowymodel\" \/>\n<meta property=\"og:description\" content=\"Porcelana tej serii przypomina pogi\u0119t\u0105\u00a0blache\u0328 lub zmi\u0119ty papier. Kolekcja istnieje od 1995 roku i cieszy sie\u0328 nies\u0142abnacym zainteresowaniem.\" \/>\n<meta property=\"og:url\" content=\"https:\/\/sklep.nowymodel.org\/?product=kubek-pogiety\" \/>\n<meta property=\"og:site_name\" content=\"sklep.nowymodel\" \/>\n<meta property=\"article:modified_time\" content=\"2025-03-14T13:44:27+00:00\" \/>\n<meta property=\"og:image\" content=\"https:\/\/sklep.nowymodel.org\/wp-content\/uploads\/2022\/06\/9-8.jpg\" \/>\n\t<meta property=\"og:image:width\" content=\"1080\" \/>\n\t<meta property=\"og:image:height\" content=\"1080\" \/>\n\t<meta property=\"og:image:type\" content=\"image\/jpeg\" \/>\n<meta name=\"twitter:card\" content=\"summary_large_image\" \/>\n<meta name=\"twitter:label1\" content=\"Szacowany czas czytania\" \/>\n\t<meta name=\"twitter:data1\" content=\"4 minuty\" \/>\n<script type=\"application\/ld+json\" class=\"yoast-schema-graph\">{\"@context\":\"https:\\\/\\\/schema.org\",\"@graph\":[{\"@type\":\"WebPage\",\"@id\":\"https:\\\/\\\/sklep.nowymodel.org\\\/?product=kubek-pogiety\",\"url\":\"https:\\\/\\\/sklep.nowymodel.org\\\/?product=kubek-pogiety\",\"name\":\"Kubek Pogi\u0119ty - Marek Cecu\u0142a - sklep.nowymodel\",\"isPartOf\":{\"@id\":\"https:\\\/\\\/sklep.nowymodel.org\\\/#website\"},\"primaryImageOfPage\":{\"@id\":\"https:\\\/\\\/sklep.nowymodel.org\\\/?product=kubek-pogiety#primaryimage\"},\"image\":{\"@id\":\"https:\\\/\\\/sklep.nowymodel.org\\\/?product=kubek-pogiety#primaryimage\"},\"thumbnailUrl\":\"https:\\\/\\\/sklep.nowymodel.org\\\/wp-content\\\/uploads\\\/2022\\\/06\\\/9-8.jpg\",\"datePublished\":\"2022-06-30T11:10:37+00:00\",\"dateModified\":\"2025-03-14T13:44:27+00:00\",\"description\":\"Porcelana tej serii przypomina pogi\u0119t\u0105\u00a0blache\u0328 lub zmi\u0119ty papier. Kolekcja istnieje od 1995 roku i cieszy sie\u0328 nies\u0142abnacym zainteresowaniem.\",\"breadcrumb\":{\"@id\":\"https:\\\/\\\/sklep.nowymodel.org\\\/?product=kubek-pogiety#breadcrumb\"},\"inLanguage\":\"pl-PL\",\"potentialAction\":[{\"@type\":\"ReadAction\",\"target\":[\"https:\\\/\\\/sklep.nowymodel.org\\\/?product=kubek-pogiety\"]}]},{\"@type\":\"ImageObject\",\"inLanguage\":\"pl-PL\",\"@id\":\"https:\\\/\\\/sklep.nowymodel.org\\\/?product=kubek-pogiety#primaryimage\",\"url\":\"https:\\\/\\\/sklep.nowymodel.org\\\/wp-content\\\/uploads\\\/2022\\\/06\\\/9-8.jpg\",\"contentUrl\":\"https:\\\/\\\/sklep.nowymodel.org\\\/wp-content\\\/uploads\\\/2022\\\/06\\\/9-8.jpg\",\"width\":1080,\"height\":1080,\"caption\":\"pogiety_kubek\"},{\"@type\":\"BreadcrumbList\",\"@id\":\"https:\\\/\\\/sklep.nowymodel.org\\\/?product=kubek-pogiety#breadcrumb\",\"itemListElement\":[{\"@type\":\"ListItem\",\"position\":1,\"name\":\"Strona g\u0142\u00f3wna\",\"item\":\"https:\\\/\\\/sklep.nowymodel.org\\\/\"},{\"@type\":\"ListItem\",\"position\":2,\"name\":\"Sklep\",\"item\":\"https:\\\/\\\/sklep.nowymodel.org\\\/?page_id=7\"},{\"@type\":\"ListItem\",\"position\":3,\"name\":\"Kubek Pogi\u0119ty &#8211; Marek Cecu\u0142a\"}]},{\"@type\":\"WebSite\",\"@id\":\"https:\\\/\\\/sklep.nowymodel.org\\\/#website\",\"url\":\"https:\\\/\\\/sklep.nowymodel.org\\\/\",\"name\":\"sklep.nowymodel\",\"description\":\"Sklep.nowymodel- sklep z designem\",\"potentialAction\":[{\"@type\":\"SearchAction\",\"target\":{\"@type\":\"EntryPoint\",\"urlTemplate\":\"https:\\\/\\\/sklep.nowymodel.org\\\/?s={search_term_string}\"},\"query-input\":{\"@type\":\"PropertyValueSpecification\",\"valueRequired\":true,\"valueName\":\"search_term_string\"}}],\"inLanguage\":\"pl-PL\"}]}<\/script>\n<!-- \/ Yoast SEO plugin. -->","yoast_head_json":{"title":"Kubek Pogi\u0119ty - Marek Cecu\u0142a - sklep.nowymodel","description":"Porcelana tej serii przypomina pogi\u0119t\u0105\u00a0blache\u0328 lub zmi\u0119ty papier. Kolekcja istnieje od 1995 roku i cieszy sie\u0328 nies\u0142abnacym zainteresowaniem.","robots":{"index":"index","follow":"follow","max-snippet":"max-snippet:-1","max-image-preview":"max-image-preview:large","max-video-preview":"max-video-preview:-1"},"canonical":"https:\/\/sklep.nowymodel.org\/?product=kubek-pogiety","og_locale":"pl_PL","og_type":"article","og_title":"Kubek Pogi\u0119ty - Marek Cecu\u0142a - sklep.nowymodel","og_description":"Porcelana tej serii przypomina pogi\u0119t\u0105\u00a0blache\u0328 lub zmi\u0119ty papier. Kolekcja istnieje od 1995 roku i cieszy sie\u0328 nies\u0142abnacym zainteresowaniem.","og_url":"https:\/\/sklep.nowymodel.org\/?product=kubek-pogiety","og_site_name":"sklep.nowymodel","article_modified_time":"2025-03-14T13:44:27+00:00","og_image":[{"width":1080,"height":1080,"url":"https:\/\/sklep.nowymodel.org\/wp-content\/uploads\/2022\/06\/9-8.jpg","type":"image\/jpeg"}],"twitter_card":"summary_large_image","twitter_misc":{"Szacowany czas czytania":"4 minuty"},"schema":{"@context":"https:\/\/schema.org","@graph":[{"@type":"WebPage","@id":"https:\/\/sklep.nowymodel.org\/?product=kubek-pogiety","url":"https:\/\/sklep.nowymodel.org\/?product=kubek-pogiety","name":"Kubek Pogi\u0119ty - Marek Cecu\u0142a - sklep.nowymodel","isPartOf":{"@id":"https:\/\/sklep.nowymodel.org\/#website"},"primaryImageOfPage":{"@id":"https:\/\/sklep.nowymodel.org\/?product=kubek-pogiety#primaryimage"},"image":{"@id":"https:\/\/sklep.nowymodel.org\/?product=kubek-pogiety#primaryimage"},"thumbnailUrl":"https:\/\/sklep.nowymodel.org\/wp-content\/uploads\/2022\/06\/9-8.jpg","datePublished":"2022-06-30T11:10:37+00:00","dateModified":"2025-03-14T13:44:27+00:00","description":"Porcelana tej serii przypomina pogi\u0119t\u0105\u00a0blache\u0328 lub zmi\u0119ty papier. Kolekcja istnieje od 1995 roku i cieszy sie\u0328 nies\u0142abnacym zainteresowaniem.","breadcrumb":{"@id":"https:\/\/sklep.nowymodel.org\/?product=kubek-pogiety#breadcrumb"},"inLanguage":"pl-PL","potentialAction":[{"@type":"ReadAction","target":["https:\/\/sklep.nowymodel.org\/?product=kubek-pogiety"]}]},{"@type":"ImageObject","inLanguage":"pl-PL","@id":"https:\/\/sklep.nowymodel.org\/?product=kubek-pogiety#primaryimage","url":"https:\/\/sklep.nowymodel.org\/wp-content\/uploads\/2022\/06\/9-8.jpg","contentUrl":"https:\/\/sklep.nowymodel.org\/wp-content\/uploads\/2022\/06\/9-8.jpg","width":1080,"height":1080,"caption":"pogiety_kubek"},{"@type":"BreadcrumbList","@id":"https:\/\/sklep.nowymodel.org\/?product=kubek-pogiety#breadcrumb","itemListElement":[{"@type":"ListItem","position":1,"name":"Strona g\u0142\u00f3wna","item":"https:\/\/sklep.nowymodel.org\/"},{"@type":"ListItem","position":2,"name":"Sklep","item":"https:\/\/sklep.nowymodel.org\/?page_id=7"},{"@type":"ListItem","position":3,"name":"Kubek Pogi\u0119ty &#8211; Marek Cecu\u0142a"}]},{"@type":"WebSite","@id":"https:\/\/sklep.nowymodel.org\/#website","url":"https:\/\/sklep.nowymodel.org\/","name":"sklep.nowymodel","description":"Sklep.nowymodel- sklep z designem","potentialAction":[{"@type":"SearchAction","target":{"@type":"EntryPoint","urlTemplate":"https:\/\/sklep.nowymodel.org\/?s={search_term_string}"},"query-input":{"@type":"PropertyValueSpecification","valueRequired":true,"valueName":"search_term_string"}}],"inLanguage":"pl-PL"}]}},"_links":{"self":[{"href":"https:\/\/sklep.nowymodel.org\/index.php?rest_route=\/wp\/v2\/product\/2797","targetHints":{"allow":["GET"]}}],"collection":[{"href":"https:\/\/sklep.nowymodel.org\/index.php?rest_route=\/wp\/v2\/product"}],"about":[{"href":"https:\/\/sklep.nowymodel.org\/index.php?rest_route=\/wp\/v2\/types\/product"}],"wp:featuredmedia":[{"embeddable":true,"href":"https:\/\/sklep.nowymodel.org\/index.php?rest_route=\/wp\/v2\/media\/3000"}],"wp:attachment":[{"href":"https:\/\/sklep.nowymodel.org\/index.php?rest_route=%2Fwp%2Fv2%2Fmedia&parent=2797"}],"wp:term":[{"taxonomy":"product_brand","embeddable":true,"href":"https:\/\/sklep.nowymodel.org\/index.php?rest_route=%2Fwp%2Fv2%2Fproduct_brand&post=2797"},{"taxonomy":"product_cat","embeddable":true,"href":"https:\/\/sklep.nowymodel.org\/index.php?rest_route=%2Fwp%2Fv2%2Fproduct_cat&post=2797"},{"taxonomy":"product_tag","embeddable":true,"href":"https:\/\/sklep.nowymodel.org\/index.php?rest_route=%2Fwp%2Fv2%2Fproduct_tag&post=2797"}],"curies":[{"name":"wp","href":"https:\/\/api.w.org\/{rel}","templated":true}]}}