{"id":1579,"date":"2021-02-16T12:53:06","date_gmt":"2021-02-16T11:53:06","guid":{"rendered":"https:\/\/sklep.nowymodel.org\/?post_type=product&#038;p=1579"},"modified":"2025-03-14T14:58:56","modified_gmt":"2025-03-14T13:58:56","slug":"kubek-limbo","status":"publish","type":"product","link":"https:\/\/sklep.nowymodel.org\/?product=kubek-limbo","title":{"rendered":"Kubek Limbo &#8211; Marek Cecu\u0142a"},"content":{"rendered":"<p>[et_pb_section fb_built=&#8221;1&#8243; _builder_version=&#8221;4.16&#8243; background_color=&#8221;#ffffff&#8221; custom_padding=&#8221;0px||5px||false|false&#8221; global_colors_info=&#8221;{}&#8221;][et_pb_row _builder_version=&#8221;4.16&#8243; background_size=&#8221;initial&#8221; background_position=&#8221;top_left&#8221; background_repeat=&#8221;repeat&#8221; width=&#8221;100%&#8221; max_width=&#8221;1602px&#8221; module_alignment=&#8221;center&#8221; custom_padding=&#8221;21px||0px||false|false&#8221; global_colors_info=&#8221;{}&#8221;][et_pb_column type=&#8221;4_4&#8243; _builder_version=&#8221;4.16&#8243; custom_padding=&#8221;|||&#8221; global_colors_info=&#8221;{}&#8221; custom_padding__hover=&#8221;|||&#8221;][et_pb_wc_breadcrumb _builder_version=&#8221;4.16&#8243; custom_padding=&#8221;|||89px|false|false&#8221; custom_padding_tablet=&#8221;|||64px|false|false&#8221; custom_padding_phone=&#8221;|||33px|false|false&#8221; custom_padding_last_edited=&#8221;on|phone&#8221; global_colors_info=&#8221;{}&#8221;][\/et_pb_wc_breadcrumb][\/et_pb_column][\/et_pb_row][et_pb_row column_structure=&#8221;3_5,2_5&#8243; use_custom_gutter=&#8221;on&#8221; disabled_on=&#8221;off|off|off&#8221; _builder_version=&#8221;4.20.2&#8243; background_color=&#8221;rgba(0,0,0,0)&#8221; background_size=&#8221;initial&#8221; background_position=&#8221;top_left&#8221; background_repeat=&#8221;repeat&#8221; width=&#8221;86%&#8221; max_width=&#8221;1854px&#8221; module_alignment=&#8221;center&#8221; min_height=&#8221;599px&#8221; min_height_tablet=&#8221;&#8221; min_height_phone=&#8221;&#8221; min_height_last_edited=&#8221;on|phone&#8221; custom_margin=&#8221;-8px|auto||auto||&#8221; custom_padding=&#8221;0px|2px|0px||false|false&#8221; hover_enabled=&#8221;0&#8243; global_colors_info=&#8221;{}&#8221; sticky_enabled=&#8221;0&#8243;][et_pb_column type=&#8221;3_5&#8243; _builder_version=&#8221;4.16&#8243; background_color=&#8221;#ffffff&#8221; custom_padding=&#8221;|||&#8221; global_colors_info=&#8221;{}&#8221; custom_padding__hover=&#8221;|||&#8221;][et_pb_wc_images show_product_image=&#8221;off&#8221; _builder_version=&#8221;4.16&#8243; _module_preset=&#8221;default&#8221; global_colors_info=&#8221;{}&#8221;][\/et_pb_wc_images][\/et_pb_column][et_pb_column type=&#8221;2_5&#8243; _builder_version=&#8221;4.16&#8243; background_color=&#8221;#ffffff&#8221; custom_padding=&#8221;40px||||false|false&#8221; custom_padding_tablet=&#8221;&#8221; custom_padding_phone=&#8221;0px||||false|false&#8221; custom_padding_last_edited=&#8221;on|phone&#8221; global_colors_info=&#8221;{}&#8221; custom_padding__hover=&#8221;|||&#8221;][et_pb_wc_title _builder_version=&#8221;4.20.2&#8243; _module_preset=&#8221;default&#8221; header_font=&#8221;|||on|||||&#8221; header_text_align=&#8221;left&#8221; header_letter_spacing=&#8221;1px&#8221; header_line_height=&#8221;1.1em&#8221; custom_margin=&#8221;-27px|-47px||||&#8221; custom_margin_tablet=&#8221;&#8221; custom_margin_phone=&#8221;-2px|-47px|||false|false&#8221; custom_margin_last_edited=&#8221;on|tablet&#8221; custom_padding=&#8221;|0px||||&#8221; hover_enabled=&#8221;0&#8243; header_font_size_tablet=&#8221;&#8221; header_font_size_phone=&#8221;&#8221; header_font_size_last_edited=&#8221;on|desktop&#8221; global_colors_info=&#8221;{}&#8221; header_font_size=&#8221;35px&#8221; sticky_enabled=&#8221;0&#8243;][\/et_pb_wc_title][et_pb_wc_description _builder_version=&#8221;4.16&#8243; _module_preset=&#8221;default&#8221; link_text_color=&#8221;#2b87da&#8221; custom_margin=&#8221;||||false|false&#8221; custom_margin_tablet=&#8221;&#8221; custom_margin_phone=&#8221;&#8221; custom_margin_last_edited=&#8221;on|phone&#8221; custom_padding=&#8221;||0px|||&#8221; global_colors_info=&#8221;{}&#8221;][\/et_pb_wc_description][et_pb_wc_price _builder_version=&#8221;4.20.2&#8243; _module_preset=&#8221;default&#8221; body_font=&#8221;|||on|||||&#8221; body_text_color=&#8221;#000000&#8243; body_font_size=&#8221;35px&#8221; hover_enabled=&#8221;0&#8243; locked=&#8221;off&#8221; global_colors_info=&#8221;{}&#8221; sticky_enabled=&#8221;0&#8243;][\/et_pb_wc_price][et_pb_wc_add_to_cart show_stock=&#8221;off&#8221; _builder_version=&#8221;4.20.2&#8243; fields_custom_margin=&#8221;||||false|false&#8221; fields_custom_margin_tablet=&#8221;&#8221; fields_custom_margin_phone=&#8221;||||false|false&#8221; fields_custom_margin_last_edited=&#8221;on|phone&#8221; fields_custom_padding=&#8221;||||false|false&#8221; dropdown_menus_custom_margin=&#8221;|||-10px|false|false&#8221; dropdown_menus_custom_margin_tablet=&#8221;|115px||-8px|false|false&#8221; dropdown_menus_custom_margin_phone=&#8221;|-33px||-84px|false|false&#8221; dropdown_menus_custom_margin_last_edited=&#8221;on|phone&#8221; field_label_font=&#8221;|600|||||||&#8221; dropdown_menus_font=&#8221;|600||on|||||&#8221; dropdown_menus_font_size=&#8221;13px&#8221; background_color=&#8221;rgba(0,0,0,0)&#8221; width_tablet=&#8221;87.1%&#8221; width_phone=&#8221;auto&#8221; width_last_edited=&#8221;on|desktop&#8221; custom_margin=&#8221;30px|-69px|30px||true|false&#8221; custom_margin_tablet=&#8221;||||false|false&#8221; custom_margin_phone=&#8221;&#8221; custom_margin_last_edited=&#8221;on|phone&#8221; custom_padding=&#8221;|||0px|false|false&#8221; hover_enabled=&#8221;0&#8243; button_text_size_tablet=&#8221;&#8221; button_text_size_phone=&#8221;14px&#8221; button_text_size_last_edited=&#8221;on|desktop&#8221; body_font=&#8221;|600|||||||&#8221; global_colors_info=&#8221;{}&#8221; show_quantity=&#8221;off&#8221; sticky_enabled=&#8221;0&#8243;][\/et_pb_wc_add_to_cart][\/et_pb_column][\/et_pb_row][et_pb_row _builder_version=&#8221;4.20.2&#8243; _module_preset=&#8221;default&#8221; column_structure=&#8221;3_5,2_5&#8243; hover_enabled=&#8221;0&#8243; sticky_enabled=&#8221;0&#8243; min_height=&#8221;217.4px&#8221; custom_padding=&#8221;||0px|||&#8221;][et_pb_column _builder_version=&#8221;4.20.2&#8243; _module_preset=&#8221;default&#8221; type=&#8221;3_5&#8243;][et_pb_wc_description _builder_version=&#8221;4.20.2&#8243; _module_preset=&#8221;default&#8221; description_type=&#8221;description&#8221; hover_enabled=&#8221;0&#8243; sticky_enabled=&#8221;0&#8243;][\/et_pb_wc_description][\/et_pb_column][et_pb_column _builder_version=&#8221;4.20.2&#8243; _module_preset=&#8221;default&#8221; type=&#8221;2_5&#8243;][\/et_pb_column][\/et_pb_row][et_pb_row _builder_version=&#8221;4.20.2&#8243; _module_preset=&#8221;default&#8221;][et_pb_column _builder_version=&#8221;4.20.2&#8243; _module_preset=&#8221;default&#8221; type=&#8221;4_4&#8243;][et_pb_divider _builder_version=&#8221;4.20.2&#8243; _module_preset=&#8221;default&#8221; divider_position=&#8221;center&#8221; hover_enabled=&#8221;0&#8243; sticky_enabled=&#8221;0&#8243;][\/et_pb_divider][\/et_pb_column][\/et_pb_row][\/et_pb_section][et_pb_section fb_built=&#8221;1&#8243; _builder_version=&#8221;4.20.2&#8243; _module_preset=&#8221;default&#8221; custom_padding=&#8221;3px||4px|||&#8221; global_colors_info=&#8221;{}&#8221; theme_builder_area=&#8221;post_content&#8221;][et_pb_row column_structure=&#8221;1_3,1_3,1_3&#8243; _builder_version=&#8221;4.20.2&#8243; _module_preset=&#8221;default&#8221; module_alignment=&#8221;center&#8221; min_height=&#8221;182.6px&#8221; custom_margin=&#8221;0px|auto|0px|0px|true|false&#8221; custom_padding=&#8221;4px||0px|0px|false|false&#8221; locked=&#8221;off&#8221; global_colors_info=&#8221;{}&#8221; theme_builder_area=&#8221;post_content&#8221;][et_pb_column type=&#8221;1_3&#8243; _builder_version=&#8221;4.20.2&#8243; _module_preset=&#8221;default&#8221; custom_padding=&#8221;|0px||0px|false|true&#8221; global_colors_info=&#8221;{}&#8221; theme_builder_area=&#8221;post_content&#8221;][\/et_pb_column][et_pb_column type=&#8221;1_3&#8243; _builder_version=&#8221;4.20.2&#8243; _module_preset=&#8221;default&#8221; global_colors_info=&#8221;{}&#8221; theme_builder_area=&#8221;post_content&#8221;][et_pb_text _builder_version=&#8221;4.20.2&#8243; _module_preset=&#8221;default&#8221; text_font=&#8221;|||on|||||&#8221; text_font_size=&#8221;35px&#8221; text_line_height=&#8221;1.8em&#8221; text_orientation=&#8221;center&#8221; global_colors_info=&#8221;{}&#8221; theme_builder_area=&#8221;post_content&#8221;]<\/p>\n<p>projektant<\/p>\n<p>[\/et_pb_text][et_pb_team_member image_url=&#8221;https:\/\/sklep.nowymodel.org\/wp-content\/uploads\/2021\/02\/cecula.png&#8221; _builder_version=&#8221;4.20.2&#8243; _module_preset=&#8221;default&#8221; border_radii_image=&#8221;on|200px|200px|200px|200px&#8221; border_width_all_image=&#8221;1px&#8221; border_color_all_image=&#8221;#8f8f8f&#8221; locked=&#8221;off&#8221; global_colors_info=&#8221;{}&#8221; theme_builder_area=&#8221;post_content&#8221;][\/et_pb_team_member][et_pb_text _builder_version=&#8221;4.20.2&#8243; _module_preset=&#8221;default&#8221; text_font=&#8221;||||||||&#8221; text_text_color=&#8221;#808080&#8243; text_font_size=&#8221;15px&#8221; text_orientation=&#8221;center&#8221; module_alignment=&#8221;center&#8221; custom_margin=&#8221;20px||10px|0px|false|false&#8221; custom_padding=&#8221;0px|0px||0px|false|true&#8221; link_option_url=&#8221;https:\/\/nowymodel.org\/cyryl-zakrzewski\/&#8221; global_colors_info=&#8221;{}&#8221; theme_builder_area=&#8221;post_content&#8221;]<\/p>\n<h2>Marek Cecu\u0142a<\/h2>\n<p>[\/et_pb_text][\/et_pb_column][et_pb_column type=&#8221;1_3&#8243; _builder_version=&#8221;4.20.2&#8243; _module_preset=&#8221;default&#8221; global_colors_info=&#8221;{}&#8221; theme_builder_area=&#8221;post_content&#8221;][\/et_pb_column][\/et_pb_row][et_pb_row column_structure=&#8221;1_5,3_5,1_5&#8243; _builder_version=&#8221;4.20.2&#8243; _module_preset=&#8221;default&#8221; min_height=&#8221;82.5px&#8221; custom_padding=&#8221;3px||5px|||&#8221; global_colors_info=&#8221;{}&#8221; theme_builder_area=&#8221;post_content&#8221;][et_pb_column type=&#8221;1_5&#8243; _builder_version=&#8221;4.20.2&#8243; _module_preset=&#8221;default&#8221; global_colors_info=&#8221;{}&#8221; theme_builder_area=&#8221;post_content&#8221;][et_pb_text _builder_version=&#8221;4.20.2&#8243; _module_preset=&#8221;default&#8221; global_colors_info=&#8221;{}&#8221; theme_builder_area=&#8221;post_content&#8221;][\/et_pb_text][\/et_pb_column][et_pb_column type=&#8221;3_5&#8243; _builder_version=&#8221;4.20.2&#8243; _module_preset=&#8221;default&#8221; global_colors_info=&#8221;{}&#8221; theme_builder_area=&#8221;post_content&#8221;][et_pb_text _builder_version=&#8221;4.20.2&#8243; _module_preset=&#8221;default&#8221; link_option_url=&#8221;https:\/\/nowymodel.org\/cyryl-zakrzewski\/&#8221; global_colors_info=&#8221;{}&#8221; theme_builder_area=&#8221;post_content&#8221;]<\/p>\n<p style=\"text-align: justify;\"><em>\u201cZaj\u0105\u0142em si\u0119 ceramik\u0105, bo\u00a0jako medium posiada t\u0119\u00a0cech\u0119, \u017ce\u00a0mo\u017ce by\u0107 czym\u015b u\u017cytkowym, ale\u00a0te\u017c czym\u015b artystycznym. Talerz mo\u017ce le\u017ce\u0107 na\u00a0stole i\u00a0spe\u0142nia\u0107 swoj\u0105 funkcj\u0119 u\u017cytkow\u0105, ale\u00a0te\u017c mo\u017ce wisie\u0107 na\u00a0\u015bcianie, gdzie zamienia si\u0119 w\u00a0obraz.\u201d<\/em><\/p>\n<p>[\/et_pb_text][\/et_pb_column][et_pb_column type=&#8221;1_5&#8243; _builder_version=&#8221;4.20.2&#8243; _module_preset=&#8221;default&#8221; global_colors_info=&#8221;{}&#8221; theme_builder_area=&#8221;post_content&#8221;][\/et_pb_column][\/et_pb_row][et_pb_row column_structure=&#8221;1_2,1_2&#8243; _builder_version=&#8221;4.20.2&#8243; _module_preset=&#8221;default&#8221; global_colors_info=&#8221;{}&#8221; theme_builder_area=&#8221;post_content&#8221;][et_pb_column type=&#8221;1_2&#8243; _builder_version=&#8221;4.20.2&#8243; _module_preset=&#8221;default&#8221; global_colors_info=&#8221;{}&#8221; theme_builder_area=&#8221;post_content&#8221;][et_pb_text _builder_version=&#8221;4.20.2&#8243; _module_preset=&#8221;default&#8221; global_colors_info=&#8221;{}&#8221; theme_builder_area=&#8221;post_content&#8221;]<\/p>\n<p style=\"text-align: justify;\">Wszystkiego, co\u00a0wie o\u00a0ceramice (a\u00a0wie mn\u00f3stwo!), nauczy\u0142 si\u0119 \u201ew drodze\u201d, zbieraj\u0105c do\u015bwiadczenia na\u00a0r\u00f3\u017cnych kontynentach. Teraz dzieli si\u0119 nimi ze\u00a0studentami presti\u017cowych uczelni. M\u00f3wi o\u00a0sobie, \u017ce\u00a0jest samoukiem z\u00a0tytu\u0142em profesora. Historia jego \u017cycia to\u00a0materia\u0142 na\u00a0pasjonuj\u0105cy film wpisany w\u00a0wojenne i\u00a0powojenne losy polskich \u017cyd\u00f3w, ale\u00a0te\u017c w\u00a0kontrkulturow\u0105 rewolucj\u0119 lat 60. zesz\u0142ego wieku czy\u00a0ustrojowy prze\u0142om lat 90. we\u00a0Wschodniej Europie. Cecu\u0142a dopisuje do\u00a0nich sw\u00f3j w\u0142asny rozdzia\u0142 znaczony wa\u017cnymi artystycznymi wypowiedziami. Lista indywidualnych wystaw, nagr\u00f3d, kolekcji, w\u00a0kt\u00f3rych\u00a0znalaz\u0142y si\u0119 jego prace, to\u00a0materia\u0142 na\u00a0grub\u0105 ksi\u0105\u017ck\u0119.<\/p>\n<p>[\/et_pb_text][\/et_pb_column][et_pb_column type=&#8221;1_2&#8243; _builder_version=&#8221;4.20.2&#8243; _module_preset=&#8221;default&#8221; global_colors_info=&#8221;{}&#8221; theme_builder_area=&#8221;post_content&#8221;][et_pb_text _builder_version=&#8221;4.20.2&#8243; _module_preset=&#8221;default&#8221; global_colors_info=&#8221;{}&#8221; theme_builder_area=&#8221;post_content&#8221;]<\/p>\n<p style=\"text-align: justify;\"><span>W\u00a0jego tw\u00f3rczo\u015bci granice mi\u0119dzy wzornictwem, rzemios\u0142em i\u00a0rze\u017ab\u0105 w\u0142a\u015bciwie nie\u00a0istniej\u0105. Spotkanie z\u00a0Markiem Cecu\u0142\u0105 to\u00a0intelektualna uczta: jego liczne do\u015bwiadczenia, podr\u00f3\u017ce, pasja, z\u00a0jak\u0105 traktuje prac\u0119 i\u00a0sztuk\u0119, ciekawo\u015b\u0107 \u015bwiata i\u00a0rado\u015b\u0107 wynikaj\u0105ca z\u00a0poznawania go\u00a0wci\u0105\u017c na\u00a0nowo sprawiaj\u0105, \u017ce\u00a0rozmowa mo\u017ce trwa\u0107 w\u00a0niesko\u0144czono\u015b\u0107. Niezale\u017cnie od\u00a0tego, czy\u00a0artysta m\u00f3wi o\u00a0swoim nowym projekcie, o\u00a0odkrytym znienacka materiale, kt\u00f3ry\u00a0go\u00a0w\u0142a\u015bnie inspiruje, o\u00a0wsp\u00f3\u0142czesnym teatrze czy\u00a0dawnej muzyce albo\u00a0orientalnej kuchni \u2013 wszystko staje si\u0119 fascynuj\u0105c\u0105 przygod\u0105.<\/span><\/p>\n<p style=\"text-align: justify;\"><span>nowymodel.org jest zaszczycony mo\u017cliwo\u015bci\u0105 wsp\u00f3\u0142pracy z\u00a0Osobowo\u015bci\u0105 tego formatu.<\/span><\/p>\n<p>[\/et_pb_text][\/et_pb_column][\/et_pb_row][et_pb_row _builder_version=&#8221;4.20.2&#8243; _module_preset=&#8221;default&#8221; global_colors_info=&#8221;{}&#8221; theme_builder_area=&#8221;post_content&#8221;][et_pb_column type=&#8221;4_4&#8243; _builder_version=&#8221;4.20.2&#8243; _module_preset=&#8221;default&#8221; global_colors_info=&#8221;{}&#8221; theme_builder_area=&#8221;post_content&#8221;][et_pb_divider divider_position=&#8221;center&#8221; _builder_version=&#8221;4.20.2&#8243; _module_preset=&#8221;default&#8221; global_colors_info=&#8221;{}&#8221; theme_builder_area=&#8221;post_content&#8221;][\/et_pb_divider][\/et_pb_column][\/et_pb_row][\/et_pb_section][et_pb_section fb_built=&#8221;1&#8243; _builder_version=&#8221;4.20.2&#8243; _module_preset=&#8221;default&#8221; custom_padding=&#8221;0px||5px|||&#8221; global_colors_info=&#8221;{}&#8221; theme_builder_area=&#8221;post_content&#8221;][et_pb_row _builder_version=&#8221;4.20.2&#8243; _module_preset=&#8221;default&#8221; custom_padding=&#8221;3px||0px|||&#8221; global_colors_info=&#8221;{}&#8221; theme_builder_area=&#8221;post_content&#8221;][et_pb_column type=&#8221;4_4&#8243; _builder_version=&#8221;4.20.2&#8243; _module_preset=&#8221;default&#8221; global_colors_info=&#8221;{}&#8221; theme_builder_area=&#8221;post_content&#8221;][et_pb_wc_related_products posts_number=&#8221;5&#8243; columns_number=&#8221;5&#8243; include_categories=&#8221;781&#8243; icon_hover_color=&#8221;#333333&#8243; hover_overlay_color=&#8221;RGBA(64,64,64,0.69)&#8221; hover_icon=&#8221;&#xf06e;||fa||400&#8243; show_price=&#8221;off&#8221; show_rating=&#8221;off&#8221; show_sale_badge=&#8221;off&#8221; _builder_version=&#8221;4.20.2&#8243; _module_preset=&#8221;default&#8221; title_font_size=&#8221;30px&#8221; product_title_text_align=&#8221;center&#8221; product_title_font_size=&#8221;16px&#8221; hover_enabled=&#8221;0&#8243; global_colors_info=&#8221;{}&#8221; theme_builder_area=&#8221;post_content&#8221; sticky_enabled=&#8221;0&#8243;][\/et_pb_wc_related_products][\/et_pb_column][\/et_pb_row][\/et_pb_section]<\/p>\n","protected":false},"excerpt":{"rendered":"<p>Projektant: Marek Cecu\u0142a<\/p>\n","protected":false},"featured_media":2948,"template":"","meta":{"_et_pb_use_builder":"on","_et_pb_old_content":"<h1>Kubek Limbo<\/h1>\r\nZabawa form\u0105 i funkcjonalno\u015b\u0107 w jednym to w\u0142a\u015bnie LIMBO.\r\nKubki wykonane s\u0105 z barwionej, matowej porcelany ze szkliwionym wn\u0119trzem.\r\nOd wyboru do koloru czyli co\u015b dla ka\u017cdego \u2013 kubki LIMBO s\u0105 dost\u0119pne w wielu wersjach kolorystycznych.\r\n\r\n\u00ad","_et_gb_content_width":""},"product_brand":[],"product_cat":[429,781],"product_tag":[366,363,360],"class_list":{"0":"post-1579","1":"product","2":"type-product","3":"status-publish","4":"has-post-thumbnail","6":"product_cat-ceramika","7":"product_cat-cecula","8":"product_tag-kubek","9":"product_tag-porcelana","10":"product_tag-prezent","11":"product_shipping_class-standard_1_1_akcesoria","13":"first","14":"instock","15":"taxable","16":"shipping-taxable","17":"purchasable","18":"product-type-variable"},"yoast_head":"<!-- This site is optimized with the Yoast SEO plugin v27.4 - https:\/\/yoast.com\/product\/yoast-seo-wordpress\/ -->\n<title>Kubek Limbo - Marek Cecu\u0142a - sklep.nowymodel<\/title>\n<meta name=\"description\" content=\"Zabawa form\u0105 i funkcjonalno\u015b\u0107 w jednym to w\u0142a\u015bnie LIMBO. Kubki wykonane s\u0105 z barwionej, matowej porcelany ze szkliwionym wn\u0119trzem.\" \/>\n<meta name=\"robots\" content=\"index, follow, max-snippet:-1, max-image-preview:large, max-video-preview:-1\" \/>\n<link rel=\"canonical\" href=\"https:\/\/sklep.nowymodel.org\/?product=kubek-limbo\" \/>\n<meta property=\"og:locale\" content=\"pl_PL\" \/>\n<meta property=\"og:type\" content=\"article\" \/>\n<meta property=\"og:title\" content=\"Kubek Limbo - Marek Cecu\u0142a - sklep.nowymodel\" \/>\n<meta property=\"og:description\" content=\"Zabawa form\u0105 i funkcjonalno\u015b\u0107 w jednym to w\u0142a\u015bnie LIMBO. Kubki wykonane s\u0105 z barwionej, matowej porcelany ze szkliwionym wn\u0119trzem.\" \/>\n<meta property=\"og:url\" content=\"https:\/\/sklep.nowymodel.org\/?product=kubek-limbo\" \/>\n<meta property=\"og:site_name\" content=\"sklep.nowymodel\" \/>\n<meta property=\"article:modified_time\" content=\"2025-03-14T13:58:56+00:00\" \/>\n<meta property=\"og:image\" content=\"https:\/\/sklep.nowymodel.org\/wp-content\/uploads\/2021\/02\/14.jpg\" \/>\n\t<meta property=\"og:image:width\" content=\"1080\" \/>\n\t<meta property=\"og:image:height\" content=\"1080\" \/>\n\t<meta property=\"og:image:type\" content=\"image\/jpeg\" \/>\n<meta name=\"twitter:card\" content=\"summary_large_image\" \/>\n<meta name=\"twitter:label1\" content=\"Szacowany czas czytania\" \/>\n\t<meta name=\"twitter:data1\" content=\"4 minuty\" \/>\n<script type=\"application\/ld+json\" class=\"yoast-schema-graph\">{\"@context\":\"https:\\\/\\\/schema.org\",\"@graph\":[{\"@type\":\"WebPage\",\"@id\":\"https:\\\/\\\/sklep.nowymodel.org\\\/?product=kubek-limbo\",\"url\":\"https:\\\/\\\/sklep.nowymodel.org\\\/?product=kubek-limbo\",\"name\":\"Kubek Limbo - Marek Cecu\u0142a - sklep.nowymodel\",\"isPartOf\":{\"@id\":\"https:\\\/\\\/sklep.nowymodel.org\\\/#website\"},\"primaryImageOfPage\":{\"@id\":\"https:\\\/\\\/sklep.nowymodel.org\\\/?product=kubek-limbo#primaryimage\"},\"image\":{\"@id\":\"https:\\\/\\\/sklep.nowymodel.org\\\/?product=kubek-limbo#primaryimage\"},\"thumbnailUrl\":\"https:\\\/\\\/sklep.nowymodel.org\\\/wp-content\\\/uploads\\\/2021\\\/02\\\/14.jpg\",\"datePublished\":\"2021-02-16T11:53:06+00:00\",\"dateModified\":\"2025-03-14T13:58:56+00:00\",\"description\":\"Zabawa form\u0105 i funkcjonalno\u015b\u0107 w jednym to w\u0142a\u015bnie LIMBO. Kubki wykonane s\u0105 z barwionej, matowej porcelany ze szkliwionym wn\u0119trzem.\",\"breadcrumb\":{\"@id\":\"https:\\\/\\\/sklep.nowymodel.org\\\/?product=kubek-limbo#breadcrumb\"},\"inLanguage\":\"pl-PL\",\"potentialAction\":[{\"@type\":\"ReadAction\",\"target\":[\"https:\\\/\\\/sklep.nowymodel.org\\\/?product=kubek-limbo\"]}]},{\"@type\":\"ImageObject\",\"inLanguage\":\"pl-PL\",\"@id\":\"https:\\\/\\\/sklep.nowymodel.org\\\/?product=kubek-limbo#primaryimage\",\"url\":\"https:\\\/\\\/sklep.nowymodel.org\\\/wp-content\\\/uploads\\\/2021\\\/02\\\/14.jpg\",\"contentUrl\":\"https:\\\/\\\/sklep.nowymodel.org\\\/wp-content\\\/uploads\\\/2021\\\/02\\\/14.jpg\",\"width\":1080,\"height\":1080},{\"@type\":\"BreadcrumbList\",\"@id\":\"https:\\\/\\\/sklep.nowymodel.org\\\/?product=kubek-limbo#breadcrumb\",\"itemListElement\":[{\"@type\":\"ListItem\",\"position\":1,\"name\":\"Strona g\u0142\u00f3wna\",\"item\":\"https:\\\/\\\/sklep.nowymodel.org\\\/\"},{\"@type\":\"ListItem\",\"position\":2,\"name\":\"Sklep\",\"item\":\"https:\\\/\\\/sklep.nowymodel.org\\\/?page_id=7\"},{\"@type\":\"ListItem\",\"position\":3,\"name\":\"Kubek Limbo &#8211; Marek Cecu\u0142a\"}]},{\"@type\":\"WebSite\",\"@id\":\"https:\\\/\\\/sklep.nowymodel.org\\\/#website\",\"url\":\"https:\\\/\\\/sklep.nowymodel.org\\\/\",\"name\":\"sklep.nowymodel\",\"description\":\"Sklep.nowymodel- sklep z designem\",\"potentialAction\":[{\"@type\":\"SearchAction\",\"target\":{\"@type\":\"EntryPoint\",\"urlTemplate\":\"https:\\\/\\\/sklep.nowymodel.org\\\/?s={search_term_string}\"},\"query-input\":{\"@type\":\"PropertyValueSpecification\",\"valueRequired\":true,\"valueName\":\"search_term_string\"}}],\"inLanguage\":\"pl-PL\"}]}<\/script>\n<!-- \/ Yoast SEO plugin. -->","yoast_head_json":{"title":"Kubek Limbo - Marek Cecu\u0142a - sklep.nowymodel","description":"Zabawa form\u0105 i funkcjonalno\u015b\u0107 w jednym to w\u0142a\u015bnie LIMBO. Kubki wykonane s\u0105 z barwionej, matowej porcelany ze szkliwionym wn\u0119trzem.","robots":{"index":"index","follow":"follow","max-snippet":"max-snippet:-1","max-image-preview":"max-image-preview:large","max-video-preview":"max-video-preview:-1"},"canonical":"https:\/\/sklep.nowymodel.org\/?product=kubek-limbo","og_locale":"pl_PL","og_type":"article","og_title":"Kubek Limbo - Marek Cecu\u0142a - sklep.nowymodel","og_description":"Zabawa form\u0105 i funkcjonalno\u015b\u0107 w jednym to w\u0142a\u015bnie LIMBO. Kubki wykonane s\u0105 z barwionej, matowej porcelany ze szkliwionym wn\u0119trzem.","og_url":"https:\/\/sklep.nowymodel.org\/?product=kubek-limbo","og_site_name":"sklep.nowymodel","article_modified_time":"2025-03-14T13:58:56+00:00","og_image":[{"width":1080,"height":1080,"url":"https:\/\/sklep.nowymodel.org\/wp-content\/uploads\/2021\/02\/14.jpg","type":"image\/jpeg"}],"twitter_card":"summary_large_image","twitter_misc":{"Szacowany czas czytania":"4 minuty"},"schema":{"@context":"https:\/\/schema.org","@graph":[{"@type":"WebPage","@id":"https:\/\/sklep.nowymodel.org\/?product=kubek-limbo","url":"https:\/\/sklep.nowymodel.org\/?product=kubek-limbo","name":"Kubek Limbo - Marek Cecu\u0142a - sklep.nowymodel","isPartOf":{"@id":"https:\/\/sklep.nowymodel.org\/#website"},"primaryImageOfPage":{"@id":"https:\/\/sklep.nowymodel.org\/?product=kubek-limbo#primaryimage"},"image":{"@id":"https:\/\/sklep.nowymodel.org\/?product=kubek-limbo#primaryimage"},"thumbnailUrl":"https:\/\/sklep.nowymodel.org\/wp-content\/uploads\/2021\/02\/14.jpg","datePublished":"2021-02-16T11:53:06+00:00","dateModified":"2025-03-14T13:58:56+00:00","description":"Zabawa form\u0105 i funkcjonalno\u015b\u0107 w jednym to w\u0142a\u015bnie LIMBO. Kubki wykonane s\u0105 z barwionej, matowej porcelany ze szkliwionym wn\u0119trzem.","breadcrumb":{"@id":"https:\/\/sklep.nowymodel.org\/?product=kubek-limbo#breadcrumb"},"inLanguage":"pl-PL","potentialAction":[{"@type":"ReadAction","target":["https:\/\/sklep.nowymodel.org\/?product=kubek-limbo"]}]},{"@type":"ImageObject","inLanguage":"pl-PL","@id":"https:\/\/sklep.nowymodel.org\/?product=kubek-limbo#primaryimage","url":"https:\/\/sklep.nowymodel.org\/wp-content\/uploads\/2021\/02\/14.jpg","contentUrl":"https:\/\/sklep.nowymodel.org\/wp-content\/uploads\/2021\/02\/14.jpg","width":1080,"height":1080},{"@type":"BreadcrumbList","@id":"https:\/\/sklep.nowymodel.org\/?product=kubek-limbo#breadcrumb","itemListElement":[{"@type":"ListItem","position":1,"name":"Strona g\u0142\u00f3wna","item":"https:\/\/sklep.nowymodel.org\/"},{"@type":"ListItem","position":2,"name":"Sklep","item":"https:\/\/sklep.nowymodel.org\/?page_id=7"},{"@type":"ListItem","position":3,"name":"Kubek Limbo &#8211; Marek Cecu\u0142a"}]},{"@type":"WebSite","@id":"https:\/\/sklep.nowymodel.org\/#website","url":"https:\/\/sklep.nowymodel.org\/","name":"sklep.nowymodel","description":"Sklep.nowymodel- sklep z designem","potentialAction":[{"@type":"SearchAction","target":{"@type":"EntryPoint","urlTemplate":"https:\/\/sklep.nowymodel.org\/?s={search_term_string}"},"query-input":{"@type":"PropertyValueSpecification","valueRequired":true,"valueName":"search_term_string"}}],"inLanguage":"pl-PL"}]}},"_links":{"self":[{"href":"https:\/\/sklep.nowymodel.org\/index.php?rest_route=\/wp\/v2\/product\/1579","targetHints":{"allow":["GET"]}}],"collection":[{"href":"https:\/\/sklep.nowymodel.org\/index.php?rest_route=\/wp\/v2\/product"}],"about":[{"href":"https:\/\/sklep.nowymodel.org\/index.php?rest_route=\/wp\/v2\/types\/product"}],"wp:featuredmedia":[{"embeddable":true,"href":"https:\/\/sklep.nowymodel.org\/index.php?rest_route=\/wp\/v2\/media\/2948"}],"wp:attachment":[{"href":"https:\/\/sklep.nowymodel.org\/index.php?rest_route=%2Fwp%2Fv2%2Fmedia&parent=1579"}],"wp:term":[{"taxonomy":"product_brand","embeddable":true,"href":"https:\/\/sklep.nowymodel.org\/index.php?rest_route=%2Fwp%2Fv2%2Fproduct_brand&post=1579"},{"taxonomy":"product_cat","embeddable":true,"href":"https:\/\/sklep.nowymodel.org\/index.php?rest_route=%2Fwp%2Fv2%2Fproduct_cat&post=1579"},{"taxonomy":"product_tag","embeddable":true,"href":"https:\/\/sklep.nowymodel.org\/index.php?rest_route=%2Fwp%2Fv2%2Fproduct_tag&post=1579"}],"curies":[{"name":"wp","href":"https:\/\/api.w.org\/{rel}","templated":true}]}}