{"id":2578,"date":"2022-06-29T11:46:02","date_gmt":"2022-06-29T09:46:02","guid":{"rendered":"https:\/\/sklep.nowymodel.org\/?page_id=2578"},"modified":"2023-04-19T14:49:21","modified_gmt":"2023-04-19T12:49:21","slug":"tekstylia","status":"publish","type":"page","link":"https:\/\/sklep.nowymodel.org\/?page_id=2578","title":{"rendered":"Tekstylia"},"content":{"rendered":"<p>[et_pb_section fb_built=&#8221;1&#8243; _builder_version=&#8221;4.20.2&#8243; _module_preset=&#8221;default&#8221; background_image=&#8221;https:\/\/sklep.nowymodel.org\/wp-content\/uploads\/2023\/03\/7-4.jpg&#8221; parallax=&#8221;on&#8221; min_height=&#8221;417px&#8221; custom_margin=&#8221;10px||10px||true|false&#8221; custom_padding=&#8221;1px||3px|||&#8221; link_option_url=&#8221;https:\/\/sklep.nowymodel.org\/?page_id=2578&#8243; locked=&#8221;off&#8221; global_colors_info=&#8221;{}&#8221;][et_pb_row _builder_version=&#8221;4.19.4&#8243; _module_preset=&#8221;default&#8221; width=&#8221;87.1%&#8221; min_height=&#8221;303.1px&#8221; custom_margin=&#8221;-4px|auto|-19px|50px|false|false&#8221; custom_padding=&#8221;||6px|||&#8221; global_colors_info=&#8221;{}&#8221;][et_pb_column type=&#8221;4_4&#8243; _builder_version=&#8221;4.19.4&#8243; _module_preset=&#8221;default&#8221; global_colors_info=&#8221;{}&#8221;][et_pb_text _builder_version=&#8221;4.20.2&#8243; _module_preset=&#8221;default&#8221; text_font=&#8221;|300|||||||&#8221; text_text_color=&#8221;#fdfdfd&#8221; text_font_size=&#8221;50px&#8221; text_line_height=&#8221;1.8em&#8221; transform_translate_linked=&#8221;off&#8221; background_layout=&#8221;dark&#8221; width=&#8221;101.7%&#8221; module_alignment=&#8221;center&#8221; min_height=&#8221;106.1px&#8221; custom_margin=&#8221;140px||0px|0px|false|false&#8221; link_option_url=&#8221;https:\/\/sklep.nowymodel.org\/?page_id=2578&#8243; text_text_shadow_style=&#8221;preset3&#8243; text_text_shadow_blur_strength=&#8221;0.1em&#8221; text_text_shadow_color=&#8221;#404040&#8243; global_colors_info=&#8221;{}&#8221;]<\/p>\n<p>Tekstylia<\/p>\n<p>[\/et_pb_text][\/et_pb_column][\/et_pb_row][\/et_pb_section][et_pb_section fb_built=&#8221;1&#8243; _builder_version=&#8221;4.20.2&#8243; _module_preset=&#8221;default&#8221; global_colors_info=&#8221;{}&#8221;][et_pb_row _builder_version=&#8221;4.17.6&#8243; _module_preset=&#8221;default&#8221; global_colors_info=&#8221;{}&#8221;][et_pb_column type=&#8221;4_4&#8243; _builder_version=&#8221;4.17.4&#8243; _module_preset=&#8221;default&#8221; global_colors_info=&#8221;{}&#8221;][et_pb_shop type=&#8221;product_category&#8221; posts_number=&#8221;1000&#8243; include_categories=&#8221;430&#8243; columns_number=&#8221;4&#8243; icon_hover_color=&#8221;#333333&#8243; hover_overlay_color=&#8221;RGBA(64,64,64,0.69)&#8221; hover_icon=&#8221;&#xf06e;||fa||400&#8243; show_rating=&#8221;off&#8221; show_sale_badge=&#8221;off&#8221; _builder_version=&#8221;4.20.2&#8243; _module_preset=&#8221;default&#8221; text_orientation=&#8221;center&#8221; global_colors_info=&#8221;{}&#8221;][\/et_pb_shop][\/et_pb_column][\/et_pb_row][\/et_pb_section]<\/p>\n","protected":false},"excerpt":{"rendered":"<p>Tekstylia<\/p>\n","protected":false},"author":1,"featured_media":0,"parent":4291,"menu_order":2,"comment_status":"closed","ping_status":"closed","template":"","meta":{"_et_pb_use_builder":"on","_et_pb_old_content":"","_et_gb_content_width":"","footnotes":""},"class_list":["post-2578","page","type-page","status-publish","hentry"],"yoast_head":"<!-- This site is optimized with the Yoast SEO plugin v27.3 - https:\/\/yoast.com\/product\/yoast-seo-wordpress\/ -->\n<title>Tekstylia - sklep.nowymodel<\/title>\n<meta name=\"description\" content=\"&quot; A sen potrafi budowa\u0107 \u0142agodne granice mi\u0119dzy wydarzeniami. Nic nie mo\u017ce si\u0119 zacz\u0105\u0107 ani sko\u0144czy\u0107 naprawd\u0119..&quot; O. Tokarczuk\" \/>\n<meta name=\"robots\" content=\"index, follow, max-snippet:-1, max-image-preview:large, max-video-preview:-1\" \/>\n<link rel=\"canonical\" href=\"https:\/\/sklep.nowymodel.org\/?page_id=2578\" \/>\n<meta property=\"og:locale\" content=\"pl_PL\" \/>\n<meta property=\"og:type\" content=\"article\" \/>\n<meta property=\"og:title\" content=\"Tekstylia - sklep.nowymodel\" \/>\n<meta property=\"og:description\" content=\"&quot; A sen potrafi budowa\u0107 \u0142agodne granice mi\u0119dzy wydarzeniami. Nic nie mo\u017ce si\u0119 zacz\u0105\u0107 ani sko\u0144czy\u0107 naprawd\u0119..&quot; O. Tokarczuk\" \/>\n<meta property=\"og:url\" content=\"https:\/\/sklep.nowymodel.org\/?page_id=2578\" \/>\n<meta property=\"og:site_name\" content=\"sklep.nowymodel\" \/>\n<meta property=\"article:modified_time\" content=\"2023-04-19T12:49:21+00:00\" \/>\n<meta name=\"twitter:card\" content=\"summary_large_image\" \/>\n<meta name=\"twitter:label1\" content=\"Szacowany czas czytania\" \/>\n\t<meta name=\"twitter:data1\" content=\"1 minuta\" \/>\n<script type=\"application\/ld+json\" class=\"yoast-schema-graph\">{\"@context\":\"https:\\\/\\\/schema.org\",\"@graph\":[{\"@type\":\"WebPage\",\"@id\":\"https:\\\/\\\/sklep.nowymodel.org\\\/?page_id=2578\",\"url\":\"https:\\\/\\\/sklep.nowymodel.org\\\/?page_id=2578\",\"name\":\"Tekstylia - sklep.nowymodel\",\"isPartOf\":{\"@id\":\"https:\\\/\\\/sklep.nowymodel.org\\\/#website\"},\"datePublished\":\"2022-06-29T09:46:02+00:00\",\"dateModified\":\"2023-04-19T12:49:21+00:00\",\"description\":\"\\\" A sen potrafi budowa\u0107 \u0142agodne granice mi\u0119dzy wydarzeniami. Nic nie mo\u017ce si\u0119 zacz\u0105\u0107 ani sko\u0144czy\u0107 naprawd\u0119..\\\" O. Tokarczuk\",\"breadcrumb\":{\"@id\":\"https:\\\/\\\/sklep.nowymodel.org\\\/?page_id=2578#breadcrumb\"},\"inLanguage\":\"pl-PL\",\"potentialAction\":[{\"@type\":\"ReadAction\",\"target\":[\"https:\\\/\\\/sklep.nowymodel.org\\\/?page_id=2578\"]}]},{\"@type\":\"BreadcrumbList\",\"@id\":\"https:\\\/\\\/sklep.nowymodel.org\\\/?page_id=2578#breadcrumb\",\"itemListElement\":[{\"@type\":\"ListItem\",\"position\":1,\"name\":\"Strona g\u0142\u00f3wna\",\"item\":\"https:\\\/\\\/sklep.nowymodel.org\\\/\"},{\"@type\":\"ListItem\",\"position\":2,\"name\":\"Sklep\",\"item\":\"https:\\\/\\\/sklep.nowymodel.org\\\/?page_id=7\"},{\"@type\":\"ListItem\",\"position\":3,\"name\":\"Akcesoria\",\"item\":\"https:\\\/\\\/sklep.nowymodel.org\\\/?page_id=4291\"},{\"@type\":\"ListItem\",\"position\":4,\"name\":\"Tekstylia\"}]},{\"@type\":\"WebSite\",\"@id\":\"https:\\\/\\\/sklep.nowymodel.org\\\/#website\",\"url\":\"https:\\\/\\\/sklep.nowymodel.org\\\/\",\"name\":\"sklep.nowymodel\",\"description\":\"Sklep.nowymodel- sklep z designem\",\"potentialAction\":[{\"@type\":\"SearchAction\",\"target\":{\"@type\":\"EntryPoint\",\"urlTemplate\":\"https:\\\/\\\/sklep.nowymodel.org\\\/?s={search_term_string}\"},\"query-input\":{\"@type\":\"PropertyValueSpecification\",\"valueRequired\":true,\"valueName\":\"search_term_string\"}}],\"inLanguage\":\"pl-PL\"}]}<\/script>\n<!-- \/ Yoast SEO plugin. -->","yoast_head_json":{"title":"Tekstylia - sklep.nowymodel","description":"\" A sen potrafi budowa\u0107 \u0142agodne granice mi\u0119dzy wydarzeniami. Nic nie mo\u017ce si\u0119 zacz\u0105\u0107 ani sko\u0144czy\u0107 naprawd\u0119..\" O. Tokarczuk","robots":{"index":"index","follow":"follow","max-snippet":"max-snippet:-1","max-image-preview":"max-image-preview:large","max-video-preview":"max-video-preview:-1"},"canonical":"https:\/\/sklep.nowymodel.org\/?page_id=2578","og_locale":"pl_PL","og_type":"article","og_title":"Tekstylia - sklep.nowymodel","og_description":"\" A sen potrafi budowa\u0107 \u0142agodne granice mi\u0119dzy wydarzeniami. Nic nie mo\u017ce si\u0119 zacz\u0105\u0107 ani sko\u0144czy\u0107 naprawd\u0119..\" O. Tokarczuk","og_url":"https:\/\/sklep.nowymodel.org\/?page_id=2578","og_site_name":"sklep.nowymodel","article_modified_time":"2023-04-19T12:49:21+00:00","twitter_card":"summary_large_image","twitter_misc":{"Szacowany czas czytania":"1 minuta"},"schema":{"@context":"https:\/\/schema.org","@graph":[{"@type":"WebPage","@id":"https:\/\/sklep.nowymodel.org\/?page_id=2578","url":"https:\/\/sklep.nowymodel.org\/?page_id=2578","name":"Tekstylia - sklep.nowymodel","isPartOf":{"@id":"https:\/\/sklep.nowymodel.org\/#website"},"datePublished":"2022-06-29T09:46:02+00:00","dateModified":"2023-04-19T12:49:21+00:00","description":"\" A sen potrafi budowa\u0107 \u0142agodne granice mi\u0119dzy wydarzeniami. Nic nie mo\u017ce si\u0119 zacz\u0105\u0107 ani sko\u0144czy\u0107 naprawd\u0119..\" O. Tokarczuk","breadcrumb":{"@id":"https:\/\/sklep.nowymodel.org\/?page_id=2578#breadcrumb"},"inLanguage":"pl-PL","potentialAction":[{"@type":"ReadAction","target":["https:\/\/sklep.nowymodel.org\/?page_id=2578"]}]},{"@type":"BreadcrumbList","@id":"https:\/\/sklep.nowymodel.org\/?page_id=2578#breadcrumb","itemListElement":[{"@type":"ListItem","position":1,"name":"Strona g\u0142\u00f3wna","item":"https:\/\/sklep.nowymodel.org\/"},{"@type":"ListItem","position":2,"name":"Sklep","item":"https:\/\/sklep.nowymodel.org\/?page_id=7"},{"@type":"ListItem","position":3,"name":"Akcesoria","item":"https:\/\/sklep.nowymodel.org\/?page_id=4291"},{"@type":"ListItem","position":4,"name":"Tekstylia"}]},{"@type":"WebSite","@id":"https:\/\/sklep.nowymodel.org\/#website","url":"https:\/\/sklep.nowymodel.org\/","name":"sklep.nowymodel","description":"Sklep.nowymodel- sklep z designem","potentialAction":[{"@type":"SearchAction","target":{"@type":"EntryPoint","urlTemplate":"https:\/\/sklep.nowymodel.org\/?s={search_term_string}"},"query-input":{"@type":"PropertyValueSpecification","valueRequired":true,"valueName":"search_term_string"}}],"inLanguage":"pl-PL"}]}},"_links":{"self":[{"href":"https:\/\/sklep.nowymodel.org\/index.php?rest_route=\/wp\/v2\/pages\/2578","targetHints":{"allow":["GET"]}}],"collection":[{"href":"https:\/\/sklep.nowymodel.org\/index.php?rest_route=\/wp\/v2\/pages"}],"about":[{"href":"https:\/\/sklep.nowymodel.org\/index.php?rest_route=\/wp\/v2\/types\/page"}],"author":[{"embeddable":true,"href":"https:\/\/sklep.nowymodel.org\/index.php?rest_route=\/wp\/v2\/users\/1"}],"replies":[{"embeddable":true,"href":"https:\/\/sklep.nowymodel.org\/index.php?rest_route=%2Fwp%2Fv2%2Fcomments&post=2578"}],"version-history":[{"count":18,"href":"https:\/\/sklep.nowymodel.org\/index.php?rest_route=\/wp\/v2\/pages\/2578\/revisions"}],"predecessor-version":[{"id":5690,"href":"https:\/\/sklep.nowymodel.org\/index.php?rest_route=\/wp\/v2\/pages\/2578\/revisions\/5690"}],"up":[{"embeddable":true,"href":"https:\/\/sklep.nowymodel.org\/index.php?rest_route=\/wp\/v2\/pages\/4291"}],"wp:attachment":[{"href":"https:\/\/sklep.nowymodel.org\/index.php?rest_route=%2Fwp%2Fv2%2Fmedia&parent=2578"}],"curies":[{"name":"wp","href":"https:\/\/api.w.org\/{rel}","templated":true}]}}