{"id":1840,"date":"2021-03-03T16:58:48","date_gmt":"2021-03-03T15:58:48","guid":{"rendered":"https:\/\/sklep.nowymodel.org\/?page_id=1840"},"modified":"2021-03-03T17:03:48","modified_gmt":"2021-03-03T16:03:48","slug":"koszty-transportu","status":"publish","type":"page","link":"https:\/\/sklep.nowymodel.org\/?page_id=1840","title":{"rendered":"Koszty transportu"},"content":{"rendered":"<p>[et_pb_section fb_built=&#8221;1&#8243; admin_label=&#8221;section&#8221; _builder_version=&#8221;3.22&#8243;][et_pb_row admin_label=&#8221;row&#8221; _builder_version=&#8221;3.25&#8243; background_size=&#8221;initial&#8221; background_position=&#8221;top_left&#8221; background_repeat=&#8221;repeat&#8221;][et_pb_column type=&#8221;4_4&#8243; _builder_version=&#8221;3.25&#8243; custom_padding=&#8221;|||&#8221; custom_padding__hover=&#8221;|||&#8221;][et_pb_text admin_label=&#8221;Text&#8221; _builder_version=&#8221;4.7.1&#8243; background_size=&#8221;initial&#8221; background_position=&#8221;top_left&#8221; background_repeat=&#8221;repeat&#8221; hover_enabled=&#8221;0&#8243; sticky_enabled=&#8221;0&#8243;]<\/p>\n<h2>Koszty transportu<\/h2>\n<p>Koszty transportu dla wyrob\u00f3w zakupionych w sklepie internetowym <strong>sklep.nowymodel.org<\/strong> obliczane s\u0105 wy\u0142\u0105cznie dla terytorium Rzeczypospolitej Polskiej. W celu ustalenia koszt\u00f3w wysy\u0142ki za granic\u0119 prosimy o kontakt telefoniczny lub e-mailem. Koszt wysy\u0142ki zale\u017cy od wagi przesy\u0142ki i naliczany jest przez system w trakcie sk\u0142adania zam\u00f3wienia w sklepie <strong>sklep.nowymodel.org<\/strong><\/p>\n<table style=\"width: 533.153px;\">\n<tbody>\n<tr>\n<th style=\"width: 149px;\">Waga przesy\u0142ki<\/th>\n<th style=\"width: 368.153px;\">Cena przesy\u0142ki<\/th>\n<\/tr>\n<tr>\n<td style=\"width: 149px;\">od 1 do 30 kg<\/td>\n<td style=\"width: 368.153px;\">30,00 PLN (brutto)<\/td>\n<\/tr>\n<tr>\n<td style=\"width: 149px;\">od 31 do 50 kg<\/td>\n<td style=\"width: 368.153px;\">90,00 PLN (brutto)<\/td>\n<\/tr>\n<tr>\n<td style=\"width: 149px;\">od 51 do 70 kg<\/td>\n<td style=\"width: 368.153px;\">110,00 PLN (brutto)<\/td>\n<\/tr>\n<tr>\n<td style=\"width: 149px;\">powy\u017cej 70 kg (paleta)<\/td>\n<td style=\"width: 368.153px;\">200,00 PLN (brutto)<\/td>\n<\/tr>\n<\/tbody>\n<\/table>\n<p>&nbsp;<\/p>\n<p><strong>Przy zakupie powy\u017cej 10.000 PLN \u2013 transport zakupionych towar\u00f3w GRATIS.<\/strong> Dotyczy to wy\u0142\u0105cznie koszt\u00f3w transportu na terenie Polski. Koszty wysy\u0142ek zagranicznych podlegaj\u0105 indywidualnym op\u0142atom wg oddzielnych kalkulacji.<\/p>\n<p><strong>UWAGA \u2013<\/strong> Kurier dostarcza towar pod wskazany adres i\u00a0wystawia go z\u00a0pojazdu. Nie ma on obowi\u0105zku wnoszenia go do mieszkania b\u0105d\u017a magazynu.<\/p>\n<p>[\/et_pb_text][\/et_pb_column][\/et_pb_row][\/et_pb_section]<\/p>\n","protected":false},"excerpt":{"rendered":"<p>Koszty transportu Koszty transportu dla wyrob\u00f3w zakupionych w sklepie internetowym sklep.nowymodel.org obliczane s\u0105 wy\u0142\u0105cznie dla terytorium Rzeczypospolitej Polskiej. W celu ustalenia koszt\u00f3w wysy\u0142ki za granic\u0119 prosimy o kontakt telefoniczny lub e-mailem. Koszt wysy\u0142ki zale\u017cy od wagi przesy\u0142ki i naliczany jest przez system w trakcie sk\u0142adania zam\u00f3wienia w sklepie sklep.nowymodel.org Waga przesy\u0142ki Cena przesy\u0142ki od 1 [&hellip;]<\/p>\n","protected":false},"author":2,"featured_media":0,"parent":0,"menu_order":0,"comment_status":"closed","ping_status":"closed","template":"","meta":{"_et_pb_use_builder":"on","_et_pb_old_content":"<div class=\"et_pb_row et_pb_row_0\">\r\n<div class=\"et_pb_column et_pb_column_4_4 et_pb_column_0 et_pb_css_mix_blend_mode_passthrough et-last-child\">\r\n<div class=\"et_pb_module et_pb_text et_pb_text_0 et_pb_bg_layout_light et_pb_text_align_left\">\r\n<div class=\"et_pb_text_inner\">\r\n<h2>Koszty transportu<\/h2>\r\nKoszty transportu dla wyrob\u00f3w zakupionych w sklepie internetowym <strong>kraft.nowymodel.org<\/strong> obliczane s\u0105 wy\u0142\u0105cznie dla terytorium Rzeczypospolitej Polskiej. W celu ustalenia koszt\u00f3w wysy\u0142ki za granic\u0119 prosimy o kontakt telefoniczny lub e-mailem. Koszt wysy\u0142ki zale\u017cy od wagi przesy\u0142ki i naliczany jest przez system w trakcie sk\u0142adania zam\u00f3wienia w sklepie <strong>kraft.nowymodel.org<\/strong>\r\n<table style=\"width: 533.153px;\">\r\n<tbody>\r\n<tr>\r\n<th style=\"width: 149px;\">Waga przesy\u0142ki<\/th>\r\n<th style=\"width: 368.153px;\">Cena przesy\u0142ki<\/th>\r\n<\/tr>\r\n<tr>\r\n<td style=\"width: 149px;\">od 1 do 30 kg<\/td>\r\n<td style=\"width: 368.153px;\">30,00 PLN (brutto)<\/td>\r\n<\/tr>\r\n<tr>\r\n<td style=\"width: 149px;\">od 31 do 50 kg<\/td>\r\n<td style=\"width: 368.153px;\">90,00 PLN (brutto)<\/td>\r\n<\/tr>\r\n<tr>\r\n<td style=\"width: 149px;\">od 51 do 70 kg<\/td>\r\n<td style=\"width: 368.153px;\">110,00 PLN (brutto)<\/td>\r\n<\/tr>\r\n<tr>\r\n<td style=\"width: 149px;\">powy\u017cej 70 kg (paleta)<\/td>\r\n<td style=\"width: 368.153px;\">200,00 PLN (brutto)<\/td>\r\n<\/tr>\r\n<\/tbody>\r\n<\/table>\r\n\u00a0\r\n\r\n<strong>Przy zakupie powy\u017cej 10.000 PLN \u2013 transport zakupionych towar\u00f3w GRATIS.<\/strong> Dotyczy to wy\u0142\u0105cznie koszt\u00f3w transportu na terenie Polski. Koszty wysy\u0142ek zagranicznych podlegaj\u0105 indywidualnym op\u0142atom wg oddzielnych kalkulacji.\r\n\r\n<strong>UWAGA \u2013<\/strong> Kurier dostarcza towar pod wskazany adres i\u00a0wystawia go z\u00a0pojazdu. Nie ma on obowi\u0105zku wnoszenia go do mieszkania b\u0105d\u017a magazynu.\r\n\r\n<\/div>\r\n<\/div>\r\n<\/div>\r\n<\/div>","_et_gb_content_width":"","footnotes":""},"class_list":["post-1840","page","type-page","status-publish","hentry"],"yoast_head":"<!-- This site is optimized with the Yoast SEO plugin v27.3 - https:\/\/yoast.com\/product\/yoast-seo-wordpress\/ -->\n<title>Koszty transportu - sklep.nowymodel<\/title>\n<meta name=\"robots\" content=\"index, follow, max-snippet:-1, max-image-preview:large, max-video-preview:-1\" \/>\n<link rel=\"canonical\" href=\"https:\/\/sklep.nowymodel.org\/?page_id=1840\" \/>\n<meta property=\"og:locale\" content=\"pl_PL\" \/>\n<meta property=\"og:type\" content=\"article\" \/>\n<meta property=\"og:title\" content=\"Koszty transportu - sklep.nowymodel\" \/>\n<meta property=\"og:description\" content=\"Koszty transportu Koszty transportu dla wyrob\u00f3w zakupionych w sklepie internetowym sklep.nowymodel.org obliczane s\u0105 wy\u0142\u0105cznie dla terytorium Rzeczypospolitej Polskiej. W celu ustalenia koszt\u00f3w wysy\u0142ki za granic\u0119 prosimy o kontakt telefoniczny lub e-mailem. Koszt wysy\u0142ki zale\u017cy od wagi przesy\u0142ki i naliczany jest przez system w trakcie sk\u0142adania zam\u00f3wienia w sklepie sklep.nowymodel.org Waga przesy\u0142ki Cena przesy\u0142ki od 1 [&hellip;]\" \/>\n<meta property=\"og:url\" content=\"https:\/\/sklep.nowymodel.org\/?page_id=1840\" \/>\n<meta property=\"og:site_name\" content=\"sklep.nowymodel\" \/>\n<meta property=\"article:modified_time\" content=\"2021-03-03T16:03:48+00:00\" \/>\n<meta name=\"twitter:card\" content=\"summary_large_image\" \/>\n<meta name=\"twitter:label1\" content=\"Szacowany czas czytania\" \/>\n\t<meta name=\"twitter:data1\" content=\"1 minuta\" \/>\n<script type=\"application\/ld+json\" class=\"yoast-schema-graph\">{\"@context\":\"https:\\\/\\\/schema.org\",\"@graph\":[{\"@type\":\"WebPage\",\"@id\":\"https:\\\/\\\/sklep.nowymodel.org\\\/?page_id=1840\",\"url\":\"https:\\\/\\\/sklep.nowymodel.org\\\/?page_id=1840\",\"name\":\"Koszty transportu - sklep.nowymodel\",\"isPartOf\":{\"@id\":\"https:\\\/\\\/sklep.nowymodel.org\\\/#website\"},\"datePublished\":\"2021-03-03T15:58:48+00:00\",\"dateModified\":\"2021-03-03T16:03:48+00:00\",\"breadcrumb\":{\"@id\":\"https:\\\/\\\/sklep.nowymodel.org\\\/?page_id=1840#breadcrumb\"},\"inLanguage\":\"pl-PL\",\"potentialAction\":[{\"@type\":\"ReadAction\",\"target\":[\"https:\\\/\\\/sklep.nowymodel.org\\\/?page_id=1840\"]}]},{\"@type\":\"BreadcrumbList\",\"@id\":\"https:\\\/\\\/sklep.nowymodel.org\\\/?page_id=1840#breadcrumb\",\"itemListElement\":[{\"@type\":\"ListItem\",\"position\":1,\"name\":\"Strona g\u0142\u00f3wna\",\"item\":\"https:\\\/\\\/sklep.nowymodel.org\\\/\"},{\"@type\":\"ListItem\",\"position\":2,\"name\":\"Koszty transportu\"}]},{\"@type\":\"WebSite\",\"@id\":\"https:\\\/\\\/sklep.nowymodel.org\\\/#website\",\"url\":\"https:\\\/\\\/sklep.nowymodel.org\\\/\",\"name\":\"sklep.nowymodel\",\"description\":\"Sklep.nowymodel- sklep z designem\",\"potentialAction\":[{\"@type\":\"SearchAction\",\"target\":{\"@type\":\"EntryPoint\",\"urlTemplate\":\"https:\\\/\\\/sklep.nowymodel.org\\\/?s={search_term_string}\"},\"query-input\":{\"@type\":\"PropertyValueSpecification\",\"valueRequired\":true,\"valueName\":\"search_term_string\"}}],\"inLanguage\":\"pl-PL\"}]}<\/script>\n<!-- \/ Yoast SEO plugin. -->","yoast_head_json":{"title":"Koszty transportu - sklep.nowymodel","robots":{"index":"index","follow":"follow","max-snippet":"max-snippet:-1","max-image-preview":"max-image-preview:large","max-video-preview":"max-video-preview:-1"},"canonical":"https:\/\/sklep.nowymodel.org\/?page_id=1840","og_locale":"pl_PL","og_type":"article","og_title":"Koszty transportu - sklep.nowymodel","og_description":"Koszty transportu Koszty transportu dla wyrob\u00f3w zakupionych w sklepie internetowym sklep.nowymodel.org obliczane s\u0105 wy\u0142\u0105cznie dla terytorium Rzeczypospolitej Polskiej. W celu ustalenia koszt\u00f3w wysy\u0142ki za granic\u0119 prosimy o kontakt telefoniczny lub e-mailem. Koszt wysy\u0142ki zale\u017cy od wagi przesy\u0142ki i naliczany jest przez system w trakcie sk\u0142adania zam\u00f3wienia w sklepie sklep.nowymodel.org Waga przesy\u0142ki Cena przesy\u0142ki od 1 [&hellip;]","og_url":"https:\/\/sklep.nowymodel.org\/?page_id=1840","og_site_name":"sklep.nowymodel","article_modified_time":"2021-03-03T16:03:48+00:00","twitter_card":"summary_large_image","twitter_misc":{"Szacowany czas czytania":"1 minuta"},"schema":{"@context":"https:\/\/schema.org","@graph":[{"@type":"WebPage","@id":"https:\/\/sklep.nowymodel.org\/?page_id=1840","url":"https:\/\/sklep.nowymodel.org\/?page_id=1840","name":"Koszty transportu - sklep.nowymodel","isPartOf":{"@id":"https:\/\/sklep.nowymodel.org\/#website"},"datePublished":"2021-03-03T15:58:48+00:00","dateModified":"2021-03-03T16:03:48+00:00","breadcrumb":{"@id":"https:\/\/sklep.nowymodel.org\/?page_id=1840#breadcrumb"},"inLanguage":"pl-PL","potentialAction":[{"@type":"ReadAction","target":["https:\/\/sklep.nowymodel.org\/?page_id=1840"]}]},{"@type":"BreadcrumbList","@id":"https:\/\/sklep.nowymodel.org\/?page_id=1840#breadcrumb","itemListElement":[{"@type":"ListItem","position":1,"name":"Strona g\u0142\u00f3wna","item":"https:\/\/sklep.nowymodel.org\/"},{"@type":"ListItem","position":2,"name":"Koszty transportu"}]},{"@type":"WebSite","@id":"https:\/\/sklep.nowymodel.org\/#website","url":"https:\/\/sklep.nowymodel.org\/","name":"sklep.nowymodel","description":"Sklep.nowymodel- sklep z designem","potentialAction":[{"@type":"SearchAction","target":{"@type":"EntryPoint","urlTemplate":"https:\/\/sklep.nowymodel.org\/?s={search_term_string}"},"query-input":{"@type":"PropertyValueSpecification","valueRequired":true,"valueName":"search_term_string"}}],"inLanguage":"pl-PL"}]}},"_links":{"self":[{"href":"https:\/\/sklep.nowymodel.org\/index.php?rest_route=\/wp\/v2\/pages\/1840","targetHints":{"allow":["GET"]}}],"collection":[{"href":"https:\/\/sklep.nowymodel.org\/index.php?rest_route=\/wp\/v2\/pages"}],"about":[{"href":"https:\/\/sklep.nowymodel.org\/index.php?rest_route=\/wp\/v2\/types\/page"}],"author":[{"embeddable":true,"href":"https:\/\/sklep.nowymodel.org\/index.php?rest_route=\/wp\/v2\/users\/2"}],"replies":[{"embeddable":true,"href":"https:\/\/sklep.nowymodel.org\/index.php?rest_route=%2Fwp%2Fv2%2Fcomments&post=1840"}],"version-history":[{"count":6,"href":"https:\/\/sklep.nowymodel.org\/index.php?rest_route=\/wp\/v2\/pages\/1840\/revisions"}],"predecessor-version":[{"id":1849,"href":"https:\/\/sklep.nowymodel.org\/index.php?rest_route=\/wp\/v2\/pages\/1840\/revisions\/1849"}],"wp:attachment":[{"href":"https:\/\/sklep.nowymodel.org\/index.php?rest_route=%2Fwp%2Fv2%2Fmedia&parent=1840"}],"curies":[{"name":"wp","href":"https:\/\/api.w.org\/{rel}","templated":true}]}}