{"id":1327,"date":"2021-02-04T11:40:07","date_gmt":"2021-02-04T10:40:07","guid":{"rendered":"https:\/\/sklep.nowymodel.org\/?page_id=1327"},"modified":"2021-02-04T11:52:07","modified_gmt":"2021-02-04T10:52:07","slug":"regulamin","status":"publish","type":"page","link":"https:\/\/sklep.nowymodel.org\/?page_id=1327","title":{"rendered":"Regulamin"},"content":{"rendered":"<p>[et_pb_section fb_built=&#8221;1&#8243; _builder_version=&#8221;4.7.1&#8243; _module_preset=&#8221;default&#8221;][et_pb_row _builder_version=&#8221;4.7.1&#8243; _module_preset=&#8221;default&#8221;][et_pb_column type=&#8221;4_4&#8243; _builder_version=&#8221;4.7.1&#8243; _module_preset=&#8221;default&#8221;][et_pb_text _builder_version=&#8221;4.7.1&#8243; _module_preset=&#8221;default&#8221; hover_enabled=&#8221;0&#8243; sticky_enabled=&#8221;0&#8243; custom_padding=&#8221;1px|||||&#8221;]<\/p>\n<div id=\"PanelProdukty\">\n<h1 class=\"regulamin_opis\"><span style=\"font-size: xx-large;\"><strong>Regulamin zakup\u00f3w<\/strong><\/span><\/h1>\n<p>Sklep internetowy:<br \/> <strong>Kraft<\/strong><\/p>\n<p>Dost\u0119pny pod adresem:<br \/> <strong>https:\/\/sklep.nowymodel.org\/<\/strong><\/p>\n<p>Prowadzony jest przez:<br \/> Digitouch sp. z\u00a0o.o.<\/p>\n<p>Podstawa prowadzenia dzia\u0142alno\u015bci gospodarczej:<br \/> Wpis do KRS 0000103375 gdzie S\u0105d Rejonowy Pozna\u0144 &#8211; Nowe Miasto i\u00a0Wilda w\u00a0Poznaniu, numer VIII Wydzia\u0142 Gospodarczy Krajowego Rejestru S\u0105dowego, z\u00a0dnia 08.04.2002<\/p>\n<p>Siedziba firmy:<br \/> 62-002 Suchy Las, R\u00f3\u017cana 6, Polska<\/p>\n<p>NIP: 777-26-35-162<\/p>\n<p>Regon: 634293184<\/p>\n<p>Bank: Pekao SA<\/p>\n<p>Numer konta: 83 1240 1763 1111 0000 1816 0204<\/p>\n<p>&nbsp;<\/p>\n<p>&nbsp;<\/p>\n<h2><strong>WARUNKI ZAWARCIA UMOWY<\/strong><\/h2>\n<ol>\n<li style=\"list-style-type: none;\">\n<ol>\n<li>Sklep internetowy <strong>sklep.nowymodel.org<\/strong>\u00a0prowadzi sprzeda\u017c detaliczn\u0105 za po\u015brednictwem sieci Internet. Zam\u00f3wienia s\u0105 przyjmowane tylko za po\u015brednictwem strony www.<strong>sklep.nowymodel.org<\/strong><\/li>\n<li>Aby dokona\u0107 zam\u00f3wienia nale\u017cy posiada\u0107 konto w\u00a0naszym Sklepie. Konto mo\u017cna za\u0142o\u017cy\u0107 na stronie www.<strong>sklep.nowymodel.org<\/strong><\/li>\n<li>Podstawowym warunkiem realizacji zam\u00f3wienia jest prawid\u0142owe wype\u0142nienie formularza adresowego konta oraz dokonanie akceptacji postanowie\u0144 niniejszego Regulaminu.<\/li>\n<li>Informacje znajduj\u0105ce si\u0119 na stronach internetowych sklepu nowymodel.org nie stanowi\u0105 oferty w\u00a0rozumieniu Kodeksu Cywilnego. Klient sk\u0142adaj\u0105c zam\u00f3wienie za pomoc\u0105 mechanizm\u00f3w dost\u0119pnych na internetowych stronach nowymodel.org, sk\u0142ada ofert\u0119 kupna okre\u015blonego towaru na warunkach podanych w\u00a0opisie produktu. Moment zawarcia umowy kupna-sprzeda\u017cy nast\u0119puje z\u00a0momentem potwierdzenia przyj\u0119cia zam\u00f3wienia do realizacji przez sklep.<strong>sklep.nowymodel.org<\/strong><\/li>\n<\/ol>\n<\/li>\n<\/ol>\n<h3>TOWAR I\u00a0CENA<\/h3>\n<ol>\n<li style=\"list-style-type: none;\">\n<ol>\n<li>Wszystkie produkty oferowane w\u00a0sklepie <strong>sklep.nowymodel.org<\/strong>\u00a0s\u0105 wolne od wad fizycznych i\u00a0prawnych oraz zosta\u0142y legalnie wprowadzone na rynek polski.<\/li>\n<li>Je\u015bli przy produkcie lub dziale produkt\u00f3w nie okre\u015blono inaczej, wszystkie produkty oferowane przez Sklep s\u0105 fabrycznie nowe.<\/li>\n<li>W sklepie <strong>sklep.nowymodel.org<\/strong>\u00a0ceny produkt\u00f3w s\u0105 podawane netto (bez podatku VAT) i\u00a0brutto (z podatkiem VAT). Je\u015bli przy cenie nie ma okre\u015blenia \u201enetto\u201d lub \u201ePlus \u2026 Vat\u201d, to znaczy, \u017ce chodzi o\u00a0cen\u0119 brutto.<\/li>\n<li>Wi\u0105\u017c\u0105ca dla stron transakcji jest cena brutto widniej\u0105ca przy produkcie w\u00a0momencie z\u0142o\u017cenia zam\u00f3wienia przez Kupuj\u0105cego.<\/li>\n<li>Po z\u0142o\u017ceniu zam\u00f3wienia do Klienta zostaje wys\u0142ana wiadomo\u015b\u0107 e-mail z\u00a0potwierdzeniem wp\u0142yni\u0119cia zam\u00f3wienia do Sklepu. Je\u017celi zam\u00f3wiony towar b\u0119dzie dost\u0119pny, Klient otrzyma potwierdzenie przyj\u0119cia zam\u00f3wienia do realizacji. W\u00a0tre\u015bci tego potwierdzenia umieszczone zostan\u0105 dane Klienta, lista zam\u00f3wionych towar\u00f3w, termin realizacji, informacje odno\u015bnie odbioru, ceny za towar oraz koszt\u00f3w dostawy jak r\u00f3wnie\u017c informacje o\u00a0mo\u017cliwych sposobach p\u0142atno\u015bci.<\/li>\n<\/ol>\n<\/li>\n<\/ol>\n<h3>WARUNKI DOSTAWY I\u00a0FORMY P\u0141ATNO\u015aCI<\/h3>\n<ol>\n<li style=\"list-style-type: none;\">\n<ol>\n<li>Koszty wysy\u0142ki pokrywa Klient. Zam\u00f3wiony towar dostarczamy za po\u015brednictwem wyspecjalizowanych firm kurierskich. Kupuj\u0105cy jest obci\u0105\u017cany kosztami dostawy okre\u015blonymi w\u00a0\u201ekoszty transportu\u201d. Koszty wysy\u0142ki s\u0105 uzale\u017cnione od aktualnych cen us\u0142ug firm transportowych, gabaryt\u00f3w, ilo\u015bci oraz wagi zam\u00f3wionych towar\u00f3w.<\/li>\n<li>Mo\u017cliwe s\u0105 nast\u0119puj\u0105ce formy p\u0142atno\u015bci:\n<ol type=\"a\">\n<li>Przelewem bankowym &#8211; po zarezerwowaniu zam\u00f3wionego towaru w\u00a0naszym magazynie, wysy\u0142amy do Kupuj\u0105cego e-mail z\u00a0numerem rachunku bankowego. Po otrzymaniu przelewu na nasze konto, towar jest pakowany i\u00a0wysy\u0142any.<\/li>\n<li>P\u0142atno\u015b\u0107 w\u00a0kanale elektronicznym &#8211; za po\u015brednictwem systemu p\u0142atniczego www.payu.pl.<\/li>\n<li>P\u0142atno\u015b\u0107 przy odbiorze w\u0142asnym w\u00a0siedzibie firmy DigiTouch, ul. R\u00f3\u017cana 6, 62-002 Suchy Las k\/Poznania<\/li>\n<\/ol>\n<\/li>\n<li>W przypadku niekt\u00f3rych rodzaj\u00f3w asortymentu, <strong>sklep.nowymodel.org<\/strong>\u00a0zastrzega sobie prawo do ograniczenia mo\u017cliwo\u015bci skorzystania z\u00a0niekt\u00f3rych form p\u0142atno\u015bci oraz do ograniczenia mo\u017cliwo\u015bci wyboru firmy dostarczaj\u0105cej przesy\u0142ki.<\/li>\n<li>Je\u015bli przy produkcie nie podano inaczej, realizacja zam\u00f3wienie trwa do 21 dni roboczych. Je\u017celi czas realizacji okaza\u0142by si\u0119 d\u0142u\u017cszy ni\u017c podany na naszych stronach, kontaktujemy si\u0119 z\u00a0Kupuj\u0105cym, aby poinformowa\u0107 o\u00a0op\u00f3\u017anieniu i\u00a0potwierdzi\u0107 dalsz\u0105 ch\u0119\u0107 realizacji zam\u00f3wienia.<\/li>\n<li>Termin otrzymania przesy\u0142ki = czas realizacji zam\u00f3wienia + czas dostawy.<\/li>\n<li>W przypadku p\u0142atno\u015bci przelewem powy\u017cszy termin wyd\u0142u\u017ca si\u0119 o\u00a0czas realizacji przelewu. Przesy\u0142ki s\u0105 dostarczane firm\u0105 kuriersk\u0105 zazwyczaj nast\u0119pnego dnia roboczego po dokonaniu wysy\u0142ki z\u00a0naszego magazynu.<\/li>\n<li>Wszelkie uzgodnienia warunk\u00f3w transakcji b\u0119d\u0105 odbywa\u0142y si\u0119 za po\u015brednictwem poczty elektronicznej &#8211; adresu e-mail: info@nowymodel.org. Kupuj\u0105cy zostanie poinformowany o\u00a0przyj\u0119ciu zam\u00f3wienia za po\u015brednictwem poczty elektronicznej. Przyj\u0119cie zam\u00f3wienia zostanie potwierdzone w\u00a0ci\u0105gu 2 dni roboczych licz\u0105c od dnia z\u0142o\u017cenia zam\u00f3wienia.<\/li>\n<li>Wszystkie promocje i\u00a0wyprzeda\u017ce Sklepu s\u0105 wa\u017cne do wyczerpania zapas\u00f3w magazynowych.<\/li>\n<\/ol>\n<\/li>\n<\/ol>\n<h3>GWARANCJA I\u00a0REKLAMACJE<\/h3>\n<ol>\n<li style=\"list-style-type: none;\">\n<ol>\n<li>Produkty posiadaj\u0105 gwarancj\u0119 jako\u015bci producenta, importera lub sprzedawcy, obowi\u0105zuj\u0105c\u0105 na terenie Polski. Je\u015bli przy produkcie nie okre\u015blono inaczej, okres udzielonej gwarancji jako\u015bci sprzedawanego w\u00a0nowymodel.org produktu to 2 lata. Szczeg\u00f3\u0142owe warunki realizacji gwarancji s\u0105 okre\u015blone w\u00a0druku gwarancji wystawionej przez gwaranta b\u0105d\u017a w\u00a0z\u0142o\u017conym przez gwaranta o\u015bwiadczeniu gwarancyjnym.<\/li>\n<li>Sklep odpowiada z\u00a0tytu\u0142u r\u0119kojmi zgodnie z\u00a0z zasadami wskazanymi w\u00a0Kodeksie Cywilnym, je\u017celi wada fizyczna zostanie stwierdzona przed up\u0142ywem dw\u00f3ch lat od daty wydania rzeczy Kupuj\u0105cemu. Kupuj\u0105cy musi zg\u0142osi\u0107 \u017c\u0105danie usuni\u0119cia wady lub wymiany rzeczy sprzedanej na woln\u0105 od wad w\u00a0ci\u0105gu roku od dnia stwierdzenia wady. W\u00a0przypadku kupuj\u0105cych, nieb\u0119d\u0105cych konsumentami r\u0119kojmi\u0119 wy\u0142\u0105cza si\u0119. Sklep ponosi odpowiedzialno\u015b\u0107 przez 2 lata od daty zakupu w\u00a0przypadku niezgodno\u015bci towaru z\u00a0umow\u0105 zgodnie z\u00a0Art. 10 Ustawy o\u00a0szczeg\u00f3lnych warunkach sprzeda\u017cy konsumenckiej z\u00a027 lipca 2002 r. Klient traci uprawnienia okre\u015blone w\u00a0w\/w ustawie, je\u017celi przed up\u0142ywem dw\u00f3ch miesi\u0119cy od stwierdzenia niezgodno\u015bci towaru z\u00a0umow\u0105 nie zawiadomi sklepu o\u00a0tym fakcie. W\u00a0przypadku sprzeda\u017cy niestanowi\u0105cej sprzeda\u017cy konsumenckiej, wy\u0142\u0105cza si\u0119 przepisy zawarte w\u00a0artyku\u0142ach 556-576 Kodeksu Cywilnego.<\/li>\n<li>Nabywaj\u0105cy towar jako konsument (osoba fizyczna dokonuj\u0105ca z\u00a0przedsi\u0119biorc\u0105 czynno\u015bci prawnej niezwi\u0105zanej bezpo\u015brednio z\u00a0jej dzia\u0142alno\u015bci\u0105 gospodarcz\u0105 lub zawodow\u0105) ma prawo odst\u0105pi\u0107 od umowy sprzeda\u017cy w\u00a0terminie 14 dni kalendarzowych licz\u0105c od:\n<ol type=\"a\">\n<li>nast\u0119pnego dnia po dniu, w\u00a0kt\u00f3rym konsument otrzyma\u0142 rzecz \u2013 w\u00a0przypadku umowy sprzeda\u017cy pojedynczego towaru;<\/li>\n<li>nast\u0119pnego dnia po dniu, w\u00a0kt\u00f3rym konsument otrzyma\u0142 ostatni\u0105 rzecz, parti\u0119 lub cz\u0119\u015b\u0107 \u2013 w\u00a0przypadku umowy sprzeda\u017cy kilku towar\u00f3w dostarczanych osobno, partiami lub w\u00a0cz\u0119\u015bciach;<\/li>\n<li>nast\u0119pnego dnia po dniu w\u00a0kt\u00f3rym konsument otrzyma\u0142 pierwsz\u0105 z\u00a0zam\u00f3wionych rzeczy \u2013 w\u00a0przypadku umowy polegaj\u0105cej na regularnym dostarczaniu towar\u00f3w przez okre\u015blony czas. Konsument pokrywa wszystkie bezpo\u015brednie koszty zwrotu rzeczy (np. koszty opakowania, zabezpieczenia, nadania).<\/li>\n<\/ol>\n<\/li>\n<li>Odst\u0105pienie od umowy nast\u0119puje poprzez z\u0142o\u017cenie o\u015bwiadczenia. W\u00a0przypadku woli z\u0142o\u017cenia o\u015bwiadczenia na pi\u015bmie (formularz odst\u0105pienia od umowy poni\u017cej) w\u00a0formie pisemnego o\u015bwiadczenia nale\u017cy je wys\u0142a\u0107 na adres 62-002 Suchy Las, ul. R\u00f3\u017cana 6, Polska lub z\u0142o\u017cy\u0107 w\u00a0siedzibie DigiTouch sp. z\u00a0o. o. Do zachowania terminu wystarczy wys\u0142anie o\u015bwiadczenia przed jego up\u0142ywem.<\/li>\n<li>Konsument ma obowi\u0105zek zwr\u00f3ci\u0107 towar niezw\u0142ocznie, jednak nie p\u00f3\u017aniej ni\u017c w\u00a0ci\u0105gu 14 dni kalendarzowych od dnia, w\u00a0kt\u00f3rym z\u0142o\u017cy\u0142 o\u015bwiadczenie o\u00a0odst\u0105pieniu od umowy, przy czym do zachowania powy\u017cszego terminu wystarczy odes\u0142anie rzeczy przed jego up\u0142ywem. Konsument jest zobowi\u0105zany do starannego zapakowania i\u00a0zabezpieczenia zwracanego Sprzedawcy towaru. Niezwr\u00f3cenie towaru w\u00a0powy\u017cszym terminie mo\u017ce powodowa\u0107 odpowiedzialno\u015b\u0107 odszkodowawcz\u0105 konsumenta. Kupuj\u0105cy ponosi odpowiedzialno\u015b\u0107 odszkodowawcz\u0105 za zmniejszenie warto\u015bci towaru b\u0119d\u0105ce nast\u0119pstwem zachowa\u0144, kt\u00f3re wykraczaj\u0105 poza niezb\u0119dne dzia\u0142ania pozwalaj\u0105ce na zapoznanie si\u0119 z\u00a0z rzecz\u0105.<\/li>\n<li>Sklep ma obowi\u0105zek niezw\u0142ocznie, nie p\u00f3\u017aniej ni\u017c w\u00a0terminie 14 dni od dnia otrzymania o\u015bwiadczenia o\u00a0odst\u0105pieniu od umowy, zwr\u00f3ci\u0107 konsumentowi wszystkie dokonane przez niego p\u0142atno\u015bci, w\u00a0tym koszty dostarczenia rzeczy. Sklep mo\u017ce wstrzyma\u0107 si\u0119 z\u00a0ze zwrotem pobranej p\u0142atno\u015bci do chwili otrzymania zwracanego towaru lub dostarczenia przez konsumenta dowodu jego nadania. Sprzedawca zwraca koszty najta\u0144szego zwyk\u0142ego sposobu przesy\u0142ki dost\u0119pnego w\u00a0swojej ofercie, bez wzgl\u0119du na to, jaki \u015brodek transportu zosta\u0142 wybrany w\u00a0momencie sk\u0142adania zam\u00f3wienia przez konsumenta. Konsument pokrywa koszty bezpo\u015brednio zwi\u0105zane ze zwrotem towaru po z\u0142o\u017ceniu o\u015bwiadczenia o\u00a0odst\u0105pieniu od umowy (tak\u017ce koszty odes\u0142ania towaru do sklepu).<\/li>\n<li>W przypadku realizowania przez Klienta roszcze\u0144 z\u00a0tytu\u0142u r\u0119kojmi wymagana jest pisemna reklamacja przes\u0142ana do siedziby DigiTouch Sp. z\u00a0o.o. w\u00a0terminie wskazanym w\u00a0ust.19 powy\u017cej z\u00a0dok\u0142adnym opisem przyczyn reklamacji. Reklamacja rozpatrzona b\u0119dzie w\u00a0terminie do 14 dni od dnia otrzymania pisemnego zawiadomienia. Brak odpowiedzi sklepu w\u00a0powy\u017cszym terminie oznacza akceptacj\u0119 reklamacji.<\/li>\n<li>W przypadku zastrze\u017ce\u0144 co do jako\u015bci dostarczonych towar\u00f3w wymagana jest pisemna reklamacja przes\u0142ana do siedziby DigiTouch Sp. z\u00a0o.o. w\u00a0terminie wskazanym w\u00a0ust. 18 powy\u017cej z\u00a0dok\u0142adnym opisem przyczyn reklamacji. Reklamacja zostanie rozpatrzona w\u00a0ci\u0105gu 14 dni od dnia otrzymania pisemnego zawiadomienia.<\/li>\n<li>Okre\u015blaj\u0105c spos\u00f3b realizacji zobowi\u0105za\u0144, Klient ma prawo \u017c\u0105da\u0107 naprawienia towaru, wymiany towaru na wolny od wad, obni\u017cenia ceny, odst\u0105pienia od umowy \u2013 o\u00a0ile wada jest istotna. Okre\u015blaj\u0105c spos\u00f3b realizacji zobowi\u0105za\u0144 Kupuj\u0105cy ma prawo \u017c\u0105da\u0107 doprowadzenia towaru dos stanu zgodnego z\u00a0umow\u0105 poprzez nieodp\u0142atn\u0105 napraw\u0119 lub wymian\u0119, chyba, \u017ce naprawa lub wymiana s\u0105 nie mo\u017cliwe lub wymagaj\u0105 nadmiernych koszt\u00f3w. Je\u017celi sklep nie b\u0119dzie w\u00a0stanie wywi\u0105za\u0107 si\u0119 z\u00a0okre\u015blonych \u017c\u0105da\u0144, Kupuj\u0105cy ma prawo domaga\u0107 si\u0119 stosownego obni\u017cenia ceny albo mo\u017ce odst\u0105pi\u0107 od umowy.<\/li>\n<\/ol>\n<\/li>\n<\/ol>\n<h3>POSTANOWIENIA KO\u0143COWE<\/h3>\n<ol>\n<li>Postanowienia Regulaminu stosuje si\u0119 do zam\u00f3wie\u0144 z\u0142o\u017conych od dnia 25 grudnia 2015.<\/li>\n<li>W sprawach nieuregulowanych w\u00a0niniejszym Regulaminie stosuje si\u0119 przepisy Kodeksu Cywilnego i\u00a0innych ustaw. Strony Umowy zobowi\u0105zuj\u0105 si\u0119 d\u0105\u017cy\u0107 do polubownego rozstrzygania spor\u00f3w powsta\u0142ych w\u00a0zwi\u0105zku z\u00a0wykonywaniem niniejszej Umowy. W\u00a0przypadku braku polubownego rozwi\u0105zania, spory pomi\u0119dzy Stronami b\u0119d\u0105 podlega\u0142y rozstrzygni\u0119ciu przez s\u0105d w\u0142a\u015bciwy rzeczowo i\u00a0miejscowo w\u00a0sprawie.<\/li>\n<\/ol>\n<p><a title=\"Pobierz wz\u00f3r formularza odst\u0105pienia od umowy\" href=\"http:\/\/nowymodel.org\/wp-content\/uploads\/2016\/07\/wzor_formularza_odstapienia_od_umowy.doc\" target=\"_blank\" rel=\"noopener\"><strong>Pobierz wz\u00f3r formularza odst\u0105pienia od umowy<\/strong><\/a><\/p>\n<\/div>\n<p>[\/et_pb_text][\/et_pb_column][\/et_pb_row][\/et_pb_section]<\/p>\n","protected":false},"excerpt":{"rendered":"<p>Regulamin zakup\u00f3w Sklep internetowy: Kraft Dost\u0119pny pod adresem: https:\/\/sklep.nowymodel.org\/ Prowadzony jest przez: Digitouch sp. z\u00a0o.o. Podstawa prowadzenia dzia\u0142alno\u015bci gospodarczej: Wpis do KRS 0000103375 gdzie S\u0105d Rejonowy Pozna\u0144 &#8211; Nowe Miasto i\u00a0Wilda w\u00a0Poznaniu, numer VIII Wydzia\u0142 Gospodarczy Krajowego Rejestru S\u0105dowego, z\u00a0dnia 08.04.2002 Siedziba firmy: 62-002 Suchy Las, R\u00f3\u017cana 6, Polska NIP: 777-26-35-162 Regon: 634293184 Bank: Pekao [&hellip;]<\/p>\n","protected":false},"author":2,"featured_media":0,"parent":0,"menu_order":0,"comment_status":"closed","ping_status":"closed","template":"","meta":{"_et_pb_use_builder":"on","_et_pb_old_content":"","_et_gb_content_width":"","footnotes":""},"class_list":["post-1327","page","type-page","status-publish","hentry"],"yoast_head":"<!-- This site is optimized with the Yoast SEO plugin v27.3 - https:\/\/yoast.com\/product\/yoast-seo-wordpress\/ -->\n<title>Regulamin - sklep.nowymodel<\/title>\n<meta name=\"robots\" content=\"index, follow, max-snippet:-1, max-image-preview:large, max-video-preview:-1\" \/>\n<link rel=\"canonical\" href=\"https:\/\/sklep.nowymodel.org\/?page_id=1327\" \/>\n<meta property=\"og:locale\" content=\"pl_PL\" \/>\n<meta property=\"og:type\" content=\"article\" \/>\n<meta property=\"og:title\" content=\"Regulamin - sklep.nowymodel\" \/>\n<meta property=\"og:description\" content=\"Regulamin zakup\u00f3w Sklep internetowy: Kraft Dost\u0119pny pod adresem: https:\/\/sklep.nowymodel.org\/ Prowadzony jest przez: Digitouch sp. z\u00a0o.o. Podstawa prowadzenia dzia\u0142alno\u015bci gospodarczej: Wpis do KRS 0000103375 gdzie S\u0105d Rejonowy Pozna\u0144 - Nowe Miasto i\u00a0Wilda w\u00a0Poznaniu, numer VIII Wydzia\u0142 Gospodarczy Krajowego Rejestru S\u0105dowego, z\u00a0dnia 08.04.2002 Siedziba firmy: 62-002 Suchy Las, R\u00f3\u017cana 6, Polska NIP: 777-26-35-162 Regon: 634293184 Bank: Pekao [&hellip;]\" \/>\n<meta property=\"og:url\" content=\"https:\/\/sklep.nowymodel.org\/?page_id=1327\" \/>\n<meta property=\"og:site_name\" content=\"sklep.nowymodel\" \/>\n<meta property=\"article:modified_time\" content=\"2021-02-04T10:52:07+00:00\" \/>\n<meta name=\"twitter:card\" content=\"summary_large_image\" \/>\n<meta name=\"twitter:label1\" content=\"Szacowany czas czytania\" \/>\n\t<meta name=\"twitter:data1\" content=\"9 minut\" \/>\n<script type=\"application\/ld+json\" class=\"yoast-schema-graph\">{\"@context\":\"https:\\\/\\\/schema.org\",\"@graph\":[{\"@type\":\"WebPage\",\"@id\":\"https:\\\/\\\/sklep.nowymodel.org\\\/?page_id=1327\",\"url\":\"https:\\\/\\\/sklep.nowymodel.org\\\/?page_id=1327\",\"name\":\"Regulamin - sklep.nowymodel\",\"isPartOf\":{\"@id\":\"https:\\\/\\\/sklep.nowymodel.org\\\/#website\"},\"datePublished\":\"2021-02-04T10:40:07+00:00\",\"dateModified\":\"2021-02-04T10:52:07+00:00\",\"breadcrumb\":{\"@id\":\"https:\\\/\\\/sklep.nowymodel.org\\\/?page_id=1327#breadcrumb\"},\"inLanguage\":\"pl-PL\",\"potentialAction\":[{\"@type\":\"ReadAction\",\"target\":[\"https:\\\/\\\/sklep.nowymodel.org\\\/?page_id=1327\"]}]},{\"@type\":\"BreadcrumbList\",\"@id\":\"https:\\\/\\\/sklep.nowymodel.org\\\/?page_id=1327#breadcrumb\",\"itemListElement\":[{\"@type\":\"ListItem\",\"position\":1,\"name\":\"Strona g\u0142\u00f3wna\",\"item\":\"https:\\\/\\\/sklep.nowymodel.org\\\/\"},{\"@type\":\"ListItem\",\"position\":2,\"name\":\"Regulamin\"}]},{\"@type\":\"WebSite\",\"@id\":\"https:\\\/\\\/sklep.nowymodel.org\\\/#website\",\"url\":\"https:\\\/\\\/sklep.nowymodel.org\\\/\",\"name\":\"sklep.nowymodel\",\"description\":\"Sklep.nowymodel- sklep z designem\",\"potentialAction\":[{\"@type\":\"SearchAction\",\"target\":{\"@type\":\"EntryPoint\",\"urlTemplate\":\"https:\\\/\\\/sklep.nowymodel.org\\\/?s={search_term_string}\"},\"query-input\":{\"@type\":\"PropertyValueSpecification\",\"valueRequired\":true,\"valueName\":\"search_term_string\"}}],\"inLanguage\":\"pl-PL\"}]}<\/script>\n<!-- \/ Yoast SEO plugin. -->","yoast_head_json":{"title":"Regulamin - sklep.nowymodel","robots":{"index":"index","follow":"follow","max-snippet":"max-snippet:-1","max-image-preview":"max-image-preview:large","max-video-preview":"max-video-preview:-1"},"canonical":"https:\/\/sklep.nowymodel.org\/?page_id=1327","og_locale":"pl_PL","og_type":"article","og_title":"Regulamin - sklep.nowymodel","og_description":"Regulamin zakup\u00f3w Sklep internetowy: Kraft Dost\u0119pny pod adresem: https:\/\/sklep.nowymodel.org\/ Prowadzony jest przez: Digitouch sp. z\u00a0o.o. Podstawa prowadzenia dzia\u0142alno\u015bci gospodarczej: Wpis do KRS 0000103375 gdzie S\u0105d Rejonowy Pozna\u0144 - Nowe Miasto i\u00a0Wilda w\u00a0Poznaniu, numer VIII Wydzia\u0142 Gospodarczy Krajowego Rejestru S\u0105dowego, z\u00a0dnia 08.04.2002 Siedziba firmy: 62-002 Suchy Las, R\u00f3\u017cana 6, Polska NIP: 777-26-35-162 Regon: 634293184 Bank: Pekao [&hellip;]","og_url":"https:\/\/sklep.nowymodel.org\/?page_id=1327","og_site_name":"sklep.nowymodel","article_modified_time":"2021-02-04T10:52:07+00:00","twitter_card":"summary_large_image","twitter_misc":{"Szacowany czas czytania":"9 minut"},"schema":{"@context":"https:\/\/schema.org","@graph":[{"@type":"WebPage","@id":"https:\/\/sklep.nowymodel.org\/?page_id=1327","url":"https:\/\/sklep.nowymodel.org\/?page_id=1327","name":"Regulamin - sklep.nowymodel","isPartOf":{"@id":"https:\/\/sklep.nowymodel.org\/#website"},"datePublished":"2021-02-04T10:40:07+00:00","dateModified":"2021-02-04T10:52:07+00:00","breadcrumb":{"@id":"https:\/\/sklep.nowymodel.org\/?page_id=1327#breadcrumb"},"inLanguage":"pl-PL","potentialAction":[{"@type":"ReadAction","target":["https:\/\/sklep.nowymodel.org\/?page_id=1327"]}]},{"@type":"BreadcrumbList","@id":"https:\/\/sklep.nowymodel.org\/?page_id=1327#breadcrumb","itemListElement":[{"@type":"ListItem","position":1,"name":"Strona g\u0142\u00f3wna","item":"https:\/\/sklep.nowymodel.org\/"},{"@type":"ListItem","position":2,"name":"Regulamin"}]},{"@type":"WebSite","@id":"https:\/\/sklep.nowymodel.org\/#website","url":"https:\/\/sklep.nowymodel.org\/","name":"sklep.nowymodel","description":"Sklep.nowymodel- sklep z designem","potentialAction":[{"@type":"SearchAction","target":{"@type":"EntryPoint","urlTemplate":"https:\/\/sklep.nowymodel.org\/?s={search_term_string}"},"query-input":{"@type":"PropertyValueSpecification","valueRequired":true,"valueName":"search_term_string"}}],"inLanguage":"pl-PL"}]}},"_links":{"self":[{"href":"https:\/\/sklep.nowymodel.org\/index.php?rest_route=\/wp\/v2\/pages\/1327","targetHints":{"allow":["GET"]}}],"collection":[{"href":"https:\/\/sklep.nowymodel.org\/index.php?rest_route=\/wp\/v2\/pages"}],"about":[{"href":"https:\/\/sklep.nowymodel.org\/index.php?rest_route=\/wp\/v2\/types\/page"}],"author":[{"embeddable":true,"href":"https:\/\/sklep.nowymodel.org\/index.php?rest_route=\/wp\/v2\/users\/2"}],"replies":[{"embeddable":true,"href":"https:\/\/sklep.nowymodel.org\/index.php?rest_route=%2Fwp%2Fv2%2Fcomments&post=1327"}],"version-history":[{"count":7,"href":"https:\/\/sklep.nowymodel.org\/index.php?rest_route=\/wp\/v2\/pages\/1327\/revisions"}],"predecessor-version":[{"id":1339,"href":"https:\/\/sklep.nowymodel.org\/index.php?rest_route=\/wp\/v2\/pages\/1327\/revisions\/1339"}],"wp:attachment":[{"href":"https:\/\/sklep.nowymodel.org\/index.php?rest_route=%2Fwp%2Fv2%2Fmedia&parent=1327"}],"curies":[{"name":"wp","href":"https:\/\/api.w.org\/{rel}","templated":true}]}}